{"id":102,"date":"2018-12-10T19:19:19","date_gmt":"2018-12-10T19:19:19","guid":{"rendered":"https:\/\/queretaro10.com\/directorios\/?page_id=17293"},"modified":"2025-03-31T21:39:04","modified_gmt":"2025-03-31T21:39:04","slug":"funerarias","status":"publish","type":"page","link":"https:\/\/queretaro10.com\/directorios\/funerarias\/","title":{"rendered":"Funerarias en Quer\u00e9taro"},"content":{"rendered":"\t\t<div data-elementor-type=\"wp-page\" data-elementor-id=\"102\" class=\"elementor elementor-102\">\n\t\t\t\t<div class=\"elementor-element elementor-element-00878ea e-flex e-con-boxed e-con e-parent\" data-id=\"00878ea\" data-element_type=\"container\">\n\t\t\t\t\t<div class=\"e-con-inner\">\n\t\t\t\t<div class=\"elementor-element elementor-element-786b535 elementor-widget elementor-widget-heading\" data-id=\"786b535\" data-element_type=\"widget\" data-widget_type=\"heading.default\">\n\t\t\t\t<div class=\"elementor-widget-container\">\n\t\t\t\t\t<h1 class=\"elementor-heading-title elementor-size-default\">Funerarias en Quer\u00e9taro<\/h1>\t\t\t\t<\/div>\n\t\t\t\t<\/div>\n\t\t\t\t<div class=\"elementor-element elementor-element-057d30f elementor-widget elementor-widget-text-editor\" data-id=\"057d30f\" data-element_type=\"widget\" data-widget_type=\"text-editor.default\">\n\t\t\t\t<div class=\"elementor-widget-container\">\n\t\t\t\t\t\t\t\t\t<p>Una recopilaci\u00f3n de las mejores servicios de funerarios en Quer\u00e9taro, los cuales fueron indexados en medios digitales como buenos contactos, si desea actualizar alg\u00fan dato o agregar un servicio de funerarios con gusto lo realizamos.<\/p>\t\t\t\t\t\t\t\t<\/div>\n\t\t\t\t<\/div>\n\t\t\t\t\t<\/div>\n\t\t\t\t<\/div>\n\t\t<div class=\"elementor-element elementor-element-c0ca3ee e-flex e-con-boxed e-con e-parent\" data-id=\"c0ca3ee\" data-element_type=\"container\">\n\t\t\t\t\t<div class=\"e-con-inner\">\n\t\t\t\t<div class=\"elementor-element elementor-element-93ce39c elementor-widget elementor-widget-heading\" data-id=\"93ce39c\" data-element_type=\"widget\" data-widget_type=\"heading.default\">\n\t\t\t\t<div class=\"elementor-widget-container\">\n\t\t\t\t\t<h2 class=\"elementor-heading-title elementor-size-default\">Directorios de Funerarias en Quer\u00e9taro<\/h2>\t\t\t\t<\/div>\n\t\t\t\t<\/div>\n\t\t\t\t\t<\/div>\n\t\t\t\t<\/div>\n\t\t<div class=\"elementor-element elementor-element-96327a0 e-flex e-con-boxed e-con e-parent\" data-id=\"96327a0\" data-element_type=\"container\">\n\t\t\t\t\t<div class=\"e-con-inner\">\n\t\t<div class=\"elementor-element elementor-element-5d314f9 e-con-full e-flex e-con e-child\" data-id=\"5d314f9\" data-element_type=\"container\">\n\t\t\t\t<div class=\"elementor-element elementor-element-16d94fb elementor-widget elementor-widget-text-editor\" data-id=\"16d94fb\" data-element_type=\"widget\" data-widget_type=\"text-editor.default\">\n\t\t\t\t<div class=\"elementor-widget-container\">\n\t\t\t\t\t\t\t\t\t<h3>Jardines de la Esperanza<\/h3><p><strong>Tel:\u00a0<\/strong>(442) 223 2280<br \/><strong>Direcci\u00f3n:\u00a0<\/strong>Av. 20 de Noviembre 336, Observatorio, 76058 Santiago de Quer\u00e9taro, Qro.<br \/><strong>Link:\u00a0<\/strong><a href=\"http:\/\/www.grupomartinez.com.mx\/\" target=\"_blank\" rel=\"noopener\">http:\/\/www.grupomartinez.com.mx\/<\/a><\/p><h3>Funerales Santa Cruz<\/h3><p><strong>Tel:\u00a0<\/strong>(442) 212 9017<br \/><strong>Direcci\u00f3n:\u00a0<\/strong>Calle Luis M. Vega 127, zona dos extendida, Cimatario, 76030 Santiago de Quer\u00e9taro, Qro.<br \/><strong>Link:\u00a0<\/strong><a href=\"http:\/\/www.santacruzfunerales.com\/\" target=\"_blank\" rel=\"noopener\">http:\/\/www.santacruzfunerales.com\/<\/a><\/p><h3>Funerales Modernos<\/h3><p><strong>Tel:\u00a0<\/strong>(442) 212 9444<br \/><strong>Direcci\u00f3n:\u00a0<\/strong>Luis M Vega 123, Ampliaci\u00f3n Cimatario, Cimatario, 76030 Santiago de Quer\u00e9taro, Qro.<br \/><strong>Link:\u00a0<\/strong><a href=\"http:\/\/www.funeralesqueretaro.com\/modernos\/\" target=\"_blank\" rel=\"noopener\">http:\/\/www.funeralesqueretaro.com\/<\/a><\/p><h3>Juan Pablo II<\/h3><p><strong>Tel:\u00a0<\/strong>(442) 117 3350<br \/><strong>Direcci\u00f3n:\u00a0<\/strong>Callej\u00f3n de los Mendoza n 31, El Pueblito, 76900 El Pueblito, Qro.<br \/><strong>Link:\u00a0<\/strong><a href=\"https:\/\/www.facebook.com\/franciscogiron.director2011\/\" target=\"_blank\" rel=\"noopener\">https:\/\/www.facebook.com\/<\/a><\/p><h3>La Paz De Cristo<\/h3><p><strong>Tel:\u00a0<\/strong>(442) 104 4805<br \/><strong>Direcci\u00f3n:\u00a0<\/strong>Carr. a Chichimequillas #1031, Pe\u00f1uelas, 76148 Santiago de Quer\u00e9taro, Qro.<br \/><strong>Link:\u00a0<\/strong><a href=\"https:\/\/www.facebook.com\/Funerales-La-Paz-De-Cristo-1977035782508914\/\" target=\"_blank\" rel=\"noopener\">https:\/\/www.facebook.com\/<\/a><\/p>\t\t\t\t\t\t\t\t<\/div>\n\t\t\t\t<\/div>\n\t\t\t\t<\/div>\n\t\t<div class=\"elementor-element elementor-element-0771fa9 e-con-full e-flex e-con e-child\" data-id=\"0771fa9\" data-element_type=\"container\">\n\t\t\t\t<div class=\"elementor-element elementor-element-db51bf9 elementor-widget elementor-widget-text-editor\" data-id=\"db51bf9\" data-element_type=\"widget\" data-widget_type=\"text-editor.default\">\n\t\t\t\t<div class=\"elementor-widget-container\">\n\t\t\t\t\t\t\t\t\t<h3>Funerales Hern\u00e1ndez<\/h3><p><strong>Tel:\u00a0<\/strong>(442) 183 9628<br \/><strong>Direcci\u00f3n:\u00a0<\/strong>Ezequiel Montes Nte 23-B, Centro, 76000 Santiago de Quer\u00e9taro, Qro.<br \/><strong>Link:\u00a0<\/strong><a href=\"https:\/\/www.facebook.com\/FuneralesHernandezQro\/\" target=\"_blank\" rel=\"noopener\">https:\/\/www.facebook.com\/<\/a><\/p><h3>Puerta del Cielo<\/h3><p><strong>Tel:\u00a0<\/strong>(442) 212 6270<br \/><strong>Direcci\u00f3n:\u00a0<\/strong>Calle Luis Pasteur 99, Centro, Hidalgo, 76000 Santiago de Quer\u00e9taro, Qro.<br \/><strong>Link:\u00a0<\/strong><a href=\"http:\/\/www.puertadelcielo.com.mx\/\" target=\"_blank\" rel=\"noopener\">http:\/\/www.puertadelcielo.com.mx\/<\/a><\/p><h3>Mausoleos del Cimatario<\/h3><p><strong>Tel:\u00a0<\/strong>(442) 212 4929<br \/><strong>Direcci\u00f3n:\u00a0<\/strong>Calle Luis M. Vega 47, Cimatario, 76030 Santiago de Quer\u00e9taro, Qro.<br \/><strong>Link:\u00a0<\/strong><a href=\"http:\/\/mausoleosdelcimatario.com\/\" target=\"_blank\" rel=\"noopener\">http:\/\/mausoleosdelcimatario.com\/<\/a><\/p><h3>El Descanso Eterno<\/h3><p><strong>Tel:\u00a0<\/strong>(442) 476 7321<br \/><strong>Direcci\u00f3n:\u00a0<\/strong>Prol. Av. Zaragoza, Prados de La Capilla, 76170 Santiago de Quer\u00e9taro, Qro.<br \/><strong>Link:\u00a0<\/strong><a href=\"https:\/\/www.facebook.com\/funerales.descanso.eterno\/\" target=\"_blank\" rel=\"noopener\">https:\/\/www.facebook.com\/<\/a><\/p><h3>Urnas Sacbe<\/h3><p><strong>Tel:\u00a0<\/strong>(442) 281 2794<br \/><strong>Direcci\u00f3n:\u00a0<\/strong>Luis M. Vega 113 Frente al Pante\u00f3n Municipal, Colinia Cimatario, Cimatario, 76030 Santiago de Quer\u00e9taro, Qro.<br \/><strong>Link:\u00a0<\/strong><a href=\"http:\/\/www.urnasbonitas.com\/\" target=\"_blank\" rel=\"noopener\">http:\/\/www.urnasbonitas.com\/<\/a><\/p>\t\t\t\t\t\t\t\t<\/div>\n\t\t\t\t<\/div>\n\t\t\t\t<\/div>\n\t\t<div class=\"elementor-element elementor-element-6113cb7 e-con-full e-flex e-con e-child\" data-id=\"6113cb7\" data-element_type=\"container\">\n\t\t\t\t<div class=\"elementor-element elementor-element-2775473 elementor-widget elementor-widget-text-editor\" data-id=\"2775473\" data-element_type=\"widget\" data-widget_type=\"text-editor.default\">\n\t\t\t\t<div class=\"elementor-widget-container\">\n\t\t\t\t\t\t\t\t\t<h3>Jard\u00edn de Los \u00c1ngeles<\/h3><p><strong>Tel:\u00a0<\/strong>(442) 242 3230<br \/><strong>Direcci\u00f3n:\u00a0<\/strong>Av Constituyentes 12, Villas del Oriente, 76000 Santiago de Quer\u00e9taro, Qro.<br \/><strong>Link:\u00a0<\/strong><a href=\"http:\/\/jardindelosangeles.com.mx\/\" target=\"_blank\" rel=\"noopener\">http:\/\/jardindelosangeles.com.mx\/<\/a><\/p><h3>Funerales L\u00f3pez<\/h3><p><strong>Tel:\u00a0<\/strong>(442) 224 1077<br \/><strong>Direcci\u00f3n:\u00a0<\/strong>Av. Corregidora Nte. 200, El Cerrito, 76160 Santiago de Quer\u00e9taro, Qro.<br \/><strong>Link:\u00a0<\/strong><a href=\"https:\/\/www.facebook.com\/funeraleslopezQro\/?rf=1667611743563160\" target=\"_blank\" rel=\"noopener\">https:\/\/www.facebook.com\/<\/a><\/p><h3>Funerales Ortega<\/h3><p><strong>Tel:\u00a0<\/strong>(442) 212 1700<br \/><strong>Direcci\u00f3n:\u00a0<\/strong>Hidalgo 67, Centro, 76000 Santiago de Quer\u00e9taro, Qro.<br \/><strong>Link:\u00a0<\/strong><a href=\"https:\/\/www.funeralesortega.com.mx\/\" target=\"_blank\" rel=\"noopener\">https:\/\/www.funeralesortega.com.mx\/<\/a><\/p><h3>Lopez Leon David<\/h3><p><strong>Tel:\u00a0<\/strong>01 (442) 224 1077<br \/><strong>Direcci\u00f3n:\u00a0<\/strong>Calle Corregidora 198, San Sebastian, 76160 Santiago de Quer\u00e9taro, Qro.<br \/><strong>Link:\u00a0<\/strong><a href=\"https:\/\/corregidora.yalwa.com.mx\/ID_104381236\/Lopez-Leon-David-Funeraria-Lopez.html\" target=\"_blank\" rel=\"nofollow noopener\">https:\/\/corregidora.yalwa.com.mx\/<\/a><\/p><h3>Funeraria Balbuena<\/h3><p><strong>Tel:\u00a0<\/strong>(442) 212 2679<br \/><strong>Direcci\u00f3n:\u00a0<\/strong>Av Prol Zaragoza 86, Centro, 76000 Santiago de Quer\u00e9taro, Qro.<br \/><strong>Link:\u00a0<\/strong><a href=\"https:\/\/paginas.seccionamarilla.com.mx\/funerales-balbuena\/agencias-funerarias\/queretaro\/queretaro\/-\/centro\" target=\"_blank\" rel=\"nofollow noopener\">https:\/\/paginas.seccionamarilla.com.mx\/<\/a><\/p>\t\t\t\t\t\t\t\t<\/div>\n\t\t\t\t<\/div>\n\t\t\t\t<\/div>\n\t\t\t\t\t<\/div>\n\t\t\t\t<\/div>\n\t\t<div class=\"elementor-element elementor-element-6efef79 e-flex e-con-boxed e-con e-parent\" data-id=\"6efef79\" data-element_type=\"container\">\n\t\t\t\t\t<div class=\"e-con-inner\">\n\t\t\t\t<div class=\"elementor-element elementor-element-f702083 elementor-widget elementor-widget-heading\" data-id=\"f702083\" data-element_type=\"widget\" data-widget_type=\"heading.default\">\n\t\t\t\t<div class=\"elementor-widget-container\">\n\t\t\t\t\t<h2 class=\"elementor-heading-title elementor-size-default\">Servicios Funerarios<\/h2>\t\t\t\t<\/div>\n\t\t\t\t<\/div>\n\t\t\t\t<div class=\"elementor-element elementor-element-38ec814 elementor-widget elementor-widget-text-editor\" data-id=\"38ec814\" data-element_type=\"widget\" data-widget_type=\"text-editor.default\">\n\t\t\t\t<div class=\"elementor-widget-container\">\n\t\t\t\t\t\t\t\t\t<p>Plan Servicios Funerarios Estos incluyen: El ata\u00fad, transporte, embalsamiento, flores, velaci\u00f3n, acto religioso, abrir y cerrar la tumba, ba\u00fal de protecci\u00f3n para el ata\u00fad, l\u00e1pida, instalaci\u00f3n de la l\u00e1pida, y sello de la tumba y otros gastos.<\/p>\t\t\t\t\t\t\t\t<\/div>\n\t\t\t\t<\/div>\n\t\t\t\t\t<\/div>\n\t\t\t\t<\/div>\n\t\t<div class=\"elementor-element elementor-element-ca36ce7 e-flex e-con-boxed e-con e-parent\" data-id=\"ca36ce7\" data-element_type=\"container\">\n\t\t\t\t\t<div class=\"e-con-inner\">\n\t\t<div class=\"elementor-element elementor-element-8b60247 e-con-full e-flex e-con e-child\" data-id=\"8b60247\" data-element_type=\"container\">\n\t\t\t\t<div class=\"elementor-element elementor-element-c0c0cb0 elementor-widget elementor-widget-image\" data-id=\"c0c0cb0\" data-element_type=\"widget\" data-widget_type=\"image.default\">\n\t\t\t\t<div class=\"elementor-widget-container\">\n\t\t\t\t\t\t\t\t\t\t\t\t\t\t\t\t<a href=\"https:\/\/mkdigital10.com\/plan-full-empresarial\/\">\n\t\t\t\t\t\t\t<img fetchpriority=\"high\" decoding=\"async\" width=\"750\" height=\"750\" src=\"https:\/\/queretaro10.com\/directorios\/wp-content\/uploads\/2024\/06\/qro10-4-2024-PLAN-FULL-EMPRESARIAL-min.png\" class=\"attachment-full size-full wp-image-809\" alt=\"Plan Full MARKETING EMPRESARIAL\" srcset=\"https:\/\/queretaro10.com\/directorios\/wp-content\/uploads\/2024\/06\/qro10-4-2024-PLAN-FULL-EMPRESARIAL-min.png 750w, https:\/\/queretaro10.com\/directorios\/wp-content\/uploads\/2024\/06\/qro10-4-2024-PLAN-FULL-EMPRESARIAL-min-300x300.png 300w, https:\/\/queretaro10.com\/directorios\/wp-content\/uploads\/2024\/06\/qro10-4-2024-PLAN-FULL-EMPRESARIAL-min-150x150.png 150w\" sizes=\"(max-width: 750px) 100vw, 750px\" \/>\t\t\t\t\t\t\t\t<\/a>\n\t\t\t\t\t\t\t\t\t\t\t\t\t\t\t<\/div>\n\t\t\t\t<\/div>\n\t\t\t\t<\/div>\n\t\t<div class=\"elementor-element elementor-element-f607cf7 e-con-full e-flex e-con e-child\" data-id=\"f607cf7\" data-element_type=\"container\">\n\t\t\t\t<div class=\"elementor-element elementor-element-aa63ab3 elementor-widget elementor-widget-image\" data-id=\"aa63ab3\" data-element_type=\"widget\" data-widget_type=\"image.default\">\n\t\t\t\t<div class=\"elementor-widget-container\">\n\t\t\t\t\t\t\t\t\t\t\t\t\t\t\t\t<a href=\"https:\/\/queretaro10.com\/qro\/marketing\/\">\n\t\t\t\t\t\t\t<img decoding=\"async\" width=\"750\" height=\"750\" src=\"https:\/\/queretaro10.com\/directorios\/wp-content\/uploads\/2024\/06\/qro10-Plan-MK-Digital-PyMe-Local-cuadro-4-min.png\" class=\"attachment-full size-full wp-image-810\" alt=\"PLAN FULL MARKETING DIGITAL PyMe Local\" srcset=\"https:\/\/queretaro10.com\/directorios\/wp-content\/uploads\/2024\/06\/qro10-Plan-MK-Digital-PyMe-Local-cuadro-4-min.png 750w, https:\/\/queretaro10.com\/directorios\/wp-content\/uploads\/2024\/06\/qro10-Plan-MK-Digital-PyMe-Local-cuadro-4-min-300x300.png 300w, https:\/\/queretaro10.com\/directorios\/wp-content\/uploads\/2024\/06\/qro10-Plan-MK-Digital-PyMe-Local-cuadro-4-min-150x150.png 150w\" sizes=\"(max-width: 750px) 100vw, 750px\" \/>\t\t\t\t\t\t\t\t<\/a>\n\t\t\t\t\t\t\t\t\t\t\t\t\t\t\t<\/div>\n\t\t\t\t<\/div>\n\t\t\t\t<\/div>\n\t\t<div class=\"elementor-element elementor-element-6c58986 e-con-full e-flex e-con e-child\" data-id=\"6c58986\" data-element_type=\"container\">\n\t\t\t\t<div class=\"elementor-element elementor-element-8cd0329 elementor-widget elementor-widget-image\" data-id=\"8cd0329\" data-element_type=\"widget\" data-widget_type=\"image.default\">\n\t\t\t\t<div class=\"elementor-widget-container\">\n\t\t\t\t\t\t\t\t\t\t\t\t\t\t\t\t<a href=\"https:\/\/mkdigital10.com\/sem\/redes-sociales\/\">\n\t\t\t\t\t\t\t<img decoding=\"async\" width=\"750\" height=\"750\" src=\"https:\/\/queretaro10.com\/directorios\/wp-content\/uploads\/2025\/03\/qro10-Plan-Redes-Sociales.png\" class=\"attachment-full size-full wp-image-1199\" alt=\"Plan Redes Sociales\" srcset=\"https:\/\/queretaro10.com\/directorios\/wp-content\/uploads\/2025\/03\/qro10-Plan-Redes-Sociales.png 750w, https:\/\/queretaro10.com\/directorios\/wp-content\/uploads\/2025\/03\/qro10-Plan-Redes-Sociales-300x300.png 300w, https:\/\/queretaro10.com\/directorios\/wp-content\/uploads\/2025\/03\/qro10-Plan-Redes-Sociales-150x150.png 150w\" sizes=\"(max-width: 750px) 100vw, 750px\" \/>\t\t\t\t\t\t\t\t<\/a>\n\t\t\t\t\t\t\t\t\t\t\t\t\t\t\t<\/div>\n\t\t\t\t<\/div>\n\t\t\t\t<\/div>\n\t\t<div class=\"elementor-element elementor-element-a627888 e-con-full e-flex e-con e-child\" data-id=\"a627888\" data-element_type=\"container\">\n\t\t\t\t<div class=\"elementor-element elementor-element-3775fc3 elementor-widget elementor-widget-image\" data-id=\"3775fc3\" data-element_type=\"widget\" data-widget_type=\"image.default\">\n\t\t\t\t<div class=\"elementor-widget-container\">\n\t\t\t\t\t\t\t\t\t\t\t\t\t\t\t\t<a href=\"https:\/\/mkdigital10.com\/paginas-web\/\">\n\t\t\t\t\t\t\t<img loading=\"lazy\" decoding=\"async\" width=\"750\" height=\"750\" src=\"https:\/\/queretaro10.com\/directorios\/wp-content\/uploads\/2025\/03\/qro10-Plan-Paginas-Web-PyMe-Empresarial.png\" class=\"attachment-full size-full wp-image-1200\" alt=\"Plan P\u00e1ginas Web PyMe Empresarial\" srcset=\"https:\/\/queretaro10.com\/directorios\/wp-content\/uploads\/2025\/03\/qro10-Plan-Paginas-Web-PyMe-Empresarial.png 750w, https:\/\/queretaro10.com\/directorios\/wp-content\/uploads\/2025\/03\/qro10-Plan-Paginas-Web-PyMe-Empresarial-300x300.png 300w, https:\/\/queretaro10.com\/directorios\/wp-content\/uploads\/2025\/03\/qro10-Plan-Paginas-Web-PyMe-Empresarial-150x150.png 150w\" sizes=\"(max-width: 750px) 100vw, 750px\" \/>\t\t\t\t\t\t\t\t<\/a>\n\t\t\t\t\t\t\t\t\t\t\t\t\t\t\t<\/div>\n\t\t\t\t<\/div>\n\t\t\t\t<\/div>\n\t\t\t\t\t<\/div>\n\t\t\t\t<\/div>\n\t\t\t\t<\/div>\n\t\t","protected":false},"excerpt":{"rendered":"<p>Funerarias en Quer\u00e9taro Una recopilaci\u00f3n de las mejores servicios de funerarios en Quer\u00e9taro, los cuales fueron indexados en medios digitales [&hellip;]<\/p>\n","protected":false},"author":1,"featured_media":0,"parent":0,"menu_order":0,"comment_status":"closed","ping_status":"closed","template":"elementor_header_footer","meta":{"site-sidebar-layout":"default","site-content-layout":"","ast-site-content-layout":"default","site-content-style":"default","site-sidebar-style":"default","ast-global-header-display":"","ast-banner-title-visibility":"","ast-main-header-display":"","ast-hfb-above-header-display":"","ast-hfb-below-header-display":"","ast-hfb-mobile-header-display":"","site-post-title":"","ast-breadcrumbs-content":"","ast-featured-img":"","footer-sml-layout":"","theme-transparent-header-meta":"default","adv-header-id-meta":"","stick-header-meta":"","header-above-stick-meta":"","header-main-stick-meta":"","header-below-stick-meta":"","astra-migrate-meta-layouts":"set","ast-page-background-enabled":"default","ast-page-background-meta":{"desktop":{"background-color":"var(--ast-global-color-4)","background-image":"","background-repeat":"repeat","background-position":"center center","background-size":"auto","background-attachment":"scroll","background-type":"","background-media":"","overlay-type":"","overlay-color":"","overlay-opacity":"","overlay-gradient":""},"tablet":{"background-color":"","background-image":"","background-repeat":"repeat","background-position":"center center","background-size":"auto","background-attachment":"scroll","background-type":"","background-media":"","overlay-type":"","overlay-color":"","overlay-opacity":"","overlay-gradient":""},"mobile":{"background-color":"","background-image":"","background-repeat":"repeat","background-position":"center center","background-size":"auto","background-attachment":"scroll","background-type":"","background-media":"","overlay-type":"","overlay-color":"","overlay-opacity":"","overlay-gradient":""}},"ast-content-background-meta":{"desktop":{"background-color":"var(--ast-global-color-5)","background-image":"","background-repeat":"repeat","background-position":"center center","background-size":"auto","background-attachment":"scroll","background-type":"","background-media":"","overlay-type":"","overlay-color":"","overlay-opacity":"","overlay-gradient":""},"tablet":{"background-color":"var(--ast-global-color-5)","background-image":"","background-repeat":"repeat","background-position":"center center","background-size":"auto","background-attachment":"scroll","background-type":"","background-media":"","overlay-type":"","overlay-color":"","overlay-opacity":"","overlay-gradient":""},"mobile":{"background-color":"var(--ast-global-color-5)","background-image":"","background-repeat":"repeat","background-position":"center center","background-size":"auto","background-attachment":"scroll","background-type":"","background-media":"","overlay-type":"","overlay-color":"","overlay-opacity":"","overlay-gradient":""}},"footnotes":""},"class_list":["post-102","page","type-page","status-publish","hentry"],"aioseo_notices":[],"_links":{"self":[{"href":"https:\/\/queretaro10.com\/directorios\/wp-json\/wp\/v2\/pages\/102","targetHints":{"allow":["GET"]}}],"collection":[{"href":"https:\/\/queretaro10.com\/directorios\/wp-json\/wp\/v2\/pages"}],"about":[{"href":"https:\/\/queretaro10.com\/directorios\/wp-json\/wp\/v2\/types\/page"}],"author":[{"embeddable":true,"href":"https:\/\/queretaro10.com\/directorios\/wp-json\/wp\/v2\/users\/1"}],"replies":[{"embeddable":true,"href":"https:\/\/queretaro10.com\/directorios\/wp-json\/wp\/v2\/comments?post=102"}],"version-history":[{"count":10,"href":"https:\/\/queretaro10.com\/directorios\/wp-json\/wp\/v2\/pages\/102\/revisions"}],"predecessor-version":[{"id":1308,"href":"https:\/\/queretaro10.com\/directorios\/wp-json\/wp\/v2\/pages\/102\/revisions\/1308"}],"wp:attachment":[{"href":"https:\/\/queretaro10.com\/directorios\/wp-json\/wp\/v2\/media?parent=102"}],"curies":[{"name":"wp","href":"https:\/\/api.w.org\/{rel}","templated":true}]}}