{"id":105,"date":"2019-07-30T04:16:56","date_gmt":"2019-07-30T04:16:56","guid":{"rendered":"https:\/\/queretaro10.com\/directorios\/?page_id=23215"},"modified":"2025-03-31T21:43:25","modified_gmt":"2025-03-31T21:43:25","slug":"gruas","status":"publish","type":"page","link":"https:\/\/queretaro10.com\/directorios\/gruas\/","title":{"rendered":"Gr\u00faas en Quer\u00e9taro"},"content":{"rendered":"\t\t<div data-elementor-type=\"wp-page\" data-elementor-id=\"105\" class=\"elementor elementor-105\">\n\t\t\t\t<div class=\"elementor-element elementor-element-fd3436a e-flex e-con-boxed e-con e-parent\" data-id=\"fd3436a\" data-element_type=\"container\">\n\t\t\t\t\t<div class=\"e-con-inner\">\n\t\t\t\t<div class=\"elementor-element elementor-element-cb639a9 elementor-widget elementor-widget-heading\" data-id=\"cb639a9\" data-element_type=\"widget\" data-widget_type=\"heading.default\">\n\t\t\t\t<div class=\"elementor-widget-container\">\n\t\t\t\t\t<h1 class=\"elementor-heading-title elementor-size-default\">Gr\u00faas en Quer\u00e9taro<\/h1>\t\t\t\t<\/div>\n\t\t\t\t<\/div>\n\t\t\t\t<div class=\"elementor-element elementor-element-9f2a835 elementor-widget elementor-widget-text-editor\" data-id=\"9f2a835\" data-element_type=\"widget\" data-widget_type=\"text-editor.default\">\n\t\t\t\t<div class=\"elementor-widget-container\">\n\t\t\t\t\t\t\t\t\t<p>El servicio de Gr\u00faas siempre es necesario, los ciudadanos por lo menos utilizan el servicio de arrastre una vez al a\u00f1o, en los servicios se encuentra traslado de Autos, renta de gr\u00faas industriales, Renta y Arrastre de veh\u00edculos en mal estado, falla mec\u00e1nica o accidente.<\/p>\t\t\t\t\t\t\t\t<\/div>\n\t\t\t\t<\/div>\n\t\t\t\t\t<\/div>\n\t\t\t\t<\/div>\n\t\t<div class=\"elementor-element elementor-element-f6d28ee e-flex e-con-boxed e-con e-parent\" data-id=\"f6d28ee\" data-element_type=\"container\">\n\t\t\t\t\t<div class=\"e-con-inner\">\n\t\t\t\t<div class=\"elementor-element elementor-element-4c97714 elementor-widget elementor-widget-heading\" data-id=\"4c97714\" data-element_type=\"widget\" data-widget_type=\"heading.default\">\n\t\t\t\t<div class=\"elementor-widget-container\">\n\t\t\t\t\t<h2 class=\"elementor-heading-title elementor-size-default\">Directorio de Gr\u00faas en Quer\u00e9taro<\/h2>\t\t\t\t<\/div>\n\t\t\t\t<\/div>\n\t\t\t\t<div class=\"elementor-element elementor-element-5b38efc elementor-widget elementor-widget-text-editor\" data-id=\"5b38efc\" data-element_type=\"widget\" data-widget_type=\"text-editor.default\">\n\t\t\t\t<div class=\"elementor-widget-container\">\n\t\t\t\t\t\t\t\t\t<p>Una recopilaci\u00f3n de los mejores servicios de Gr\u00faas del Estado de Quer\u00e9taro, los cuales fueron indexados en medios digitales como buenos contactos, si desea actualizar alg\u00fan dato o agregar un Servicio en Quer\u00e9taro con gusto lo realizamos.<\/p>\t\t\t\t\t\t\t\t<\/div>\n\t\t\t\t<\/div>\n\t\t\t\t\t<\/div>\n\t\t\t\t<\/div>\n\t\t<div class=\"elementor-element elementor-element-5047a06 e-flex e-con-boxed e-con e-parent\" data-id=\"5047a06\" data-element_type=\"container\">\n\t\t\t\t\t<div class=\"e-con-inner\">\n\t\t\t\t<div class=\"elementor-element elementor-element-386972a elementor-widget elementor-widget-text-editor\" data-id=\"386972a\" data-element_type=\"widget\" data-widget_type=\"text-editor.default\">\n\t\t\t\t<div class=\"elementor-widget-container\">\n\t\t\t\t\t\t\t\t\t<hr \/><h3>Gr\u00faas Barr\u00f3n<\/h3><p>Servicio de Gr\u00faas Barr\u00f3n en Quer\u00e9taro.<br \/><strong>2 Direcciones:<\/strong> Panamericana 79, Centro, 76800 San Juan del R\u00edo, Qro. y\u00a0ESPUELA DE FERROCARRIL 335, FELIPE CARRILLO PUERTO , QUERETARO , QRO , C.P.76138.<br \/><strong>Tel\u00e9fono:<\/strong> (427)272 0441 y\u00a0(442)195 7399.<br \/><strong>Rese\u00f1a:<\/strong> Productos y servicios que ofrece Gr\u00faas Barr\u00f3n,\u00a0GRUAS INDUSTRIALES, GRUAS DE ARRASTRE, MANIOBRAS MONTAJES, CARGA, DESCARGA, CANASTILLAS, SERVICIO DE LOW BOY, PLATAFORMA, GRUAS ARTICULADAS, GRUAS TODO TERRENO DE 20 TONELADAS.\u00a0SERVICIO DE ARRASTRE EN PLATAFORMA WHEEL, LIFT, UNDERLIFT LOCAL Y A TODA LA REPUBLICA.<br \/><a href=\"https:\/\/goo.gl\/maps\/juue2h9MLNTNiqda9\" target=\"_blank\" rel=\"noopener,nofollow noopener\">Link de Ubicaci\u00f3n en Mapa Google. Clic Mapa.<\/a><\/p><hr \/><h3>Gr\u00faas El Carnalito<\/h3><p>Servicio de Gr\u00faas El Carnalito en Quer\u00e9taro.<br \/><strong>Direcciones:<\/strong> Anillo Vial Fray Jun\u00edpero Serra, Santiago de Quer\u00e9taro, Qro.<br \/><strong>Tel\u00e9fono:<\/strong> 01 442 218 7736<br \/><strong>Sitio:<\/strong> https:\/\/es-la.facebook.com\/GRUAS-El-Carnalito-990531521014656\/<br \/><strong>Rese\u00f1a:<\/strong> Nuestros servicios Gr\u00faas de gancho de remolque y cadenas, Gr\u00faas de arrastre, Gr\u00faas con cama plana o camilla<br \/><a href=\"https:\/\/goo.gl\/maps\/MZ7Y2Pwjtt3G9b3e8\" target=\"_blank\" rel=\"noopener,nofollow noopener\">Link de Ubicaci\u00f3n en Mapa Google. Clic Mapa.<\/a><\/p><hr \/><h3>Gr\u00faas Hiab<\/h3><p>Servicio de Gr\u00faas Hiab en Quer\u00e9taro.<br \/><strong>Direcciones:<\/strong> Noradino Rubio 3, Casa Blanca, 76030 Santiago de Quer\u00e9taro, Qro.<br \/><strong>Tel\u00e9fono:<\/strong> 01 442 148 5082<br \/><strong>Sitio:<\/strong> https:\/\/www.laycon.com.mx\/<br \/><strong>Rese\u00f1a:<\/strong> Servicio B\u00e1sico de Mantenimiento, Servicio de Instalaci\u00f3n de Gr\u00faas, Servicio a Gr\u00faas, Servicio a Camiones.<br \/><a href=\"https:\/\/goo.gl\/maps\/mQqPK8FpM5Q2jeNYA\" target=\"_blank\" rel=\"noopener,nofollow noopener\">Link de Ubicaci\u00f3n en Mapa Google. Clic Mapa.<\/a><\/p><hr \/><h3>Gr\u00faas Hurtado.<\/h3><p>Servicio de Gr\u00faas Hurtado en Quer\u00e9taro.<br \/><strong>Direcciones:<\/strong> Puebla 27, San Jos\u00e9 de los Olvera, 76902 Santiago de Quer\u00e9taro, Qro.<br \/><strong>Tel\u00e9fono:<\/strong> 01 442 183 5913<br \/><strong>Sitio:<\/strong> https:\/\/gruashurtado.com.mx\/<br \/><strong>Rese\u00f1a:<\/strong> Arrastre de autos, veh\u00edculos y camionetas de hasta 15 toneladas, Gr\u00faas para camiones Servicio las 24 horas los 365 d\u00edas del a\u00f1o, Servicio profesional de gr\u00faas y arrastre, Traslados locales y for\u00e1neos.<br \/><a href=\"https:\/\/goo.gl\/maps\/VNqyVgEDHzCY5kTAA\" target=\"_blank\" rel=\"noopener,nofollow noopener\">Link de Ubicaci\u00f3n en Mapa Google. Clic Mapa.<\/a><\/p><hr \/><h3>Gr\u00faas Industriales Zube<\/h3><p>Servicio de Gr\u00faas Industriales Zube en Quer\u00e9taro.<br \/><strong>Direcciones:<\/strong> Constituyentes 1490, Pueblo Nuevo, 76900 El Pueblito, Qro.<br \/><strong>Tel\u00e9fono:<\/strong> 01 442 254 6667<br \/><strong>Sitio:<\/strong> https:\/\/www.gruaszube.com.mx\/<br \/><strong>Rese\u00f1a:<\/strong> Renta de gr\u00faas telesc\u00f3picas y articuladas, Renta de equipamiento para maniobra, Movimiento de equipo, Traslado de materiales y equipos.<br \/><a href=\"https:\/\/goo.gl\/maps\/fy8SP3GMWCtxki8F9\" target=\"_blank\" rel=\"noopener,nofollow noopener\">Link de Ubicaci\u00f3n en Mapa Google. Clic Mapa.<\/a><\/p><hr \/><h3>Gruas Industriales \/ Maniobras Especiales \/ Eurogr\u00faas<\/h3><p>Servicio de Gr\u00faas Industriales Zube en Quer\u00e9taro.<br \/><strong>Direcciones:<\/strong> Fernando D\u00edaz Ram\u00edrez 82 Candiles, Qro., Mision de Sta Sofia, 76190 Santiago de Quer\u00e9taro, Qro.<br \/><strong>Tel\u00e9fono:<\/strong> 01 442 186 7767<br \/><strong>Sitio:<\/strong> http:\/\/eurogruasbajio.mx\/<br \/><strong>Rese\u00f1a:<\/strong> Maniobra en tus bodegas o cualquier espacio en tu empresa Montacargas, Tortugas, Gatos Hidr\u00e1ulicos, Barretas, B\u00e1sicas, Gr\u00faa articula tipo Hiab, Gr\u00faa telesc\u00f3pica tipo Titan, Gr\u00faa hidr\u00e1ulica telesc\u00f3pica de 25 y 30 toneladas de capacidad nominal.<br \/><a href=\"https:\/\/goo.gl\/maps\/1VSC1gUdCwhm8P979\" target=\"_blank\" rel=\"noopener,nofollow noopener\">Link de Ubicaci\u00f3n en Mapa Google. Clic Mapa.<\/a><\/p><hr \/><h3>Amequip Gruas Industriales<\/h3><p>Servicio de Gr\u00faas Industriales Zube en Quer\u00e9taro.<br \/><strong>Direcciones:<\/strong> Calle Constituci\u00f3n 19101, Centro, 76220 Santa Rosa J\u00e1uregui, Qro.<br \/><strong>Tel\u00e9fono:<\/strong> 01 442 291 1822<br \/><strong>Sitio:<\/strong> https:\/\/amequip.com.mx\/<br \/><strong>Rese\u00f1a:<\/strong> Renta\/venta de gr\u00faas hidr\u00e1ulicas telesc\u00f3picas, Tenemos nuestro propio departamento de mantenimiento, Todo nuestro personal est\u00e1 altamente calificado y certificado mediante un agente externo.<br \/><a href=\"https:\/\/goo.gl\/maps\/zzqVubTaxqhv9Qxc8\" target=\"_blank\" rel=\"noopener,nofollow noopener\">Link de Ubicaci\u00f3n en Mapa Google. Clic Mapa.<\/a><\/p><hr \/><h3>Gr\u00faas Auriga<\/h3><p>Servicio de Gr\u00faas Industriales Zube en Quer\u00e9taro.<br \/><strong>Direcciones:<\/strong> Av. 5 de Febrero No. 1266, La Piedad, 76150 Santiago de Quer\u00e9taro, Qro.<br \/><strong>Tel\u00e9fono:<\/strong> 01 442 218 4142<br \/><strong>Sitio:<\/strong> https:\/\/auriga.mx\/<br \/><strong>Rese\u00f1a:<\/strong> Gr\u00faas Industriales: Montada Sobre Cami\u00f3n, Todo Terreno, Terreno Dif\u00edcil, Estructural. Maniobras especializadas, Movimiento e instalaci\u00f3n de maquinaria, Reubicaci\u00f3n de plantas, Transporte especializado.<br \/><a href=\"https:\/\/goo.gl\/maps\/zzqVubTaxqhv9Qxc8\" target=\"_blank\" rel=\"noopener,nofollow noopener\">Link de Ubicaci\u00f3n en Mapa Google. Clic Mapa.<\/a><\/p><hr \/><h3>Gruas El Toques<\/h3><p>Servicio de Gr\u00faas Industriales Zube en Quer\u00e9taro.<br \/><strong>Direcciones:<\/strong> Calle Vicente Villasana 19, El Porvenir, 76158 Santiago de Quer\u00e9taro, Qro.<br \/><strong>Tel\u00e9fono:<\/strong> 01 442 348 6344<br \/><strong>Sitio:<\/strong> https:\/\/gruasqueretaro.mx\/<br \/><strong>Rese\u00f1a:<\/strong> Arrastre de autos, veh\u00edculos y camionetas de hasta 15 toneladas, Gr\u00faas para camiones, Servicio profesional de gr\u00faas y arrastre, Traslados locales y for\u00e1neos.<br \/><a href=\"https:\/\/goo.gl\/maps\/cpoj6i1aB5N8sKhe6\" target=\"_blank\" rel=\"noopener,nofollow noopener\">Link de Ubicaci\u00f3n en Mapa Google. Clic Mapa.<\/a><\/p><hr \/><h3>Gr\u00faas Corregidora<\/h3><p>Servicio de Gr\u00faas Industriales en Quer\u00e9taro.<br \/><strong>Direcciones:<\/strong> Av. Palma Cocotera 2016, Palmares, 76127 Santiago de Quer\u00e9taro, Qro.<br \/><strong>Tel\u00e9fono:<\/strong> 01 442 291 4024<br \/><strong>Sitio:<\/strong> http:\/\/www.gruascorregidora.mx\/<br \/><strong>Rese\u00f1a:<\/strong> Servicios de Gr\u00faas Corregidora Rescate y Maniobras, Traslado de Vehiculos, Asistencia Vial, Asistencia PF, B\u00e1sico de Emergencias.<br \/><a href=\"https:\/\/goo.gl\/maps\/xMSzGSdfaXemouL4A\" target=\"_blank\" rel=\"noopener,nofollow noopener\">Link de Ubicaci\u00f3n en Mapa Google. Clic Mapa.<\/a><\/p><hr \/>\t\t\t\t\t\t\t\t<\/div>\n\t\t\t\t<\/div>\n\t\t\t\t\t<\/div>\n\t\t\t\t<\/div>\n\t\t<div class=\"elementor-element elementor-element-e940dac e-flex e-con-boxed e-con e-parent\" data-id=\"e940dac\" data-element_type=\"container\">\n\t\t\t\t\t<div class=\"e-con-inner\">\n\t\t\t\t<div class=\"elementor-element elementor-element-0c017ca elementor-widget elementor-widget-heading\" data-id=\"0c017ca\" data-element_type=\"widget\" data-widget_type=\"heading.default\">\n\t\t\t\t<div class=\"elementor-widget-container\">\n\t\t\t\t\t<h2 class=\"elementor-heading-title elementor-size-default\">Servicios de Gr\u00faas Mapa<\/h2>\t\t\t\t<\/div>\n\t\t\t\t<\/div>\n\t\t\t\t<div class=\"elementor-element elementor-element-6e1aaf1 elementor-widget elementor-widget-text-editor\" data-id=\"6e1aaf1\" data-element_type=\"widget\" data-widget_type=\"text-editor.default\">\n\t\t\t\t<div class=\"elementor-widget-container\">\n\t\t\t\t\t\t\t\t\t<p>Los servicios suelen ser de 24 horas toda la semana, todo el a\u00f1o, seleccione a su proveedor ideal.<\/p>\t\t\t\t\t\t\t\t<\/div>\n\t\t\t\t<\/div>\n\t\t\t\t\t<\/div>\n\t\t\t\t<\/div>\n\t\t<div class=\"elementor-element elementor-element-3ccb732 e-flex e-con-boxed e-con e-parent\" data-id=\"3ccb732\" data-element_type=\"container\">\n\t\t\t\t\t<div class=\"e-con-inner\">\n\t\t\t\t<div class=\"elementor-element elementor-element-078c73f elementor-widget elementor-widget-text-editor\" data-id=\"078c73f\" data-element_type=\"widget\" data-widget_type=\"text-editor.default\">\n\t\t\t\t<div class=\"elementor-widget-container\">\n\t\t\t\t\t\t\t\t\t<iframe style=\"border: 0;\" src=\"https:\/\/www.google.com\/maps\/embed?pb=!1m16!1m12!1m3!1d59764.76065349938!2d-100.4179114044489!3d20.575903237011296!2m3!1f0!2f0!3f0!3m2!1i1024!2i768!4f13.1!2m1!1sGRUAS!5e0!3m2!1ses!2smx!4v1564680564729!5m2!1ses!2smx\" width=\"100%\" height=\"450\" frameborder=\"0\" allowfullscreen=\"allowfullscreen\"><\/iframe>\t\t\t\t\t\t\t\t<\/div>\n\t\t\t\t<\/div>\n\t\t\t\t\t<\/div>\n\t\t\t\t<\/div>\n\t\t<div class=\"elementor-element elementor-element-071e258 e-flex e-con-boxed e-con e-parent\" data-id=\"071e258\" data-element_type=\"container\">\n\t\t\t\t\t<div class=\"e-con-inner\">\n\t\t<div class=\"elementor-element elementor-element-f22c5ff e-con-full e-flex e-con e-child\" data-id=\"f22c5ff\" data-element_type=\"container\">\n\t\t\t\t<div class=\"elementor-element elementor-element-ef1a843 elementor-widget elementor-widget-image\" data-id=\"ef1a843\" data-element_type=\"widget\" data-widget_type=\"image.default\">\n\t\t\t\t<div class=\"elementor-widget-container\">\n\t\t\t\t\t\t\t\t\t\t\t\t\t\t\t\t<a href=\"https:\/\/mkdigital10.com\/plan-full-empresarial\/\">\n\t\t\t\t\t\t\t<img fetchpriority=\"high\" decoding=\"async\" width=\"750\" height=\"750\" src=\"https:\/\/queretaro10.com\/directorios\/wp-content\/uploads\/2024\/06\/qro10-4-2024-PLAN-FULL-EMPRESARIAL-min.png\" class=\"attachment-full size-full wp-image-809\" alt=\"Plan Full MARKETING EMPRESARIAL\" srcset=\"https:\/\/queretaro10.com\/directorios\/wp-content\/uploads\/2024\/06\/qro10-4-2024-PLAN-FULL-EMPRESARIAL-min.png 750w, https:\/\/queretaro10.com\/directorios\/wp-content\/uploads\/2024\/06\/qro10-4-2024-PLAN-FULL-EMPRESARIAL-min-300x300.png 300w, https:\/\/queretaro10.com\/directorios\/wp-content\/uploads\/2024\/06\/qro10-4-2024-PLAN-FULL-EMPRESARIAL-min-150x150.png 150w\" sizes=\"(max-width: 750px) 100vw, 750px\" \/>\t\t\t\t\t\t\t\t<\/a>\n\t\t\t\t\t\t\t\t\t\t\t\t\t\t\t<\/div>\n\t\t\t\t<\/div>\n\t\t\t\t<\/div>\n\t\t<div class=\"elementor-element elementor-element-1789661 e-con-full e-flex e-con e-child\" data-id=\"1789661\" data-element_type=\"container\">\n\t\t\t\t<div class=\"elementor-element elementor-element-c56c5e7 elementor-widget elementor-widget-image\" data-id=\"c56c5e7\" data-element_type=\"widget\" data-widget_type=\"image.default\">\n\t\t\t\t<div class=\"elementor-widget-container\">\n\t\t\t\t\t\t\t\t\t\t\t\t\t\t\t\t<a href=\"https:\/\/queretaro10.com\/qro\/marketing\/\">\n\t\t\t\t\t\t\t<img decoding=\"async\" width=\"750\" height=\"750\" src=\"https:\/\/queretaro10.com\/directorios\/wp-content\/uploads\/2024\/06\/qro10-Plan-MK-Digital-PyMe-Local-cuadro-4-min.png\" class=\"attachment-full size-full wp-image-810\" alt=\"PLAN FULL MARKETING DIGITAL PyMe Local\" srcset=\"https:\/\/queretaro10.com\/directorios\/wp-content\/uploads\/2024\/06\/qro10-Plan-MK-Digital-PyMe-Local-cuadro-4-min.png 750w, https:\/\/queretaro10.com\/directorios\/wp-content\/uploads\/2024\/06\/qro10-Plan-MK-Digital-PyMe-Local-cuadro-4-min-300x300.png 300w, https:\/\/queretaro10.com\/directorios\/wp-content\/uploads\/2024\/06\/qro10-Plan-MK-Digital-PyMe-Local-cuadro-4-min-150x150.png 150w\" sizes=\"(max-width: 750px) 100vw, 750px\" \/>\t\t\t\t\t\t\t\t<\/a>\n\t\t\t\t\t\t\t\t\t\t\t\t\t\t\t<\/div>\n\t\t\t\t<\/div>\n\t\t\t\t<\/div>\n\t\t<div class=\"elementor-element elementor-element-b9ace2d e-con-full e-flex e-con e-child\" data-id=\"b9ace2d\" data-element_type=\"container\">\n\t\t\t\t<div class=\"elementor-element elementor-element-be51558 elementor-widget elementor-widget-image\" data-id=\"be51558\" data-element_type=\"widget\" data-widget_type=\"image.default\">\n\t\t\t\t<div class=\"elementor-widget-container\">\n\t\t\t\t\t\t\t\t\t\t\t\t\t\t\t\t<a href=\"https:\/\/mkdigital10.com\/sem\/redes-sociales\/\">\n\t\t\t\t\t\t\t<img decoding=\"async\" width=\"750\" height=\"750\" src=\"https:\/\/queretaro10.com\/directorios\/wp-content\/uploads\/2025\/03\/qro10-Plan-Redes-Sociales.png\" class=\"attachment-full size-full wp-image-1199\" alt=\"Plan Redes Sociales\" srcset=\"https:\/\/queretaro10.com\/directorios\/wp-content\/uploads\/2025\/03\/qro10-Plan-Redes-Sociales.png 750w, https:\/\/queretaro10.com\/directorios\/wp-content\/uploads\/2025\/03\/qro10-Plan-Redes-Sociales-300x300.png 300w, https:\/\/queretaro10.com\/directorios\/wp-content\/uploads\/2025\/03\/qro10-Plan-Redes-Sociales-150x150.png 150w\" sizes=\"(max-width: 750px) 100vw, 750px\" \/>\t\t\t\t\t\t\t\t<\/a>\n\t\t\t\t\t\t\t\t\t\t\t\t\t\t\t<\/div>\n\t\t\t\t<\/div>\n\t\t\t\t<\/div>\n\t\t<div class=\"elementor-element elementor-element-0fc9da1 e-con-full e-flex e-con e-child\" data-id=\"0fc9da1\" data-element_type=\"container\">\n\t\t\t\t<div class=\"elementor-element elementor-element-1ddb835 elementor-widget elementor-widget-image\" data-id=\"1ddb835\" data-element_type=\"widget\" data-widget_type=\"image.default\">\n\t\t\t\t<div class=\"elementor-widget-container\">\n\t\t\t\t\t\t\t\t\t\t\t\t\t\t\t\t<a href=\"https:\/\/mkdigital10.com\/paginas-web\/\">\n\t\t\t\t\t\t\t<img loading=\"lazy\" decoding=\"async\" width=\"750\" height=\"750\" src=\"https:\/\/queretaro10.com\/directorios\/wp-content\/uploads\/2025\/03\/qro10-Plan-Paginas-Web-PyMe-Empresarial.png\" class=\"attachment-full size-full wp-image-1200\" alt=\"Plan P\u00e1ginas Web PyMe Empresarial\" srcset=\"https:\/\/queretaro10.com\/directorios\/wp-content\/uploads\/2025\/03\/qro10-Plan-Paginas-Web-PyMe-Empresarial.png 750w, https:\/\/queretaro10.com\/directorios\/wp-content\/uploads\/2025\/03\/qro10-Plan-Paginas-Web-PyMe-Empresarial-300x300.png 300w, https:\/\/queretaro10.com\/directorios\/wp-content\/uploads\/2025\/03\/qro10-Plan-Paginas-Web-PyMe-Empresarial-150x150.png 150w\" sizes=\"(max-width: 750px) 100vw, 750px\" \/>\t\t\t\t\t\t\t\t<\/a>\n\t\t\t\t\t\t\t\t\t\t\t\t\t\t\t<\/div>\n\t\t\t\t<\/div>\n\t\t\t\t<\/div>\n\t\t\t\t\t<\/div>\n\t\t\t\t<\/div>\n\t\t\t\t<\/div>\n\t\t","protected":false},"excerpt":{"rendered":"<p>Gr\u00faas en Quer\u00e9taro El servicio de Gr\u00faas siempre es necesario, los ciudadanos por lo menos utilizan el servicio de arrastre [&hellip;]<\/p>\n","protected":false},"author":1,"featured_media":106,"parent":0,"menu_order":0,"comment_status":"closed","ping_status":"closed","template":"elementor_header_footer","meta":{"site-sidebar-layout":"default","site-content-layout":"","ast-site-content-layout":"default","site-content-style":"default","site-sidebar-style":"default","ast-global-header-display":"","ast-banner-title-visibility":"","ast-main-header-display":"","ast-hfb-above-header-display":"","ast-hfb-below-header-display":"","ast-hfb-mobile-header-display":"","site-post-title":"","ast-breadcrumbs-content":"","ast-featured-img":"","footer-sml-layout":"","theme-transparent-header-meta":"default","adv-header-id-meta":"","stick-header-meta":"","header-above-stick-meta":"","header-main-stick-meta":"","header-below-stick-meta":"","astra-migrate-meta-layouts":"set","ast-page-background-enabled":"default","ast-page-background-meta":{"desktop":{"background-color":"var(--ast-global-color-4)","background-image":"","background-repeat":"repeat","background-position":"center center","background-size":"auto","background-attachment":"scroll","background-type":"","background-media":"","overlay-type":"","overlay-color":"","overlay-opacity":"","overlay-gradient":""},"tablet":{"background-color":"","background-image":"","background-repeat":"repeat","background-position":"center center","background-size":"auto","background-attachment":"scroll","background-type":"","background-media":"","overlay-type":"","overlay-color":"","overlay-opacity":"","overlay-gradient":""},"mobile":{"background-color":"","background-image":"","background-repeat":"repeat","background-position":"center center","background-size":"auto","background-attachment":"scroll","background-type":"","background-media":"","overlay-type":"","overlay-color":"","overlay-opacity":"","overlay-gradient":""}},"ast-content-background-meta":{"desktop":{"background-color":"var(--ast-global-color-5)","background-image":"","background-repeat":"repeat","background-position":"center center","background-size":"auto","background-attachment":"scroll","background-type":"","background-media":"","overlay-type":"","overlay-color":"","overlay-opacity":"","overlay-gradient":""},"tablet":{"background-color":"var(--ast-global-color-5)","background-image":"","background-repeat":"repeat","background-position":"center center","background-size":"auto","background-attachment":"scroll","background-type":"","background-media":"","overlay-type":"","overlay-color":"","overlay-opacity":"","overlay-gradient":""},"mobile":{"background-color":"var(--ast-global-color-5)","background-image":"","background-repeat":"repeat","background-position":"center center","background-size":"auto","background-attachment":"scroll","background-type":"","background-media":"","overlay-type":"","overlay-color":"","overlay-opacity":"","overlay-gradient":""}},"footnotes":""},"class_list":["post-105","page","type-page","status-publish","has-post-thumbnail","hentry"],"aioseo_notices":[],"_links":{"self":[{"href":"https:\/\/queretaro10.com\/directorios\/wp-json\/wp\/v2\/pages\/105","targetHints":{"allow":["GET"]}}],"collection":[{"href":"https:\/\/queretaro10.com\/directorios\/wp-json\/wp\/v2\/pages"}],"about":[{"href":"https:\/\/queretaro10.com\/directorios\/wp-json\/wp\/v2\/types\/page"}],"author":[{"embeddable":true,"href":"https:\/\/queretaro10.com\/directorios\/wp-json\/wp\/v2\/users\/1"}],"replies":[{"embeddable":true,"href":"https:\/\/queretaro10.com\/directorios\/wp-json\/wp\/v2\/comments?post=105"}],"version-history":[{"count":10,"href":"https:\/\/queretaro10.com\/directorios\/wp-json\/wp\/v2\/pages\/105\/revisions"}],"predecessor-version":[{"id":1335,"href":"https:\/\/queretaro10.com\/directorios\/wp-json\/wp\/v2\/pages\/105\/revisions\/1335"}],"wp:featuredmedia":[{"embeddable":true,"href":"https:\/\/queretaro10.com\/directorios\/wp-json\/wp\/v2\/media\/106"}],"wp:attachment":[{"href":"https:\/\/queretaro10.com\/directorios\/wp-json\/wp\/v2\/media?parent=105"}],"curies":[{"name":"wp","href":"https:\/\/api.w.org\/{rel}","templated":true}]}}