{"id":107,"date":"2018-07-10T22:04:17","date_gmt":"2018-07-10T22:04:17","guid":{"rendered":"http:\/\/queretaro10.com\/?page_id=13372"},"modified":"2025-03-31T21:37:39","modified_gmt":"2025-03-31T21:37:39","slug":"grupos-musicales","status":"publish","type":"page","link":"https:\/\/queretaro10.com\/directorios\/grupos-musicales\/","title":{"rendered":"Grupos Musicales en Quer\u00e9taro"},"content":{"rendered":"\t\t<div data-elementor-type=\"wp-page\" data-elementor-id=\"107\" class=\"elementor elementor-107\">\n\t\t\t\t<div class=\"elementor-element elementor-element-b0a16ea e-flex e-con-boxed e-con e-parent\" data-id=\"b0a16ea\" data-element_type=\"container\">\n\t\t\t\t\t<div class=\"e-con-inner\">\n\t\t\t\t<div class=\"elementor-element elementor-element-554a06a elementor-widget elementor-widget-heading\" data-id=\"554a06a\" data-element_type=\"widget\" data-widget_type=\"heading.default\">\n\t\t\t\t<div class=\"elementor-widget-container\">\n\t\t\t\t\t<h1 class=\"elementor-heading-title elementor-size-default\">Grupos Musicales en Quer\u00e9taro<\/h1>\t\t\t\t<\/div>\n\t\t\t\t<\/div>\n\t\t\t\t<div class=\"elementor-element elementor-element-993026f elementor-widget elementor-widget-text-editor\" data-id=\"993026f\" data-element_type=\"widget\" data-widget_type=\"text-editor.default\">\n\t\t\t\t<div class=\"elementor-widget-container\">\n\t\t\t\t\t\t\t\t\t<p>Aqu\u00ed podr\u00e1 encontrar la direcci\u00f3n y datos de contacto para grupos musicales de su localidad, puede usted contactar a las oficinas aqu\u00ed listadas para sus servicios de grupos musicales para tus fiestas, y m\u00e1s en Quer\u00e9taro, ub\u00edque su proveedor para tu fiesta m\u00e1s cercano.<\/p>\t\t\t\t\t\t\t\t<\/div>\n\t\t\t\t<\/div>\n\t\t\t\t\t<\/div>\n\t\t\t\t<\/div>\n\t\t<div class=\"elementor-element elementor-element-91b433f e-flex e-con-boxed e-con e-parent\" data-id=\"91b433f\" data-element_type=\"container\">\n\t\t\t\t\t<div class=\"e-con-inner\">\n\t\t\t\t<div class=\"elementor-element elementor-element-9b713bf elementor-widget elementor-widget-heading\" data-id=\"9b713bf\" data-element_type=\"widget\" data-widget_type=\"heading.default\">\n\t\t\t\t<div class=\"elementor-widget-container\">\n\t\t\t\t\t<h2 class=\"elementor-heading-title elementor-size-default\">Directorio de Grupos Musicales en Quer\u00e9taro<\/h2>\t\t\t\t<\/div>\n\t\t\t\t<\/div>\n\t\t\t\t\t<\/div>\n\t\t\t\t<\/div>\n\t\t<div class=\"elementor-element elementor-element-fec5878 e-flex e-con-boxed e-con e-parent\" data-id=\"fec5878\" data-element_type=\"container\">\n\t\t\t\t\t<div class=\"e-con-inner\">\n\t\t<div class=\"elementor-element elementor-element-d30be91 e-con-full e-flex e-con e-child\" data-id=\"d30be91\" data-element_type=\"container\">\n\t\t\t\t<div class=\"elementor-element elementor-element-e8a7b58 elementor-widget elementor-widget-text-editor\" data-id=\"e8a7b58\" data-element_type=\"widget\" data-widget_type=\"text-editor.default\">\n\t\t\t\t<div class=\"elementor-widget-container\">\n\t\t\t\t\t\t\t\t\t<h3>Grupo Musical DJ Charly Montufar<\/h3><p><strong>Tel:\u00a0<\/strong>(442) 237 8021<br \/><strong>Direcci\u00f3n:\u00a0<\/strong>Misi\u00f3n de Landa, 16 Col. Colinas del Bosque 76904 Quer\u00e9taro\u00a0(Quer\u00e9taro)<br \/><strong>Link:\u00a0<\/strong><a href=\"http:\/\/djcharlymontufar.com\/\" target=\"_blank\" rel=\"nofollow noopener\">http:\/\/djcharlymontufar.com\/<\/a><\/p><h3>Grupo Musical Azul DJ<\/h3><p><strong>Tel:\u00a0<\/strong>(442) 381 5579<br \/><strong>Direcci\u00f3n:\u00a0<\/strong>Villas Corregidora #120, col. Villas Campestre. Corregidora, Qro<br \/><strong>Link:\u00a0<\/strong>http:\/\/www.azuldj.com.mx<\/p>\t\t\t\t\t\t\t\t<\/div>\n\t\t\t\t<\/div>\n\t\t\t\t<\/div>\n\t\t<div class=\"elementor-element elementor-element-dd8a87c e-con-full e-flex e-con e-child\" data-id=\"dd8a87c\" data-element_type=\"container\">\n\t\t\t\t<div class=\"elementor-element elementor-element-6fdd8ab elementor-widget elementor-widget-text-editor\" data-id=\"6fdd8ab\" data-element_type=\"widget\" data-widget_type=\"text-editor.default\">\n\t\t\t\t<div class=\"elementor-widget-container\">\n\t\t\t\t\t\t\t\t\t<h3>Sol de Media Noche<\/h3><p><strong>Tel:\u00a0<\/strong>(442) 391 5941<br \/><strong>Direcci\u00f3n:\u00a0<\/strong>Paseo de Mosc\u00fa 257, Residencial Tejeda, 76190 Santiago de Quer\u00e9taro, Qro.<br \/><strong>Link:\u00a0<\/strong><a href=\"https:\/\/www.gruposoldemedianoche.com\/\" target=\"_blank\" rel=\"nofollow noopener\">https:\/\/www.gruposoldemedianoche.com\/<\/a><\/p><h3>Grupo Musical Danzound Music<\/h3><p><strong>Tel:\u00a0<\/strong>(442)\u00a0149 7389<br \/><strong>Direcci\u00f3n:\u00a0<\/strong>Paseo Cuesta Bonita 104, Cuesta Bonita, 76050 Santiago de Quer\u00e9taro, Qro<br \/><strong>Link:\u00a0<\/strong><a href=\"https:\/\/www.danzoundmusic.net\/\" target=\"_blank\" rel=\"nofollow noopener\">https:\/\/www.danzoundmusic.net\/<\/a><\/p>\t\t\t\t\t\t\t\t<\/div>\n\t\t\t\t<\/div>\n\t\t\t\t<\/div>\n\t\t<div class=\"elementor-element elementor-element-76f0538 e-con-full e-flex e-con e-child\" data-id=\"76f0538\" data-element_type=\"container\">\n\t\t\t\t<div class=\"elementor-element elementor-element-cc6e57a elementor-widget elementor-widget-text-editor\" data-id=\"cc6e57a\" data-element_type=\"widget\" data-widget_type=\"text-editor.default\">\n\t\t\t\t<div class=\"elementor-widget-container\">\n\t\t\t\t\t\t\t\t\t<h3>Grupo Musical DBand<\/h3><p><strong>Tel:\u00a0<\/strong>(442) 264 4498<br \/><strong>Direcci\u00f3n:\u00a0<\/strong>Av. Andamaxei, Col. Paseos del Bosque\u00a076910\u00a0Quer\u00e9taro\u00a0(Quer\u00e9taro)<br \/><strong>Link:\u00a0<\/strong><a href=\"https:\/\/www.facebook.com\/grupodband\/\" target=\"_blank\" rel=\"nofollow noopener\">https:\/\/www.facebook.com\/<\/a><\/p>\t\t\t\t\t\t\t\t<\/div>\n\t\t\t\t<\/div>\n\t\t\t\t<\/div>\n\t\t\t\t\t<\/div>\n\t\t\t\t<\/div>\n\t\t<div class=\"elementor-element elementor-element-d2af3ac e-flex e-con-boxed e-con e-parent\" data-id=\"d2af3ac\" data-element_type=\"container\">\n\t\t\t\t\t<div class=\"e-con-inner\">\n\t\t\t\t<div class=\"elementor-element elementor-element-972fb07 elementor-widget elementor-widget-heading\" data-id=\"972fb07\" data-element_type=\"widget\" data-widget_type=\"heading.default\">\n\t\t\t\t<div class=\"elementor-widget-container\">\n\t\t\t\t\t<h2 class=\"elementor-heading-title elementor-size-default\">Servicios de Grupos Musicales para tu fiesta<\/h2>\t\t\t\t<\/div>\n\t\t\t\t<\/div>\n\t\t\t\t<div class=\"elementor-element elementor-element-431da20 elementor-widget elementor-widget-text-editor\" data-id=\"431da20\" data-element_type=\"widget\" data-widget_type=\"text-editor.default\">\n\t\t\t\t<div class=\"elementor-widget-container\">\n\t\t\t\t\t\t\t\t\t<p>Mencionando mas servicios Audio e iluminaci\u00f3n, DJ, Conducci\u00f3n profesional, Efectos de iluminaci\u00f3n y video, Obsequios especiales Pista de baile de charol o iluminada, Rayos l\u00e1ser, Pantallas, Confeti lanzado con CO2, Botargas inflables Zanqueros, Traje de led\u2019s, Animaoras con trajes Led, Shot\u2019s busters, Percusiones iluminadas, M\u00fasica en vivo, DJ profesionales, Iluminaci\u00f3n inteligente, Equipos y tecnolog\u00eda Bose de \u00faltima generaci\u00f3n Material de animaci\u00f3n, Pistas, Tarimas, Carpas, Sonorizaci\u00f3n de eventos, Sax, Coros, Mariachis, Cuarteto de cuerdas.<\/p>\t\t\t\t\t\t\t\t<\/div>\n\t\t\t\t<\/div>\n\t\t\t\t\t<\/div>\n\t\t\t\t<\/div>\n\t\t<div class=\"elementor-element elementor-element-6df6e1a e-flex e-con-boxed e-con e-parent\" data-id=\"6df6e1a\" data-element_type=\"container\">\n\t\t\t\t\t<div class=\"e-con-inner\">\n\t\t<div class=\"elementor-element elementor-element-bc5888a e-con-full e-flex e-con e-child\" data-id=\"bc5888a\" data-element_type=\"container\">\n\t\t\t\t<div class=\"elementor-element elementor-element-1e9db79 elementor-widget elementor-widget-image\" data-id=\"1e9db79\" data-element_type=\"widget\" data-widget_type=\"image.default\">\n\t\t\t\t<div class=\"elementor-widget-container\">\n\t\t\t\t\t\t\t\t\t\t\t\t\t\t\t\t<a href=\"https:\/\/mkdigital10.com\/plan-full-empresarial\/\">\n\t\t\t\t\t\t\t<img fetchpriority=\"high\" decoding=\"async\" width=\"750\" height=\"750\" src=\"https:\/\/queretaro10.com\/directorios\/wp-content\/uploads\/2024\/06\/qro10-4-2024-PLAN-FULL-EMPRESARIAL-min.png\" class=\"attachment-full size-full wp-image-809\" alt=\"Plan Full MARKETING EMPRESARIAL\" srcset=\"https:\/\/queretaro10.com\/directorios\/wp-content\/uploads\/2024\/06\/qro10-4-2024-PLAN-FULL-EMPRESARIAL-min.png 750w, https:\/\/queretaro10.com\/directorios\/wp-content\/uploads\/2024\/06\/qro10-4-2024-PLAN-FULL-EMPRESARIAL-min-300x300.png 300w, https:\/\/queretaro10.com\/directorios\/wp-content\/uploads\/2024\/06\/qro10-4-2024-PLAN-FULL-EMPRESARIAL-min-150x150.png 150w\" sizes=\"(max-width: 750px) 100vw, 750px\" \/>\t\t\t\t\t\t\t\t<\/a>\n\t\t\t\t\t\t\t\t\t\t\t\t\t\t\t<\/div>\n\t\t\t\t<\/div>\n\t\t\t\t<\/div>\n\t\t<div class=\"elementor-element elementor-element-d6724ee e-con-full e-flex e-con e-child\" data-id=\"d6724ee\" data-element_type=\"container\">\n\t\t\t\t<div class=\"elementor-element elementor-element-7b568f6 elementor-widget elementor-widget-image\" data-id=\"7b568f6\" data-element_type=\"widget\" data-widget_type=\"image.default\">\n\t\t\t\t<div class=\"elementor-widget-container\">\n\t\t\t\t\t\t\t\t\t\t\t\t\t\t\t\t<a href=\"https:\/\/queretaro10.com\/qro\/marketing\/\">\n\t\t\t\t\t\t\t<img decoding=\"async\" width=\"750\" height=\"750\" src=\"https:\/\/queretaro10.com\/directorios\/wp-content\/uploads\/2024\/06\/qro10-Plan-MK-Digital-PyMe-Local-cuadro-4-min.png\" class=\"attachment-full size-full wp-image-810\" alt=\"PLAN FULL MARKETING DIGITAL PyMe Local\" srcset=\"https:\/\/queretaro10.com\/directorios\/wp-content\/uploads\/2024\/06\/qro10-Plan-MK-Digital-PyMe-Local-cuadro-4-min.png 750w, https:\/\/queretaro10.com\/directorios\/wp-content\/uploads\/2024\/06\/qro10-Plan-MK-Digital-PyMe-Local-cuadro-4-min-300x300.png 300w, https:\/\/queretaro10.com\/directorios\/wp-content\/uploads\/2024\/06\/qro10-Plan-MK-Digital-PyMe-Local-cuadro-4-min-150x150.png 150w\" sizes=\"(max-width: 750px) 100vw, 750px\" \/>\t\t\t\t\t\t\t\t<\/a>\n\t\t\t\t\t\t\t\t\t\t\t\t\t\t\t<\/div>\n\t\t\t\t<\/div>\n\t\t\t\t<\/div>\n\t\t<div class=\"elementor-element elementor-element-f80574a e-con-full e-flex e-con e-child\" data-id=\"f80574a\" data-element_type=\"container\">\n\t\t\t\t<div class=\"elementor-element elementor-element-4447738 elementor-widget elementor-widget-image\" data-id=\"4447738\" data-element_type=\"widget\" data-widget_type=\"image.default\">\n\t\t\t\t<div class=\"elementor-widget-container\">\n\t\t\t\t\t\t\t\t\t\t\t\t\t\t\t\t<a href=\"https:\/\/mkdigital10.com\/sem\/redes-sociales\/\">\n\t\t\t\t\t\t\t<img decoding=\"async\" width=\"750\" height=\"750\" src=\"https:\/\/queretaro10.com\/directorios\/wp-content\/uploads\/2025\/03\/qro10-Plan-Redes-Sociales.png\" class=\"attachment-full size-full wp-image-1199\" alt=\"Plan Redes Sociales\" srcset=\"https:\/\/queretaro10.com\/directorios\/wp-content\/uploads\/2025\/03\/qro10-Plan-Redes-Sociales.png 750w, https:\/\/queretaro10.com\/directorios\/wp-content\/uploads\/2025\/03\/qro10-Plan-Redes-Sociales-300x300.png 300w, https:\/\/queretaro10.com\/directorios\/wp-content\/uploads\/2025\/03\/qro10-Plan-Redes-Sociales-150x150.png 150w\" sizes=\"(max-width: 750px) 100vw, 750px\" \/>\t\t\t\t\t\t\t\t<\/a>\n\t\t\t\t\t\t\t\t\t\t\t\t\t\t\t<\/div>\n\t\t\t\t<\/div>\n\t\t\t\t<\/div>\n\t\t<div class=\"elementor-element elementor-element-ba69d80 e-con-full e-flex e-con e-child\" data-id=\"ba69d80\" data-element_type=\"container\">\n\t\t\t\t<div class=\"elementor-element elementor-element-3499899 elementor-widget elementor-widget-image\" data-id=\"3499899\" data-element_type=\"widget\" data-widget_type=\"image.default\">\n\t\t\t\t<div class=\"elementor-widget-container\">\n\t\t\t\t\t\t\t\t\t\t\t\t\t\t\t\t<a href=\"https:\/\/mkdigital10.com\/paginas-web\/\">\n\t\t\t\t\t\t\t<img loading=\"lazy\" decoding=\"async\" width=\"750\" height=\"750\" src=\"https:\/\/queretaro10.com\/directorios\/wp-content\/uploads\/2025\/03\/qro10-Plan-Paginas-Web-PyMe-Empresarial.png\" class=\"attachment-full size-full wp-image-1200\" alt=\"Plan P\u00e1ginas Web PyMe Empresarial\" srcset=\"https:\/\/queretaro10.com\/directorios\/wp-content\/uploads\/2025\/03\/qro10-Plan-Paginas-Web-PyMe-Empresarial.png 750w, https:\/\/queretaro10.com\/directorios\/wp-content\/uploads\/2025\/03\/qro10-Plan-Paginas-Web-PyMe-Empresarial-300x300.png 300w, https:\/\/queretaro10.com\/directorios\/wp-content\/uploads\/2025\/03\/qro10-Plan-Paginas-Web-PyMe-Empresarial-150x150.png 150w\" sizes=\"(max-width: 750px) 100vw, 750px\" \/>\t\t\t\t\t\t\t\t<\/a>\n\t\t\t\t\t\t\t\t\t\t\t\t\t\t\t<\/div>\n\t\t\t\t<\/div>\n\t\t\t\t<\/div>\n\t\t\t\t\t<\/div>\n\t\t\t\t<\/div>\n\t\t\t\t<\/div>\n\t\t","protected":false},"excerpt":{"rendered":"<p>Grupos Musicales en Quer\u00e9taro Aqu\u00ed podr\u00e1 encontrar la direcci\u00f3n y datos de contacto para grupos musicales de su localidad, puede [&hellip;]<\/p>\n","protected":false},"author":1,"featured_media":0,"parent":0,"menu_order":0,"comment_status":"closed","ping_status":"closed","template":"elementor_header_footer","meta":{"site-sidebar-layout":"default","site-content-layout":"","ast-site-content-layout":"default","site-content-style":"default","site-sidebar-style":"default","ast-global-header-display":"","ast-banner-title-visibility":"","ast-main-header-display":"","ast-hfb-above-header-display":"","ast-hfb-below-header-display":"","ast-hfb-mobile-header-display":"","site-post-title":"","ast-breadcrumbs-content":"","ast-featured-img":"","footer-sml-layout":"","theme-transparent-header-meta":"default","adv-header-id-meta":"","stick-header-meta":"","header-above-stick-meta":"","header-main-stick-meta":"","header-below-stick-meta":"","astra-migrate-meta-layouts":"set","ast-page-background-enabled":"default","ast-page-background-meta":{"desktop":{"background-color":"var(--ast-global-color-4)","background-image":"","background-repeat":"repeat","background-position":"center center","background-size":"auto","background-attachment":"scroll","background-type":"","background-media":"","overlay-type":"","overlay-color":"","overlay-opacity":"","overlay-gradient":""},"tablet":{"background-color":"","background-image":"","background-repeat":"repeat","background-position":"center center","background-size":"auto","background-attachment":"scroll","background-type":"","background-media":"","overlay-type":"","overlay-color":"","overlay-opacity":"","overlay-gradient":""},"mobile":{"background-color":"","background-image":"","background-repeat":"repeat","background-position":"center center","background-size":"auto","background-attachment":"scroll","background-type":"","background-media":"","overlay-type":"","overlay-color":"","overlay-opacity":"","overlay-gradient":""}},"ast-content-background-meta":{"desktop":{"background-color":"var(--ast-global-color-5)","background-image":"","background-repeat":"repeat","background-position":"center center","background-size":"auto","background-attachment":"scroll","background-type":"","background-media":"","overlay-type":"","overlay-color":"","overlay-opacity":"","overlay-gradient":""},"tablet":{"background-color":"var(--ast-global-color-5)","background-image":"","background-repeat":"repeat","background-position":"center center","background-size":"auto","background-attachment":"scroll","background-type":"","background-media":"","overlay-type":"","overlay-color":"","overlay-opacity":"","overlay-gradient":""},"mobile":{"background-color":"var(--ast-global-color-5)","background-image":"","background-repeat":"repeat","background-position":"center center","background-size":"auto","background-attachment":"scroll","background-type":"","background-media":"","overlay-type":"","overlay-color":"","overlay-opacity":"","overlay-gradient":""}},"footnotes":""},"class_list":["post-107","page","type-page","status-publish","hentry"],"aioseo_notices":[],"_links":{"self":[{"href":"https:\/\/queretaro10.com\/directorios\/wp-json\/wp\/v2\/pages\/107","targetHints":{"allow":["GET"]}}],"collection":[{"href":"https:\/\/queretaro10.com\/directorios\/wp-json\/wp\/v2\/pages"}],"about":[{"href":"https:\/\/queretaro10.com\/directorios\/wp-json\/wp\/v2\/types\/page"}],"author":[{"embeddable":true,"href":"https:\/\/queretaro10.com\/directorios\/wp-json\/wp\/v2\/users\/1"}],"replies":[{"embeddable":true,"href":"https:\/\/queretaro10.com\/directorios\/wp-json\/wp\/v2\/comments?post=107"}],"version-history":[{"count":10,"href":"https:\/\/queretaro10.com\/directorios\/wp-json\/wp\/v2\/pages\/107\/revisions"}],"predecessor-version":[{"id":1296,"href":"https:\/\/queretaro10.com\/directorios\/wp-json\/wp\/v2\/pages\/107\/revisions\/1296"}],"wp:attachment":[{"href":"https:\/\/queretaro10.com\/directorios\/wp-json\/wp\/v2\/media?parent=107"}],"curies":[{"name":"wp","href":"https:\/\/api.w.org\/{rel}","templated":true}]}}