{"id":109,"date":"2022-12-20T21:51:24","date_gmt":"2022-12-20T21:51:24","guid":{"rendered":"https:\/\/queretaro10.com\/directorios\/?page_id=27475"},"modified":"2025-03-31T21:55:24","modified_gmt":"2025-03-31T21:55:24","slug":"herrerias","status":"publish","type":"page","link":"https:\/\/queretaro10.com\/directorios\/herrerias\/","title":{"rendered":"Herrer\u00edas en Quer\u00e9taro"},"content":{"rendered":"\t\t<div data-elementor-type=\"wp-page\" data-elementor-id=\"109\" class=\"elementor elementor-109\">\n\t\t\t\t<div class=\"elementor-element elementor-element-db4afc4 e-flex e-con-boxed e-con e-parent\" data-id=\"db4afc4\" data-element_type=\"container\">\n\t\t\t\t\t<div class=\"e-con-inner\">\n\t\t\t\t<div class=\"elementor-element elementor-element-d423552 elementor-widget elementor-widget-heading\" data-id=\"d423552\" data-element_type=\"widget\" data-widget_type=\"heading.default\">\n\t\t\t\t<div class=\"elementor-widget-container\">\n\t\t\t\t\t<h1 class=\"elementor-heading-title elementor-size-default\">Herrer\u00edas en Quer\u00e9taro<\/h1>\t\t\t\t<\/div>\n\t\t\t\t<\/div>\n\t\t\t\t<div class=\"elementor-element elementor-element-c168f99 elementor-widget elementor-widget-text-editor\" data-id=\"c168f99\" data-element_type=\"widget\" data-widget_type=\"text-editor.default\">\n\t\t\t\t<div class=\"elementor-widget-container\">\n\t\t\t\t\t\t\t\t\t<p>El servicio de herrer\u00eda siempre es necesario, los ciudadanos por lo menos una vez al a\u00f1o utilizan los servicios de herrer\u00eda en general para casas, edificios, locales comerciales, plazas comerciales y naves industriales. A continuaci\u00f3n, seleccionamos algunos negocios que disponen de los mejores servicios de Herrer\u00edas en Quer\u00e9taro.<\/p>\t\t\t\t\t\t\t\t<\/div>\n\t\t\t\t<\/div>\n\t\t\t\t\t<\/div>\n\t\t\t\t<\/div>\n\t\t<div class=\"elementor-element elementor-element-ccdead4 e-flex e-con-boxed e-con e-parent\" data-id=\"ccdead4\" data-element_type=\"container\">\n\t\t\t\t\t<div class=\"e-con-inner\">\n\t\t\t\t<div class=\"elementor-element elementor-element-fc0b2d3 elementor-widget elementor-widget-heading\" data-id=\"fc0b2d3\" data-element_type=\"widget\" data-widget_type=\"heading.default\">\n\t\t\t\t<div class=\"elementor-widget-container\">\n\t\t\t\t\t<h2 class=\"elementor-heading-title elementor-size-default\">Directorio de Herrer\u00edas en Quer\u00e9taro<\/h2>\t\t\t\t<\/div>\n\t\t\t\t<\/div>\n\t\t\t\t<div class=\"elementor-element elementor-element-2540a42 elementor-widget elementor-widget-text-editor\" data-id=\"2540a42\" data-element_type=\"widget\" data-widget_type=\"text-editor.default\">\n\t\t\t\t<div class=\"elementor-widget-container\">\n\t\t\t\t\t\t\t\t\t<p>Una recopilaci\u00f3n de los mejores servicios de herrer\u00edas del Estado de Quer\u00e9taro, los cuales fueron indexados en medios digitales como buenos contactos, si desea actualizar alg\u00fan dato o agregar un Servicio en Quer\u00e9taro con gusto lo realizamos.<\/p>\t\t\t\t\t\t\t\t<\/div>\n\t\t\t\t<\/div>\n\t\t\t\t\t<\/div>\n\t\t\t\t<\/div>\n\t\t<div class=\"elementor-element elementor-element-91ddbb3 e-flex e-con-boxed e-con e-parent\" data-id=\"91ddbb3\" data-element_type=\"container\">\n\t\t\t\t\t<div class=\"e-con-inner\">\n\t\t\t\t<div class=\"elementor-element elementor-element-22436d3 elementor-widget elementor-widget-text-editor\" data-id=\"22436d3\" data-element_type=\"widget\" data-widget_type=\"text-editor.default\">\n\t\t\t\t<div class=\"elementor-widget-container\">\n\t\t\t\t\t\t\t\t\t<hr \/><h3>Herrer\u00eda de Quer\u00e9taro<\/h3><p>Servicio de Herrer\u00eda de Quer\u00e9taro.<br \/><strong>Direcciones:<\/strong> C. Jardineros 54, Pe\u00f1uelas, 76148 Santiago de Quer\u00e9taro, Qro.<br \/><strong>Tel\u00e9fono:<\/strong> (442)483 2275, (442)668 1305, (442) 186 3377.<br \/><strong>WhatsApp:<\/strong> (442)668 1305.<br \/><strong>Sitio:<\/strong> https:\/\/herreriadequeretaro.es.tl\/<br \/><strong>E-mail:<\/strong> herreriadequeretaro@yahoo.com.mx<br \/><strong>Rese\u00f1a:<\/strong> Productos y servicios que ofrece Herrer\u00eda de Quer\u00e9taro,\u00a0Estructuras Met\u00e1licas: Naves Industriales, Estacionamientos, Edificaciones, Construcci\u00f3n, Dise\u00f1o estructural, Estructuras de alma abierta, Estructuras con perfiles comerciales nacionales, Estructuras con perfiles comerciales de importaci\u00f3n. Herrer\u00eda en General, Anuncios Espectaculares, Cajas de Luz y Luminosos, Forja Art\u00edstica, Escaleras y Barandales, Protecciones, Rejas, Portones, Anclas de Cimentaci\u00f3n, Techos, Tapancos y Velarias, Presupuestos.<br \/><a href=\"https:\/\/goo.gl\/maps\/qbyHfxAYdKJ5YCN8A\" target=\"_blank\" rel=\"noopener,nofollow noopener\">Link de Ubicaci\u00f3n en Mapa Google. Clic Mapa.<\/a><\/p><hr \/><h3>Herrer\u00eda Santos<\/h3><p>Servicio de Herrer\u00eda Santos en Quer\u00e9taro.<br \/><strong>2 Direcciones:<\/strong> Felipe Carrillo puerto, San Antonio de la Punta, 76135 Santiago de Quer\u00e9taro, Qro.<br \/><strong>Tel\u00e9fono:<\/strong> (442)202 3274.<br \/><strong>Sitio:<\/strong> https:\/\/herreria-santos.negocio.site\/<br \/><strong>Rese\u00f1a:<\/strong> Productos y servicios que ofrece Herrer\u00eda Santos,\u00a0Mantenimiento de Estructuras Met\u00e1licas: Estacionamientos, Edificaciones, Construcci\u00f3n, Estructuras de alma abierta, Estructuras con perfiles comerciales nacionales, Estructuras con perfiles comerciales de importaci\u00f3n. Herrer\u00eda en General.<br \/><a href=\"https:\/\/goo.gl\/maps\/AfgWW4sTvE8B2iFt5\" target=\"_blank\" rel=\"noopener,nofollow noopener\">Link de Ubicaci\u00f3n en Mapa Google. Clic Mapa.<\/a><\/p><hr \/><h3>Herrer\u00eda Lemus<\/h3><p>Servicio de Herrer\u00eda Lemus en Quer\u00e9taro.<br \/><strong>Direcciones:<\/strong> 2 Galaxia No. 215, El Rocio, 76114 Santiago de Quer\u00e9taro, Qro.<br \/><strong>Tel\u00e9fono:<\/strong> (442)257 1275, (442)503 3439.<br \/><strong>Sitio:<\/strong> https:\/\/www.facebook.com\/profile.php?id=100063580313947<br \/><strong>Rese\u00f1a:<\/strong> Productos y servicios que ofrece Herrer\u00eda Lemus,\u00a0Herrer\u00eda en General: Puertas, Canceles, Ventanas, Protecciones.<br \/><a href=\"https:\/\/goo.gl\/maps\/WoyX77iaSYhAqzDv6\" target=\"_blank\" rel=\"noopener,nofollow noopener\">Link de Ubicaci\u00f3n en Mapa Google. Clic Mapa.<\/a><\/p><hr \/><h3>Herreria DIYAD<\/h3><p>Servicio de Herreria DIYAD en Quer\u00e9taro.<br \/><strong>Direcciones:<\/strong> 307 15, Lomas de Casa Blanca, 76080 Santiago de Quer\u00e9taro, Qro.<br \/><strong>Tel\u00e9fono:<\/strong>(442)819 2969.<br \/><strong>Sitio:<\/strong> https:\/\/diyad-estructuras-metalicas-estructuras-en-general.negocio.site\/<br \/><strong>E-mail:<\/strong> pedidos@floryou.com.mx<br \/><strong>Rese\u00f1a:<\/strong> Productos y servicios que ofrece Herreria DIYAD,\u00a0Estructuras Met\u00e1licas: Estacionamientos, Edificaciones, Construcci\u00f3n, Estructuras con perfiles comerciales nacionales, Estructuras con perfiles comerciales de importaci\u00f3n. Herrer\u00eda en General, Escaleras y Barandales, Protecciones, Rejas, Portones, Anclas de Cimentaci\u00f3n, Techos, Tapancos y Velarias, Presupuestos.<br \/><a href=\"https:\/\/goo.gl\/maps\/hUrdpaFhpgNYNjwd6\" target=\"_blank\" rel=\"noopener,nofollow noopener\">Link de Ubicaci\u00f3n en Mapa Google. Clic Mapa.<\/a><\/p><hr \/><h3>Herrer\u00eda y Pailer\u00eda Gallo<\/h3><p>Servicio de Herrer\u00eda y Pailer\u00eda Gallo en Quer\u00e9taro.<br \/><strong>Direcciones:<\/strong> La Floresta, 76118 Santiago de Quer\u00e9taro, Qro.<br \/><strong>Tel\u00e9fono:<\/strong>(442)124 1683.<br \/><strong>Sitio:<\/strong> https:\/\/herreria-y-paileria-gallo.ueniweb.com\/<br \/><strong>E-mail:<\/strong> apodogallo@hotmail.com<br \/><strong>Rese\u00f1a:<\/strong> Productos y servicios que ofrece Herrer\u00eda y Pailer\u00eda Gallo,\u00a0Herrer\u00eda en General, Escaleras y Barandales, Protecciones, Rejas, Portones, Anclas de Cimentaci\u00f3n, Techos, Tapancos y Velarias, Presupuestos.<br \/><a href=\"https:\/\/goo.gl\/maps\/zZm7ALSCpvUHd8u56\" target=\"_blank\" rel=\"noopener,nofollow noopener\">Link de Ubicaci\u00f3n en Mapa Google. Clic Mapa.<\/a><\/p><hr \/><h3>Herrer\u00eda Jim\u00e9nez<\/h3><p>Servicio de Herrer\u00eda Jim\u00e9nez en Quer\u00e9taro.<br \/><strong>Direcciones:<\/strong> Av. Luis Pasteur Sur # 330, zona dos extendida, Presidentes, 76080 Santiago de Quer\u00e9taro, Qro.<br \/><strong>Tel\u00e9fono:<\/strong> (442)657 6850.<br \/><strong>Sitio:<\/strong> https:\/\/herreria-jimenez-1.ueniweb.com\/<br \/><strong>E-mail:<\/strong> changonieto96@gmail.com<br \/><strong>Rese\u00f1a:<\/strong> Productos y servicios que ofrece Herrer\u00eda Jim\u00e9nez,\u00a0Estructuras Met\u00e1licas: Estacionamientos, Edificaciones, Construcci\u00f3n, Estructuras con perfiles comerciales nacionales, Estructuras con perfiles comerciales de importaci\u00f3n. Herrer\u00eda en General, Escaleras y Barandales, Protecciones, Rejas, Portones, Anclas de Cimentaci\u00f3n, Techos, Tapancos y Velarias, Presupuestos.<br \/><a href=\"https:\/\/goo.gl\/maps\/Q3865BnVueB8ogTX9\" target=\"_blank\" rel=\"noopener,nofollow noopener\">Link de Ubicaci\u00f3n en Mapa Google. Clic Mapa.<\/a><\/p><hr \/><h3>Herrer\u00eda Arte Forjado<\/h3><p>Servicio de Herrer\u00eda Arte Forjado en Quer\u00e9taro.<br \/><strong>Direcciones:<\/strong> Prol. Pino Su\u00e1rez 450, La Sandia, 76178 Santiago de Quer\u00e9taro, Qro.<br \/><strong>Tel\u00e9fono:<\/strong> (442)125 3802.<br \/><strong>Sitio:<\/strong> https:\/\/www.facebook.com\/profile.php?id=100063776730792<br \/><strong>E-mail:<\/strong> gabrielarteforjado@gmail.com<br \/><strong>Rese\u00f1a:<\/strong> Productos y servicios que ofrece Herrer\u00eda Arte Forjado,\u00a0Herrer\u00eda en General, Protecciones, Puertas, Portones, Reparaciones, Renovaci\u00f3n, Pintura Horneada, Decoraci\u00f3n, Techos, Cajas de Luz y Luminosos, Forja Art\u00edstica, Presupuestos.<br \/><a href=\"https:\/\/goo.gl\/maps\/i3KLSt3RoKyPpk627\" target=\"_blank\" rel=\"noopener,nofollow noopener\">Link de Ubicaci\u00f3n en Mapa Google. Clic Mapa.<\/a><\/p><hr \/><h3>Herrer\u00eda Ache D<\/h3><p>Servicio de Herrer\u00eda Ache D en Quer\u00e9taro.<br \/><strong>Direcciones:<\/strong> Miguel Hidalgo 27, El Pueblito, 76900 El Pueblito, Qro.<br \/><strong>Tel\u00e9fono:<\/strong> (442)327 8598.<br \/><strong>Sitio:<\/strong> https:\/\/www.facebook.com\/HerreriaAcheD\/<br \/><strong>E-mail:<\/strong> herreria.ached@gmail.com<br \/><strong>Rese\u00f1a:<\/strong> Productos y servicios que ofrece Herrer\u00eda Ache D,\u00a0Herrer\u00eda en General, Trabajamos Cualquier Tipo de Reparacion, Escaleras y Barandales, Protecciones, Rejas, Portones, Techos, Barandal minimalista, Zaguan abatible 4 hojas, Puerta de acceso para mascota, Protecciones de Puerta y Ventanas, Soporte para saco de box, Base para tinaco, Mantenimientos, Pintura, Tapancos y Velarias, Presupuestos.<br \/><a href=\"https:\/\/goo.gl\/maps\/fu4bh12mXFo6AcbE8\" target=\"_blank\" rel=\"noopener,nofollow noopener\">Link de Ubicaci\u00f3n en Mapa Google. Clic Mapa.<\/a><\/p><hr \/><h3>Herrer\u00eda Camacho<\/h3><p>Servicio de Herrer\u00eda Camacho en Quer\u00e9taro.<br \/><strong>Direcciones:<\/strong> Tierra Blanca 5, San Pablo, 76130 Santiago de Quer\u00e9taro, Qro.<br \/><strong>Tel\u00e9fono:<\/strong> (442)104 4320.<br \/><strong>Sitio:<\/strong> https:\/\/herreria-camacho.business.site\/<br \/><strong>Rese\u00f1a:<\/strong> Productos y servicios que ofrece Herrer\u00eda Camacho,\u00a0Herrer\u00eda en General, Escaleras y Barandales, Protecciones, Rejas, Portones, Forja Art\u00edstica, Techos, Tapancos y Velarias, Presupuestos.<br \/><a href=\"https:\/\/goo.gl\/maps\/G5C2dR2X91dP14bt7\" target=\"_blank\" rel=\"noopener,nofollow noopener\">Link de Ubicaci\u00f3n en Mapa Google. Clic Mapa.<\/a><\/p><hr \/><h3>Herrer\u00eda y Soldadura Velazquez<\/h3><p>Servicio de Herrer\u00eda y Soldadura Velazquez en Quer\u00e9taro.<br \/><strong>Direcciones:<\/strong> C. Cerro del Pe\u00f1\u00f3n #16, Buenos Aires, 76147 Santiago de Quer\u00e9taro, Qro.<br \/><strong>Tel\u00e9fono:<\/strong> (442) 522 6409.<br \/><strong>Sitio:<\/strong> https:\/\/herreria-y-soldadura-velazquez.ueniweb.com\/<br \/><strong>E-mail:<\/strong> elmosko@live.com<br \/><strong>Rese\u00f1a:<\/strong> Productos y servicios que ofrece Herrer\u00eda y Soldadura Velazquez,\u00a0Herrer\u00eda en General, Ventanas, Barandales, Portones, Zaguanes, Automatizaci\u00f3n de puertas.<br \/><a href=\"https:\/\/goo.gl\/maps\/Gj3CMjupWWksG69VA\" target=\"_blank\" rel=\"noopener,nofollow noopener\">Link de Ubicaci\u00f3n en Mapa Google. Clic Mapa.<\/a><\/p><hr \/>\t\t\t\t\t\t\t\t<\/div>\n\t\t\t\t<\/div>\n\t\t\t\t\t<\/div>\n\t\t\t\t<\/div>\n\t\t<div class=\"elementor-element elementor-element-2c2f841 e-flex e-con-boxed e-con e-parent\" data-id=\"2c2f841\" data-element_type=\"container\">\n\t\t\t\t\t<div class=\"e-con-inner\">\n\t\t\t\t<div class=\"elementor-element elementor-element-afd4110 elementor-widget elementor-widget-heading\" data-id=\"afd4110\" data-element_type=\"widget\" data-widget_type=\"heading.default\">\n\t\t\t\t<div class=\"elementor-widget-container\">\n\t\t\t\t\t<h2 class=\"elementor-heading-title elementor-size-default\">Servicios de Herrer\u00edas Mapa<\/h2>\t\t\t\t<\/div>\n\t\t\t\t<\/div>\n\t\t\t\t<div class=\"elementor-element elementor-element-d5929ea elementor-widget elementor-widget-text-editor\" data-id=\"d5929ea\" data-element_type=\"widget\" data-widget_type=\"text-editor.default\">\n\t\t\t\t<div class=\"elementor-widget-container\">\n\t\t\t\t\t\t\t\t\t<p>Los servicios especializados de herrer\u00eda, Estructuras Met\u00e1licas: Naves Industriales, Estacionamientos, Edificaciones, Construcci\u00f3n, Dise\u00f1o estructural, Estructuras de alma abierta, Estructuras con perfiles comerciales nacionales, Estructuras con perfiles comerciales de importaci\u00f3n. Herrer\u00eda en General, Mantenimiento, Anuncios Espectaculares, Cajas de Luz y Luminosos, Forja Art\u00edstica, Escaleras y Barandales, Forja Art\u00edstica, Protecciones, Rejas, Portones, Puerta de acceso para mascota, Protecciones de Puerta y Ventanas, Canceles, Zaguanes, Anclas de Cimentaci\u00f3n, Automatizaci\u00f3n de puertas, Techos, Tapancos y Velarias, Ventanas, Presupuestos.<\/p>\t\t\t\t\t\t\t\t<\/div>\n\t\t\t\t<\/div>\n\t\t\t\t\t<\/div>\n\t\t\t\t<\/div>\n\t\t<div class=\"elementor-element elementor-element-dc1364c e-flex e-con-boxed e-con e-parent\" data-id=\"dc1364c\" data-element_type=\"container\">\n\t\t\t\t\t<div class=\"e-con-inner\">\n\t\t\t\t<div class=\"elementor-element elementor-element-8a55447 elementor-widget elementor-widget-text-editor\" data-id=\"8a55447\" data-element_type=\"widget\" data-widget_type=\"text-editor.default\">\n\t\t\t\t<div class=\"elementor-widget-container\">\n\t\t\t\t\t\t\t\t\t<iframe style=\"border: 0;\" src=\"https:\/\/www.google.com\/maps\/embed?pb=!1m16!1m12!1m3!1d59751.3081858399!2d-100.40788861451303!3d20.61023088757774!2m3!1f0!2f0!3f0!3m2!1i1024!2i768!4f13.1!2m1!1sHerrerias!5e0!3m2!1ses-419!2smx!4v1671568996570!5m2!1ses-419!2smx\" width=\"100%\" height=\"450\" frameborder=\"0\" allowfullscreen=\"allowfullscreen\"><\/iframe>\t\t\t\t\t\t\t\t<\/div>\n\t\t\t\t<\/div>\n\t\t\t\t\t<\/div>\n\t\t\t\t<\/div>\n\t\t<div class=\"elementor-element elementor-element-2366cd6 e-flex e-con-boxed e-con e-parent\" data-id=\"2366cd6\" data-element_type=\"container\">\n\t\t\t\t\t<div class=\"e-con-inner\">\n\t\t<div class=\"elementor-element elementor-element-4830d5a e-con-full e-flex e-con e-child\" data-id=\"4830d5a\" data-element_type=\"container\">\n\t\t\t\t<div class=\"elementor-element elementor-element-02b8c8d elementor-widget elementor-widget-image\" data-id=\"02b8c8d\" data-element_type=\"widget\" data-widget_type=\"image.default\">\n\t\t\t\t<div class=\"elementor-widget-container\">\n\t\t\t\t\t\t\t\t\t\t\t\t\t\t\t\t<a href=\"https:\/\/mkdigital10.com\/plan-full-empresarial\/\">\n\t\t\t\t\t\t\t<img fetchpriority=\"high\" decoding=\"async\" width=\"750\" height=\"750\" src=\"https:\/\/queretaro10.com\/directorios\/wp-content\/uploads\/2024\/06\/qro10-4-2024-PLAN-FULL-EMPRESARIAL-min.png\" class=\"attachment-full size-full wp-image-809\" alt=\"Plan Full MARKETING EMPRESARIAL\" srcset=\"https:\/\/queretaro10.com\/directorios\/wp-content\/uploads\/2024\/06\/qro10-4-2024-PLAN-FULL-EMPRESARIAL-min.png 750w, https:\/\/queretaro10.com\/directorios\/wp-content\/uploads\/2024\/06\/qro10-4-2024-PLAN-FULL-EMPRESARIAL-min-300x300.png 300w, https:\/\/queretaro10.com\/directorios\/wp-content\/uploads\/2024\/06\/qro10-4-2024-PLAN-FULL-EMPRESARIAL-min-150x150.png 150w\" sizes=\"(max-width: 750px) 100vw, 750px\" \/>\t\t\t\t\t\t\t\t<\/a>\n\t\t\t\t\t\t\t\t\t\t\t\t\t\t\t<\/div>\n\t\t\t\t<\/div>\n\t\t\t\t<\/div>\n\t\t<div class=\"elementor-element elementor-element-e237435 e-con-full e-flex e-con e-child\" data-id=\"e237435\" data-element_type=\"container\">\n\t\t\t\t<div class=\"elementor-element elementor-element-f5d2322 elementor-widget elementor-widget-image\" data-id=\"f5d2322\" data-element_type=\"widget\" data-widget_type=\"image.default\">\n\t\t\t\t<div class=\"elementor-widget-container\">\n\t\t\t\t\t\t\t\t\t\t\t\t\t\t\t\t<a href=\"https:\/\/queretaro10.com\/qro\/marketing\/\">\n\t\t\t\t\t\t\t<img decoding=\"async\" width=\"750\" height=\"750\" src=\"https:\/\/queretaro10.com\/directorios\/wp-content\/uploads\/2024\/06\/qro10-Plan-MK-Digital-PyMe-Local-cuadro-4-min.png\" class=\"attachment-full size-full wp-image-810\" alt=\"PLAN FULL MARKETING DIGITAL PyMe Local\" srcset=\"https:\/\/queretaro10.com\/directorios\/wp-content\/uploads\/2024\/06\/qro10-Plan-MK-Digital-PyMe-Local-cuadro-4-min.png 750w, https:\/\/queretaro10.com\/directorios\/wp-content\/uploads\/2024\/06\/qro10-Plan-MK-Digital-PyMe-Local-cuadro-4-min-300x300.png 300w, https:\/\/queretaro10.com\/directorios\/wp-content\/uploads\/2024\/06\/qro10-Plan-MK-Digital-PyMe-Local-cuadro-4-min-150x150.png 150w\" sizes=\"(max-width: 750px) 100vw, 750px\" \/>\t\t\t\t\t\t\t\t<\/a>\n\t\t\t\t\t\t\t\t\t\t\t\t\t\t\t<\/div>\n\t\t\t\t<\/div>\n\t\t\t\t<\/div>\n\t\t<div class=\"elementor-element elementor-element-b553634 e-con-full e-flex e-con e-child\" data-id=\"b553634\" data-element_type=\"container\">\n\t\t\t\t<div class=\"elementor-element elementor-element-a1b14dc elementor-widget elementor-widget-image\" data-id=\"a1b14dc\" data-element_type=\"widget\" data-widget_type=\"image.default\">\n\t\t\t\t<div class=\"elementor-widget-container\">\n\t\t\t\t\t\t\t\t\t\t\t\t\t\t\t\t<a href=\"https:\/\/mkdigital10.com\/sem\/redes-sociales\/\">\n\t\t\t\t\t\t\t<img decoding=\"async\" width=\"750\" height=\"750\" src=\"https:\/\/queretaro10.com\/directorios\/wp-content\/uploads\/2025\/03\/qro10-Plan-Redes-Sociales.png\" class=\"attachment-full size-full wp-image-1199\" alt=\"Plan Redes Sociales\" srcset=\"https:\/\/queretaro10.com\/directorios\/wp-content\/uploads\/2025\/03\/qro10-Plan-Redes-Sociales.png 750w, https:\/\/queretaro10.com\/directorios\/wp-content\/uploads\/2025\/03\/qro10-Plan-Redes-Sociales-300x300.png 300w, https:\/\/queretaro10.com\/directorios\/wp-content\/uploads\/2025\/03\/qro10-Plan-Redes-Sociales-150x150.png 150w\" sizes=\"(max-width: 750px) 100vw, 750px\" \/>\t\t\t\t\t\t\t\t<\/a>\n\t\t\t\t\t\t\t\t\t\t\t\t\t\t\t<\/div>\n\t\t\t\t<\/div>\n\t\t\t\t<\/div>\n\t\t<div class=\"elementor-element elementor-element-f12e5fc e-con-full e-flex e-con e-child\" data-id=\"f12e5fc\" data-element_type=\"container\">\n\t\t\t\t<div class=\"elementor-element elementor-element-3e2da8d elementor-widget elementor-widget-image\" data-id=\"3e2da8d\" data-element_type=\"widget\" data-widget_type=\"image.default\">\n\t\t\t\t<div class=\"elementor-widget-container\">\n\t\t\t\t\t\t\t\t\t\t\t\t\t\t\t\t<a href=\"https:\/\/mkdigital10.com\/paginas-web\/\">\n\t\t\t\t\t\t\t<img loading=\"lazy\" decoding=\"async\" width=\"750\" height=\"750\" src=\"https:\/\/queretaro10.com\/directorios\/wp-content\/uploads\/2025\/03\/qro10-Plan-Paginas-Web-PyMe-Empresarial.png\" class=\"attachment-full size-full wp-image-1200\" alt=\"Plan P\u00e1ginas Web PyMe Empresarial\" srcset=\"https:\/\/queretaro10.com\/directorios\/wp-content\/uploads\/2025\/03\/qro10-Plan-Paginas-Web-PyMe-Empresarial.png 750w, https:\/\/queretaro10.com\/directorios\/wp-content\/uploads\/2025\/03\/qro10-Plan-Paginas-Web-PyMe-Empresarial-300x300.png 300w, https:\/\/queretaro10.com\/directorios\/wp-content\/uploads\/2025\/03\/qro10-Plan-Paginas-Web-PyMe-Empresarial-150x150.png 150w\" sizes=\"(max-width: 750px) 100vw, 750px\" \/>\t\t\t\t\t\t\t\t<\/a>\n\t\t\t\t\t\t\t\t\t\t\t\t\t\t\t<\/div>\n\t\t\t\t<\/div>\n\t\t\t\t<\/div>\n\t\t\t\t\t<\/div>\n\t\t\t\t<\/div>\n\t\t\t\t<\/div>\n\t\t","protected":false},"excerpt":{"rendered":"<p>Herrer\u00edas en Quer\u00e9taro El servicio de herrer\u00eda siempre es necesario, los ciudadanos por lo menos una vez al a\u00f1o utilizan [&hellip;]<\/p>\n","protected":false},"author":1,"featured_media":110,"parent":0,"menu_order":0,"comment_status":"closed","ping_status":"closed","template":"elementor_header_footer","meta":{"site-sidebar-layout":"default","site-content-layout":"","ast-site-content-layout":"default","site-content-style":"default","site-sidebar-style":"default","ast-global-header-display":"","ast-banner-title-visibility":"","ast-main-header-display":"","ast-hfb-above-header-display":"","ast-hfb-below-header-display":"","ast-hfb-mobile-header-display":"","site-post-title":"","ast-breadcrumbs-content":"","ast-featured-img":"","footer-sml-layout":"","theme-transparent-header-meta":"default","adv-header-id-meta":"","stick-header-meta":"","header-above-stick-meta":"","header-main-stick-meta":"","header-below-stick-meta":"","astra-migrate-meta-layouts":"set","ast-page-background-enabled":"default","ast-page-background-meta":{"desktop":{"background-color":"var(--ast-global-color-4)","background-image":"","background-repeat":"repeat","background-position":"center center","background-size":"auto","background-attachment":"scroll","background-type":"","background-media":"","overlay-type":"","overlay-color":"","overlay-opacity":"","overlay-gradient":""},"tablet":{"background-color":"","background-image":"","background-repeat":"repeat","background-position":"center center","background-size":"auto","background-attachment":"scroll","background-type":"","background-media":"","overlay-type":"","overlay-color":"","overlay-opacity":"","overlay-gradient":""},"mobile":{"background-color":"","background-image":"","background-repeat":"repeat","background-position":"center center","background-size":"auto","background-attachment":"scroll","background-type":"","background-media":"","overlay-type":"","overlay-color":"","overlay-opacity":"","overlay-gradient":""}},"ast-content-background-meta":{"desktop":{"background-color":"var(--ast-global-color-5)","background-image":"","background-repeat":"repeat","background-position":"center center","background-size":"auto","background-attachment":"scroll","background-type":"","background-media":"","overlay-type":"","overlay-color":"","overlay-opacity":"","overlay-gradient":""},"tablet":{"background-color":"var(--ast-global-color-5)","background-image":"","background-repeat":"repeat","background-position":"center center","background-size":"auto","background-attachment":"scroll","background-type":"","background-media":"","overlay-type":"","overlay-color":"","overlay-opacity":"","overlay-gradient":""},"mobile":{"background-color":"var(--ast-global-color-5)","background-image":"","background-repeat":"repeat","background-position":"center center","background-size":"auto","background-attachment":"scroll","background-type":"","background-media":"","overlay-type":"","overlay-color":"","overlay-opacity":"","overlay-gradient":""}},"footnotes":""},"class_list":["post-109","page","type-page","status-publish","has-post-thumbnail","hentry"],"aioseo_notices":[],"_links":{"self":[{"href":"https:\/\/queretaro10.com\/directorios\/wp-json\/wp\/v2\/pages\/109","targetHints":{"allow":["GET"]}}],"collection":[{"href":"https:\/\/queretaro10.com\/directorios\/wp-json\/wp\/v2\/pages"}],"about":[{"href":"https:\/\/queretaro10.com\/directorios\/wp-json\/wp\/v2\/types\/page"}],"author":[{"embeddable":true,"href":"https:\/\/queretaro10.com\/directorios\/wp-json\/wp\/v2\/users\/1"}],"replies":[{"embeddable":true,"href":"https:\/\/queretaro10.com\/directorios\/wp-json\/wp\/v2\/comments?post=109"}],"version-history":[{"count":10,"href":"https:\/\/queretaro10.com\/directorios\/wp-json\/wp\/v2\/pages\/109\/revisions"}],"predecessor-version":[{"id":1389,"href":"https:\/\/queretaro10.com\/directorios\/wp-json\/wp\/v2\/pages\/109\/revisions\/1389"}],"wp:featuredmedia":[{"embeddable":true,"href":"https:\/\/queretaro10.com\/directorios\/wp-json\/wp\/v2\/media\/110"}],"wp:attachment":[{"href":"https:\/\/queretaro10.com\/directorios\/wp-json\/wp\/v2\/media?parent=109"}],"curies":[{"name":"wp","href":"https:\/\/api.w.org\/{rel}","templated":true}]}}