{"id":1182,"date":"2024-08-28T06:27:40","date_gmt":"2024-08-28T06:27:40","guid":{"rendered":"https:\/\/queretaro10.com\/directorios\/?page_id=1182"},"modified":"2025-03-31T21:42:08","modified_gmt":"2025-03-31T21:42:08","slug":"masajes-spa","status":"publish","type":"page","link":"https:\/\/queretaro10.com\/directorios\/masajes-spa\/","title":{"rendered":"Masajes &#038; Spa en Quer\u00e9taro"},"content":{"rendered":"\t\t<div data-elementor-type=\"wp-page\" data-elementor-id=\"1182\" class=\"elementor elementor-1182\">\n\t\t\t\t<div class=\"elementor-element elementor-element-3037397 e-flex e-con-boxed e-con e-parent\" data-id=\"3037397\" data-element_type=\"container\">\n\t\t\t\t\t<div class=\"e-con-inner\">\n\t\t\t\t<div class=\"elementor-element elementor-element-b2fd3f4 elementor-widget elementor-widget-heading\" data-id=\"b2fd3f4\" data-element_type=\"widget\" data-widget_type=\"heading.default\">\n\t\t\t\t<div class=\"elementor-widget-container\">\n\t\t\t\t\t<h1 class=\"elementor-heading-title elementor-size-default\">Masajes & Spa en Quer\u00e9taro<\/h1>\t\t\t\t<\/div>\n\t\t\t\t<\/div>\n\t\t\t\t<div class=\"elementor-element elementor-element-c6d1c28 elementor-widget elementor-widget-text-editor\" data-id=\"c6d1c28\" data-element_type=\"widget\" data-widget_type=\"text-editor.default\">\n\t\t\t\t<div class=\"elementor-widget-container\">\n\t\t\t\t\t\t\t\t\tUna recopilaci\u00f3n de los mejores Masajes &#038; Spa del Estado de Quer\u00e9taro, los cuales fueron indexados en medios digitales como buenos contactos, si desea actualizar alg\u00fan dato o agregar un Masajes &#038; Spa en Quer\u00e9taro con gusto lo realizamos.\t\t\t\t\t\t\t\t<\/div>\n\t\t\t\t<\/div>\n\t\t\t\t\t<\/div>\n\t\t\t\t<\/div>\n\t\t<div class=\"elementor-element elementor-element-03e9d7e e-flex e-con-boxed e-con e-parent\" data-id=\"03e9d7e\" data-element_type=\"container\">\n\t\t\t\t\t<div class=\"e-con-inner\">\n\t\t<div class=\"elementor-element elementor-element-59e5cee e-con-full e-flex e-con e-child\" data-id=\"59e5cee\" data-element_type=\"container\">\n\t\t\t\t<div class=\"elementor-element elementor-element-a030b85 elementor-widget elementor-widget-heading\" data-id=\"a030b85\" data-element_type=\"widget\" data-widget_type=\"heading.default\">\n\t\t\t\t<div class=\"elementor-widget-container\">\n\t\t\t\t\t<h2 class=\"elementor-heading-title elementor-size-default\">Directorio de Masajes & Spa en Quer\u00e9taro<\/h2>\t\t\t\t<\/div>\n\t\t\t\t<\/div>\n\t\t\t\t<div class=\"elementor-element elementor-element-92970ed elementor-widget elementor-widget-text-editor\" data-id=\"92970ed\" data-element_type=\"widget\" data-widget_type=\"text-editor.default\">\n\t\t\t\t<div class=\"elementor-widget-container\">\n\t\t\t\t\t\t\t\t\t<p>Aqu\u00ed podr\u00e1 encontrar la direcci\u00f3n y datos de contacto para Masajes &amp; Spa de su localidad, puede usted contactar a las oficinas aqu\u00ed listadas para sus servicios de Masaje Terap\u00e9utico, Masaje Lomi-Lomi, Masaje Sueco, Masaje Tailand\u00e9s, Masaje Descontracturante, Masaje T\u00e1ntrico, Masaje con piedras calientes, Masaje Reductivo y Moldeador, y m\u00e1s en Quer\u00e9taro, ub\u00edque su Masajes &amp; Spa m\u00e1s cercana.<\/p>\t\t\t\t\t\t\t\t<\/div>\n\t\t\t\t<\/div>\n\t\t\t\t<\/div>\n\t\t\t\t\t<\/div>\n\t\t\t\t<\/div>\n\t\t<div class=\"elementor-element elementor-element-da67214 e-flex e-con-boxed e-con e-parent\" data-id=\"da67214\" data-element_type=\"container\">\n\t\t\t\t\t<div class=\"e-con-inner\">\n\t\t<div class=\"elementor-element elementor-element-284416e e-con-full e-flex e-con e-child\" data-id=\"284416e\" data-element_type=\"container\">\n\t\t\t\t<div class=\"elementor-element elementor-element-8c419af elementor-widget elementor-widget-text-editor\" data-id=\"8c419af\" data-element_type=\"widget\" data-widget_type=\"text-editor.default\">\n\t\t\t\t<div class=\"elementor-widget-container\">\n\t\t\t\t\t\t\t\t\t<h3>Body Zone<\/h3><p><strong>Tel:\u00a0<\/strong>(442) 245 2624<br \/><strong>Direcci\u00f3n:\u00a0<\/strong>Calle Cto. Alamos 98, Alamos 2da Secc, 76160 Santiago de Quer\u00e9taro, Qro.<br \/><strong>URL:<\/strong>\u00a0<a href=\"https:\/\/bodyzone.com.mx\/\" target=\"_blank\" rel=\"noopener, nofolow noopener\">https:\/\/bodyzone.com.mx\/<\/a><\/p><h3>Selah Spa<\/h3><p><strong>Tel:\u00a0<\/strong>(442) 261 0047<br \/><strong>Direcci\u00f3n:\u00a0<\/strong>Prol. Av. Zaragoza 58-Int 5, La Capilla, 76170 Santiago de Quer\u00e9taro, Qro.<br \/><strong>URL:<\/strong>\u00a0<a href=\"https:\/\/www.selahspa.com.mx\/\" target=\"_blank\" rel=\"noopener, nofolow noopener\">https:\/\/www.selahspa.com.mx\/<\/a><\/p><h3>Centro Terap\u00e9utico Spa Mejorar<\/h3><p><strong>Tel:\u00a0<\/strong>(442) 867 8517<br \/><strong>Direcci\u00f3n:\u00a0<\/strong>C. Francisco I. Madero 208, Centro, 76000 Santiago de Quer\u00e9taro, Qro.<br \/><strong>Link:\u00a0<\/strong><a href=\"https:\/\/spa-mejorar.webnode.mx\/\" target=\"_blank\" rel=\"nofollow noopener\">https:\/\/spa-mejorar.webnode.mx\/<\/a><\/p><h3>Di\u00b4mai SPA<\/h3><p><strong>Tel:\u00a0<\/strong>(442) 208 7565<br \/><strong>Direcci\u00f3n:\u00a0<\/strong>Calle Ignacio Manuel Altamirano Nte. 49 Bis, Centro, 76000 Santiago de Quer\u00e9taro, Qro.<br \/><strong>Link:\u00a0<\/strong><a href=\"https:\/\/dimaispa.wixsite.com\/dimaispa\" target=\"_blank\" rel=\"nofollow noopener\">https:\/\/dimaispa.wixsite.com\/dimaispa<\/a><\/p><h3>Relax Clinica de Masajes<\/h3><p><strong>Tel:\u00a0<\/strong>(442) 880 6094<br \/><strong>Direcci\u00f3n:\u00a0<\/strong>Col., M\u00e9xico #120, Ej\u00e9rcito Republicano 148, Plaza de las Americas, 76059 Santiago de Quer\u00e9taro, Qro.<br \/><strong>Link:\u00a0<\/strong>caroolvera84@gmail.com<\/p><h3>\u00c1ngel Studio &amp; Spa<\/h3><p><strong>Tel:\u00a0<\/strong>(442) 178 4410<br \/><strong>Direcci\u00f3n:\u00a0<\/strong>C. Francisco I. Madero 87-int 1, Centro, 76000 Santiago de Quer\u00e9taro, Qro.<br \/><strong>Link:\u00a0<\/strong>contacto.angel.studio.spa@gmail.com<\/p><h3>Fig Spa<\/h3><p><strong>Tel:\u00a0<\/strong>(442) 494 3677<br \/><strong>Direcci\u00f3n:\u00a0<\/strong>Calle Cto. Alamos 47, Alamos 2da Secc, 76160 Santiago de Quer\u00e9taro, Qro.<br \/><strong>Link:\u00a0<\/strong>figspabymailobi@gmail.com<\/p><h3>Harmony by Saray<\/h3><p><strong>Tel:\u00a0<\/strong>(442) 583 1711<br \/><strong>Direcci\u00f3n:\u00a0<\/strong>Av. Tlacote 186-Local 107, Plaza las maravillas, 76179 Santiago de Quer\u00e9taro, Qro.<br \/><strong>Link:\u00a0<\/strong>harmony.by.saray@gmail.com<\/p><h3>Nouveau Spa<\/h3><p><strong>Tel:\u00a0<\/strong>(442) 219 3601<br \/><strong>Direcci\u00f3n:\u00a0<\/strong>Fray Servando Teresa de Mier 253, Quintas del Marques, 76047 Santiago de Quer\u00e9taro, Qro.<br \/><strong>Link:\u00a0<\/strong>ledalango1@hotmail.com<\/p><h3>MasajesTerap\u00e9uticos F\u00e9nix Quer\u00e9taro<\/h3><p><strong>Tel:\u00a0<\/strong>(442) 422 2607<br \/><strong>Direcci\u00f3n:\u00a0<\/strong>C. Fray T. de Benavente 35, Cimatario, 76030 Santiago de Quer\u00e9taro, Qro.<br \/><strong>Link:\u00a0<\/strong><\/p>\t\t\t\t\t\t\t\t<\/div>\n\t\t\t\t<\/div>\n\t\t\t\t<\/div>\n\t\t<div class=\"elementor-element elementor-element-30224f2 e-con-full e-flex e-con e-child\" data-id=\"30224f2\" data-element_type=\"container\">\n\t\t\t\t<div class=\"elementor-element elementor-element-3dfebd0 elementor-widget elementor-widget-text-editor\" data-id=\"3dfebd0\" data-element_type=\"widget\" data-widget_type=\"text-editor.default\">\n\t\t\t\t<div class=\"elementor-widget-container\">\n\t\t\t\t\t\t\t\t\t<h3>Masajes Quer\u00e9taro CIAO Spa<\/h3><p><strong>Tel:\u00a0<\/strong>(561) 598 0799<br \/><strong>Direcci\u00f3n:\u00a0<\/strong>Ignacio Zaragoza 307, sal\u00f3n 11, planta baja, Col del Prado, 76030 Santiago de Quer\u00e9taro, Qro.<br \/><strong>URL:<\/strong>\u00a0<a href=\"https:\/\/ciaospa.com\/\" target=\"_blank\" rel=\"noopener, nofolow noopener\">https:\/\/ciaospa.com\/<\/a><\/p><h3>Valeria H | Balance \u201cMasajes Terap\u00e9uticos Quer\u00e9taro\u201d<\/h3><p><strong>Tel:\u00a0<\/strong>(442) 637 6467<br \/><strong>Direcci\u00f3n:\u00a0<\/strong>Av. Constituyentes Ote. 40, zona dos extendida, Mercurio, 76040 Santiago de Quer\u00e9taro, Qro.<br \/><strong>URL:<\/strong>\u00a0<a href=\"https:\/\/masajesysuplementosqueretaro.com\/\" target=\"_blank\" rel=\"noopener, nofolow noopener\">https:\/\/masajesysuplementosqueretaro.com\/<\/a><\/p><h3>Belleza Organica Spa<\/h3><p><strong>Tel:\u00a0<\/strong>(442) 516 9008<br \/><strong>Direcci\u00f3n:\u00a0<\/strong>C. Ignacio Allende Sur 26, Centro Hist\u00f3rico, Centro, 76000 Santiago de Quer\u00e9taro, Qro.<br \/><strong>Link:\u00a0<\/strong><a href=\"https:\/\/belleza-organica-spa.ueniweb.com\/\" target=\"_blank\" rel=\"nofollow noopener\">https:\/\/belleza-organica-spa.ueniweb.com\/<\/a><\/p><h3>Dermalie Spa<\/h3><p><strong>Tel:\u00a0<\/strong>(442) 492 4550<br \/><strong>Direcci\u00f3n:\u00a0<\/strong>C. Francisco I. Madero 239, Centro, 76000 Santiago de Quer\u00e9taro, Qro.<br \/><strong>Link:\u00a0<\/strong><a href=\"https:\/\/www.facebook.com\/dermalie.spaqro\" target=\"_blank\" rel=\"nofollow noopener\">https:\/\/www.facebook.com\/dermalie.spaqro<\/a><\/p><h3>Spa Colibr\u00ed Masaje Profesional<\/h3><p><strong>Tel:\u00a0<\/strong>(442) 144 8897<br \/><strong>Direcci\u00f3n:\u00a0<\/strong>Plaza La Cruz, Avenida Universidad 154-Local 111, Centro, 76165 Santiago de Quer\u00e9taro, Qro.<br \/><strong>Link:\u00a0<\/strong>teresitamontijo2017@gmail.com<\/p><h3>Amatista Quer\u00e9taro-Terapias Alternativas<\/h3><p><strong>Tel:\u00a0<\/strong>(442) 385 5845<br \/><strong>Direcci\u00f3n:\u00a0<\/strong>Calle Mariano Escobedo 16-Interior 7, Centro, 76000 Santiago de Quer\u00e9taro, Qro.<br \/><strong>Link:\u00a0<\/strong>amatista.qro@gmail.com<\/p><h3>Beau Visage Spa<\/h3><p><strong>Tel:\u00a0<\/strong>(442) 864 3625<br \/><strong>Direcci\u00f3n:\u00a0<\/strong>C. Fray T. de Benavente 35, Cimatario, 76030 Santiago de Quer\u00e9taro, Qro.<br \/><strong>Link:\u00a0<\/strong>lulacarespa@gmail.com<\/p><h3>Special Sal\u00f3n &amp; Spa \u00c1lamos<\/h3><p><strong>Tel:\u00a0<\/strong>(442) 182 0876<br \/><strong>Direcci\u00f3n:\u00a0<\/strong>Calle Cto. Alamos 90, Alamos 2da Secc, 76160 Santiago de Quer\u00e9taro, Qro.<br \/><strong>Link:\u00a0<\/strong>specialqro@hotmail.com<\/p><h3>Monika Sattler Kosmetik Spa<\/h3><p><strong>Tel:\u00a0<\/strong>(442) 337 1008<br \/><strong>Direcci\u00f3n:\u00a0<\/strong>Arriba de la Barber\u00eda, Av. Vizca\u00ednas 105A-1erpiso, Carretas, 76050 Santiago de Quer\u00e9taro, Qro.<br \/><strong>Link:\u00a0<\/strong>monikasattler@live.de<\/p><h3>FisioCARE Quer\u00e9taro<\/h3><p><strong>Tel:\u00a0<\/strong>(442) 363 3730, (442) 347 8759<br \/><strong>Direcci\u00f3n:\u00a0<\/strong>Av. Felipe \u00c1ngeles 225, Los Pirules, 76158 Santiago de Quer\u00e9taro, Qro.<br \/><strong>Link:\u00a0<\/strong><\/p>\t\t\t\t\t\t\t\t<\/div>\n\t\t\t\t<\/div>\n\t\t\t\t<\/div>\n\t\t<div class=\"elementor-element elementor-element-0d55360 e-con-full e-flex e-con e-child\" data-id=\"0d55360\" data-element_type=\"container\">\n\t\t\t\t<div class=\"elementor-element elementor-element-7cce949 elementor-widget elementor-widget-text-editor\" data-id=\"7cce949\" data-element_type=\"widget\" data-widget_type=\"text-editor.default\">\n\t\t\t\t<div class=\"elementor-widget-container\">\n\t\t\t\t\t\t\t\t\t<h3>Leoba Spa Masajes e Imagen<\/h3><p><strong>Tel:\u00a0<\/strong>(442) 457 3059<br \/><strong>Direcci\u00f3n:\u00a0<\/strong>Fray Pedro de Gante 30, Cimatario, 76030 Santiago de Quer\u00e9taro, Qro.<br \/><strong>URL:<\/strong>\u00a0<a href=\"https:\/\/leobaspamasajes.com\/\" target=\"_blank\" rel=\"noopener, nofolow noopener\">https:\/\/leobaspamasajes.com\/<\/a><\/p><h3>Kasha SPA &#8211; Masajes, Faciales y Cosm\u00e9ticos | \u00c1lamos<\/h3><p><strong>Tel:\u00a0<\/strong>(442) 393 0674<br \/><strong>Direcci\u00f3n:\u00a0<\/strong>Manufactura 8-Local 4, Quinta la Laborcilla, 76150 Santiago de Quer\u00e9taro, Qro.<br \/><strong>Link:\u00a0<\/strong><a href=\"https:\/\/www.kasha.com.mx\/\" target=\"_blank\" rel=\"nofollow noopener\">https:\/\/www.kasha.com.mx\/<\/a><\/p><h3>Rayo de Sol Centro Terap\u00e9utico<\/h3><p><strong>Tel:\u00a0<\/strong>(442) 224 3041<br \/><strong>Direcci\u00f3n:\u00a0<\/strong>C. Qu\u00edmicos 203, El Marques, 76047 Santiago de Quer\u00e9taro, Qro.<br \/><strong>Link:\u00a0<\/strong><a href=\"http:\/\/www.masajesrayodesol.com\/\" target=\"_blank\" rel=\"nofollow noopener\">http:\/\/www.masajesrayodesol.com\/<\/a><\/p><h3>Padma &#8211; Masajes Hol\u00edsticos<\/h3><p><strong>Tel:\u00a0<\/strong>(442) 777 9474<br \/><strong>Direcci\u00f3n:\u00a0<\/strong>Del \u00c1rbol 34, La Era, 76135 Santiago de Quer\u00e9taro, Qro.<br \/><strong>Link:\u00a0<\/strong><a href=\"https:\/\/www.instagram.com\/padma.masajes\/\" target=\"_blank\" rel=\"nofollow noopener\">https:\/\/www.instagram.com\/padma.masajes\/<\/a><\/p><h3>Alondra Beauty Center<\/h3><p><strong>Tel:\u00a0<\/strong>(442) 234 0666<br \/><strong>Direcci\u00f3n:\u00a0<\/strong>Cda. de los Arcos 5, Jardines de Queretaro, 76020 Santiago de Quer\u00e9taro, Qro.<br \/><strong>Link:\u00a0<\/strong>alondra.spa.qro@gmail.com<\/p><h3>Aztec Spa<\/h3><p><strong>Tel:\u00a0<\/strong>(442) 603 2657<br \/><strong>Direcci\u00f3n:\u00a0<\/strong>Priv. del 57 15, Centro, 76000 Santiago de Quer\u00e9taro, Qro.<br \/><strong>Link:\u00a0<\/strong>valentin.delgado0129@gmail.com<\/p><h3>Lavanda Beauty &amp; Wellness SPA<\/h3><p><strong>Tel:\u00a0<\/strong>(442) 286 6520<br \/><strong>Direcci\u00f3n:\u00a0<\/strong>Oyamel 28-Loc 5, Alamos 2da Secc, 76160 Santiago de Quer\u00e9taro, Qro.<br \/><strong>Link:\u00a0<\/strong>lavandabeautywellness@gmail.com<\/p><h3>ENSSO Spa &amp; Fitness<\/h3><p><strong>Tel:\u00a0<\/strong>(442) 216 6550, (442) 790 0906<br \/><strong>Direcci\u00f3n:\u00a0<\/strong>C. Ecuador 50, Lomas de Queretaro, 76190 Santiago de Quer\u00e9taro, Qro.<br \/><strong>Link:\u00a0<\/strong>enssospa@gmail.com<\/p><h3>LOTO SPA<\/h3><p><strong>Tel:\u00a0<\/strong>(442) 718 1117<br \/><strong>Direcci\u00f3n:\u00a0<\/strong>Pl. San Jose 105, zona dos extendida, Plazas del Sol 1ra Secc, 76099 Santiago de Quer\u00e9taro, Qro.<br \/><strong>Link:\u00a0<\/strong>loto.spa.qro@gmail.com<\/p><h3>Castell Spa<\/h3><p><strong>Tel:\u00a0<\/strong>(442) 223 7415<br \/><strong>Direcci\u00f3n:\u00a0<\/strong>Prol. Bernardo Quintana Num. 19, Bosques del Acueducto, 76020 Santiago de Quer\u00e9taro, Qro.<br \/><strong>Link:\u00a0<\/strong><\/p>\t\t\t\t\t\t\t\t<\/div>\n\t\t\t\t<\/div>\n\t\t\t\t<\/div>\n\t\t\t\t\t<\/div>\n\t\t\t\t<\/div>\n\t\t<div class=\"elementor-element elementor-element-2c19195 e-flex e-con-boxed e-con e-parent\" data-id=\"2c19195\" data-element_type=\"container\">\n\t\t\t\t\t<div class=\"e-con-inner\">\n\t\t\t\t<div class=\"elementor-element elementor-element-970a168 elementor-widget elementor-widget-heading\" data-id=\"970a168\" data-element_type=\"widget\" data-widget_type=\"heading.default\">\n\t\t\t\t<div class=\"elementor-widget-container\">\n\t\t\t\t\t<h2 class=\"elementor-heading-title elementor-size-default\">Servicios de Masajes & Spa<\/h2>\t\t\t\t<\/div>\n\t\t\t\t<\/div>\n\t\t\t\t<div class=\"elementor-element elementor-element-b02a241 elementor-widget elementor-widget-text-editor\" data-id=\"b02a241\" data-element_type=\"widget\" data-widget_type=\"text-editor.default\">\n\t\t\t\t<div class=\"elementor-widget-container\">\n\t\t\t\t\t\t\t\t\t<p>Masaje Sueco, Masaje Descontracturante, Masaje T\u00e1ntrico, Masaje Terap\u00e9utico, Masaje Lomi-Lomi, Masaje Tailand\u00e9s, Masaje con piedras calientes, Masaje Reductivo y Moldeador, Ajuste Quirof\u00edsico-Cu\u00e1ntico. Masajes: Cabeza, cuello y espalda, Relajante, Piedras calientes, Quiromasaje, Drenaje Linf\u00e1tico, Deportivo, Prenatal. Faciales: Mini Facial, Limpieza profunda, Anti Acn\u00e9, Oxigenante, Piel Sensible), Hidrataci\u00f3n Profunda, Vitamina C, Desaf\u00edo Anti edad, Contorno de ojos, Carboxiterapia T\u00f3pica, Radiofrecuencia Facial, Microdermoabrasi\u00f3n. Corporales: Cavitaci\u00f3n y Radiofrecuencia, Radiofrecuencia, Tratamiento Reductivo, Anticelul\u00edtico y Reafirmante, Tratamiento Reafirmante, Tratamiento piernas cansadas, Tratamiento de estr\u00edas, Levantamiento de gl\u00fateos. Salud y Bienestar: Magnetoterapia, Desintoxicaci\u00f3n I\u00f3nica, Laserterapia, Fisioterapia. Exfoliaciones y Fangos: Limpieza profunda de espalda, Chocolaterapia, Velo de novia, Spa de manos \/ pies (c\/u).<\/p>\t\t\t\t\t\t\t\t<\/div>\n\t\t\t\t<\/div>\n\t\t\t\t\t<\/div>\n\t\t\t\t<\/div>\n\t\t<div class=\"elementor-element elementor-element-db183c3 e-flex e-con-boxed e-con e-parent\" data-id=\"db183c3\" data-element_type=\"container\">\n\t\t\t\t\t<div class=\"e-con-inner\">\n\t\t<div class=\"elementor-element elementor-element-103b644 e-con-full e-flex e-con e-child\" data-id=\"103b644\" data-element_type=\"container\">\n\t\t\t\t<div class=\"elementor-element elementor-element-431bf91 elementor-widget elementor-widget-image\" data-id=\"431bf91\" data-element_type=\"widget\" data-widget_type=\"image.default\">\n\t\t\t\t<div class=\"elementor-widget-container\">\n\t\t\t\t\t\t\t\t\t\t\t\t\t\t\t\t<a href=\"https:\/\/mkdigital10.com\/plan-full-empresarial\/\">\n\t\t\t\t\t\t\t<img fetchpriority=\"high\" decoding=\"async\" width=\"750\" height=\"750\" src=\"https:\/\/queretaro10.com\/directorios\/wp-content\/uploads\/2024\/06\/qro10-4-2024-PLAN-FULL-EMPRESARIAL-min.png\" class=\"attachment-full size-full wp-image-809\" alt=\"Plan Full MARKETING EMPRESARIAL\" srcset=\"https:\/\/queretaro10.com\/directorios\/wp-content\/uploads\/2024\/06\/qro10-4-2024-PLAN-FULL-EMPRESARIAL-min.png 750w, https:\/\/queretaro10.com\/directorios\/wp-content\/uploads\/2024\/06\/qro10-4-2024-PLAN-FULL-EMPRESARIAL-min-300x300.png 300w, https:\/\/queretaro10.com\/directorios\/wp-content\/uploads\/2024\/06\/qro10-4-2024-PLAN-FULL-EMPRESARIAL-min-150x150.png 150w\" sizes=\"(max-width: 750px) 100vw, 750px\" \/>\t\t\t\t\t\t\t\t<\/a>\n\t\t\t\t\t\t\t\t\t\t\t\t\t\t\t<\/div>\n\t\t\t\t<\/div>\n\t\t\t\t<\/div>\n\t\t<div class=\"elementor-element elementor-element-69add87 e-con-full e-flex e-con e-child\" data-id=\"69add87\" data-element_type=\"container\">\n\t\t\t\t<div class=\"elementor-element elementor-element-17262e7 elementor-widget elementor-widget-image\" data-id=\"17262e7\" data-element_type=\"widget\" data-widget_type=\"image.default\">\n\t\t\t\t<div class=\"elementor-widget-container\">\n\t\t\t\t\t\t\t\t\t\t\t\t\t\t\t\t<a href=\"https:\/\/queretaro10.com\/qro\/marketing\/\">\n\t\t\t\t\t\t\t<img decoding=\"async\" width=\"750\" height=\"750\" src=\"https:\/\/queretaro10.com\/directorios\/wp-content\/uploads\/2024\/06\/qro10-Plan-MK-Digital-PyMe-Local-cuadro-4-min.png\" class=\"attachment-full size-full wp-image-810\" alt=\"PLAN FULL MARKETING DIGITAL PyMe Local\" srcset=\"https:\/\/queretaro10.com\/directorios\/wp-content\/uploads\/2024\/06\/qro10-Plan-MK-Digital-PyMe-Local-cuadro-4-min.png 750w, https:\/\/queretaro10.com\/directorios\/wp-content\/uploads\/2024\/06\/qro10-Plan-MK-Digital-PyMe-Local-cuadro-4-min-300x300.png 300w, https:\/\/queretaro10.com\/directorios\/wp-content\/uploads\/2024\/06\/qro10-Plan-MK-Digital-PyMe-Local-cuadro-4-min-150x150.png 150w\" sizes=\"(max-width: 750px) 100vw, 750px\" \/>\t\t\t\t\t\t\t\t<\/a>\n\t\t\t\t\t\t\t\t\t\t\t\t\t\t\t<\/div>\n\t\t\t\t<\/div>\n\t\t\t\t<\/div>\n\t\t<div class=\"elementor-element elementor-element-8201a9f e-con-full e-flex e-con e-child\" data-id=\"8201a9f\" data-element_type=\"container\">\n\t\t\t\t<div class=\"elementor-element elementor-element-cc43ceb elementor-widget elementor-widget-image\" data-id=\"cc43ceb\" data-element_type=\"widget\" data-widget_type=\"image.default\">\n\t\t\t\t<div class=\"elementor-widget-container\">\n\t\t\t\t\t\t\t\t\t\t\t\t\t\t\t\t<a href=\"https:\/\/mkdigital10.com\/sem\/redes-sociales\/\">\n\t\t\t\t\t\t\t<img decoding=\"async\" width=\"750\" height=\"750\" src=\"https:\/\/queretaro10.com\/directorios\/wp-content\/uploads\/2025\/03\/qro10-Plan-Redes-Sociales.png\" class=\"attachment-full size-full wp-image-1199\" alt=\"Plan Redes Sociales\" srcset=\"https:\/\/queretaro10.com\/directorios\/wp-content\/uploads\/2025\/03\/qro10-Plan-Redes-Sociales.png 750w, https:\/\/queretaro10.com\/directorios\/wp-content\/uploads\/2025\/03\/qro10-Plan-Redes-Sociales-300x300.png 300w, https:\/\/queretaro10.com\/directorios\/wp-content\/uploads\/2025\/03\/qro10-Plan-Redes-Sociales-150x150.png 150w\" sizes=\"(max-width: 750px) 100vw, 750px\" \/>\t\t\t\t\t\t\t\t<\/a>\n\t\t\t\t\t\t\t\t\t\t\t\t\t\t\t<\/div>\n\t\t\t\t<\/div>\n\t\t\t\t<\/div>\n\t\t<div class=\"elementor-element elementor-element-2e574cc e-con-full e-flex e-con e-child\" data-id=\"2e574cc\" data-element_type=\"container\">\n\t\t\t\t<div class=\"elementor-element elementor-element-7b71c93 elementor-widget elementor-widget-image\" data-id=\"7b71c93\" data-element_type=\"widget\" data-widget_type=\"image.default\">\n\t\t\t\t<div class=\"elementor-widget-container\">\n\t\t\t\t\t\t\t\t\t\t\t\t\t\t\t\t<a href=\"https:\/\/mkdigital10.com\/paginas-web\/\">\n\t\t\t\t\t\t\t<img loading=\"lazy\" decoding=\"async\" width=\"750\" height=\"750\" src=\"https:\/\/queretaro10.com\/directorios\/wp-content\/uploads\/2025\/03\/qro10-Plan-Paginas-Web-PyMe-Empresarial.png\" class=\"attachment-full size-full wp-image-1200\" alt=\"Plan P\u00e1ginas Web PyMe Empresarial\" srcset=\"https:\/\/queretaro10.com\/directorios\/wp-content\/uploads\/2025\/03\/qro10-Plan-Paginas-Web-PyMe-Empresarial.png 750w, https:\/\/queretaro10.com\/directorios\/wp-content\/uploads\/2025\/03\/qro10-Plan-Paginas-Web-PyMe-Empresarial-300x300.png 300w, https:\/\/queretaro10.com\/directorios\/wp-content\/uploads\/2025\/03\/qro10-Plan-Paginas-Web-PyMe-Empresarial-150x150.png 150w\" sizes=\"(max-width: 750px) 100vw, 750px\" \/>\t\t\t\t\t\t\t\t<\/a>\n\t\t\t\t\t\t\t\t\t\t\t\t\t\t\t<\/div>\n\t\t\t\t<\/div>\n\t\t\t\t<\/div>\n\t\t\t\t\t<\/div>\n\t\t\t\t<\/div>\n\t\t\t\t<\/div>\n\t\t","protected":false},"excerpt":{"rendered":"<p>Masajes &amp; Spa en Quer\u00e9taro Una recopilaci\u00f3n de los mejores Masajes &#038; Spa del Estado de Quer\u00e9taro, los cuales fueron [&hellip;]<\/p>\n","protected":false},"author":2,"featured_media":38,"parent":0,"menu_order":0,"comment_status":"closed","ping_status":"closed","template":"elementor_header_footer","meta":{"site-sidebar-layout":"no-sidebar","site-content-layout":"","ast-site-content-layout":"full-width-container","site-content-style":"default","site-sidebar-style":"default","ast-global-header-display":"","ast-banner-title-visibility":"","ast-main-header-display":"","ast-hfb-above-header-display":"","ast-hfb-below-header-display":"","ast-hfb-mobile-header-display":"","site-post-title":"disabled","ast-breadcrumbs-content":"","ast-featured-img":"disabled","footer-sml-layout":"","theme-transparent-header-meta":"default","adv-header-id-meta":"","stick-header-meta":"","header-above-stick-meta":"","header-main-stick-meta":"","header-below-stick-meta":"","astra-migrate-meta-layouts":"set","ast-page-background-enabled":"default","ast-page-background-meta":{"desktop":{"background-color":"var(--ast-global-color-4)","background-image":"","background-repeat":"repeat","background-position":"center center","background-size":"auto","background-attachment":"scroll","background-type":"","background-media":"","overlay-type":"","overlay-color":"","overlay-opacity":"","overlay-gradient":""},"tablet":{"background-color":"","background-image":"","background-repeat":"repeat","background-position":"center center","background-size":"auto","background-attachment":"scroll","background-type":"","background-media":"","overlay-type":"","overlay-color":"","overlay-opacity":"","overlay-gradient":""},"mobile":{"background-color":"","background-image":"","background-repeat":"repeat","background-position":"center center","background-size":"auto","background-attachment":"scroll","background-type":"","background-media":"","overlay-type":"","overlay-color":"","overlay-opacity":"","overlay-gradient":""}},"ast-content-background-meta":{"desktop":{"background-color":"var(--ast-global-color-5)","background-image":"","background-repeat":"repeat","background-position":"center center","background-size":"auto","background-attachment":"scroll","background-type":"","background-media":"","overlay-type":"","overlay-color":"","overlay-opacity":"","overlay-gradient":""},"tablet":{"background-color":"var(--ast-global-color-5)","background-image":"","background-repeat":"repeat","background-position":"center center","background-size":"auto","background-attachment":"scroll","background-type":"","background-media":"","overlay-type":"","overlay-color":"","overlay-opacity":"","overlay-gradient":""},"mobile":{"background-color":"var(--ast-global-color-5)","background-image":"","background-repeat":"repeat","background-position":"center center","background-size":"auto","background-attachment":"scroll","background-type":"","background-media":"","overlay-type":"","overlay-color":"","overlay-opacity":"","overlay-gradient":""}},"footnotes":""},"class_list":["post-1182","page","type-page","status-publish","has-post-thumbnail","hentry"],"aioseo_notices":[],"_links":{"self":[{"href":"https:\/\/queretaro10.com\/directorios\/wp-json\/wp\/v2\/pages\/1182","targetHints":{"allow":["GET"]}}],"collection":[{"href":"https:\/\/queretaro10.com\/directorios\/wp-json\/wp\/v2\/pages"}],"about":[{"href":"https:\/\/queretaro10.com\/directorios\/wp-json\/wp\/v2\/types\/page"}],"author":[{"embeddable":true,"href":"https:\/\/queretaro10.com\/directorios\/wp-json\/wp\/v2\/users\/2"}],"replies":[{"embeddable":true,"href":"https:\/\/queretaro10.com\/directorios\/wp-json\/wp\/v2\/comments?post=1182"}],"version-history":[{"count":16,"href":"https:\/\/queretaro10.com\/directorios\/wp-json\/wp\/v2\/pages\/1182\/revisions"}],"predecessor-version":[{"id":1317,"href":"https:\/\/queretaro10.com\/directorios\/wp-json\/wp\/v2\/pages\/1182\/revisions\/1317"}],"wp:featuredmedia":[{"embeddable":true,"href":"https:\/\/queretaro10.com\/directorios\/wp-json\/wp\/v2\/media\/38"}],"wp:attachment":[{"href":"https:\/\/queretaro10.com\/directorios\/wp-json\/wp\/v2\/media?parent=1182"}],"curies":[{"name":"wp","href":"https:\/\/api.w.org\/{rel}","templated":true}]}}