{"id":120,"date":"2023-01-20T20:54:06","date_gmt":"2023-01-20T20:54:06","guid":{"rendered":"https:\/\/queretaro10.com\/directorios\/?page_id=27585"},"modified":"2025-03-31T21:55:43","modified_gmt":"2025-03-31T21:55:43","slug":"inmobiliarias","status":"publish","type":"page","link":"https:\/\/queretaro10.com\/directorios\/inmobiliarias\/","title":{"rendered":"Inmobiliarias en Quer\u00e9taro"},"content":{"rendered":"\t\t<div data-elementor-type=\"wp-page\" data-elementor-id=\"120\" class=\"elementor elementor-120\">\n\t\t\t\t<div class=\"elementor-element elementor-element-737e8f4 e-flex e-con-boxed e-con e-parent\" data-id=\"737e8f4\" data-element_type=\"container\">\n\t\t\t\t\t<div class=\"e-con-inner\">\n\t\t\t\t<div class=\"elementor-element elementor-element-c20467a elementor-widget elementor-widget-heading\" data-id=\"c20467a\" data-element_type=\"widget\" data-widget_type=\"heading.default\">\n\t\t\t\t<div class=\"elementor-widget-container\">\n\t\t\t\t\t<h1 class=\"elementor-heading-title elementor-size-default\">Inmobiliarias en Quer\u00e9taro<\/h1>\t\t\t\t<\/div>\n\t\t\t\t<\/div>\n\t\t\t\t<div class=\"elementor-element elementor-element-f685e28 elementor-widget elementor-widget-text-editor\" data-id=\"f685e28\" data-element_type=\"widget\" data-widget_type=\"text-editor.default\">\n\t\t\t\t<div class=\"elementor-widget-container\">\n\t\t\t\t\t\t\t\t\t<p>El servicio de inmobiliario siempre es necesario, los ciudadanos por lo menos una vez al a\u00f1o utilizan los servicios inmobiliarios para rentar, comprar o vender un inmueble como una casa, un departamento, un local comercial o un terreno. A continuaci\u00f3n, seleccionamos algunos negocios que disponen de los mejores servicios inmobiliarios en Quer\u00e9taro.<\/p>\t\t\t\t\t\t\t\t<\/div>\n\t\t\t\t<\/div>\n\t\t\t\t\t<\/div>\n\t\t\t\t<\/div>\n\t\t<div class=\"elementor-element elementor-element-2e11b66 e-flex e-con-boxed e-con e-parent\" data-id=\"2e11b66\" data-element_type=\"container\">\n\t\t\t\t\t<div class=\"e-con-inner\">\n\t\t\t\t<div class=\"elementor-element elementor-element-d262462 elementor-widget elementor-widget-heading\" data-id=\"d262462\" data-element_type=\"widget\" data-widget_type=\"heading.default\">\n\t\t\t\t<div class=\"elementor-widget-container\">\n\t\t\t\t\t<h2 class=\"elementor-heading-title elementor-size-default\">Directorio de Inmobiliarias en Quer\u00e9taro<\/h2>\t\t\t\t<\/div>\n\t\t\t\t<\/div>\n\t\t\t\t<div class=\"elementor-element elementor-element-43a01f7 elementor-widget elementor-widget-text-editor\" data-id=\"43a01f7\" data-element_type=\"widget\" data-widget_type=\"text-editor.default\">\n\t\t\t\t<div class=\"elementor-widget-container\">\n\t\t\t\t\t\t\t\t\t<p>Una recopilaci\u00f3n de los mejores servicios de inmobiliarias del Estado de Quer\u00e9taro, los cuales fueron indexados en medios digitales como buenos contactos, si desea actualizar alg\u00fan dato o agregar un Servicio en Quer\u00e9taro con gusto lo realizamos.<\/p>\t\t\t\t\t\t\t\t<\/div>\n\t\t\t\t<\/div>\n\t\t\t\t\t<\/div>\n\t\t\t\t<\/div>\n\t\t<div class=\"elementor-element elementor-element-a8d36ad e-flex e-con-boxed e-con e-parent\" data-id=\"a8d36ad\" data-element_type=\"container\">\n\t\t\t\t\t<div class=\"e-con-inner\">\n\t\t\t\t<div class=\"elementor-element elementor-element-732fd8b elementor-widget elementor-widget-text-editor\" data-id=\"732fd8b\" data-element_type=\"widget\" data-widget_type=\"text-editor.default\">\n\t\t\t\t<div class=\"elementor-widget-container\">\n\t\t\t\t\t\t\t\t\t<hr \/><h3>Real Inmobiliaria Quer\u00e9taro<\/h3><p>Servicio de Real Inmobiliaria Quer\u00e9taro.<br \/><strong>Direcciones:<\/strong> Anillo Vial II, Anillo Vial Fray Jun\u00edpero Serra #2450-Int. 106, 76230 Santiago de Quer\u00e9taro, Qro.<br \/><strong>Tel\u00e9fono:<\/strong> (442)260 9090, (442)487 5797.<br \/><strong>WhatsApp:<\/strong> (442)487 5797.<br \/><strong>Sitio:<\/strong> https:\/\/www.realinmobiliariaqueretaro.com\/<br \/><strong>E-mail:<\/strong> contacto@realinmobiliariaqueretaro.com, realinmobiliariaqueretaro@gmail.com<br \/><strong>Rese\u00f1a:<\/strong> Productos y servicios que ofrece Real Inmobiliaria Quer\u00e9taro,\u00a0Propiedades en venta y renta, Bodegas comerciales, Bodegas industriales, Casas, Casas con uso de suelo, Casas en condominio, Departamentos, Edificios, Locales, Locales comerciales, Locales en centro comerciales, Nave industrial, Oficina, Quinta, Rancho, Terreno, Terreno comercial, Terreno industrial, Villa, Otro.<br \/><a href=\"https:\/\/goo.gl\/maps\/36tQL7LA53zweibj7\" target=\"_blank\" rel=\"noopener,nofollow noopener\">Link de Ubicaci\u00f3n en Mapa Google. Clic Mapa.<\/a><\/p><hr \/><h3>+Casa Inmobiliaria<\/h3><p>Servicio de +Casa Inmobiliaria en Quer\u00e9taro.<br \/><strong>2 Direcciones:<\/strong> Pl. de San Francisco 96, Plazas del Sol 1ra Secc, 76099 Santiago de Quer\u00e9taro, Qro.<br \/><strong>Tel\u00e9fono:<\/strong> (442)385 6841, (442)248 2137.<br \/><strong>WhatsApp:<\/strong> (442)385 6841.<br \/><strong>Sitio:<\/strong> http:\/\/www.dondequieresestar.com.mx\/<br \/><strong>E-mail:<\/strong> informes@mascasa.com.mx<br \/><strong>Rese\u00f1a:<\/strong> Productos y servicios que ofrece +Casa Inmobiliaria,\u00a0Renta de propiedades, Renta para empresas, Venta de propiedades<br \/><a href=\"https:\/\/goo.gl\/maps\/mP45XYm2sw6srMfK6\" target=\"_blank\" rel=\"noopener,nofollow noopener\">Link de Ubicaci\u00f3n en Mapa Google. Clic Mapa.<\/a><\/p><hr \/><h3>Avenda\u00f1o Inmobiliaria<\/h3><p>Servicio de Avenda\u00f1o Inmobiliaria en Quer\u00e9taro.<br \/><strong>Direcciones:<\/strong> Ej\u00e9rcito Republicano 149-interior 2, Carretas, 76050 Santiago de Quer\u00e9taro, Qro.<br \/><strong>Tel\u00e9fono:<\/strong> (442)212 6464, (442)212 6465, (442)783 2452.<br \/><strong>WhatsApp:<\/strong> (442)386 1665.<br \/><strong>Sitio:<\/strong> https:\/\/avin.com.mx\/<br \/><strong>E-mail:<\/strong> oficina@avin.com.mx, ventas@avin.com.mx<br \/><strong>Rese\u00f1a:<\/strong> Productos y servicios que ofrece Avenda\u00f1o Inmobiliaria,\u00a0Venta de Propiedades: Negociar todos los aspectos del proceso de compra &#8211; venta de su propiedad, Equipo de peritos valuadores, Verificaci\u00f3n de valor de mercadeo, Elaboraci\u00f3n de contratos de compra \u2013 venta, Asistencia al comprador en el tr\u00e1mite de la mejor opci\u00f3n hipotecaria, (Banco, Infonavit, otros). Asistencia Notarial, Aseguramos que todos los aspectos legales sean atendidos y bien ejecutados. Renta de Propiedades: Gu\u00eda profesional y asesor\u00eda en arrendamiento para llevar a cabo el mejor trato. Publicidad en nuestro Portal Web y Redes Sociales, incluye fotos del inmueble y ficha t\u00e9cnica de informaci\u00f3n, Colocaci\u00f3n de Lona Publicitaria, Elaboraci\u00f3n de Estudios de Mercado, Recepci\u00f3n y atenci\u00f3n de llamadas a futuros inquilinos, Concertaci\u00f3n de citas al prospecto en domicilio, Proceso de seguimiento y selecci\u00f3n de inquilinos y avales, Elaboraci\u00f3n de contratos y garant\u00edas, Servicio de contrataci\u00f3n de p\u00f3liza jur\u00eddica, Cobranza Extrajudicial. Administraci\u00f3n de Propiedades: Fungimos como intermediarios entre arrendador y arrendatario, Atendemos reportes de mantenimiento y reparaciones necesarias del inmueble, Gesti\u00f3n de cobranza y pagos de renta, Verificaci\u00f3n y pago de servicios, Realizamos cobranza extrajudicial.<br \/><a href=\"https:\/\/goo.gl\/maps\/tiiyo99ZyD7UTsin8\" target=\"_blank\" rel=\"noopener,nofollow noopener\">Link de Ubicaci\u00f3n en Mapa Google. Clic Mapa.<\/a><\/p><hr \/><h3>Terra Firme Grupo Inmobiliario<\/h3><p>Servicio de Terra Firme Grupo Inmobiliario en Quer\u00e9taro.<br \/><strong>Direcciones:<\/strong> Prol. Tecnol\u00f3gico Nte. 801-Piso 5, San Pablo, 76130 Santiago de Quer\u00e9taro, Qro.<br \/><strong>Tel\u00e9fono:<\/strong>(442)456 2510, (442)457 1913.<br \/><strong>WhatsApp:<\/strong> (442)456 2510.<br \/><strong>Sitio:<\/strong> https:\/\/terrafirme.com.mx\/home<br \/><strong>E-mail:<\/strong> info@terrafirme.com.mx<br \/><strong>Rese\u00f1a:<\/strong> Productos y servicios que ofrece Terra Firme Grupo Inmobiliario,\u00a0Departamentos, Casas, Locales, Oficinas, Terreno, Bodegas, Preventa, Remodelaci\u00f3n, Administraci\u00f3n, Comercializaci\u00f3n, Consultor\u00eda.<br \/><a href=\"https:\/\/goo.gl\/maps\/YtkRptnx6BsKCiFc6\" target=\"_blank\" rel=\"noopener,nofollow noopener\">Link de Ubicaci\u00f3n en Mapa Google. Clic Mapa.<\/a><\/p><hr \/><h3>Accion Inmobiliaria<\/h3><p>Servicio de Accion Inmobiliaria en Quer\u00e9taro.<br \/><strong>Direcciones:<\/strong> Atras de lateral del, Real de Monserrat, Blvd. Bernardo Quintana 120-B, Villas del Parque, 76140 Santiago de Quer\u00e9taro, Qro.<br \/><strong>Tel\u00e9fono:<\/strong> (442)543 9297, (442)522 0066.<br \/><strong>WhatsApp:<\/strong> (442)522 0066.<br \/><strong>Sitio:<\/strong> https:\/\/accioninmobiliaria.com.mx\/<br \/><strong>E-mail:<\/strong> frontdesk@accioninmobiliaria.com.mx<br \/><strong>Rese\u00f1a:<\/strong> Productos y servicios que ofrece Accion Inmobiliaria,\u00a0Venta y Renta de Casas, Departamentos, D\u00faplex, Locales, Oficinas, Terrenos.<br \/><a href=\"https:\/\/goo.gl\/maps\/BJh142QNeyowPbW7A\" target=\"_blank\" rel=\"noopener,nofollow noopener\">Link de Ubicaci\u00f3n en Mapa Google. Clic Mapa.<\/a><\/p><hr \/><h3>Inmobiliaria KIAFRA Quer\u00e9taro<\/h3><p>Servicio de Inmobiliaria KIAFRA en Quer\u00e9taro.<br \/><strong>Direcciones:<\/strong> Agust\u00edn Ruiz Olloqui 201, Los Candiles, 76903 La Cueva, Qro.<br \/><strong>Tel\u00e9fono:<\/strong> (442)219 3852, (442)219 3852.<br \/><strong>WhatsApp:<\/strong> (442)181 6233.<br \/><strong>Sitio:<\/strong> https:\/\/kiafra.com\/mx\/<br \/><strong>E-mail:<\/strong> contacto@kiafra.com<br \/><strong>Rese\u00f1a:<\/strong> Productos y servicios que ofrece Inmobiliaria KIAFRA,\u00a0Renta o Comprar de Casas, Casas con uso de suelo, Casas en condominio, Departamentos, Edificios, Locales, Locales comerciales, Locales en centro comerciales, Oficinas, Quintas, Ranchos, Terrenos, Terrenos comerciales, Terrenos industriales, Villa, Otro. Expertos en materia Hipotecaria, Fiscal, Financiera y en Derecho Inmobiliario.<br \/><a href=\"https:\/\/goo.gl\/maps\/xm52xmADdqygrH748\" target=\"_blank\" rel=\"noopener,nofollow noopener\">Link de Ubicaci\u00f3n en Mapa Google. Clic Mapa.<\/a><\/p><hr \/><h3>Tu casa a un click<\/h3><p>Servicio de Tu casa a un click en Quer\u00e9taro.<br \/><strong>Direcciones:<\/strong> Av pir\u00e1mide de la luna 229 A4, fracc. Kalli corregidora, Quer\u00e9taro C.P 76900, 76900 Santiago de Quer\u00e9taro, Qro.<br \/><strong>Tel\u00e9fono:<\/strong> (442)668 5075.<br \/><strong>Sitio:<\/strong> https:\/\/tucasaaunclick.com.mx\/<br \/><strong>E-mail:<\/strong> tucasaaunclick@gmail.com<br \/><strong>Rese\u00f1a:<\/strong> Productos y servicios que ofrece Tu casa a un click,\u00a0Renta y venta de Casas, Casas con uso de suelo, Casas en condominio, Departamentos, Edificios, Locales, Locales comerciales, Locales en centro comercial, Oficinas, Terrenos, Terrenos comerciales, Terrenos industriales.<br \/><a href=\"https:\/\/goo.gl\/maps\/BaCnFRJgek8GQcEQ6\" target=\"_blank\" rel=\"noopener,nofollow noopener\">Link de Ubicaci\u00f3n en Mapa Google. Clic Mapa.<\/a><\/p><hr \/><h3>Alfa Inmobiliaria La Vid<\/h3><p>Servicio de Alfa Inmobiliaria La Vid en Quer\u00e9taro.<br \/><strong>Direcciones:<\/strong> Cerro de La Estrella 101 &#8211; E, Colinas del Cimatario, 76090 Santiago de Quer\u00e9taro, Qro.<br \/><strong>Tel\u00e9fono:<\/strong> (442)752 8165.<br \/><strong>WhatsApp:<\/strong> (442)752 8165.<br \/><strong>Sitio:<\/strong> https:\/\/www.alfalavid.com\/<br \/><strong>E-mail:<\/strong> contacto@alfalavid.com<br \/><strong>Rese\u00f1a:<\/strong> Productos y servicios que ofrece Alfa Inmobiliaria La Vid,\u00a0Renta, compra y venta de Casas, Casas con uso de suelo, Casas en condominio, Departamento, Edificio, Locales, Locales comerciales, Locales en centro comercial, Oficinas, Terrenos, Terrenos comerciales, Terrenos industriales.<br \/><a href=\"https:\/\/goo.gl\/maps\/Rp2uDPYxpqTk8aXs5\" target=\"_blank\" rel=\"noopener,nofollow noopener\">Link de Ubicaci\u00f3n en Mapa Google. Clic Mapa.<\/a><\/p><hr \/><h3>Pooling Mx<\/h3><p>Servicio de Pooling Mx en Quer\u00e9taro.<br \/><strong>Direcciones:<\/strong> Prol. Av. Zaragoza 305 E, Jardines de la Hacienda, 76180 Santiago de Quer\u00e9taro, Qro.<br \/><strong>Tel\u00e9fono:<\/strong> (442)688 3867.<br \/><strong>WhatsApp:<\/strong> (442)688 3867.<br \/><strong>Sitio:<\/strong> https:\/\/www.poolingmx.com\/<br \/><strong>E-mail:<\/strong> info@pooling.mx<br \/><strong>Rese\u00f1a:<\/strong> Productos y servicios que ofrece Pooling Mx,\u00a0Renta y venta de Casas, Casas con uso de suelo, Casas en condominio, Departamento, Edificio, Locales, Locales comerciales, Locales en centro comercial, Oficinas, Terrenos, Terrenos comerciales, Terrenos industriales.<br \/><a href=\"https:\/\/goo.gl\/maps\/qc6UssWLSQiApyJ29\" target=\"_blank\" rel=\"noopener,nofollow noopener\">Link de Ubicaci\u00f3n en Mapa Google. Clic Mapa.<\/a><\/p><hr \/><h3>REMAX ABC<\/h3><p>Servicio de REMAX ABC en Quer\u00e9taro.<br \/><strong>Direcciones:<\/strong> Corporativo Luma Capital, Camino Real de Carretas 299-Int 508, Milenio III, 76060 Santiago de Quer\u00e9taro, Qro.<br \/><strong>Tel\u00e9fono:<\/strong> (442)167 3030.<br \/><strong>Sitio:<\/strong> https:\/\/www.remaxabc.com.mx\/<br \/><strong>E-mail:<\/strong> contacto@remaxabc.com.mx<br \/><strong>Rese\u00f1a:<\/strong> Productos y servicios que ofrece REMAX ABC,\u00a0Tipo de Inmueble &#8211; Residencial: Casa, Casa en Condominio, Departamento, Desarrollo, Edificio, Finca\/Rancho, Terreno. Comercial: Bodega, Casa, Centro, Condomino, Consultorio, Edificio, Finca\/Rancho, Hospital, Hotel, Local, Oficina, Plaza, Terreno. Industrial: Bodega, F\u00e1brica, Nave, Parque, Terreno.<br \/><a href=\"https:\/\/goo.gl\/maps\/YZtzV5RbTMAoV6ou9\" target=\"_blank\" rel=\"noopener,nofollow noopener\">Link de Ubicaci\u00f3n en Mapa Google. Clic Mapa.<\/a><\/p><hr \/>\t\t\t\t\t\t\t\t<\/div>\n\t\t\t\t<\/div>\n\t\t\t\t\t<\/div>\n\t\t\t\t<\/div>\n\t\t<div class=\"elementor-element elementor-element-1bb28d6 e-flex e-con-boxed e-con e-parent\" data-id=\"1bb28d6\" data-element_type=\"container\">\n\t\t\t\t\t<div class=\"e-con-inner\">\n\t\t\t\t<div class=\"elementor-element elementor-element-0e15659 elementor-widget elementor-widget-heading\" data-id=\"0e15659\" data-element_type=\"widget\" data-widget_type=\"heading.default\">\n\t\t\t\t<div class=\"elementor-widget-container\">\n\t\t\t\t\t<h2 class=\"elementor-heading-title elementor-size-default\">Servicios de Inmobiliarias Mapa<\/h2>\t\t\t\t<\/div>\n\t\t\t\t<\/div>\n\t\t\t\t<div class=\"elementor-element elementor-element-b38c8d4 elementor-widget elementor-widget-text-editor\" data-id=\"b38c8d4\" data-element_type=\"widget\" data-widget_type=\"text-editor.default\">\n\t\t\t\t<div class=\"elementor-widget-container\">\n\t\t\t\t\t\t\t\t\t<p>Los servicios especializados de inmobiliarias, renta compra y venta, Bodegas comerciales, Bodegas industriales, Casas, Casas con uso de suelo, Casas en condominios, Departamentos, Edificios, Locales, Locales comerciales, Locales en centro comerciales, Naves industriales, Oficinas, Quintas, Ranchos, Terreno, Terrenos comerciales, Terrenos industriales, Villas.<\/p>\t\t\t\t\t\t\t\t<\/div>\n\t\t\t\t<\/div>\n\t\t\t\t\t<\/div>\n\t\t\t\t<\/div>\n\t\t<div class=\"elementor-element elementor-element-f2c9b7e e-flex e-con-boxed e-con e-parent\" data-id=\"f2c9b7e\" data-element_type=\"container\">\n\t\t\t\t\t<div class=\"e-con-inner\">\n\t\t\t\t<div class=\"elementor-element elementor-element-c0a7650 elementor-widget elementor-widget-text-editor\" data-id=\"c0a7650\" data-element_type=\"widget\" data-widget_type=\"text-editor.default\">\n\t\t\t\t<div class=\"elementor-widget-container\">\n\t\t\t\t\t\t\t\t\t<iframe style=\"border: 0;\" src=\"https:\/\/www.google.com\/maps\/embed?pb=!1m16!1m12!1m3!1d100481.81039641095!2d-100.40300423178226!3d20.621615685037867!2m3!1f0!2f0!3f0!3m2!1i1024!2i768!4f13.1!2m1!1sInmobiliarias!5e0!3m2!1ses-419!2smx!4v1674197362081!5m2!1ses-419!2smx\" width=\"100%\" height=\"450\" frameborder=\"0\" allowfullscreen=\"allowfullscreen\"><\/iframe>\t\t\t\t\t\t\t\t<\/div>\n\t\t\t\t<\/div>\n\t\t\t\t\t<\/div>\n\t\t\t\t<\/div>\n\t\t<div class=\"elementor-element elementor-element-d495b24 e-flex e-con-boxed e-con e-parent\" data-id=\"d495b24\" data-element_type=\"container\">\n\t\t\t\t\t<div class=\"e-con-inner\">\n\t\t<div class=\"elementor-element elementor-element-b8804d6 e-con-full e-flex e-con e-child\" data-id=\"b8804d6\" data-element_type=\"container\">\n\t\t\t\t<div class=\"elementor-element elementor-element-36b3c6b elementor-widget elementor-widget-image\" data-id=\"36b3c6b\" data-element_type=\"widget\" data-widget_type=\"image.default\">\n\t\t\t\t<div class=\"elementor-widget-container\">\n\t\t\t\t\t\t\t\t\t\t\t\t\t\t\t\t<a href=\"https:\/\/mkdigital10.com\/plan-full-empresarial\/\">\n\t\t\t\t\t\t\t<img fetchpriority=\"high\" decoding=\"async\" width=\"750\" height=\"750\" src=\"https:\/\/queretaro10.com\/directorios\/wp-content\/uploads\/2024\/06\/qro10-4-2024-PLAN-FULL-EMPRESARIAL-min.png\" class=\"attachment-full size-full wp-image-809\" alt=\"Plan Full MARKETING EMPRESARIAL\" srcset=\"https:\/\/queretaro10.com\/directorios\/wp-content\/uploads\/2024\/06\/qro10-4-2024-PLAN-FULL-EMPRESARIAL-min.png 750w, https:\/\/queretaro10.com\/directorios\/wp-content\/uploads\/2024\/06\/qro10-4-2024-PLAN-FULL-EMPRESARIAL-min-300x300.png 300w, https:\/\/queretaro10.com\/directorios\/wp-content\/uploads\/2024\/06\/qro10-4-2024-PLAN-FULL-EMPRESARIAL-min-150x150.png 150w\" sizes=\"(max-width: 750px) 100vw, 750px\" \/>\t\t\t\t\t\t\t\t<\/a>\n\t\t\t\t\t\t\t\t\t\t\t\t\t\t\t<\/div>\n\t\t\t\t<\/div>\n\t\t\t\t<\/div>\n\t\t<div class=\"elementor-element elementor-element-bb51b46 e-con-full e-flex e-con e-child\" data-id=\"bb51b46\" data-element_type=\"container\">\n\t\t\t\t<div class=\"elementor-element elementor-element-4ab2f58 elementor-widget elementor-widget-image\" data-id=\"4ab2f58\" data-element_type=\"widget\" data-widget_type=\"image.default\">\n\t\t\t\t<div class=\"elementor-widget-container\">\n\t\t\t\t\t\t\t\t\t\t\t\t\t\t\t\t<a href=\"https:\/\/queretaro10.com\/qro\/marketing\/\">\n\t\t\t\t\t\t\t<img decoding=\"async\" width=\"750\" height=\"750\" src=\"https:\/\/queretaro10.com\/directorios\/wp-content\/uploads\/2024\/06\/qro10-Plan-MK-Digital-PyMe-Local-cuadro-4-min.png\" class=\"attachment-full size-full wp-image-810\" alt=\"PLAN FULL MARKETING DIGITAL PyMe Local\" srcset=\"https:\/\/queretaro10.com\/directorios\/wp-content\/uploads\/2024\/06\/qro10-Plan-MK-Digital-PyMe-Local-cuadro-4-min.png 750w, https:\/\/queretaro10.com\/directorios\/wp-content\/uploads\/2024\/06\/qro10-Plan-MK-Digital-PyMe-Local-cuadro-4-min-300x300.png 300w, https:\/\/queretaro10.com\/directorios\/wp-content\/uploads\/2024\/06\/qro10-Plan-MK-Digital-PyMe-Local-cuadro-4-min-150x150.png 150w\" sizes=\"(max-width: 750px) 100vw, 750px\" \/>\t\t\t\t\t\t\t\t<\/a>\n\t\t\t\t\t\t\t\t\t\t\t\t\t\t\t<\/div>\n\t\t\t\t<\/div>\n\t\t\t\t<\/div>\n\t\t<div class=\"elementor-element elementor-element-545c1f4 e-con-full e-flex e-con e-child\" data-id=\"545c1f4\" data-element_type=\"container\">\n\t\t\t\t<div class=\"elementor-element elementor-element-2fa1686 elementor-widget elementor-widget-image\" data-id=\"2fa1686\" data-element_type=\"widget\" data-widget_type=\"image.default\">\n\t\t\t\t<div class=\"elementor-widget-container\">\n\t\t\t\t\t\t\t\t\t\t\t\t\t\t\t\t<a href=\"https:\/\/mkdigital10.com\/sem\/redes-sociales\/\">\n\t\t\t\t\t\t\t<img decoding=\"async\" width=\"750\" height=\"750\" src=\"https:\/\/queretaro10.com\/directorios\/wp-content\/uploads\/2025\/03\/qro10-Plan-Redes-Sociales.png\" class=\"attachment-full size-full wp-image-1199\" alt=\"Plan Redes Sociales\" srcset=\"https:\/\/queretaro10.com\/directorios\/wp-content\/uploads\/2025\/03\/qro10-Plan-Redes-Sociales.png 750w, https:\/\/queretaro10.com\/directorios\/wp-content\/uploads\/2025\/03\/qro10-Plan-Redes-Sociales-300x300.png 300w, https:\/\/queretaro10.com\/directorios\/wp-content\/uploads\/2025\/03\/qro10-Plan-Redes-Sociales-150x150.png 150w\" sizes=\"(max-width: 750px) 100vw, 750px\" \/>\t\t\t\t\t\t\t\t<\/a>\n\t\t\t\t\t\t\t\t\t\t\t\t\t\t\t<\/div>\n\t\t\t\t<\/div>\n\t\t\t\t<\/div>\n\t\t<div class=\"elementor-element elementor-element-c289fb7 e-con-full e-flex e-con e-child\" data-id=\"c289fb7\" data-element_type=\"container\">\n\t\t\t\t<div class=\"elementor-element elementor-element-213e8b9 elementor-widget elementor-widget-image\" data-id=\"213e8b9\" data-element_type=\"widget\" data-widget_type=\"image.default\">\n\t\t\t\t<div class=\"elementor-widget-container\">\n\t\t\t\t\t\t\t\t\t\t\t\t\t\t\t\t<a href=\"https:\/\/mkdigital10.com\/paginas-web\/\">\n\t\t\t\t\t\t\t<img loading=\"lazy\" decoding=\"async\" width=\"750\" height=\"750\" src=\"https:\/\/queretaro10.com\/directorios\/wp-content\/uploads\/2025\/03\/qro10-Plan-Paginas-Web-PyMe-Empresarial.png\" class=\"attachment-full size-full wp-image-1200\" alt=\"Plan P\u00e1ginas Web PyMe Empresarial\" srcset=\"https:\/\/queretaro10.com\/directorios\/wp-content\/uploads\/2025\/03\/qro10-Plan-Paginas-Web-PyMe-Empresarial.png 750w, https:\/\/queretaro10.com\/directorios\/wp-content\/uploads\/2025\/03\/qro10-Plan-Paginas-Web-PyMe-Empresarial-300x300.png 300w, https:\/\/queretaro10.com\/directorios\/wp-content\/uploads\/2025\/03\/qro10-Plan-Paginas-Web-PyMe-Empresarial-150x150.png 150w\" sizes=\"(max-width: 750px) 100vw, 750px\" \/>\t\t\t\t\t\t\t\t<\/a>\n\t\t\t\t\t\t\t\t\t\t\t\t\t\t\t<\/div>\n\t\t\t\t<\/div>\n\t\t\t\t<\/div>\n\t\t\t\t\t<\/div>\n\t\t\t\t<\/div>\n\t\t\t\t<\/div>\n\t\t","protected":false},"excerpt":{"rendered":"<p>Inmobiliarias en Quer\u00e9taro El servicio de inmobiliario siempre es necesario, los ciudadanos por lo menos una vez al a\u00f1o utilizan [&hellip;]<\/p>\n","protected":false},"author":1,"featured_media":121,"parent":0,"menu_order":0,"comment_status":"closed","ping_status":"closed","template":"elementor_header_footer","meta":{"site-sidebar-layout":"default","site-content-layout":"","ast-site-content-layout":"default","site-content-style":"default","site-sidebar-style":"default","ast-global-header-display":"","ast-banner-title-visibility":"","ast-main-header-display":"","ast-hfb-above-header-display":"","ast-hfb-below-header-display":"","ast-hfb-mobile-header-display":"","site-post-title":"","ast-breadcrumbs-content":"","ast-featured-img":"","footer-sml-layout":"","theme-transparent-header-meta":"default","adv-header-id-meta":"","stick-header-meta":"","header-above-stick-meta":"","header-main-stick-meta":"","header-below-stick-meta":"","astra-migrate-meta-layouts":"set","ast-page-background-enabled":"default","ast-page-background-meta":{"desktop":{"background-color":"var(--ast-global-color-4)","background-image":"","background-repeat":"repeat","background-position":"center center","background-size":"auto","background-attachment":"scroll","background-type":"","background-media":"","overlay-type":"","overlay-color":"","overlay-opacity":"","overlay-gradient":""},"tablet":{"background-color":"","background-image":"","background-repeat":"repeat","background-position":"center center","background-size":"auto","background-attachment":"scroll","background-type":"","background-media":"","overlay-type":"","overlay-color":"","overlay-opacity":"","overlay-gradient":""},"mobile":{"background-color":"","background-image":"","background-repeat":"repeat","background-position":"center center","background-size":"auto","background-attachment":"scroll","background-type":"","background-media":"","overlay-type":"","overlay-color":"","overlay-opacity":"","overlay-gradient":""}},"ast-content-background-meta":{"desktop":{"background-color":"var(--ast-global-color-5)","background-image":"","background-repeat":"repeat","background-position":"center center","background-size":"auto","background-attachment":"scroll","background-type":"","background-media":"","overlay-type":"","overlay-color":"","overlay-opacity":"","overlay-gradient":""},"tablet":{"background-color":"var(--ast-global-color-5)","background-image":"","background-repeat":"repeat","background-position":"center center","background-size":"auto","background-attachment":"scroll","background-type":"","background-media":"","overlay-type":"","overlay-color":"","overlay-opacity":"","overlay-gradient":""},"mobile":{"background-color":"var(--ast-global-color-5)","background-image":"","background-repeat":"repeat","background-position":"center center","background-size":"auto","background-attachment":"scroll","background-type":"","background-media":"","overlay-type":"","overlay-color":"","overlay-opacity":"","overlay-gradient":""}},"footnotes":""},"class_list":["post-120","page","type-page","status-publish","has-post-thumbnail","hentry"],"aioseo_notices":[],"_links":{"self":[{"href":"https:\/\/queretaro10.com\/directorios\/wp-json\/wp\/v2\/pages\/120","targetHints":{"allow":["GET"]}}],"collection":[{"href":"https:\/\/queretaro10.com\/directorios\/wp-json\/wp\/v2\/pages"}],"about":[{"href":"https:\/\/queretaro10.com\/directorios\/wp-json\/wp\/v2\/types\/page"}],"author":[{"embeddable":true,"href":"https:\/\/queretaro10.com\/directorios\/wp-json\/wp\/v2\/users\/1"}],"replies":[{"embeddable":true,"href":"https:\/\/queretaro10.com\/directorios\/wp-json\/wp\/v2\/comments?post=120"}],"version-history":[{"count":10,"href":"https:\/\/queretaro10.com\/directorios\/wp-json\/wp\/v2\/pages\/120\/revisions"}],"predecessor-version":[{"id":1398,"href":"https:\/\/queretaro10.com\/directorios\/wp-json\/wp\/v2\/pages\/120\/revisions\/1398"}],"wp:featuredmedia":[{"embeddable":true,"href":"https:\/\/queretaro10.com\/directorios\/wp-json\/wp\/v2\/media\/121"}],"wp:attachment":[{"href":"https:\/\/queretaro10.com\/directorios\/wp-json\/wp\/v2\/media?parent=120"}],"curies":[{"name":"wp","href":"https:\/\/api.w.org\/{rel}","templated":true}]}}