{"id":123,"date":"2022-10-02T02:39:04","date_gmt":"2022-10-02T02:39:04","guid":{"rendered":"https:\/\/queretaro10.com\/directorios\/?page_id=26801"},"modified":"2025-03-31T21:47:39","modified_gmt":"2025-03-31T21:47:39","slug":"lonas","status":"publish","type":"page","link":"https:\/\/queretaro10.com\/directorios\/lonas\/","title":{"rendered":"Lonas en Quer\u00e9taro"},"content":{"rendered":"\t\t<div data-elementor-type=\"wp-page\" data-elementor-id=\"123\" class=\"elementor elementor-123\">\n\t\t\t\t<div class=\"elementor-element elementor-element-fa454d9 e-flex e-con-boxed e-con e-parent\" data-id=\"fa454d9\" data-element_type=\"container\">\n\t\t\t\t\t<div class=\"e-con-inner\">\n\t\t\t\t<div class=\"elementor-element elementor-element-cc65eed elementor-widget elementor-widget-heading\" data-id=\"cc65eed\" data-element_type=\"widget\" data-widget_type=\"heading.default\">\n\t\t\t\t<div class=\"elementor-widget-container\">\n\t\t\t\t\t<h1 class=\"elementor-heading-title elementor-size-default\">Lonas en Quer\u00e9taro<\/h1>\t\t\t\t<\/div>\n\t\t\t\t<\/div>\n\t\t\t\t<div class=\"elementor-element elementor-element-073b566 elementor-widget elementor-widget-text-editor\" data-id=\"073b566\" data-element_type=\"widget\" data-widget_type=\"text-editor.default\">\n\t\t\t\t<div class=\"elementor-widget-container\">\n\t\t\t\t\t\t\t\t\t<p>El servicio de lonas siempre es necesario, los ciudadanos por lo menos utilizan el servicio de lonas varias veces al a\u00f1o para eventos de todo tipo al igual como la apertura de negocios, en los servicios se encuentra Venta y renta de Lonas, Lonas impresas, Rotulaci\u00f3n, Cubiertas para cami\u00f3n y Lonas a la medida.<\/p>\t\t\t\t\t\t\t\t<\/div>\n\t\t\t\t<\/div>\n\t\t\t\t\t<\/div>\n\t\t\t\t<\/div>\n\t\t<div class=\"elementor-element elementor-element-c2e1210 e-flex e-con-boxed e-con e-parent\" data-id=\"c2e1210\" data-element_type=\"container\">\n\t\t\t\t\t<div class=\"e-con-inner\">\n\t\t\t\t<div class=\"elementor-element elementor-element-0c21c91 elementor-widget elementor-widget-heading\" data-id=\"0c21c91\" data-element_type=\"widget\" data-widget_type=\"heading.default\">\n\t\t\t\t<div class=\"elementor-widget-container\">\n\t\t\t\t\t<h2 class=\"elementor-heading-title elementor-size-default\">Directorio de Lonas en Quer\u00e9taro<\/h2>\t\t\t\t<\/div>\n\t\t\t\t<\/div>\n\t\t\t\t<div class=\"elementor-element elementor-element-97b756b elementor-widget elementor-widget-text-editor\" data-id=\"97b756b\" data-element_type=\"widget\" data-widget_type=\"text-editor.default\">\n\t\t\t\t<div class=\"elementor-widget-container\">\n\t\t\t\t\t\t\t\t\t<p>Una recopilaci\u00f3n de los mejores servicios de Lonas del Estado de Quer\u00e9taro, los cuales fueron indexados en medios digitales como buenos contactos, si desea actualizar alg\u00fan dato o agregar un Servicio en Quer\u00e9taro con gusto lo realizamos.<\/p>\t\t\t\t\t\t\t\t<\/div>\n\t\t\t\t<\/div>\n\t\t\t\t\t<\/div>\n\t\t\t\t<\/div>\n\t\t<div class=\"elementor-element elementor-element-39446b0 e-flex e-con-boxed e-con e-parent\" data-id=\"39446b0\" data-element_type=\"container\">\n\t\t\t\t\t<div class=\"e-con-inner\">\n\t\t\t\t<div class=\"elementor-element elementor-element-587d7e9 elementor-widget elementor-widget-text-editor\" data-id=\"587d7e9\" data-element_type=\"widget\" data-widget_type=\"text-editor.default\">\n\t\t\t\t<div class=\"elementor-widget-container\">\n\t\t\t\t\t\t\t\t\t<hr \/><h3>Lonas del Centro<\/h3><p>Servicio de Lonas del Centro en Quer\u00e9taro.<br \/><strong>2 Direcciones:<\/strong> C. 19 710, Lomas de Casa Blanca, 76080 Santiago de Quer\u00e9taro, Qro.<br \/><strong>Tel\u00e9fono:<\/strong> (442)204 3742,(442)209 2508.<br \/><strong>Sitio:<\/strong> https:\/\/www.lonasdelcentro.com.mx\/<br \/><strong>Rese\u00f1a:<\/strong> Productos y servicios que ofrece Lonas del Centro,\u00a0Lonas, Lonas de cualquier medida, Lonas impresas, Lonas para cami\u00f3n en material fortoflex y algod\u00f3n, Lonas, toldos y carpas, Cortinas, Cortinas comerciales, Cortinas de lona, Malla sombra, Mamparas, Racks para empresas, Renta de carpas, Renta de lonas, Renta de lonas tipo carpa, Renta de mobiliario para fiestas, Renta de rockolas y sombrillas, Reparaci\u00f3n de lonas, Toldos para empresas, Trabajos para la industria, Venta y renta de malla sombra.<br \/><a href=\"https:\/\/goo.gl\/maps\/nV4QxHpFrDemWd7r7\" target=\"_blank\" rel=\"noopener,nofollow noopener\">Link de Ubicaci\u00f3n en Mapa Google. Clic Mapa.<\/a><\/p><hr \/><h3>Lonas Toldos Casa Chabelo<\/h3><p>Servicio de Lonas Toldos Casa Chabelo en Quer\u00e9taro.<br \/><strong>2 Direcciones:<\/strong> Av. 2 1315, Lomas de Casa Blanca, 76080 Santiago de Quer\u00e9taro, Qro.<br \/><strong>Tel\u00e9fono:<\/strong> (442)713 3367, (442)365 8513, (442)497 3101.<br \/><strong>Sitio:<\/strong> http:\/\/casachabelo.blogspot.com\/<br \/><strong>Rese\u00f1a:<\/strong> Productos y servicios que ofrece Lonas Toldos Casa Chabelo,\u00a0Venta, renta y reparaci\u00f3n de lonas, Rotulaci\u00f3n, Renta de carpas e inflables, Gran variedad en malla sombras y sombrilla, Toldos para negocios, Impresi\u00f3n de lonas, Venta y renta de carpas, Rotulaci\u00f3n en vinil, Venta de lonas por rollo o metro, venta de argollas y ojillos, Gran variedad de colores, Servicio a domicilio.<br \/><a href=\"https:\/\/goo.gl\/maps\/3XbBxWDsUFa759Zb6\" target=\"_blank\" rel=\"noopener,nofollow noopener\">Link de Ubicaci\u00f3n en Mapa Google. Clic Mapa.<\/a><\/p><hr \/><h3>Lonas Ter\u00e1n<\/h3><p>Servicio de Lonas Ter\u00e1n en Quer\u00e9taro.<br \/><strong>2 Direcciones:<\/strong> 76120, Acceso III No. 16, Benito Ju\u00e1rez, 76120 Santiago de Quer\u00e9taro, Qro.<br \/><strong>Tel\u00e9fono:<\/strong> (442)216 6147, (442)216 6137.<br \/><strong>Sitio:<\/strong> https:\/\/www.facebook.com\/LonasteranQueretaro\/<br \/><strong>Rese\u00f1a:<\/strong> Productos y servicios que ofrece Lonas Ter\u00e1n,\u00a0Lonas en venta y renta , Toldos fijos, Toldos abatibles.<br \/><a href=\"https:\/\/goo.gl\/maps\/ns4fAeDzcDsGPsaM8\" target=\"_blank\" rel=\"noopener,nofollow noopener\">Link de Ubicaci\u00f3n en Mapa Google. Clic Mapa.<\/a><\/p><hr \/><h3>Lonas Versaflexs<\/h3><p>Servicio de Lonas Versaflex en Quer\u00e9taro.<br \/><strong>2 Direcciones:<\/strong> Pirineos 515 Bodega 12 Micro parque Industrial Santiago 1, Benito Ju\u00e1rez, 76120 Santiago de Quer\u00e9taro, Qro.<br \/><strong>Tel\u00e9fono:<\/strong> (442)215 1604, (442)216 3848, (442)242 5228.<br \/><strong>Sitio:<\/strong> https:\/\/www.lonasversaflex.com\/<br \/><strong>Rese\u00f1a:<\/strong> Productos y servicios que ofrece Lonas Versaflex,\u00a0Lonas y Cubiertas: Por rollo y tramo (Precio por mayoreo o volumen), Cubiertas para cami\u00f3n, Lonas a la medida, Rafia reforzada (Tarapaulin), Enlonados, Geomembrana, Ign\u00edfugas, Retardante a la flama, Antichispa y vinilo para soldaduras, Blackout, Antiest\u00e1tica, Fundas, Ductos de ventilaci\u00f3n, Cubierta para alberca de poliburbuja.<br \/><a href=\"https:\/\/goo.gl\/maps\/EfQrkgpSDzNx3Pxp6\" target=\"_blank\" rel=\"noopener,nofollow noopener\">Link de Ubicaci\u00f3n en Mapa Google. Clic Mapa.<\/a><\/p><hr \/><h3>Multilonas de Quer\u00e9taro<\/h3><p>Servicio de Multilonas de Quer\u00e9taro.<br \/><strong>2 Direcciones:<\/strong> C. Nicol\u00e1s Campa 12, Centro, 76000 Santiago de Quer\u00e9taro, Qro.<br \/><strong>Tel\u00e9fono:<\/strong> (442)157 7745, (442)461 8849.<br \/><strong>Sitio:<\/strong> https:\/\/www.multilonasdeqro.com\/<br \/><strong>Rese\u00f1a:<\/strong> Productos y servicios que ofrece Multilonas de Quer\u00e9taro,\u00a0Lonas, Toldos, Cortinas de lona, Fundas para carros, Venta de carpas, Mallasombras, Sombrillas para jard\u00edn, Velarias.<br \/><a href=\"https:\/\/goo.gl\/maps\/STN72N3ns1nZqPPj7\" target=\"_blank\" rel=\"noopener,nofollow noopener\">Link de Ubicaci\u00f3n en Mapa Google. Clic Mapa.<\/a><\/p><hr \/><h3>Lonas y Carpas San Juan<\/h3><p>Servicio de Lonas y Carpas San Juan en Quer\u00e9taro.<br \/><strong>2 Direcciones:<\/strong> Encino s\/n Mza 8 Lt 15 5 Halcones San Jos\u00e9 El Alto, 76147 Santiago de Quer\u00e9taro, Qro.<br \/><strong>Tel\u00e9fono:<\/strong> (442)414 6932, (442)119 8582.<br \/><strong>Sitio:<\/strong> https:\/\/lonasycarpassanjuan.com\/<br \/><strong>Rese\u00f1a:<\/strong> Productos y servicios que ofrece Lonas y Carpas San Juan, Alquiler de Lonas en diferentes medidas y alturas, Alquiler de Lonas planas para cualquier superficie, Venta de Lonas en diferentes medidas, Venta de Lonas para Cami\u00f3n y usos M\u00faltiples, Alquiler de Carpas elegantes para Eventos Sociales, Alquiler de Carpas para Eventos Empresariales, Alquiler de Carpas Elegantes para Eventos Masivos, Alquiler de Carpas con Plaf\u00f3n e Iluminaci\u00f3n, Alquiler de Carpas para Ferias y Exposiciones, Venta de Toldos y Cortinas comerciales.<br \/><a href=\"https:\/\/goo.gl\/maps\/aktTnvKLyHAbxGN57\" target=\"_blank\" rel=\"noopener,nofollow noopener\">Link de Ubicaci\u00f3n en Mapa Google. Clic Mapa.<\/a><\/p><hr \/><h3>Lonycort<\/h3><p>Servicio de Lonycort en Quer\u00e9taro.<br \/><strong>2 Direcciones:<\/strong> Hacienda Balvanera 16, Mansiones del Valle, 76185 Santiago de Quer\u00e9taro, Qro.<br \/><strong>Tel\u00e9fono:<\/strong> (442)270 4255.<br \/><strong>Sitio:<\/strong> https:\/\/lonycort.online\/<br \/><strong>Rese\u00f1a:<\/strong> Productos y servicios que ofrece Lonycort, Renta de Lonas para tu evento, Seg\u00fan la superficie o el material a cubrir: 10\u00d715 m, 20\u00d730 m, 15\u00d740 m. Medidas: 1000 m\u00b2, 3000 m\u00b2, 5000 m\u00b2. Fabricantes de toldos y carpas a medida, Renta de carpas, Reparaci\u00f3n de carpas.<br \/><a href=\"https:\/\/goo.gl\/maps\/deTE3Zy47ft8wTbt8\" target=\"_blank\" rel=\"noopener,nofollow noopener\">Link de Ubicaci\u00f3n en Mapa Google. Clic Mapa.<\/a><\/p><hr \/><h3>Lonas Imperiales<\/h3><p>Servicio de Lonas Imperiales en Quer\u00e9taro.<br \/><strong>2 Direcciones:<\/strong> Julian R, C. Reforma Agraria 19, 76086 Santiago de Quer\u00e9taro, Qro.<br \/><strong>Tel\u00e9fono:<\/strong> (442)468 1251, (442)222 0770.<br \/><strong>Sitio:<\/strong> https:\/\/www.lonasenqueretaro.com\/<br \/><strong>Rese\u00f1a:<\/strong> Productos y servicios que ofrece Lonas Imperiales, Renta y venta de lonas y carpas, Impresi\u00f3n de lona de 13 y 18 onz, Lona impresa montada en bastidor fabricado de PVC, Anuncios luminosos (con caja de luz), Letras 3D iluminadas,Tela sunbrella, Paliller\u00eda, Malla sombra, Carpas (2 aguas y 4 aguas de lujo), Marquesinas, Corte de vinil, Cortinas enrollables, Velarias, Cortinas con brazos invisibles, Impresi\u00f3n digital en lona y vinil, Lona plana, Toldos fijos, Fabricaci\u00f3n de espectaculares.<br \/><a href=\"https:\/\/goo.gl\/maps\/KjPrRPXfYhSeybzq9\" target=\"_blank\" rel=\"noopener,nofollow noopener\">Link de Ubicaci\u00f3n en Mapa Google. Clic Mapa.<\/a><\/p><hr \/><h3>Alquileres Karsime<\/h3><p>Servicio de Alquileres Karsime en Quer\u00e9taro.<br \/><strong>2 Direcciones:<\/strong> AMATISTA #S\/N, Camino A San Pedro M\u00e1rtir, 76117 Santiago de Quer\u00e9taro, Qro.<br \/><strong>Tel\u00e9fono:<\/strong> (442)516 6250, (442)340 9834, (442)468 9789.<br \/><strong>Sitio:<\/strong> https:\/\/www.alquilereskarsime.com\/<br \/><strong>Rese\u00f1a:<\/strong> Productos y servicios que ofrece Alquileres Karsime, Venta y Renta de equipos de montacargas, Lonas, Carpas, Malla sombra, Vallas, Gradas, Templetes, Mesas, Sillas, Sillas Tiffany, Plantas de luz.<br \/><a href=\"https:\/\/goo.gl\/maps\/nXEYa4c4AiGwLB4BA\" target=\"_blank\" rel=\"noopener,nofollow noopener\">Link de Ubicaci\u00f3n en Mapa Google. Clic Mapa.<\/a><\/p><hr \/><h3>Lonas y Toldos QRO<\/h3><p>Servicio de Lonas y Toldos QRO en Quer\u00e9taro.<br \/><strong>2 Direcciones:<\/strong> 76030, Lateral Carretera Federal No. 57 224-local D, Casa Blanca, 76030 Santiago de Quer\u00e9taro, Qro.<br \/><strong>Tel\u00e9fono:<\/strong> (442)244 1225, (442)773 5897.<br \/><strong>Sitio:<\/strong> https:\/\/www.lonasytoldosqro.com.mx\/<br \/><strong>Rese\u00f1a:<\/strong> Productos y servicios que ofrece Lonas y Toldos QRO, Velar\u00edas, Paliller\u00eda, Toldos fijos, Toldos enrollables, Cortinas enrollables, Anuncios luminosos, Letras 3D.<br \/><a href=\"https:\/\/goo.gl\/maps\/LDqRvjnuCASqHu966\" target=\"_blank\" rel=\"noopener,nofollow noopener\">Link de Ubicaci\u00f3n en Mapa Google. Clic Mapa.<\/a><\/p><hr \/>\t\t\t\t\t\t\t\t<\/div>\n\t\t\t\t<\/div>\n\t\t\t\t\t<\/div>\n\t\t\t\t<\/div>\n\t\t<div class=\"elementor-element elementor-element-dd4a9f1 e-flex e-con-boxed e-con e-parent\" data-id=\"dd4a9f1\" data-element_type=\"container\">\n\t\t\t\t\t<div class=\"e-con-inner\">\n\t\t\t\t<div class=\"elementor-element elementor-element-7612dd4 elementor-widget elementor-widget-heading\" data-id=\"7612dd4\" data-element_type=\"widget\" data-widget_type=\"heading.default\">\n\t\t\t\t<div class=\"elementor-widget-container\">\n\t\t\t\t\t<h2 class=\"elementor-heading-title elementor-size-default\">Servicios de Lonas Mapa<\/h2>\t\t\t\t<\/div>\n\t\t\t\t<\/div>\n\t\t\t\t<div class=\"elementor-element elementor-element-99a0966 elementor-widget elementor-widget-text-editor\" data-id=\"99a0966\" data-element_type=\"widget\" data-widget_type=\"text-editor.default\">\n\t\t\t\t<div class=\"elementor-widget-container\">\n\t\t\t\t\t\t\t\t\t<p>Los servicios de Venta, renta y reparaci\u00f3n de Lonas, Lonas de cualquier medida, Lonas impresas, Lonas para cami\u00f3n en material fortoflex y algod\u00f3n, Rotulaci\u00f3n, Por rollo y tramo (Precio por mayoreo o volumen), Cubiertas para cami\u00f3n, Lonas a la medida, Rafia reforzada (Tarapaulin), Enlonados, Geomembrana, Ign\u00edfugas, Retardante a la flama, Antichispa y vinilo para soldaduras, Blackout, Antiest\u00e1tica, Fundas, Ductos de ventilaci\u00f3n, Cubierta para alberca de poliburbuja. Caracter\u00edsticas de lona: Para Soldar, Antichispa, Ela\u0301stica, Delgada, No Transpirable, Antibacterial, Transpirable, Tela Duradera, A Prueba De Viento, Menos Peso, Resistente Al Agua, Termorreguladora, Impermeable, Anti Ultravioleta, Blockout, Retardante Al Fuego. Marcas: Megaflex, Fortoflex, IKL, Multilona, Duraflex, Invernaflex, Duroplex.<\/p>\t\t\t\t\t\t\t\t<\/div>\n\t\t\t\t<\/div>\n\t\t\t\t\t<\/div>\n\t\t\t\t<\/div>\n\t\t<div class=\"elementor-element elementor-element-a425a72 e-flex e-con-boxed e-con e-parent\" data-id=\"a425a72\" data-element_type=\"container\">\n\t\t\t\t\t<div class=\"e-con-inner\">\n\t\t\t\t<div class=\"elementor-element elementor-element-8a6c470 elementor-widget elementor-widget-text-editor\" data-id=\"8a6c470\" data-element_type=\"widget\" data-widget_type=\"text-editor.default\">\n\t\t\t\t<div class=\"elementor-widget-container\">\n\t\t\t\t\t\t\t\t\t<iframe style=\"border: 0;\" src=\"https:\/\/www.google.com\/maps\/embed?pb=!1m16!1m12!1m3!1d50247.16129575197!2d-100.40071390143139!3d20.602647807968022!2m3!1f0!2f0!3f0!3m2!1i1024!2i768!4f13.1!2m1!1sLonas!5e0!3m2!1ses-419!2smx!4v1664678309036!5m2!1ses-419!2smx\" width=\"100%\" height=\"450\" frameborder=\"0\" allowfullscreen=\"allowfullscreen\"><\/iframe>\t\t\t\t\t\t\t\t<\/div>\n\t\t\t\t<\/div>\n\t\t\t\t\t<\/div>\n\t\t\t\t<\/div>\n\t\t<div class=\"elementor-element elementor-element-a6b98be e-flex e-con-boxed e-con e-parent\" data-id=\"a6b98be\" data-element_type=\"container\">\n\t\t\t\t\t<div class=\"e-con-inner\">\n\t\t<div class=\"elementor-element elementor-element-6ee9342 e-con-full e-flex e-con e-child\" data-id=\"6ee9342\" data-element_type=\"container\">\n\t\t\t\t<div class=\"elementor-element elementor-element-33fed1f elementor-widget elementor-widget-image\" data-id=\"33fed1f\" data-element_type=\"widget\" data-widget_type=\"image.default\">\n\t\t\t\t<div class=\"elementor-widget-container\">\n\t\t\t\t\t\t\t\t\t\t\t\t\t\t\t\t<a href=\"https:\/\/mkdigital10.com\/plan-full-empresarial\/\">\n\t\t\t\t\t\t\t<img fetchpriority=\"high\" decoding=\"async\" width=\"750\" height=\"750\" src=\"https:\/\/queretaro10.com\/directorios\/wp-content\/uploads\/2024\/06\/qro10-4-2024-PLAN-FULL-EMPRESARIAL-min.png\" class=\"attachment-full size-full wp-image-809\" alt=\"Plan Full MARKETING EMPRESARIAL\" srcset=\"https:\/\/queretaro10.com\/directorios\/wp-content\/uploads\/2024\/06\/qro10-4-2024-PLAN-FULL-EMPRESARIAL-min.png 750w, https:\/\/queretaro10.com\/directorios\/wp-content\/uploads\/2024\/06\/qro10-4-2024-PLAN-FULL-EMPRESARIAL-min-300x300.png 300w, https:\/\/queretaro10.com\/directorios\/wp-content\/uploads\/2024\/06\/qro10-4-2024-PLAN-FULL-EMPRESARIAL-min-150x150.png 150w\" sizes=\"(max-width: 750px) 100vw, 750px\" \/>\t\t\t\t\t\t\t\t<\/a>\n\t\t\t\t\t\t\t\t\t\t\t\t\t\t\t<\/div>\n\t\t\t\t<\/div>\n\t\t\t\t<\/div>\n\t\t<div class=\"elementor-element elementor-element-0c7676a e-con-full e-flex e-con e-child\" data-id=\"0c7676a\" data-element_type=\"container\">\n\t\t\t\t<div class=\"elementor-element elementor-element-bedd650 elementor-widget elementor-widget-image\" data-id=\"bedd650\" data-element_type=\"widget\" data-widget_type=\"image.default\">\n\t\t\t\t<div class=\"elementor-widget-container\">\n\t\t\t\t\t\t\t\t\t\t\t\t\t\t\t\t<a href=\"https:\/\/queretaro10.com\/qro\/marketing\/\">\n\t\t\t\t\t\t\t<img decoding=\"async\" width=\"750\" height=\"750\" src=\"https:\/\/queretaro10.com\/directorios\/wp-content\/uploads\/2024\/06\/qro10-Plan-MK-Digital-PyMe-Local-cuadro-4-min.png\" class=\"attachment-full size-full wp-image-810\" alt=\"PLAN FULL MARKETING DIGITAL PyMe Local\" srcset=\"https:\/\/queretaro10.com\/directorios\/wp-content\/uploads\/2024\/06\/qro10-Plan-MK-Digital-PyMe-Local-cuadro-4-min.png 750w, https:\/\/queretaro10.com\/directorios\/wp-content\/uploads\/2024\/06\/qro10-Plan-MK-Digital-PyMe-Local-cuadro-4-min-300x300.png 300w, https:\/\/queretaro10.com\/directorios\/wp-content\/uploads\/2024\/06\/qro10-Plan-MK-Digital-PyMe-Local-cuadro-4-min-150x150.png 150w\" sizes=\"(max-width: 750px) 100vw, 750px\" \/>\t\t\t\t\t\t\t\t<\/a>\n\t\t\t\t\t\t\t\t\t\t\t\t\t\t\t<\/div>\n\t\t\t\t<\/div>\n\t\t\t\t<\/div>\n\t\t<div class=\"elementor-element elementor-element-f0deb08 e-con-full e-flex e-con e-child\" data-id=\"f0deb08\" data-element_type=\"container\">\n\t\t\t\t<div class=\"elementor-element elementor-element-8d2fed8 elementor-widget elementor-widget-image\" data-id=\"8d2fed8\" data-element_type=\"widget\" data-widget_type=\"image.default\">\n\t\t\t\t<div class=\"elementor-widget-container\">\n\t\t\t\t\t\t\t\t\t\t\t\t\t\t\t\t<a href=\"https:\/\/mkdigital10.com\/sem\/redes-sociales\/\">\n\t\t\t\t\t\t\t<img decoding=\"async\" width=\"750\" height=\"750\" src=\"https:\/\/queretaro10.com\/directorios\/wp-content\/uploads\/2025\/03\/qro10-Plan-Redes-Sociales.png\" class=\"attachment-full size-full wp-image-1199\" alt=\"Plan Redes Sociales\" srcset=\"https:\/\/queretaro10.com\/directorios\/wp-content\/uploads\/2025\/03\/qro10-Plan-Redes-Sociales.png 750w, https:\/\/queretaro10.com\/directorios\/wp-content\/uploads\/2025\/03\/qro10-Plan-Redes-Sociales-300x300.png 300w, https:\/\/queretaro10.com\/directorios\/wp-content\/uploads\/2025\/03\/qro10-Plan-Redes-Sociales-150x150.png 150w\" sizes=\"(max-width: 750px) 100vw, 750px\" \/>\t\t\t\t\t\t\t\t<\/a>\n\t\t\t\t\t\t\t\t\t\t\t\t\t\t\t<\/div>\n\t\t\t\t<\/div>\n\t\t\t\t<\/div>\n\t\t<div class=\"elementor-element elementor-element-d1a84d5 e-con-full e-flex e-con e-child\" data-id=\"d1a84d5\" data-element_type=\"container\">\n\t\t\t\t<div class=\"elementor-element elementor-element-2b5d1ce elementor-widget elementor-widget-image\" data-id=\"2b5d1ce\" data-element_type=\"widget\" data-widget_type=\"image.default\">\n\t\t\t\t<div class=\"elementor-widget-container\">\n\t\t\t\t\t\t\t\t\t\t\t\t\t\t\t\t<a href=\"https:\/\/mkdigital10.com\/paginas-web\/\">\n\t\t\t\t\t\t\t<img loading=\"lazy\" decoding=\"async\" width=\"750\" height=\"750\" src=\"https:\/\/queretaro10.com\/directorios\/wp-content\/uploads\/2025\/03\/qro10-Plan-Paginas-Web-PyMe-Empresarial.png\" class=\"attachment-full size-full wp-image-1200\" alt=\"Plan P\u00e1ginas Web PyMe Empresarial\" srcset=\"https:\/\/queretaro10.com\/directorios\/wp-content\/uploads\/2025\/03\/qro10-Plan-Paginas-Web-PyMe-Empresarial.png 750w, https:\/\/queretaro10.com\/directorios\/wp-content\/uploads\/2025\/03\/qro10-Plan-Paginas-Web-PyMe-Empresarial-300x300.png 300w, https:\/\/queretaro10.com\/directorios\/wp-content\/uploads\/2025\/03\/qro10-Plan-Paginas-Web-PyMe-Empresarial-150x150.png 150w\" sizes=\"(max-width: 750px) 100vw, 750px\" \/>\t\t\t\t\t\t\t\t<\/a>\n\t\t\t\t\t\t\t\t\t\t\t\t\t\t\t<\/div>\n\t\t\t\t<\/div>\n\t\t\t\t<\/div>\n\t\t\t\t\t<\/div>\n\t\t\t\t<\/div>\n\t\t\t\t<\/div>\n\t\t","protected":false},"excerpt":{"rendered":"<p>Lonas en Quer\u00e9taro El servicio de lonas siempre es necesario, los ciudadanos por lo menos utilizan el servicio de lonas [&hellip;]<\/p>\n","protected":false},"author":1,"featured_media":124,"parent":0,"menu_order":0,"comment_status":"closed","ping_status":"closed","template":"elementor_header_footer","meta":{"site-sidebar-layout":"default","site-content-layout":"","ast-site-content-layout":"default","site-content-style":"default","site-sidebar-style":"default","ast-global-header-display":"","ast-banner-title-visibility":"","ast-main-header-display":"","ast-hfb-above-header-display":"","ast-hfb-below-header-display":"","ast-hfb-mobile-header-display":"","site-post-title":"","ast-breadcrumbs-content":"","ast-featured-img":"","footer-sml-layout":"","theme-transparent-header-meta":"default","adv-header-id-meta":"","stick-header-meta":"","header-above-stick-meta":"","header-main-stick-meta":"","header-below-stick-meta":"","astra-migrate-meta-layouts":"set","ast-page-background-enabled":"default","ast-page-background-meta":{"desktop":{"background-color":"var(--ast-global-color-4)","background-image":"","background-repeat":"repeat","background-position":"center center","background-size":"auto","background-attachment":"scroll","background-type":"","background-media":"","overlay-type":"","overlay-color":"","overlay-opacity":"","overlay-gradient":""},"tablet":{"background-color":"","background-image":"","background-repeat":"repeat","background-position":"center center","background-size":"auto","background-attachment":"scroll","background-type":"","background-media":"","overlay-type":"","overlay-color":"","overlay-opacity":"","overlay-gradient":""},"mobile":{"background-color":"","background-image":"","background-repeat":"repeat","background-position":"center center","background-size":"auto","background-attachment":"scroll","background-type":"","background-media":"","overlay-type":"","overlay-color":"","overlay-opacity":"","overlay-gradient":""}},"ast-content-background-meta":{"desktop":{"background-color":"var(--ast-global-color-5)","background-image":"","background-repeat":"repeat","background-position":"center center","background-size":"auto","background-attachment":"scroll","background-type":"","background-media":"","overlay-type":"","overlay-color":"","overlay-opacity":"","overlay-gradient":""},"tablet":{"background-color":"var(--ast-global-color-5)","background-image":"","background-repeat":"repeat","background-position":"center center","background-size":"auto","background-attachment":"scroll","background-type":"","background-media":"","overlay-type":"","overlay-color":"","overlay-opacity":"","overlay-gradient":""},"mobile":{"background-color":"var(--ast-global-color-5)","background-image":"","background-repeat":"repeat","background-position":"center center","background-size":"auto","background-attachment":"scroll","background-type":"","background-media":"","overlay-type":"","overlay-color":"","overlay-opacity":"","overlay-gradient":""}},"footnotes":""},"class_list":["post-123","page","type-page","status-publish","has-post-thumbnail","hentry"],"aioseo_notices":[],"_links":{"self":[{"href":"https:\/\/queretaro10.com\/directorios\/wp-json\/wp\/v2\/pages\/123","targetHints":{"allow":["GET"]}}],"collection":[{"href":"https:\/\/queretaro10.com\/directorios\/wp-json\/wp\/v2\/pages"}],"about":[{"href":"https:\/\/queretaro10.com\/directorios\/wp-json\/wp\/v2\/types\/page"}],"author":[{"embeddable":true,"href":"https:\/\/queretaro10.com\/directorios\/wp-json\/wp\/v2\/users\/1"}],"replies":[{"embeddable":true,"href":"https:\/\/queretaro10.com\/directorios\/wp-json\/wp\/v2\/comments?post=123"}],"version-history":[{"count":10,"href":"https:\/\/queretaro10.com\/directorios\/wp-json\/wp\/v2\/pages\/123\/revisions"}],"predecessor-version":[{"id":1350,"href":"https:\/\/queretaro10.com\/directorios\/wp-json\/wp\/v2\/pages\/123\/revisions\/1350"}],"wp:featuredmedia":[{"embeddable":true,"href":"https:\/\/queretaro10.com\/directorios\/wp-json\/wp\/v2\/media\/124"}],"wp:attachment":[{"href":"https:\/\/queretaro10.com\/directorios\/wp-json\/wp\/v2\/media?parent=123"}],"curies":[{"name":"wp","href":"https:\/\/api.w.org\/{rel}","templated":true}]}}