{"id":134,"date":"2017-12-08T17:06:51","date_gmt":"2017-12-08T17:06:51","guid":{"rendered":"http:\/\/queretaro10.com\/?page_id=3674"},"modified":"2025-03-31T21:31:45","modified_gmt":"2025-03-31T21:31:45","slug":"museos","status":"publish","type":"page","link":"https:\/\/queretaro10.com\/directorios\/museos\/","title":{"rendered":"Museos en Quer\u00e9taro"},"content":{"rendered":"\t\t<div data-elementor-type=\"wp-page\" data-elementor-id=\"134\" class=\"elementor elementor-134\">\n\t\t\t\t<div class=\"elementor-element elementor-element-0af91b9 e-flex e-con-boxed e-con e-parent\" data-id=\"0af91b9\" data-element_type=\"container\">\n\t\t\t\t\t<div class=\"e-con-inner\">\n\t\t\t\t<div class=\"elementor-element elementor-element-a89b827 elementor-widget elementor-widget-heading\" data-id=\"a89b827\" data-element_type=\"widget\" data-widget_type=\"heading.default\">\n\t\t\t\t<div class=\"elementor-widget-container\">\n\t\t\t\t\t<h1 class=\"elementor-heading-title elementor-size-default\">Museos en Quer\u00e9taro<\/h1>\t\t\t\t<\/div>\n\t\t\t\t<\/div>\n\t\t\t\t<div class=\"elementor-element elementor-element-fd940eb elementor-widget elementor-widget-text-editor\" data-id=\"fd940eb\" data-element_type=\"widget\" data-widget_type=\"text-editor.default\">\n\t\t\t\t<div class=\"elementor-widget-container\">\n\t\t\t\t\t\t\t\t\t<p>Hay mucha historia en la ciudad te invitar a que visites los diferentes museos de quer\u00e9taro, si estas en la ciudad y quiere saber un poco de su historia tienes que visitar sus museos localizados en el centro de la ciudad por mencionar algunos el Museo De La Ciudad, Museo Regional, Museo de Arte, Museo Casa de la Zacatecana, Museo de la Restauraci\u00f3n de la Rep\u00fablica y Museo Nacional de las Artes Gr\u00e1ficas.<\/p>\t\t\t\t\t\t\t\t<\/div>\n\t\t\t\t<\/div>\n\t\t\t\t\t<\/div>\n\t\t\t\t<\/div>\n\t\t<div class=\"elementor-element elementor-element-fdc81bb e-flex e-con-boxed e-con e-parent\" data-id=\"fdc81bb\" data-element_type=\"container\">\n\t\t\t\t\t<div class=\"e-con-inner\">\n\t\t\t\t<div class=\"elementor-element elementor-element-a6583d0 elementor-widget elementor-widget-heading\" data-id=\"a6583d0\" data-element_type=\"widget\" data-widget_type=\"heading.default\">\n\t\t\t\t<div class=\"elementor-widget-container\">\n\t\t\t\t\t<h2 class=\"elementor-heading-title elementor-size-default\">Directorio de Museos en Quer\u00e9taro<\/h2>\t\t\t\t<\/div>\n\t\t\t\t<\/div>\n\t\t\t\t\t<\/div>\n\t\t\t\t<\/div>\n\t\t<div class=\"elementor-element elementor-element-6da7ebc e-flex e-con-boxed e-con e-parent\" data-id=\"6da7ebc\" data-element_type=\"container\">\n\t\t\t\t\t<div class=\"e-con-inner\">\n\t\t<div class=\"elementor-element elementor-element-f30dbf6 e-con-full e-flex e-con e-child\" data-id=\"f30dbf6\" data-element_type=\"container\">\n\t\t\t\t<div class=\"elementor-element elementor-element-2142bb7 elementor-widget elementor-widget-text-editor\" data-id=\"2142bb7\" data-element_type=\"widget\" data-widget_type=\"text-editor.default\">\n\t\t\t\t<div class=\"elementor-widget-container\">\n\t\t\t\t\t\t\t\t\t<h3>Museo de la Ciudad<\/h3><p><strong>Tel:\u00a0<\/strong>(442) 224 3756, 212 4702, 212 3855<br \/><strong>Direcci\u00f3n:<\/strong>\u00a0Guerrero 27 Norte Centro Hist\u00f3rico, Quer\u00e9taro, Qro. 76000 M\u00e9xico.<br \/><strong>Link:\u00a0<\/strong><a href=\"http:\/\/museodelaciudadqro.org\/\" target=\"_blank\" rel=\"nofollow noopener\">http:\/\/museodelaciudadqro.org\/<\/a><\/p><h3>Museo Nacional de las Artes Gr\u00e1ficas<\/h3><p><strong>Tel:\u00a0<\/strong>(442) 212 7091.<br \/><strong>Direcci\u00f3n:<\/strong>\u00a0Av. Luis Pasteur Sur 40, Centro, 76000 Santiago de Quer\u00e9taro, Qro., Mexico.<br \/><strong>Link:\u00a0<\/strong><a href=\"https:\/\/www.museodeartesgraficas.com\/\" target=\"_blank\" rel=\"nofollow noopener\">https:\/\/www.museodeartesgraficas.com\/<\/a><\/p>\t\t\t\t\t\t\t\t<\/div>\n\t\t\t\t<\/div>\n\t\t\t\t<\/div>\n\t\t<div class=\"elementor-element elementor-element-4ba9c93 e-con-full e-flex e-con e-child\" data-id=\"4ba9c93\" data-element_type=\"container\">\n\t\t\t\t<div class=\"elementor-element elementor-element-5bc7306 elementor-widget elementor-widget-text-editor\" data-id=\"5bc7306\" data-element_type=\"widget\" data-widget_type=\"text-editor.default\">\n\t\t\t\t<div class=\"elementor-widget-container\">\n\t\t\t\t\t\t\t\t\t<h3>Museo Regional de Quer\u00e9taro<\/h3><p><strong>Tel:\u00a0<\/strong>(442) 212 2031, (442) 212 4888.<br \/><strong>Direcci\u00f3n:<\/strong>\u00a0Sur 3, Calle Corregidora, Centro, 76000 Santiago de Quer\u00e9taro, Quer\u00e9taro.<br \/><strong>Link:\u00a0<\/strong><a href=\"http:\/\/www.inah.gob.mx\/es\/zonas\/121-museo-regional-de-queretaro\" target=\"_blank\" rel=\"nofollow noopener\">http:\/\/www.inah.gob.mx\/<\/a><\/p><h3>Museo Casa de la Zacatecana<\/h3><p><strong>Tel:\u00a0<\/strong>(442) 224 0758, (442) 212 2357.<br \/><strong>Direcci\u00f3n:<\/strong>\u00a0C. Independencia 59, Centro, 76000 Santiago de Quer\u00e9taro, Qro., Mexico.<br \/><strong>Link:\u00a0<\/strong><a href=\"https:\/\/lazacatecana.mx\/\" target=\"_blank\" rel=\"nofollow noopener\">https:\/\/lazacatecana.mx\/<\/a><\/p>\t\t\t\t\t\t\t\t<\/div>\n\t\t\t\t<\/div>\n\t\t\t\t<\/div>\n\t\t<div class=\"elementor-element elementor-element-0a04583 e-con-full e-flex e-con e-child\" data-id=\"0a04583\" data-element_type=\"container\">\n\t\t\t\t<div class=\"elementor-element elementor-element-3b2438d elementor-widget elementor-widget-text-editor\" data-id=\"3b2438d\" data-element_type=\"widget\" data-widget_type=\"text-editor.default\">\n\t\t\t\t<div class=\"elementor-widget-container\">\n\t\t\t\t\t\t\t\t\t<h3>Museo de la Restauraci\u00f3n de la Rep\u00fablica<\/h3><p><strong>Tel:\u00a0<\/strong>(442) 224 3756, 212 4702, 212 3855<br \/><strong>Direcci\u00f3n:<\/strong>\u00a0Calle Vicente Guerrero Sur 23, Centro, 76000 Santiago de Quer\u00e9taro, Qro., Mexico<br \/><strong>Link:\u00a0<\/strong><a href=\"https:\/\/www.mexicoescultura.com\/recinto\/52219\/museo-de-la-restauracion-de-la-republica.html\" target=\"_blank\" rel=\"nofollow noopener\">https:\/\/www.mexicoescultura.com\/<\/a><\/p><h3>Museo de Arte de Quer\u00e9taro<\/h3><p><strong>Tel:\u00a0<\/strong>(442) 212 2357.<br \/><strong>Direcci\u00f3n:<\/strong>\u00a0C. Ignacio Allende Sur 14, Centro, 76000 Santiago de Quer\u00e9taro, Qro., Mexico.<br \/><strong>Link:\u00a0<\/strong><a href=\"https:\/\/www.facebook.com\/museodeartedequeretaro\/\" target=\"_blank\" rel=\"nofollow noopener\">https:\/\/www.facebook.com\/<\/a><\/p>\t\t\t\t\t\t\t\t<\/div>\n\t\t\t\t<\/div>\n\t\t\t\t<\/div>\n\t\t\t\t\t<\/div>\n\t\t\t\t<\/div>\n\t\t<div class=\"elementor-element elementor-element-d1ff537 e-flex e-con-boxed e-con e-parent\" data-id=\"d1ff537\" data-element_type=\"container\">\n\t\t\t\t\t<div class=\"e-con-inner\">\n\t\t<div class=\"elementor-element elementor-element-ae24ed0 e-con-full e-flex e-con e-child\" data-id=\"ae24ed0\" data-element_type=\"container\">\n\t\t\t\t<div class=\"elementor-element elementor-element-e0455d3 elementor-widget elementor-widget-image\" data-id=\"e0455d3\" data-element_type=\"widget\" data-widget_type=\"image.default\">\n\t\t\t\t<div class=\"elementor-widget-container\">\n\t\t\t\t\t\t\t\t\t\t\t\t\t\t\t\t<a href=\"https:\/\/mkdigital10.com\/plan-full-empresarial\/\">\n\t\t\t\t\t\t\t<img fetchpriority=\"high\" decoding=\"async\" width=\"750\" height=\"750\" src=\"https:\/\/queretaro10.com\/directorios\/wp-content\/uploads\/2024\/06\/qro10-4-2024-PLAN-FULL-EMPRESARIAL-min.png\" class=\"attachment-full size-full wp-image-809\" alt=\"Plan Full MARKETING EMPRESARIAL\" srcset=\"https:\/\/queretaro10.com\/directorios\/wp-content\/uploads\/2024\/06\/qro10-4-2024-PLAN-FULL-EMPRESARIAL-min.png 750w, https:\/\/queretaro10.com\/directorios\/wp-content\/uploads\/2024\/06\/qro10-4-2024-PLAN-FULL-EMPRESARIAL-min-300x300.png 300w, https:\/\/queretaro10.com\/directorios\/wp-content\/uploads\/2024\/06\/qro10-4-2024-PLAN-FULL-EMPRESARIAL-min-150x150.png 150w\" sizes=\"(max-width: 750px) 100vw, 750px\" \/>\t\t\t\t\t\t\t\t<\/a>\n\t\t\t\t\t\t\t\t\t\t\t\t\t\t\t<\/div>\n\t\t\t\t<\/div>\n\t\t\t\t<\/div>\n\t\t<div class=\"elementor-element elementor-element-fe229b6 e-con-full e-flex e-con e-child\" data-id=\"fe229b6\" data-element_type=\"container\">\n\t\t\t\t<div class=\"elementor-element elementor-element-16011e1 elementor-widget elementor-widget-image\" data-id=\"16011e1\" data-element_type=\"widget\" data-widget_type=\"image.default\">\n\t\t\t\t<div class=\"elementor-widget-container\">\n\t\t\t\t\t\t\t\t\t\t\t\t\t\t\t\t<a href=\"https:\/\/queretaro10.com\/qro\/marketing\/\">\n\t\t\t\t\t\t\t<img decoding=\"async\" width=\"750\" height=\"750\" src=\"https:\/\/queretaro10.com\/directorios\/wp-content\/uploads\/2024\/06\/qro10-Plan-MK-Digital-PyMe-Local-cuadro-4-min.png\" class=\"attachment-full size-full wp-image-810\" alt=\"PLAN FULL MARKETING DIGITAL PyMe Local\" srcset=\"https:\/\/queretaro10.com\/directorios\/wp-content\/uploads\/2024\/06\/qro10-Plan-MK-Digital-PyMe-Local-cuadro-4-min.png 750w, https:\/\/queretaro10.com\/directorios\/wp-content\/uploads\/2024\/06\/qro10-Plan-MK-Digital-PyMe-Local-cuadro-4-min-300x300.png 300w, https:\/\/queretaro10.com\/directorios\/wp-content\/uploads\/2024\/06\/qro10-Plan-MK-Digital-PyMe-Local-cuadro-4-min-150x150.png 150w\" sizes=\"(max-width: 750px) 100vw, 750px\" \/>\t\t\t\t\t\t\t\t<\/a>\n\t\t\t\t\t\t\t\t\t\t\t\t\t\t\t<\/div>\n\t\t\t\t<\/div>\n\t\t\t\t<\/div>\n\t\t<div class=\"elementor-element elementor-element-b0ff10b e-con-full e-flex e-con e-child\" data-id=\"b0ff10b\" data-element_type=\"container\">\n\t\t\t\t<div class=\"elementor-element elementor-element-533535e elementor-widget elementor-widget-image\" data-id=\"533535e\" data-element_type=\"widget\" data-widget_type=\"image.default\">\n\t\t\t\t<div class=\"elementor-widget-container\">\n\t\t\t\t\t\t\t\t\t\t\t\t\t\t\t\t<a href=\"https:\/\/mkdigital10.com\/sem\/redes-sociales\/\">\n\t\t\t\t\t\t\t<img decoding=\"async\" width=\"750\" height=\"750\" src=\"https:\/\/queretaro10.com\/directorios\/wp-content\/uploads\/2025\/03\/qro10-Plan-Redes-Sociales.png\" class=\"attachment-full size-full wp-image-1199\" alt=\"Plan Redes Sociales\" srcset=\"https:\/\/queretaro10.com\/directorios\/wp-content\/uploads\/2025\/03\/qro10-Plan-Redes-Sociales.png 750w, https:\/\/queretaro10.com\/directorios\/wp-content\/uploads\/2025\/03\/qro10-Plan-Redes-Sociales-300x300.png 300w, https:\/\/queretaro10.com\/directorios\/wp-content\/uploads\/2025\/03\/qro10-Plan-Redes-Sociales-150x150.png 150w\" sizes=\"(max-width: 750px) 100vw, 750px\" \/>\t\t\t\t\t\t\t\t<\/a>\n\t\t\t\t\t\t\t\t\t\t\t\t\t\t\t<\/div>\n\t\t\t\t<\/div>\n\t\t\t\t<\/div>\n\t\t<div class=\"elementor-element elementor-element-77aad12 e-con-full e-flex e-con e-child\" data-id=\"77aad12\" data-element_type=\"container\">\n\t\t\t\t<div class=\"elementor-element elementor-element-9b09657 elementor-widget elementor-widget-image\" data-id=\"9b09657\" data-element_type=\"widget\" data-widget_type=\"image.default\">\n\t\t\t\t<div class=\"elementor-widget-container\">\n\t\t\t\t\t\t\t\t\t\t\t\t\t\t\t\t<a href=\"https:\/\/mkdigital10.com\/paginas-web\/\">\n\t\t\t\t\t\t\t<img loading=\"lazy\" decoding=\"async\" width=\"750\" height=\"750\" src=\"https:\/\/queretaro10.com\/directorios\/wp-content\/uploads\/2025\/03\/qro10-Plan-Paginas-Web-PyMe-Empresarial.png\" class=\"attachment-full size-full wp-image-1200\" alt=\"Plan P\u00e1ginas Web PyMe Empresarial\" srcset=\"https:\/\/queretaro10.com\/directorios\/wp-content\/uploads\/2025\/03\/qro10-Plan-Paginas-Web-PyMe-Empresarial.png 750w, https:\/\/queretaro10.com\/directorios\/wp-content\/uploads\/2025\/03\/qro10-Plan-Paginas-Web-PyMe-Empresarial-300x300.png 300w, https:\/\/queretaro10.com\/directorios\/wp-content\/uploads\/2025\/03\/qro10-Plan-Paginas-Web-PyMe-Empresarial-150x150.png 150w\" sizes=\"(max-width: 750px) 100vw, 750px\" \/>\t\t\t\t\t\t\t\t<\/a>\n\t\t\t\t\t\t\t\t\t\t\t\t\t\t\t<\/div>\n\t\t\t\t<\/div>\n\t\t\t\t<\/div>\n\t\t\t\t\t<\/div>\n\t\t\t\t<\/div>\n\t\t\t\t<\/div>\n\t\t","protected":false},"excerpt":{"rendered":"<p>Museos en Quer\u00e9taro Hay mucha historia en la ciudad te invitar a que visites los diferentes museos de quer\u00e9taro, si [&hellip;]<\/p>\n","protected":false},"author":1,"featured_media":0,"parent":0,"menu_order":0,"comment_status":"closed","ping_status":"closed","template":"elementor_header_footer","meta":{"site-sidebar-layout":"default","site-content-layout":"","ast-site-content-layout":"default","site-content-style":"default","site-sidebar-style":"default","ast-global-header-display":"","ast-banner-title-visibility":"","ast-main-header-display":"","ast-hfb-above-header-display":"","ast-hfb-below-header-display":"","ast-hfb-mobile-header-display":"","site-post-title":"","ast-breadcrumbs-content":"","ast-featured-img":"","footer-sml-layout":"","theme-transparent-header-meta":"default","adv-header-id-meta":"","stick-header-meta":"","header-above-stick-meta":"","header-main-stick-meta":"","header-below-stick-meta":"","astra-migrate-meta-layouts":"set","ast-page-background-enabled":"default","ast-page-background-meta":{"desktop":{"background-color":"var(--ast-global-color-4)","background-image":"","background-repeat":"repeat","background-position":"center center","background-size":"auto","background-attachment":"scroll","background-type":"","background-media":"","overlay-type":"","overlay-color":"","overlay-opacity":"","overlay-gradient":""},"tablet":{"background-color":"","background-image":"","background-repeat":"repeat","background-position":"center center","background-size":"auto","background-attachment":"scroll","background-type":"","background-media":"","overlay-type":"","overlay-color":"","overlay-opacity":"","overlay-gradient":""},"mobile":{"background-color":"","background-image":"","background-repeat":"repeat","background-position":"center center","background-size":"auto","background-attachment":"scroll","background-type":"","background-media":"","overlay-type":"","overlay-color":"","overlay-opacity":"","overlay-gradient":""}},"ast-content-background-meta":{"desktop":{"background-color":"var(--ast-global-color-5)","background-image":"","background-repeat":"repeat","background-position":"center center","background-size":"auto","background-attachment":"scroll","background-type":"","background-media":"","overlay-type":"","overlay-color":"","overlay-opacity":"","overlay-gradient":""},"tablet":{"background-color":"var(--ast-global-color-5)","background-image":"","background-repeat":"repeat","background-position":"center center","background-size":"auto","background-attachment":"scroll","background-type":"","background-media":"","overlay-type":"","overlay-color":"","overlay-opacity":"","overlay-gradient":""},"mobile":{"background-color":"var(--ast-global-color-5)","background-image":"","background-repeat":"repeat","background-position":"center center","background-size":"auto","background-attachment":"scroll","background-type":"","background-media":"","overlay-type":"","overlay-color":"","overlay-opacity":"","overlay-gradient":""}},"footnotes":""},"class_list":["post-134","page","type-page","status-publish","hentry"],"aioseo_notices":[],"_links":{"self":[{"href":"https:\/\/queretaro10.com\/directorios\/wp-json\/wp\/v2\/pages\/134","targetHints":{"allow":["GET"]}}],"collection":[{"href":"https:\/\/queretaro10.com\/directorios\/wp-json\/wp\/v2\/pages"}],"about":[{"href":"https:\/\/queretaro10.com\/directorios\/wp-json\/wp\/v2\/types\/page"}],"author":[{"embeddable":true,"href":"https:\/\/queretaro10.com\/directorios\/wp-json\/wp\/v2\/users\/1"}],"replies":[{"embeddable":true,"href":"https:\/\/queretaro10.com\/directorios\/wp-json\/wp\/v2\/comments?post=134"}],"version-history":[{"count":10,"href":"https:\/\/queretaro10.com\/directorios\/wp-json\/wp\/v2\/pages\/134\/revisions"}],"predecessor-version":[{"id":1260,"href":"https:\/\/queretaro10.com\/directorios\/wp-json\/wp\/v2\/pages\/134\/revisions\/1260"}],"wp:attachment":[{"href":"https:\/\/queretaro10.com\/directorios\/wp-json\/wp\/v2\/media?parent=134"}],"curies":[{"name":"wp","href":"https:\/\/api.w.org\/{rel}","templated":true}]}}