{"id":144,"date":"2018-11-12T22:51:41","date_gmt":"2018-11-12T22:51:41","guid":{"rendered":"https:\/\/queretaro10.com\/directorios\/?page_id=16945"},"modified":"2025-03-31T21:43:13","modified_gmt":"2025-03-31T21:43:13","slug":"renta-de-autobuses","status":"publish","type":"page","link":"https:\/\/queretaro10.com\/directorios\/renta-de-autobuses\/","title":{"rendered":"Renta de Autobuses en Quer\u00e9taro"},"content":{"rendered":"\t\t<div data-elementor-type=\"wp-page\" data-elementor-id=\"144\" class=\"elementor elementor-144\">\n\t\t\t\t<div class=\"elementor-element elementor-element-33920fc e-flex e-con-boxed e-con e-parent\" data-id=\"33920fc\" data-element_type=\"container\">\n\t\t\t\t\t<div class=\"e-con-inner\">\n\t\t\t\t<div class=\"elementor-element elementor-element-921006c elementor-widget elementor-widget-heading\" data-id=\"921006c\" data-element_type=\"widget\" data-widget_type=\"heading.default\">\n\t\t\t\t<div class=\"elementor-widget-container\">\n\t\t\t\t\t<h1 class=\"elementor-heading-title elementor-size-default\">Renta de Autobuses en Quer\u00e9taro<\/h1>\t\t\t\t<\/div>\n\t\t\t\t<\/div>\n\t\t\t\t<div class=\"elementor-element elementor-element-15eb256 elementor-widget elementor-widget-text-editor\" data-id=\"15eb256\" data-element_type=\"widget\" data-widget_type=\"text-editor.default\">\n\t\t\t\t<div class=\"elementor-widget-container\">\n\t\t\t\t\t\t\t\t\t<p>Una recopilaci\u00f3n de las mejores servicios de Renta de Autobuses en Quer\u00e9taro, los cuales fueron indexados en medios digitales como buenos contactos, si desea actualizar alg\u00fan dato o agregar un servicio de renta de autos con gusto lo realizamos.<\/p>\t\t\t\t\t\t\t\t<\/div>\n\t\t\t\t<\/div>\n\t\t\t\t\t<\/div>\n\t\t\t\t<\/div>\n\t\t<div class=\"elementor-element elementor-element-75d22f9 e-flex e-con-boxed e-con e-parent\" data-id=\"75d22f9\" data-element_type=\"container\">\n\t\t\t\t\t<div class=\"e-con-inner\">\n\t\t\t\t<div class=\"elementor-element elementor-element-86dd76b elementor-widget elementor-widget-heading\" data-id=\"86dd76b\" data-element_type=\"widget\" data-widget_type=\"heading.default\">\n\t\t\t\t<div class=\"elementor-widget-container\">\n\t\t\t\t\t<h2 class=\"elementor-heading-title elementor-size-default\">Directorios de Agencias de Autobuses en Quer\u00e9taro<\/h2>\t\t\t\t<\/div>\n\t\t\t\t<\/div>\n\t\t\t\t\t<\/div>\n\t\t\t\t<\/div>\n\t\t<div class=\"elementor-element elementor-element-f288f2b e-flex e-con-boxed e-con e-parent\" data-id=\"f288f2b\" data-element_type=\"container\">\n\t\t\t\t\t<div class=\"e-con-inner\">\n\t\t<div class=\"elementor-element elementor-element-a2bd9cf e-con-full e-flex e-con e-child\" data-id=\"a2bd9cf\" data-element_type=\"container\">\n\t\t\t\t<div class=\"elementor-element elementor-element-d54c3b0 elementor-widget elementor-widget-text-editor\" data-id=\"d54c3b0\" data-element_type=\"widget\" data-widget_type=\"text-editor.default\">\n\t\t\t\t<div class=\"elementor-widget-container\">\n\t\t\t\t\t\t\t\t\t<h3>Ttur Quer\u00e9taro<\/h3><p><strong>Tel:\u00a0<\/strong>\u00a0(442) 229 0437<br \/><strong>Direcci\u00f3n:\u00a0<\/strong>Local 3e Edificio C Terminal De Autobuses, Santiago de Quer\u00e9taro, Qro.<br \/><strong>Link:\u00a0<\/strong><a href=\"https:\/\/www.ttur.com.mx\/\" target=\"_blank\" rel=\"nofollow noopener\">https:\/\/www.ttur.com.mx\/<\/a><\/p><h3>Tur\u00edsticos Marco Polo<\/h3><p><strong>Tel:\u00a0<\/strong>442 467 3996, 442 249 7181<br \/><strong>Direcci\u00f3n:\u00a0<\/strong>Santiago de Quer\u00e9taro, Qro.<br \/><strong>Link:\u00a0<\/strong><a href=\"http:\/\/www.marcopolo.org.mx\/\" target=\"_blank\" rel=\"nofollow noopener\">http:\/\/www.marcopolo.org.mx\/<\/a><\/p><h3>\u00c1ngel Turismo<\/h3><p><strong>Tel:\u00a0<\/strong>(442) 217 0267<br \/><strong>Direcci\u00f3n:\u00a0<\/strong>Chiapas 86, Obrera, 76130 Queretaro, Qro.<br \/><strong>Link:\u00a0<\/strong><a href=\"https:\/\/www.turismoangelqueretaro.com\/\" target=\"_blank\" rel=\"nofollow noopener\">https:\/\/www.turismoangelqueretaro.com\/<\/a><\/p><h3>Autobuses De La Piedad<\/h3><p><strong>Tel:\u00a0<\/strong>(442) 199 5071<br \/><strong>Direcci\u00f3n:\u00a0<\/strong>Blv Bernardo Quintana Arrioja 433, Centro Sur , Queretaro , Qro , C.P.76090.<\/p><h3>Grupo Terrestre Chap<\/h3><p><strong>Tel:\u00a0<\/strong>01 442 190 1129<br \/><strong>Direcci\u00f3n:\u00a0<\/strong>Blvrd Hacienda del Jacal 709, El Jacal, 76187 Santiago de Quer\u00e9taro, Qro.<br \/><strong>Link:\u00a0<\/strong><a href=\"http:\/\/chap.com.mx\/\" target=\"_blank\" rel=\"nofollow noopener\">http:\/\/chap.com.mx\/<\/a><\/p><h3>Turismo Maar<\/h3><p><strong>Tel:\u00a0<\/strong>(442) 216 1148<br \/><strong>Direcci\u00f3n:\u00a0<\/strong>Av. Rio Ayutla No.74-A, Col. La Piedad, Quer\u00e9taro, Qro. C.P. 76150<br \/><strong>Link:\u00a0<\/strong><a href=\"http:\/\/www.turismomaar.com\/\" target=\"_blank\" rel=\"nofollow noopener\">http:\/\/www.turismomaar.com\/<\/a><\/p><h3>Turismo Palos<\/h3><p><strong>Tel:\u00a0<\/strong>(442) 419 5606<br \/><strong>Direcci\u00f3n:\u00a0<\/strong>Madero 208 Int.4 Quer\u00e9taro, Qro.<br \/><strong>Link:\u00a0<\/strong><a href=\"http:\/\/turismopalos.com\/queretaro\/\" target=\"_blank\" rel=\"nofollow noopener\">http:\/\/turismopalos.com\/queretaro\/<\/a><\/p><h3>Viatur Renta de Autobuses y Camionetas en Quer\u00e9taro<\/h3><p><strong>Tel:\u00a0<\/strong>01 442 341 3080<br \/><strong>Direcci\u00f3n:\u00a0<\/strong>Calle Ing. Jos\u00e9 Septien 36, zona dos extendida, Alameda, 76040 Santiago de Quer\u00e9taro, Qro.<br \/><strong>Link:\u00a0<\/strong><a href=\"http:\/\/rentadeautobusesycamionetas.com\/\" target=\"_blank\" rel=\"nofollow noopener\">http:\/\/rentadeautobusesycamionetas.com\/<\/a><\/p><h3>Transportes Gutierrez<\/h3><p><strong>Tel:\u00a0<\/strong>254 2149 \/ 254 2269<br \/><strong>Direcci\u00f3n:\u00a0<\/strong>Santiago de Quer\u00e9taro, Qro.<br \/><strong>Link:\u00a0<\/strong><a href=\"http:\/\/www.transportesgutierrez.com\/\" target=\"_blank\" rel=\"nofollow noopener\">http:\/\/www.transportesgutierrez.com\/<\/a><\/p><h3>Renta De Camionetas y Autobuses DC travel queretaro<\/h3><p><strong>Tel:\u00a0<\/strong>(442) 216 1148<br \/><strong>Direcci\u00f3n:\u00a0<\/strong>Qro, Quer\u00e9taro<br \/><strong>Link:\u00a0<\/strong><a href=\"https:\/\/www.facebook.com\/dctravelqro\/\" target=\"_blank\" rel=\"nofollow noopener\">https:\/\/www.facebook.com\/dctravelqro\/<\/a><\/p><h2>Renta de Autos<\/h2><p>Renta de camionetas, autos compactos, autos medianos, camionetas de doble cabina, camionetas de carga, autobuses, camionetas de 15 pasajeros, limusinas, autos ex\u00f3ticos para XV a\u00f1os y bodas.<\/p><h3>Renta de Camionetas de Carga y Transporte Quer\u00e9taro<\/h3><p><strong>Tel:\u00a0<\/strong>(442) 277 4779<br \/><strong>Direcci\u00f3n:\u00a0<\/strong>Nezahualcoyotl n\u00fam 44, Col. Cumbres de Con\u00edn<br \/><strong>Link:\u00a0<\/strong><a href=\"http:\/\/jetvancarga.com.mx\/?val=directorios\" target=\"_blank\" rel=\"nofollow noopener\">http:\/\/jetvancarga.com.mx\/?val=directorios<\/a><\/p><h3>Vaqsa Rent A Car Sa De Cv<\/h3><p><strong>Tel:\u00a0<\/strong>(427) 274 8040<br \/><strong>Direcci\u00f3n:\u00a0<\/strong>Blvd. Bernardo Quintana 129 Loma Dorada Quer\u00e9taro, Quer\u00e9taro 76060<\/p><h3>Arrendamiento Evanix<\/h3><p><strong>Tel:\u00a0<\/strong>(442) 713 1966<br \/><strong>Direcci\u00f3n:\u00a0<\/strong>R\u00edo Grande 238 Col. Arquitos Quer\u00e9taro, Quer\u00e9taro 76090<br \/><strong>Link:\u00a0<\/strong><a href=\"http:\/\/www.evanixrentacar.com\/\" target=\"_blank\" rel=\"nofollow noopener\">http:\/\/www.evanixrentacar.com\/<\/a><\/p>\t\t\t\t\t\t\t\t<\/div>\n\t\t\t\t<\/div>\n\t\t\t\t<\/div>\n\t\t<div class=\"elementor-element elementor-element-c767656 e-con-full e-flex e-con e-child\" data-id=\"c767656\" data-element_type=\"container\">\n\t\t\t\t<div class=\"elementor-element elementor-element-00bf6c2 elementor-widget elementor-widget-text-editor\" data-id=\"00bf6c2\" data-element_type=\"widget\" data-widget_type=\"text-editor.default\">\n\t\t\t\t<div class=\"elementor-widget-container\">\n\t\t\t\t\t\t\t\t\t<h3>Greenmotion Car Rental<\/h3><p><strong>Tel:\u00a0<\/strong>(442) 220 0544<br \/><strong>Direcci\u00f3n:\u00a0<\/strong>Avenida Bernardo Quintana 90 Fraccionamiento Puertas del Sol Quer\u00e9taro, Quer\u00e9taro 76130<br \/><strong>Link:\u00a0<\/strong><a href=\"http:\/\/www.greenmotion.mx\/\" target=\"_blank\" rel=\"nofollow noopener\">http:\/\/www.greenmotion.mx\/<\/a><\/p><h3>Xanath Renta Van<\/h3><p><strong>Tel:\u00a0<\/strong>(442) 475 0090<br \/><strong>Direcci\u00f3n:\u00a0<\/strong>Callej\u00f3n de los Mendoza 15 Col. El Pueblito Centro Corregidora, Quer\u00e9taro 76900<br \/><strong>Link:\u00a0<\/strong><a href=\"http:\/\/paginas.seccionamarilla.com.mx\/xanath-renta-van\/renta-de-van\/queretaro\/corregidora\/-\/el-pueblito-centro\/\" target=\"_blank\" rel=\"nofollow noopener\">http:\/\/paginas.seccionamarilla.com.mx\/<\/a><\/p><h3>Dollar Rent a Car<\/h3><p><strong>Tel:\u00a0<\/strong>(442) 234 0160<br \/><strong>Direcci\u00f3n:\u00a0<\/strong>5 de Febrero 1001 Balc\u00f3n Campestre Quer\u00e9taro, Quer\u00e9taro 76159<br \/><strong>Link:\u00a0<\/strong><a href=\"http:\/\/www.dollarmexico.com.mx\/\" target=\"_blank\" rel=\"nofollow noopener\">http:\/\/www.dollarmexico.com.mx\/<\/a><\/p><h3>Autoarrendamiento Rentame Rent a Car<\/h3><p><strong>Tel:\u00a0<\/strong>(442) 212 2293<br \/><strong>Direcci\u00f3n:\u00a0<\/strong>Luis Manuel Vega 84 Col. Cimatario Quer\u00e9taro, Quer\u00e9taro 76030<br \/><strong>Link:\u00a0<\/strong><a href=\"http:\/\/autoarrendamientorentame-rent-a-car.sacom.mx\/#sthash.UGIPUx9y.dpuf\" target=\"_blank\" rel=\"nofollow noopener\">http:\/\/autoarrendamientorentame-rent-a-car.sacom.mx\/<\/a><\/p><h3>TRT Car Rental<\/h3><p><strong>Tel:\u00a0<\/strong>(442) 219 3474<br \/><strong>Direcci\u00f3n:\u00a0<\/strong>Blvd. Bernardo Quintana Arrioja No. 4050 Col. Alamos 3a. Secci\u00f3n Quer\u00e9taro, Quer\u00e9taro 76160<br \/><strong>Link:\u00a0<\/strong><a href=\"http:\/\/www.trtrentacar.com.mx\/\" target=\"_blank\" rel=\"nofollow noopener\">http:\/\/www.trtrentacar.com.mx\/<\/a><\/p><h3>Servicios Tur\u00edsticos del Centro<\/h3><p><strong>Tel:\u00a0<\/strong>(442) 225 6407,\u00a0(442) 240 9619<br \/><strong>Direcci\u00f3n:\u00a0<\/strong>Carretera Quer\u00e9taro-San Luis Potos\u00ed Km. 30.3 Int. S\/N Col. Santa Rosa De J\u00e1uregui Quer\u00e9taro, Quer\u00e9taro 76220<br \/><strong>Link:\u00a0<\/strong><a href=\"http:\/\/www.serviturcen.com\/\" target=\"_blank\" rel=\"nofollow noopener\">http:\/\/www.serviturcen.com\/<\/a><\/p><h3>Evo-Rent a Car<\/h3><p><strong>Tel:\u00a0<\/strong>(442) 213 2401<br \/><strong>Direcci\u00f3n:\u00a0<\/strong>Loma Bonita No. 29 Col. Arquitos Quer\u00e9taro, Quer\u00e9taro 76090<br \/><strong>Link:\u00a0<\/strong>evo.rent@hotmail.com<\/p><h3>Golfs Rent a Car<\/h3><p><strong>Tel:\u00a0<\/strong>(442) 212 1147<br \/><strong>Direcci\u00f3n:\u00a0<\/strong>Jos\u00e9 Mar\u00eda Arteaga No. 65 Col. Centro Quer\u00e9taro, Quer\u00e9taro 76000<br \/><strong>Link:\u00a0<\/strong>golfs_rentacar@hotmail.com<\/p><h3>Hertz M\u00e9xico<\/h3><p><strong>Tel:\u00a0<\/strong>(442) 290 8444<br \/><strong>Direcci\u00f3n:\u00a0<\/strong>Aeropuerto Internacional de Quer\u00e9taro Col. Centro Col\u00edn, Quer\u00e9taro 76270<br \/><strong>Link:\u00a0<\/strong><a href=\"https:\/\/www.hertzmexico.com\/\" target=\"_blank\" rel=\"nofollow noopener\">https:\/\/www.hertzmexico.com\/<\/a><\/p><h3>Tera \u2013 Traslados Ejecutivos y Renta de Autos<\/h3><p><strong>Tel:\u00a0<\/strong>(442) 404 3358<br \/><strong>Direcci\u00f3n:\u00a0<\/strong>Constituyentes 1120, Col San Jos\u00e9 de los Olvera 76902 \u2013 Corregidora Corregidora, Quer\u00e9taro<\/p><h3>TTE Traslados-Turisticos-Ejecutivos<\/h3><p><strong>Tel:\u00a0<\/strong>(442) 223 0137<br \/><strong>Direcci\u00f3n:\u00a0<\/strong>Priv. Olmo No. 3 Col. Rinc\u00f3n del Cimatario Quer\u00e9taro, Quer\u00e9taro 76085<br \/><strong>Link:\u00a0<\/strong><a href=\"http:\/\/www.tte.com.mx\/\" target=\"_blank\" rel=\"nofollow noopener\">http:\/\/www.tte.com.mx\/<\/a><\/p><h3>Ranger Rent A Car<\/h3><p><strong>Tel:\u00a0<\/strong>(442) 224 1785,\u00a0(442) 212 2479<br \/><strong>Direcci\u00f3n:\u00a0<\/strong>Jos\u00e9 Antonio Septien 24 Col. Alameda Quer\u00e9taro, Quer\u00e9taro 76040<br \/><strong>Link:\u00a0<\/strong><a href=\"http:\/\/paginas.seccionamarilla.com.mx\/ranger-rent-a-car\/renta-de-vehiculos\/queretaro\/queretaro\/-\/alameda\/\" target=\"_blank\" rel=\"nofollow noopener\">http:\/\/paginas.seccionamarilla.com.mx\/<\/a><\/p>\t\t\t\t\t\t\t\t<\/div>\n\t\t\t\t<\/div>\n\t\t\t\t<\/div>\n\t\t<div class=\"elementor-element elementor-element-49c7af1 e-con-full e-flex e-con e-child\" data-id=\"49c7af1\" data-element_type=\"container\">\n\t\t\t\t<div class=\"elementor-element elementor-element-fed8896 elementor-widget elementor-widget-text-editor\" data-id=\"fed8896\" data-element_type=\"widget\" data-widget_type=\"text-editor.default\">\n\t\t\t\t<div class=\"elementor-widget-container\">\n\t\t\t\t\t\t\t\t\t<h3>Idealease<\/h3><p><strong>Tel:\u00a0<\/strong>(442) 190 6198,\u00a0(442) 229 5900<br \/><strong>Direcci\u00f3n:\u00a0<\/strong>5 De Febrero No. 9850 Col. Ampliacion Jurica Quer\u00e9taro, Quer\u00e9taro 76100<br \/><strong>Link:\u00a0<\/strong><a href=\"http:\/\/www.autosderentaenqueretaro.com.mx\/\" target=\"_blank\" rel=\"nofollow noopener\">http:\/\/www.autosderentaenqueretaro.com.mx\/<\/a><\/p><h3>Transfer<\/h3><p><strong>Tel:\u00a0<\/strong>(442) 216 4941<br \/><strong>Direcci\u00f3n:\u00a0<\/strong>Hacienda Escol\u00e1sticas 229 Col. Jardines de La Hacienda Quer\u00e9taro, Quer\u00e9taro 76180<br \/><strong>Link:\u00a0<\/strong><a href=\"http:\/\/www.transfercarrental.com\/\" target=\"_blank\" rel=\"nofollow noopener\">http:\/\/www.transfercarrental.com\/<\/a><\/p><h3>One Rent a Car<\/h3><p><strong>Tel:\u00a0<\/strong>(442) 277 4173<br \/><strong>Direcci\u00f3n:\u00a0<\/strong>Loma de la Ca\u00f1ada #207 Fraccionamiento Vista Dorada Quer\u00e9taro, Quer\u00e9taro 76060<br \/><strong>Link:\u00a0<\/strong><a href=\"http:\/\/www.onerentacar.com.mx\/\" target=\"_blank\" rel=\"nofollow noopener\">http:\/\/www.onerentacar.com.mx\/<\/a><\/p><h3>Jika Rental Car<\/h3><p><strong>Tel:\u00a0<\/strong>(442) 179 3310<br \/><strong>Direcci\u00f3n:\u00a0<\/strong>Av. Tlacote 146 Col. Santiago Quer\u00e9taro, Quer\u00e9taro 76120<br \/><strong>Link:\u00a0<\/strong><a href=\"https:\/\/www.jikarentalcar.com\/\" target=\"_blank\" rel=\"nofollow noopener\">https:\/\/www.jikarentalcar.com\/<\/a><\/p><h3>C-Renta Carro<\/h3><p><strong>Tel:\u00a0<\/strong>(442) 242 7983<br \/><strong>Direcci\u00f3n:\u00a0<\/strong>Lateral Autopista M\u00e9xico-Quer\u00e9taro 224 Col. Casa Blanca Quer\u00e9taro, Quer\u00e9taro 76030<br \/><strong>Link:\u00a0<\/strong>http:\/\/www.c-rentacarro.com.mx\/<\/p><h3>Cabo Rent a Car<\/h3><p><strong>Tel:\u00a0<\/strong>(422) 451 1375<br \/><strong>Direcci\u00f3n:\u00a0<\/strong>Antiguo Camino al Aereopuerto Km. 1.5 Col. Arboledas Quer\u00e9taro, Quer\u00e9taro 76140<br \/><strong>Link:\u00a0<\/strong><a href=\"http:\/\/www.caborentacar.com.mx\/\" target=\"_blank\" rel=\"nofollow noopener\">http:\/\/www.caborentacar.com.mx\/<\/a><\/p><h3>Auto Rent Arrendamiento<\/h3><p><strong>Tel:\u00a0<\/strong>(442) 210 1010<br \/><strong>Direcci\u00f3n:\u00a0<\/strong>Noradino Rubio No. 8 Casa Blanca Quer\u00e9taro, Quer\u00e9taro 76030<br \/><strong>Link:\u00a0<\/strong><a href=\"http:\/\/www.autorent.com.mx\/\" target=\"_blank\" rel=\"nofollow noopener\">http:\/\/www.autorent.com.mx\/<\/a><\/p><h3>Automudanza<\/h3><p><strong>Tel:\u00a0<\/strong>(442) 412 2547<br \/><strong>Direcci\u00f3n:\u00a0<\/strong>Av. Nezahualc\u00f3yotl #80 Col. Cumbres de Conin\u00a0El Marqu\u00e9s, Quer\u00e9taro 76246<br \/><strong>Link:\u00a0<\/strong><a href=\"http:\/\/www.automudanza.com.mx\/\" target=\"_blank\" rel=\"nofollow noopener\">http:\/\/www.automudanza.com.mx\/<\/a><\/p><h3>Euro Rent<\/h3><p><strong>Tel:\u00a0<\/strong>(442) 245 0900<br \/><strong>Direcci\u00f3n:\u00a0<\/strong>Prol. Corregidora Nte. 907-A Loc. 15 Ofic. 2, Parques Industriales, Quer\u00e9taro, Quer\u00e9taro<br \/><strong>Link:\u00a0<\/strong><a href=\"http:\/\/www.eurorent.com.mx\/\" target=\"_blank\" rel=\"nofollow noopener\">http:\/\/www.eurorent.com.mx\/<\/a><\/p><h3>EG Transport<\/h3><p><strong>Tel:\u00a0<\/strong>(442) 411 4619<br \/><strong>Direcci\u00f3n:\u00a0<\/strong>Fray Mart\u00edn de Valencia 206 Col. Quintas del Marqu\u00e9s Quer\u00e9taro, Quer\u00e9taro 76047<br \/><strong>Link:\u00a0<\/strong><a href=\"http:\/\/paginas.seccionamarilla.com.mx\/eg-transport\/servicio-de-traslado-ejecutivo\/queretaro\/queretaro\/-\/quintas-del-marques\/\" target=\"_blank\" rel=\"nofollow noopener\">http:\/\/paginas.seccionamarilla.com.mx\/<\/a><\/p><h3>Airways Rent A Car<\/h3><p><strong>Tel:\u00a0<\/strong>(442) 516 7014<br \/><strong>Direcci\u00f3n:\u00a0<\/strong>Blvd. Bernardo Quintana 630 Int. 19 Lomas De San Pablo Quer\u00e9taro, Quer\u00e9taro 76130<br \/><strong>Link:\u00a0<\/strong><a href=\"http:\/\/www.airways.mx\/\" target=\"_blank\" rel=\"nofollow noopener\">http:\/\/www.airways.mx\/<\/a><\/p><h3>Renta De Autos Quer\u00e9taro<\/h3><p><strong>Tel:\u00a0<\/strong>(442) 403 5405,\u00a0(442) 190 0756<br \/><strong>Direcci\u00f3n:\u00a0<\/strong>Av. Constituyentes 124 Pte. Local 11 Col. El Jacal Quer\u00e9taro, Quer\u00e9taro 76180<br \/><strong>ink:\u00a0<\/strong><a href=\"http:\/\/www.rentadeautosqueretaro.net\/\" target=\"_blank\" rel=\"nofollow noopener\">http:\/\/www.rentadeautosqueretaro.net\/<\/a><\/p>\t\t\t\t\t\t\t\t<\/div>\n\t\t\t\t<\/div>\n\t\t\t\t<\/div>\n\t\t\t\t\t<\/div>\n\t\t\t\t<\/div>\n\t\t<div class=\"elementor-element elementor-element-58b3e25 e-flex e-con-boxed e-con e-parent\" data-id=\"58b3e25\" data-element_type=\"container\">\n\t\t\t\t\t<div class=\"e-con-inner\">\n\t\t<div class=\"elementor-element elementor-element-86e4137 e-con-full e-flex e-con e-child\" data-id=\"86e4137\" data-element_type=\"container\">\n\t\t\t\t<div class=\"elementor-element elementor-element-89ea10a elementor-widget elementor-widget-image\" data-id=\"89ea10a\" data-element_type=\"widget\" data-widget_type=\"image.default\">\n\t\t\t\t<div class=\"elementor-widget-container\">\n\t\t\t\t\t\t\t\t\t\t\t\t\t\t\t\t<a href=\"https:\/\/mkdigital10.com\/plan-full-empresarial\/\">\n\t\t\t\t\t\t\t<img fetchpriority=\"high\" decoding=\"async\" width=\"750\" height=\"750\" src=\"https:\/\/queretaro10.com\/directorios\/wp-content\/uploads\/2024\/06\/qro10-4-2024-PLAN-FULL-EMPRESARIAL-min.png\" class=\"attachment-full size-full wp-image-809\" alt=\"Plan Full MARKETING EMPRESARIAL\" srcset=\"https:\/\/queretaro10.com\/directorios\/wp-content\/uploads\/2024\/06\/qro10-4-2024-PLAN-FULL-EMPRESARIAL-min.png 750w, https:\/\/queretaro10.com\/directorios\/wp-content\/uploads\/2024\/06\/qro10-4-2024-PLAN-FULL-EMPRESARIAL-min-300x300.png 300w, https:\/\/queretaro10.com\/directorios\/wp-content\/uploads\/2024\/06\/qro10-4-2024-PLAN-FULL-EMPRESARIAL-min-150x150.png 150w\" sizes=\"(max-width: 750px) 100vw, 750px\" \/>\t\t\t\t\t\t\t\t<\/a>\n\t\t\t\t\t\t\t\t\t\t\t\t\t\t\t<\/div>\n\t\t\t\t<\/div>\n\t\t\t\t<\/div>\n\t\t<div class=\"elementor-element elementor-element-a938b94 e-con-full e-flex e-con e-child\" data-id=\"a938b94\" data-element_type=\"container\">\n\t\t\t\t<div class=\"elementor-element elementor-element-bacaf53 elementor-widget elementor-widget-image\" data-id=\"bacaf53\" data-element_type=\"widget\" data-widget_type=\"image.default\">\n\t\t\t\t<div class=\"elementor-widget-container\">\n\t\t\t\t\t\t\t\t\t\t\t\t\t\t\t\t<a href=\"https:\/\/queretaro10.com\/qro\/marketing\/\">\n\t\t\t\t\t\t\t<img decoding=\"async\" width=\"750\" height=\"750\" src=\"https:\/\/queretaro10.com\/directorios\/wp-content\/uploads\/2024\/06\/qro10-Plan-MK-Digital-PyMe-Local-cuadro-4-min.png\" class=\"attachment-full size-full wp-image-810\" alt=\"PLAN FULL MARKETING DIGITAL PyMe Local\" srcset=\"https:\/\/queretaro10.com\/directorios\/wp-content\/uploads\/2024\/06\/qro10-Plan-MK-Digital-PyMe-Local-cuadro-4-min.png 750w, https:\/\/queretaro10.com\/directorios\/wp-content\/uploads\/2024\/06\/qro10-Plan-MK-Digital-PyMe-Local-cuadro-4-min-300x300.png 300w, https:\/\/queretaro10.com\/directorios\/wp-content\/uploads\/2024\/06\/qro10-Plan-MK-Digital-PyMe-Local-cuadro-4-min-150x150.png 150w\" sizes=\"(max-width: 750px) 100vw, 750px\" \/>\t\t\t\t\t\t\t\t<\/a>\n\t\t\t\t\t\t\t\t\t\t\t\t\t\t\t<\/div>\n\t\t\t\t<\/div>\n\t\t\t\t<\/div>\n\t\t<div class=\"elementor-element elementor-element-bc05c15 e-con-full e-flex e-con e-child\" data-id=\"bc05c15\" data-element_type=\"container\">\n\t\t\t\t<div class=\"elementor-element elementor-element-d8360fb elementor-widget elementor-widget-image\" data-id=\"d8360fb\" data-element_type=\"widget\" data-widget_type=\"image.default\">\n\t\t\t\t<div class=\"elementor-widget-container\">\n\t\t\t\t\t\t\t\t\t\t\t\t\t\t\t\t<a href=\"https:\/\/mkdigital10.com\/sem\/redes-sociales\/\">\n\t\t\t\t\t\t\t<img decoding=\"async\" width=\"750\" height=\"750\" src=\"https:\/\/queretaro10.com\/directorios\/wp-content\/uploads\/2025\/03\/qro10-Plan-Redes-Sociales.png\" class=\"attachment-full size-full wp-image-1199\" alt=\"Plan Redes Sociales\" srcset=\"https:\/\/queretaro10.com\/directorios\/wp-content\/uploads\/2025\/03\/qro10-Plan-Redes-Sociales.png 750w, https:\/\/queretaro10.com\/directorios\/wp-content\/uploads\/2025\/03\/qro10-Plan-Redes-Sociales-300x300.png 300w, https:\/\/queretaro10.com\/directorios\/wp-content\/uploads\/2025\/03\/qro10-Plan-Redes-Sociales-150x150.png 150w\" sizes=\"(max-width: 750px) 100vw, 750px\" \/>\t\t\t\t\t\t\t\t<\/a>\n\t\t\t\t\t\t\t\t\t\t\t\t\t\t\t<\/div>\n\t\t\t\t<\/div>\n\t\t\t\t<\/div>\n\t\t<div class=\"elementor-element elementor-element-7382f22 e-con-full e-flex e-con e-child\" data-id=\"7382f22\" data-element_type=\"container\">\n\t\t\t\t<div class=\"elementor-element elementor-element-19d2556 elementor-widget elementor-widget-image\" data-id=\"19d2556\" data-element_type=\"widget\" data-widget_type=\"image.default\">\n\t\t\t\t<div class=\"elementor-widget-container\">\n\t\t\t\t\t\t\t\t\t\t\t\t\t\t\t\t<a href=\"https:\/\/mkdigital10.com\/paginas-web\/\">\n\t\t\t\t\t\t\t<img loading=\"lazy\" decoding=\"async\" width=\"750\" height=\"750\" src=\"https:\/\/queretaro10.com\/directorios\/wp-content\/uploads\/2025\/03\/qro10-Plan-Paginas-Web-PyMe-Empresarial.png\" class=\"attachment-full size-full wp-image-1200\" alt=\"Plan P\u00e1ginas Web PyMe Empresarial\" srcset=\"https:\/\/queretaro10.com\/directorios\/wp-content\/uploads\/2025\/03\/qro10-Plan-Paginas-Web-PyMe-Empresarial.png 750w, https:\/\/queretaro10.com\/directorios\/wp-content\/uploads\/2025\/03\/qro10-Plan-Paginas-Web-PyMe-Empresarial-300x300.png 300w, https:\/\/queretaro10.com\/directorios\/wp-content\/uploads\/2025\/03\/qro10-Plan-Paginas-Web-PyMe-Empresarial-150x150.png 150w\" sizes=\"(max-width: 750px) 100vw, 750px\" \/>\t\t\t\t\t\t\t\t<\/a>\n\t\t\t\t\t\t\t\t\t\t\t\t\t\t\t<\/div>\n\t\t\t\t<\/div>\n\t\t\t\t<\/div>\n\t\t\t\t\t<\/div>\n\t\t\t\t<\/div>\n\t\t\t\t<\/div>\n\t\t","protected":false},"excerpt":{"rendered":"<p>Renta de Autobuses en Quer\u00e9taro Una recopilaci\u00f3n de las mejores servicios de Renta de Autobuses en Quer\u00e9taro, los cuales fueron [&hellip;]<\/p>\n","protected":false},"author":1,"featured_media":0,"parent":0,"menu_order":0,"comment_status":"closed","ping_status":"closed","template":"elementor_header_footer","meta":{"site-sidebar-layout":"default","site-content-layout":"","ast-site-content-layout":"default","site-content-style":"default","site-sidebar-style":"default","ast-global-header-display":"","ast-banner-title-visibility":"","ast-main-header-display":"","ast-hfb-above-header-display":"","ast-hfb-below-header-display":"","ast-hfb-mobile-header-display":"","site-post-title":"","ast-breadcrumbs-content":"","ast-featured-img":"","footer-sml-layout":"","theme-transparent-header-meta":"default","adv-header-id-meta":"","stick-header-meta":"","header-above-stick-meta":"","header-main-stick-meta":"","header-below-stick-meta":"","astra-migrate-meta-layouts":"set","ast-page-background-enabled":"default","ast-page-background-meta":{"desktop":{"background-color":"var(--ast-global-color-4)","background-image":"","background-repeat":"repeat","background-position":"center center","background-size":"auto","background-attachment":"scroll","background-type":"","background-media":"","overlay-type":"","overlay-color":"","overlay-opacity":"","overlay-gradient":""},"tablet":{"background-color":"","background-image":"","background-repeat":"repeat","background-position":"center center","background-size":"auto","background-attachment":"scroll","background-type":"","background-media":"","overlay-type":"","overlay-color":"","overlay-opacity":"","overlay-gradient":""},"mobile":{"background-color":"","background-image":"","background-repeat":"repeat","background-position":"center center","background-size":"auto","background-attachment":"scroll","background-type":"","background-media":"","overlay-type":"","overlay-color":"","overlay-opacity":"","overlay-gradient":""}},"ast-content-background-meta":{"desktop":{"background-color":"var(--ast-global-color-5)","background-image":"","background-repeat":"repeat","background-position":"center center","background-size":"auto","background-attachment":"scroll","background-type":"","background-media":"","overlay-type":"","overlay-color":"","overlay-opacity":"","overlay-gradient":""},"tablet":{"background-color":"var(--ast-global-color-5)","background-image":"","background-repeat":"repeat","background-position":"center center","background-size":"auto","background-attachment":"scroll","background-type":"","background-media":"","overlay-type":"","overlay-color":"","overlay-opacity":"","overlay-gradient":""},"mobile":{"background-color":"var(--ast-global-color-5)","background-image":"","background-repeat":"repeat","background-position":"center center","background-size":"auto","background-attachment":"scroll","background-type":"","background-media":"","overlay-type":"","overlay-color":"","overlay-opacity":"","overlay-gradient":""}},"footnotes":""},"class_list":["post-144","page","type-page","status-publish","hentry"],"aioseo_notices":[],"_links":{"self":[{"href":"https:\/\/queretaro10.com\/directorios\/wp-json\/wp\/v2\/pages\/144","targetHints":{"allow":["GET"]}}],"collection":[{"href":"https:\/\/queretaro10.com\/directorios\/wp-json\/wp\/v2\/pages"}],"about":[{"href":"https:\/\/queretaro10.com\/directorios\/wp-json\/wp\/v2\/types\/page"}],"author":[{"embeddable":true,"href":"https:\/\/queretaro10.com\/directorios\/wp-json\/wp\/v2\/users\/1"}],"replies":[{"embeddable":true,"href":"https:\/\/queretaro10.com\/directorios\/wp-json\/wp\/v2\/comments?post=144"}],"version-history":[{"count":10,"href":"https:\/\/queretaro10.com\/directorios\/wp-json\/wp\/v2\/pages\/144\/revisions"}],"predecessor-version":[{"id":1329,"href":"https:\/\/queretaro10.com\/directorios\/wp-json\/wp\/v2\/pages\/144\/revisions\/1329"}],"wp:attachment":[{"href":"https:\/\/queretaro10.com\/directorios\/wp-json\/wp\/v2\/media?parent=144"}],"curies":[{"name":"wp","href":"https:\/\/api.w.org\/{rel}","templated":true}]}}