{"id":146,"date":"2022-12-09T15:45:17","date_gmt":"2022-12-09T15:45:17","guid":{"rendered":"https:\/\/queretaro10.com\/directorios\/?page_id=27442"},"modified":"2025-03-31T21:54:04","modified_gmt":"2025-03-31T21:54:04","slug":"renta-de-mesas-sillas","status":"publish","type":"page","link":"https:\/\/queretaro10.com\/directorios\/renta-de-mesas-sillas\/","title":{"rendered":"Renta de Mesas y Sillas en Quer\u00e9taro"},"content":{"rendered":"\t\t<div data-elementor-type=\"wp-page\" data-elementor-id=\"146\" class=\"elementor elementor-146\">\n\t\t\t\t<div class=\"elementor-element elementor-element-f7e1bd8 e-flex e-con-boxed e-con e-parent\" data-id=\"f7e1bd8\" data-element_type=\"container\">\n\t\t\t\t\t<div class=\"e-con-inner\">\n\t\t\t\t<div class=\"elementor-element elementor-element-68f5df6 elementor-widget elementor-widget-heading\" data-id=\"68f5df6\" data-element_type=\"widget\" data-widget_type=\"heading.default\">\n\t\t\t\t<div class=\"elementor-widget-container\">\n\t\t\t\t\t<h1 class=\"elementor-heading-title elementor-size-default\">Renta de Mesas y Sillas en Quer\u00e9taro<\/h1>\t\t\t\t<\/div>\n\t\t\t\t<\/div>\n\t\t\t\t<div class=\"elementor-element elementor-element-14ff311 elementor-widget elementor-widget-text-editor\" data-id=\"14ff311\" data-element_type=\"widget\" data-widget_type=\"text-editor.default\">\n\t\t\t\t<div class=\"elementor-widget-container\">\n\t\t\t\t\t\t\t\t\t<p>El servicio de renta de mesas y sillas siempre es necesario, los ciudadanos por lo menos varias veces al a\u00f1o utilizan los servicios de renta de mesas y sillas para ocasiones especiales, eventos laborales y familiares como conferencias, aniversarios, bodas, 15 a\u00f1os, cumplea\u00f1os, posadas y otros eventos. A continuaci\u00f3n, seleccionamos algunos negocios que disponen de los mejores servicios de renta de mesas y sillas en Quer\u00e9taro.<\/p>\t\t\t\t\t\t\t\t<\/div>\n\t\t\t\t<\/div>\n\t\t\t\t\t<\/div>\n\t\t\t\t<\/div>\n\t\t<div class=\"elementor-element elementor-element-ddb0d2e e-flex e-con-boxed e-con e-parent\" data-id=\"ddb0d2e\" data-element_type=\"container\">\n\t\t\t\t\t<div class=\"e-con-inner\">\n\t\t\t\t<div class=\"elementor-element elementor-element-3d7e96b elementor-widget elementor-widget-heading\" data-id=\"3d7e96b\" data-element_type=\"widget\" data-widget_type=\"heading.default\">\n\t\t\t\t<div class=\"elementor-widget-container\">\n\t\t\t\t\t<h2 class=\"elementor-heading-title elementor-size-default\">Directorio de Renta de Mesas y Sillas en Quer\u00e9taro<\/h2>\t\t\t\t<\/div>\n\t\t\t\t<\/div>\n\t\t\t\t<div class=\"elementor-element elementor-element-766f6b2 elementor-widget elementor-widget-text-editor\" data-id=\"766f6b2\" data-element_type=\"widget\" data-widget_type=\"text-editor.default\">\n\t\t\t\t<div class=\"elementor-widget-container\">\n\t\t\t\t\t\t\t\t\t<p>Una recopilaci\u00f3n de los mejores servicios de renta de mesas y sillas del Estado de Quer\u00e9taro, los cuales fueron indexados en medios digitales como buenos contactos, si desea actualizar alg\u00fan dato o agregar un Servicio en Quer\u00e9taro con gusto lo realizamos.<\/p>\t\t\t\t\t\t\t\t<\/div>\n\t\t\t\t<\/div>\n\t\t\t\t\t<\/div>\n\t\t\t\t<\/div>\n\t\t<div class=\"elementor-element elementor-element-20df311 e-flex e-con-boxed e-con e-parent\" data-id=\"20df311\" data-element_type=\"container\">\n\t\t\t\t\t<div class=\"e-con-inner\">\n\t\t\t\t<div class=\"elementor-element elementor-element-b3a46e9 elementor-widget elementor-widget-text-editor\" data-id=\"b3a46e9\" data-element_type=\"widget\" data-widget_type=\"text-editor.default\">\n\t\t\t\t<div class=\"elementor-widget-container\">\n\t\t\t\t\t\t\t\t\t<hr \/><h3>Polkadot Eventos<\/h3><p>Servicio de Polkadot Eventos en Quer\u00e9taro.<br \/><strong>Direcciones:<\/strong> Prol. Av. Zaragoza 406, Jardines de la Hacienda, 76180 Santiago de Quer\u00e9taro, Qro.<br \/><strong>Tel\u00e9fono:<\/strong> (442)124 4518, (442)527 1145.<br \/><strong>WhatsApp:<\/strong> (442)124 4518.<br \/><strong>Sitio:<\/strong> https:\/\/www.polkadoteventos.com.mx\/<br \/><strong>E-mail:<\/strong> ventas@polkadoteventos.com.mx<br \/><strong>Rese\u00f1a:<\/strong> Productos y servicios que ofrece Polkadot Eventos,\u00a0Renta de Mesas y Sillas, Mesas Vintage, Periqueras, Inflables, Carpas, Bocinas, Loza.<br \/><a href=\"https:\/\/goo.gl\/maps\/jL9mBsXpSCwkDgnb7\" target=\"_blank\" rel=\"noopener,nofollow noopener\">Link de Ubicaci\u00f3n en Mapa Google. Clic Mapa.<\/a><\/p><hr \/><h3>La Fete<\/h3><p>Servicio de La Fete en Quer\u00e9taro.<br \/><strong>2 Direcciones:<\/strong> Privada Del Sol #1, Int: 1, San Javier, 76020 Santiago de Quer\u00e9taro, Qro.<br \/><strong>Tel\u00e9fono:<\/strong> (442)248 5122, (442)272 2743.<br \/><strong>WhatsApp:<\/strong> (442)272 2743.<br \/><strong>Sitio:<\/strong> https:\/\/lafeteeventos.com\/<br \/><strong>E-mail:<\/strong> lafete_org@hotmail.com<br \/><strong>Rese\u00f1a:<\/strong> Productos y servicios que ofrece La Fete,\u00a0Especializamos en renta de Mobiliario para fiestas, Meseros, Manteler\u00eda fina, Cristaler\u00eda, Cuberter\u00eda, Calentadores, Sombrillas, Equipo infantil para fiestas, Sillas Tiffany, Sillas Avant Garde, Vajilla importada, Salas lounge, Vajilla cuadrada, Platos base Pewter, Iluminaci\u00f3n para mesas, Organizaci\u00f3n y log\u00edsticas.<br \/><a href=\"https:\/\/goo.gl\/maps\/noSvXrXN1srfrcrh7\" target=\"_blank\" rel=\"noopener,nofollow noopener\">Link de Ubicaci\u00f3n en Mapa Google. Clic Mapa.<\/a><\/p><hr \/><h3>Mesas y Sillas Zakia<\/h3><p>Servicio de Mesas y Sillas Zakia en Quer\u00e9taro.<br \/><strong>Direcciones:<\/strong> Paseos de Zakia Pte. 3100, 76269 Santiago de Quer\u00e9taro, Qro.<br \/><strong>Tel\u00e9fono:<\/strong> (442)853 0733, (553)952 8474.<br \/><strong>WhatsApp:<\/strong> (553)952 8474.<br \/><strong>Sitio:<\/strong> https:\/\/www.facebook.com\/profile.php?id=100057380772392<br \/><strong>E-mail:<\/strong> mesasysillaszakia@gmail.com<br \/><strong>Rese\u00f1a:<\/strong> Productos y servicios que ofrece Mesas y Sillas Zakia,\u00a0Mesas, Sillas, Toldos, Mesas para Peques, Sillas para Peques, Inflables, Loza, Manteler\u00eda, Renta de inflables en la zona: Zakia, Zibata, Refugio, La Pradera.<br \/><a href=\"https:\/\/goo.gl\/maps\/x1XVDcpc3hWXB1Sx9\" target=\"_blank\" rel=\"noopener,nofollow noopener\">Link de Ubicaci\u00f3n en Mapa Google. Clic Mapa.<\/a><\/p><hr \/><h3>Diversiones Peque Quer\u00e9taro<\/h3><p>Servicio de Diversiones Peque Quer\u00e9taro.<br \/><strong>Direcciones:<\/strong> Blvrd Pe\u00f1a Flor, Misi\u00f3n Carrillo II, 76116 Santiago de Quer\u00e9taro, Qro.<br \/><strong>Tel\u00e9fono:<\/strong>(446) 135 0423, (442) 474 6082.<br \/><strong>Sitio:<\/strong> https:\/\/www.diversionespeque.com\/<br \/><strong>E-mail:<\/strong> inflables.peque85@gmail.com<br \/><strong>Rese\u00f1a:<\/strong> Productos y servicios que ofrece Diversiones Peque Quer\u00e9taro,\u00a0Carpas, Brincolin Inflable, Brincolines, Mobiliario, Meseros para Eventos.<br \/><a href=\"https:\/\/goo.gl\/maps\/nDPkRZ6tbaDdJrwX9\" target=\"_blank\" rel=\"noopener,nofollow noopener\">Link de Ubicaci\u00f3n en Mapa Google. Clic Mapa.<\/a><\/p><hr \/><h3>Eventos Paredes<\/h3><p>Servicio de Eventos Paredes en Quer\u00e9taro.<br \/><strong>Direcciones:<\/strong> 16 de septiembre # 2208 pueblo, Jurica, 76100 Santiago de Quer\u00e9taro, Qro.<br \/><strong>Tel\u00e9fono:<\/strong>(442)669 9254, (442)312 6507.<br \/><strong>WhatsApp:<\/strong>(558) 467 7023.<br \/><strong>Sitio:<\/strong> https:\/\/www.eventosparedes.com\/<br \/><strong>E-mail:<\/strong> eventosparedes@yahoo.com<br \/><strong>Rese\u00f1a:<\/strong> Productos y servicios que ofrece Eventos Paredes,\u00a0Sillas Tiffany, Sillas Versalles, Sillas Bamboo, Sillas Avant Garde, Sillas Cross Back, Sillas Phoenix, Sillas Ghost, Sillas Luis Xv, Sillas Tolix, Sillas Para Conferencias, Sillas Acojinadas, Sillas De Herreria, Sillas De Terciopelo, Sillas Eames, Sillas De Ratan, Mesas De Parota, Mesas De Espejo, Mesas De Cristal, Mesas De Marmol, Mesas De Madera, Mesas Media Luna De Madera, Mesas Serpentina, Mesas Vintage, Mesas De Herreria, Mesas Cuadradas, Mesas Redondas, Mesas De Bar, Mesas Tablon, Mesas De Apoyo, Salas Lounge, Salas Vintage, Mesas Periqueras de Marmol, Mesas Periqueras de Cristal, Mesas Periqueras de Espejo, Mesas Periqueras de Madera, Mesas Periqueras de Parota, Mesas Periqueras Vintage, Mesas Periqueras Tolix, Mesas Periqueras Tiffany, Mesas Periqueras Phoenix, Mesas Periqueras de Herreria, Carpas, Lonas, Tarimas, Templetes, Pista De Baile, Yute, Charol, Alfombra, Pasto Alfombra, Cristaleria, Manteleria, Calentadores Para Exterior, Chafers, Copas De Colores, Puestos Mexicanos, Teepee, Sombrillas, Vajillas, Vitroleros, Enfriaderas, Banquetes, Taquizas, Bocadillos, Canapes, Brunch, Desayunos, Coffee Break, Buffet.<br \/><a href=\"https:\/\/goo.gl\/maps\/NWaMS2qgrpZ5suPN7\" target=\"_blank\" rel=\"noopener,nofollow noopener\">Link de Ubicaci\u00f3n en Mapa Google. Clic Mapa.<\/a><\/p><hr \/><h3>Alquiladora Flomi<\/h3><p>Servicio de Alquiladora Flomi en Quer\u00e9taro.<br \/><strong>Direcciones:<\/strong> C. Rafael de la Mora 20, Reforma Agraria 1A Seccion, 76086 Santiago de Quer\u00e9taro, Qro.<br \/><strong>Tel\u00e9fono:<\/strong> (442)341 0412, (442)341 0251, (442)222 2215.<br \/><strong>Sitio:<\/strong> https:\/\/www.alquiladoraflomi.com\/<br \/><strong>E-mail:<\/strong> alquileres_flomi@hotmail.com<br \/><strong>Rese\u00f1a:<\/strong> Productos y servicios que ofrece Alquiladora Flomi,\u00a0Renta de Mesas y sillas para eventos, Inflables para fiestas, Rockolas, Carpas para eventos, Caminos de diferentes colores, Salas lounge para fiestas o todo tipo de eventos, Sillas tipo Tiffany. Otros servicios: Manteler\u00eda, Cristaler\u00eda, Fotograf\u00eda y video.<br \/><a href=\"https:\/\/goo.gl\/maps\/uNezAgiG5txMzbmi8\" target=\"_blank\" rel=\"noopener,nofollow noopener\">Link de Ubicaci\u00f3n en Mapa Google. Clic Mapa.<\/a><\/p><hr \/><h3>Alquileres San Rosse<\/h3><p>Servicio de Alquileres San Rosse en Quer\u00e9taro.<br \/><strong>Direcciones:<\/strong> Calzada Col\u00f3n 33, C. Corregidora 190, Centro, 76000 Santiago de Quer\u00e9taro, Qro.<br \/><strong>Tel\u00e9fono:<\/strong> (442)230 5756, (442)455 1955.<br \/><strong>WhatsApp:<\/strong> (442)230 5756.<br \/><strong>Sitio:<\/strong> https:\/\/www.alquileressanrosse.com.mx\/<br \/><strong>E-mail:<\/strong> lucyvillalon@hotmail.com<br \/><strong>Rese\u00f1a:<\/strong> Productos y servicios que ofrece Alquileres San Rosse,\u00a0Renta de sillas, Renta de mesas, Renta de mobiliario vintage, Renta de salas lounge, Renta de loza, Renta de cristaler\u00eda, Renta de manteler\u00eda elegante, Renta de inflables, Renta de carpas, DJ, Renta de salones y jardines, Organizador de eventos, Taquizas, Mesa de dulces, Periqueras lounge, Mesa de novios, Periqueras vintage, Pistas iluminadas, Meseros, Banquetes (3 tiempos).<br \/><a href=\"https:\/\/goo.gl\/maps\/vsxs2KHw9U6iATRs8\" target=\"_blank\" rel=\"noopener,nofollow noopener\">Link de Ubicaci\u00f3n en Mapa Google. Clic Mapa.<\/a><\/p><hr \/><h3>DJ Renta de Sillas y Mesas<\/h3><p>Servicio de DJ Renta de Sillas y Mesas en Quer\u00e9taro.<br \/><strong>Direcciones:<\/strong> Jes\u00fas Mar\u00eda V\u00e1zquez 549 Col, Mision de Sta Sofia, 76903 Candiles, Qro.<br \/><strong>Tel\u00e9fono:<\/strong> (442)338 8572.<br \/><strong>WhatsApp:<\/strong> (442)338 8572.<br \/><strong>Sitio:<\/strong> https:\/\/www.facebook.com\/DJRentadeSillasyMesas<br \/><strong>E-mail:<\/strong> rosypuga2@hotmail.com<br \/><strong>Rese\u00f1a:<\/strong> Productos y servicios que ofrece DJ Renta de Sillas y Mesas,\u00a0Renta de mesas y sillas con mantel, Tablones Infantiles, Rectangulares y Redondos, Carpa, Renta de rockola.<br \/><a href=\"https:\/\/goo.gl\/maps\/3JzSP9aWGG4WtNun6\" target=\"_blank\" rel=\"noopener,nofollow noopener\">Link de Ubicaci\u00f3n en Mapa Google. Clic Mapa.<\/a><\/p><hr \/><h3>Atracciones Negrete<\/h3><p>Servicio de Atracciones Negrete en Quer\u00e9taro.<br \/><strong>Direcciones:<\/strong> 76134, El Tintero, 76134 Santiago de Quer\u00e9taro, Qro.<br \/><strong>Tel\u00e9fono:<\/strong> (442)171 2364, (442)321 4621.<br \/><strong>WhatsApp:<\/strong> (442)321 4621.<br \/><strong>Sitio:<\/strong> https:\/\/www.facebook.com\/atraccionesnegrete<br \/><strong>E-mail:<\/strong> atraccionesnegrete@gmail.com<br \/><strong>Rese\u00f1a:<\/strong> Productos y servicios que ofrece Atracciones Negrete,\u00a0Renta de silla infantil Premium, Mesa infantil, Renta de Futbolito, Renta de Rockola, Renta de brincolin peque\u00f1o, Renta de brincolin grande, Renta de inflable chiquito, Renta de inflable mediano: Bob Esponja, Renta de inflable grande: Spiderman, Renta de inflable grande: M\u00faltiple, Renta silla premium, Renta de silla b\u00e1sica, Renta de mesa.<br \/><a href=\"https:\/\/goo.gl\/maps\/mNJAp2Se1arca89J6\" target=\"_blank\" rel=\"noopener,nofollow noopener\">Link de Ubicaci\u00f3n en Mapa Google. Clic Mapa.<\/a><\/p><hr \/><h3>Fiesta Total Quer\u00e9taro<\/h3><p>Servicio de Fiesta Total Quer\u00e9taro en Quer\u00e9taro.<br \/><strong>Direcciones:<\/strong> Av. Prol. Pasteur Sur 1023, Villas del Cimatario, Roma, 76087 Santiago de Quer\u00e9taro, Qro.<br \/><strong>Tel\u00e9fono:<\/strong> (442)313 9248.<br \/><strong>WhatsApp:<\/strong> (442)313 9248.<br \/><strong>Sitio:<\/strong> https:\/\/fiestatotalqro.com\/<br \/><strong>Rese\u00f1a:<\/strong> Productos y servicios que ofrece Fiesta Total Quer\u00e9taro,\u00a0Sillas y Tablones, Carpas, Toro Mec\u00e1nico Rodeo, Rockola IPod, Inflable Mickey Mouse, Inflable Pepa Pig, Inflable Dragones, Inflable Barco, Futbolito, Trampol\u00edn, Inflable Nemo, Inflable Mickey Mouse Club House, Inflable Capitan Am\u00e9rica.<br \/><a href=\"https:\/\/goo.gl\/maps\/m4osczR5jnwUBKHd8\" target=\"_blank\" rel=\"noopener,nofollow noopener\">Link de Ubicaci\u00f3n en Mapa Google. Clic Mapa.<\/a><\/p><hr \/>\t\t\t\t\t\t\t\t<\/div>\n\t\t\t\t<\/div>\n\t\t\t\t\t<\/div>\n\t\t\t\t<\/div>\n\t\t<div class=\"elementor-element elementor-element-a75f48a e-flex e-con-boxed e-con e-parent\" data-id=\"a75f48a\" data-element_type=\"container\">\n\t\t\t\t\t<div class=\"e-con-inner\">\n\t\t\t\t<div class=\"elementor-element elementor-element-29ed499 elementor-widget elementor-widget-heading\" data-id=\"29ed499\" data-element_type=\"widget\" data-widget_type=\"heading.default\">\n\t\t\t\t<div class=\"elementor-widget-container\">\n\t\t\t\t\t<h2 class=\"elementor-heading-title elementor-size-default\">Servicios de Renta de Mesas y Sillas Mapa<\/h2>\t\t\t\t<\/div>\n\t\t\t\t<\/div>\n\t\t\t\t<div class=\"elementor-element elementor-element-7d151be elementor-widget elementor-widget-text-editor\" data-id=\"7d151be\" data-element_type=\"widget\" data-widget_type=\"text-editor.default\">\n\t\t\t\t<div class=\"elementor-widget-container\">\n\t\t\t\t\t\t\t\t\t<p>Los servicios especializados de renta de mesas y sillas, Sillas Tiffany, Sillas Versalles, Sillas Bamboo, Sillas Avant Garde, Sillas Cross Back, Sillas Phoenix, Sillas Ghost, Sillas Luis Xv, Sillas Tolix, Sillas Para Conferencias, Sillas Acojinadas, Sillas De Herreria, Sillas De Terciopelo, Sillas Eames, Sillas De Ratan, Mesas De Parota, Mesas De Espejo, Mesas De Cristal, Mesas De Marmol, Mesas De Madera, Mesas Media Luna De Madera, Mesas Serpentina, Mesas Vintage, Mesas De Herreria, Mesas Cuadradas, Mesas Redondas, Mesas De Bar, Mesas Tablon, Mesas De Apoyo, Salas Lounge, Salas Vintage, Mesas Periqueras de Marmol, Mesas Periqueras de Cristal, Mesas Periqueras de Espejo, Mesas Periqueras de Madera, Mesas Periqueras de Parota, Mesas Periqueras Vintage, Mesas Periqueras Tolix, Mesas Periqueras Tiffany, Mesas Periqueras Phoenix, Mesas Periqueras de Herreria, Carpas, Lonas, Tarimas, Templetes, Pista De Baile, Yute, Charol, Alfombra, Pasto Alfombra, Cristaleria, Manteleria, Calentadores Para Exterior, Chafers, Copas De Colores, Puestos Mexicanos, Teepee, Sombrillas, Vajillas, Vitroleros, Enfriaderas, Banquetes, Taquizas, Bocadillos, Canapes, Brunch, Desayunos, Coffee Break, Buffet.<\/p>\t\t\t\t\t\t\t\t<\/div>\n\t\t\t\t<\/div>\n\t\t\t\t\t<\/div>\n\t\t\t\t<\/div>\n\t\t<div class=\"elementor-element elementor-element-1cb7bbc e-flex e-con-boxed e-con e-parent\" data-id=\"1cb7bbc\" data-element_type=\"container\">\n\t\t\t\t\t<div class=\"e-con-inner\">\n\t\t\t\t<div class=\"elementor-element elementor-element-9a3d2a0 elementor-widget elementor-widget-text-editor\" data-id=\"9a3d2a0\" data-element_type=\"widget\" data-widget_type=\"text-editor.default\">\n\t\t\t\t<div class=\"elementor-widget-container\">\n\t\t\t\t\t\t\t\t\t<iframe style=\"border: 0;\" src=\"https:\/\/www.google.com\/maps\/embed?pb=!1m16!1m12!1m3!1d59751.22644517035!2d-100.3945965800129!3d20.610439304085016!2m3!1f0!2f0!3f0!3m2!1i1024!2i768!4f13.1!2m1!1sRenta%20de%20Mesas%20y%20Sillas!5e0!3m2!1ses-419!2smx!4v1670566268958!5m2!1ses-419!2smx\" width=\"100%\" height=\"450\" frameborder=\"0\" allowfullscreen=\"allowfullscreen\"><\/iframe>\t\t\t\t\t\t\t\t<\/div>\n\t\t\t\t<\/div>\n\t\t\t\t\t<\/div>\n\t\t\t\t<\/div>\n\t\t<div class=\"elementor-element elementor-element-b93029e e-flex e-con-boxed e-con e-parent\" data-id=\"b93029e\" data-element_type=\"container\">\n\t\t\t\t\t<div class=\"e-con-inner\">\n\t\t<div class=\"elementor-element elementor-element-0bf8de6 e-con-full e-flex e-con e-child\" data-id=\"0bf8de6\" data-element_type=\"container\">\n\t\t\t\t<div class=\"elementor-element elementor-element-208a912 elementor-widget elementor-widget-image\" data-id=\"208a912\" data-element_type=\"widget\" data-widget_type=\"image.default\">\n\t\t\t\t<div class=\"elementor-widget-container\">\n\t\t\t\t\t\t\t\t\t\t\t\t\t\t\t\t<a href=\"https:\/\/mkdigital10.com\/plan-full-empresarial\/\">\n\t\t\t\t\t\t\t<img fetchpriority=\"high\" decoding=\"async\" width=\"750\" height=\"750\" src=\"https:\/\/queretaro10.com\/directorios\/wp-content\/uploads\/2024\/06\/qro10-4-2024-PLAN-FULL-EMPRESARIAL-min.png\" class=\"attachment-full size-full wp-image-809\" alt=\"Plan Full MARKETING EMPRESARIAL\" srcset=\"https:\/\/queretaro10.com\/directorios\/wp-content\/uploads\/2024\/06\/qro10-4-2024-PLAN-FULL-EMPRESARIAL-min.png 750w, https:\/\/queretaro10.com\/directorios\/wp-content\/uploads\/2024\/06\/qro10-4-2024-PLAN-FULL-EMPRESARIAL-min-300x300.png 300w, https:\/\/queretaro10.com\/directorios\/wp-content\/uploads\/2024\/06\/qro10-4-2024-PLAN-FULL-EMPRESARIAL-min-150x150.png 150w\" sizes=\"(max-width: 750px) 100vw, 750px\" \/>\t\t\t\t\t\t\t\t<\/a>\n\t\t\t\t\t\t\t\t\t\t\t\t\t\t\t<\/div>\n\t\t\t\t<\/div>\n\t\t\t\t<\/div>\n\t\t<div class=\"elementor-element elementor-element-f8a43fa e-con-full e-flex e-con e-child\" data-id=\"f8a43fa\" data-element_type=\"container\">\n\t\t\t\t<div class=\"elementor-element elementor-element-7536355 elementor-widget elementor-widget-image\" data-id=\"7536355\" data-element_type=\"widget\" data-widget_type=\"image.default\">\n\t\t\t\t<div class=\"elementor-widget-container\">\n\t\t\t\t\t\t\t\t\t\t\t\t\t\t\t\t<a href=\"https:\/\/queretaro10.com\/qro\/marketing\/\">\n\t\t\t\t\t\t\t<img decoding=\"async\" width=\"750\" height=\"750\" src=\"https:\/\/queretaro10.com\/directorios\/wp-content\/uploads\/2024\/06\/qro10-Plan-MK-Digital-PyMe-Local-cuadro-4-min.png\" class=\"attachment-full size-full wp-image-810\" alt=\"PLAN FULL MARKETING DIGITAL PyMe Local\" srcset=\"https:\/\/queretaro10.com\/directorios\/wp-content\/uploads\/2024\/06\/qro10-Plan-MK-Digital-PyMe-Local-cuadro-4-min.png 750w, https:\/\/queretaro10.com\/directorios\/wp-content\/uploads\/2024\/06\/qro10-Plan-MK-Digital-PyMe-Local-cuadro-4-min-300x300.png 300w, https:\/\/queretaro10.com\/directorios\/wp-content\/uploads\/2024\/06\/qro10-Plan-MK-Digital-PyMe-Local-cuadro-4-min-150x150.png 150w\" sizes=\"(max-width: 750px) 100vw, 750px\" \/>\t\t\t\t\t\t\t\t<\/a>\n\t\t\t\t\t\t\t\t\t\t\t\t\t\t\t<\/div>\n\t\t\t\t<\/div>\n\t\t\t\t<\/div>\n\t\t<div class=\"elementor-element elementor-element-a062125 e-con-full e-flex e-con e-child\" data-id=\"a062125\" data-element_type=\"container\">\n\t\t\t\t<div class=\"elementor-element elementor-element-8ddc86b elementor-widget elementor-widget-image\" data-id=\"8ddc86b\" data-element_type=\"widget\" data-widget_type=\"image.default\">\n\t\t\t\t<div class=\"elementor-widget-container\">\n\t\t\t\t\t\t\t\t\t\t\t\t\t\t\t\t<a href=\"https:\/\/mkdigital10.com\/sem\/redes-sociales\/\">\n\t\t\t\t\t\t\t<img decoding=\"async\" width=\"750\" height=\"750\" src=\"https:\/\/queretaro10.com\/directorios\/wp-content\/uploads\/2025\/03\/qro10-Plan-Redes-Sociales.png\" class=\"attachment-full size-full wp-image-1199\" alt=\"Plan Redes Sociales\" srcset=\"https:\/\/queretaro10.com\/directorios\/wp-content\/uploads\/2025\/03\/qro10-Plan-Redes-Sociales.png 750w, https:\/\/queretaro10.com\/directorios\/wp-content\/uploads\/2025\/03\/qro10-Plan-Redes-Sociales-300x300.png 300w, https:\/\/queretaro10.com\/directorios\/wp-content\/uploads\/2025\/03\/qro10-Plan-Redes-Sociales-150x150.png 150w\" sizes=\"(max-width: 750px) 100vw, 750px\" \/>\t\t\t\t\t\t\t\t<\/a>\n\t\t\t\t\t\t\t\t\t\t\t\t\t\t\t<\/div>\n\t\t\t\t<\/div>\n\t\t\t\t<\/div>\n\t\t<div class=\"elementor-element elementor-element-3558423 e-con-full e-flex e-con e-child\" data-id=\"3558423\" data-element_type=\"container\">\n\t\t\t\t<div class=\"elementor-element elementor-element-8e4d686 elementor-widget elementor-widget-image\" data-id=\"8e4d686\" data-element_type=\"widget\" data-widget_type=\"image.default\">\n\t\t\t\t<div class=\"elementor-widget-container\">\n\t\t\t\t\t\t\t\t\t\t\t\t\t\t\t\t<a href=\"https:\/\/mkdigital10.com\/paginas-web\/\">\n\t\t\t\t\t\t\t<img loading=\"lazy\" decoding=\"async\" width=\"750\" height=\"750\" src=\"https:\/\/queretaro10.com\/directorios\/wp-content\/uploads\/2025\/03\/qro10-Plan-Paginas-Web-PyMe-Empresarial.png\" class=\"attachment-full size-full wp-image-1200\" alt=\"Plan P\u00e1ginas Web PyMe Empresarial\" srcset=\"https:\/\/queretaro10.com\/directorios\/wp-content\/uploads\/2025\/03\/qro10-Plan-Paginas-Web-PyMe-Empresarial.png 750w, https:\/\/queretaro10.com\/directorios\/wp-content\/uploads\/2025\/03\/qro10-Plan-Paginas-Web-PyMe-Empresarial-300x300.png 300w, https:\/\/queretaro10.com\/directorios\/wp-content\/uploads\/2025\/03\/qro10-Plan-Paginas-Web-PyMe-Empresarial-150x150.png 150w\" sizes=\"(max-width: 750px) 100vw, 750px\" \/>\t\t\t\t\t\t\t\t<\/a>\n\t\t\t\t\t\t\t\t\t\t\t\t\t\t\t<\/div>\n\t\t\t\t<\/div>\n\t\t\t\t<\/div>\n\t\t\t\t\t<\/div>\n\t\t\t\t<\/div>\n\t\t\t\t<\/div>\n\t\t","protected":false},"excerpt":{"rendered":"<p>Renta de Mesas y Sillas en Quer\u00e9taro El servicio de renta de mesas y sillas siempre es necesario, los ciudadanos [&hellip;]<\/p>\n","protected":false},"author":1,"featured_media":147,"parent":0,"menu_order":0,"comment_status":"closed","ping_status":"closed","template":"elementor_header_footer","meta":{"site-sidebar-layout":"default","site-content-layout":"","ast-site-content-layout":"default","site-content-style":"default","site-sidebar-style":"default","ast-global-header-display":"","ast-banner-title-visibility":"","ast-main-header-display":"","ast-hfb-above-header-display":"","ast-hfb-below-header-display":"","ast-hfb-mobile-header-display":"","site-post-title":"","ast-breadcrumbs-content":"","ast-featured-img":"","footer-sml-layout":"","theme-transparent-header-meta":"default","adv-header-id-meta":"","stick-header-meta":"","header-above-stick-meta":"","header-main-stick-meta":"","header-below-stick-meta":"","astra-migrate-meta-layouts":"set","ast-page-background-enabled":"default","ast-page-background-meta":{"desktop":{"background-color":"var(--ast-global-color-4)","background-image":"","background-repeat":"repeat","background-position":"center center","background-size":"auto","background-attachment":"scroll","background-type":"","background-media":"","overlay-type":"","overlay-color":"","overlay-opacity":"","overlay-gradient":""},"tablet":{"background-color":"","background-image":"","background-repeat":"repeat","background-position":"center center","background-size":"auto","background-attachment":"scroll","background-type":"","background-media":"","overlay-type":"","overlay-color":"","overlay-opacity":"","overlay-gradient":""},"mobile":{"background-color":"","background-image":"","background-repeat":"repeat","background-position":"center center","background-size":"auto","background-attachment":"scroll","background-type":"","background-media":"","overlay-type":"","overlay-color":"","overlay-opacity":"","overlay-gradient":""}},"ast-content-background-meta":{"desktop":{"background-color":"var(--ast-global-color-5)","background-image":"","background-repeat":"repeat","background-position":"center center","background-size":"auto","background-attachment":"scroll","background-type":"","background-media":"","overlay-type":"","overlay-color":"","overlay-opacity":"","overlay-gradient":""},"tablet":{"background-color":"var(--ast-global-color-5)","background-image":"","background-repeat":"repeat","background-position":"center center","background-size":"auto","background-attachment":"scroll","background-type":"","background-media":"","overlay-type":"","overlay-color":"","overlay-opacity":"","overlay-gradient":""},"mobile":{"background-color":"var(--ast-global-color-5)","background-image":"","background-repeat":"repeat","background-position":"center center","background-size":"auto","background-attachment":"scroll","background-type":"","background-media":"","overlay-type":"","overlay-color":"","overlay-opacity":"","overlay-gradient":""}},"footnotes":""},"class_list":["post-146","page","type-page","status-publish","has-post-thumbnail","hentry"],"aioseo_notices":[],"_links":{"self":[{"href":"https:\/\/queretaro10.com\/directorios\/wp-json\/wp\/v2\/pages\/146","targetHints":{"allow":["GET"]}}],"collection":[{"href":"https:\/\/queretaro10.com\/directorios\/wp-json\/wp\/v2\/pages"}],"about":[{"href":"https:\/\/queretaro10.com\/directorios\/wp-json\/wp\/v2\/types\/page"}],"author":[{"embeddable":true,"href":"https:\/\/queretaro10.com\/directorios\/wp-json\/wp\/v2\/users\/1"}],"replies":[{"embeddable":true,"href":"https:\/\/queretaro10.com\/directorios\/wp-json\/wp\/v2\/comments?post=146"}],"version-history":[{"count":10,"href":"https:\/\/queretaro10.com\/directorios\/wp-json\/wp\/v2\/pages\/146\/revisions"}],"predecessor-version":[{"id":1380,"href":"https:\/\/queretaro10.com\/directorios\/wp-json\/wp\/v2\/pages\/146\/revisions\/1380"}],"wp:featuredmedia":[{"embeddable":true,"href":"https:\/\/queretaro10.com\/directorios\/wp-json\/wp\/v2\/media\/147"}],"wp:attachment":[{"href":"https:\/\/queretaro10.com\/directorios\/wp-json\/wp\/v2\/media?parent=146"}],"curies":[{"name":"wp","href":"https:\/\/api.w.org\/{rel}","templated":true}]}}