{"id":159,"date":"2018-01-20T01:56:39","date_gmt":"2018-01-20T01:56:39","guid":{"rendered":"http:\/\/queretaro10.com\/?page_id=5105"},"modified":"2025-03-31T21:34:09","modified_gmt":"2025-03-31T21:34:09","slug":"tours","status":"publish","type":"page","link":"https:\/\/queretaro10.com\/directorios\/tours\/","title":{"rendered":"Tours en Quer\u00e9taro &#8211; Recorridos tur\u00edsticos"},"content":{"rendered":"\t\t<div data-elementor-type=\"wp-page\" data-elementor-id=\"159\" class=\"elementor elementor-159\">\n\t\t\t\t<div class=\"elementor-element elementor-element-c6d0596 e-flex e-con-boxed e-con e-parent\" data-id=\"c6d0596\" data-element_type=\"container\">\n\t\t\t\t\t<div class=\"e-con-inner\">\n\t\t\t\t<div class=\"elementor-element elementor-element-c12f7a4 elementor-widget elementor-widget-heading\" data-id=\"c12f7a4\" data-element_type=\"widget\" data-widget_type=\"heading.default\">\n\t\t\t\t<div class=\"elementor-widget-container\">\n\t\t\t\t\t<h1 class=\"elementor-heading-title elementor-size-default\">Tours en Quer\u00e9taro \u2013 Recorridos tur\u00edsticos<\/h1>\t\t\t\t<\/div>\n\t\t\t\t<\/div>\n\t\t\t\t<div class=\"elementor-element elementor-element-29754a5 elementor-widget elementor-widget-text-editor\" data-id=\"29754a5\" data-element_type=\"widget\" data-widget_type=\"text-editor.default\">\n\t\t\t\t<div class=\"elementor-widget-container\">\n\t\t\t\t\t\t\t\t\t<p>Listado y recopilaci\u00f3n de Recorridos Tur\u00edsticos o como se llama Tours en Quer\u00e9taro, aqu\u00ed podr\u00e1 encontrar a los mejores tours detectados en Medios Digitales, esperamos sea \u00fatil \u00e9sta informaci\u00f3n. Una recopilaci\u00f3n de las mejores tours en su visita o de Viaje del Estado de Quer\u00e9taro, los cuales fueron indexados en medios digitales como buenos contactos.<\/p>\t\t\t\t\t\t\t\t<\/div>\n\t\t\t\t<\/div>\n\t\t\t\t\t<\/div>\n\t\t\t\t<\/div>\n\t\t<div class=\"elementor-element elementor-element-ea6fd01 e-flex e-con-boxed e-con e-parent\" data-id=\"ea6fd01\" data-element_type=\"container\">\n\t\t\t\t\t<div class=\"e-con-inner\">\n\t\t\t\t<div class=\"elementor-element elementor-element-63ab7c8 elementor-widget elementor-widget-heading\" data-id=\"63ab7c8\" data-element_type=\"widget\" data-widget_type=\"heading.default\">\n\t\t\t\t<div class=\"elementor-widget-container\">\n\t\t\t\t\t<h2 class=\"elementor-heading-title elementor-size-default\">Directorio de Tours en Quer\u00e9taro<\/h2>\t\t\t\t<\/div>\n\t\t\t\t<\/div>\n\t\t\t\t\t<\/div>\n\t\t\t\t<\/div>\n\t\t<div class=\"elementor-element elementor-element-b34d17d e-flex e-con-boxed e-con e-parent\" data-id=\"b34d17d\" data-element_type=\"container\">\n\t\t\t\t\t<div class=\"e-con-inner\">\n\t\t<div class=\"elementor-element elementor-element-778591f e-con-full e-flex e-con e-child\" data-id=\"778591f\" data-element_type=\"container\">\n\t\t\t\t<div class=\"elementor-element elementor-element-5803473 elementor-widget elementor-widget-text-editor\" data-id=\"5803473\" data-element_type=\"widget\" data-widget_type=\"text-editor.default\">\n\t\t\t\t<div class=\"elementor-widget-container\">\n\t\t\t\t\t\t\t\t\t<h3>Eco Viajes Quer\u00e9taro<\/h3><p><strong>Tel:\u00a0<\/strong>(442) 359 3059<br \/><strong>Direcci\u00f3n:<\/strong>\u00a0Prol. Bernardo Quintana Sur, 302, Centro Sur, C.P. 76090 Quer\u00e9taro, Qro.<br \/><strong>Link:\u00a0<\/strong><a href=\"https:\/\/ecoviajesmexico.net\/\" target=\"_blank\" rel=\"nofollow noopener\">https:\/\/ecoviajesmexico.net\/<\/a><\/p><h3>Coral Tours<\/h3><p><strong>Tel:\u00a0<\/strong>(442) 394 2878<br \/><strong>Direcci\u00f3n:<\/strong>\u00a0Uruguay 51 Lomas de Quer\u00e9taro planta baja C.P. 76190 Quer\u00e9taro, Qro.<br \/><strong>Link:\u00a0<\/strong><a href=\"http:\/\/www.coraltours.com.mx\/\" target=\"_blank\" rel=\"nofollow noopener\">http:\/\/www.coraltours.com.mx\/<\/a><\/p><h3>Quer\u00e9taro Lindo<\/h3><p><strong>Tel:\u00a0<\/strong>(442) 341 8661<br \/><strong>Direcci\u00f3n:<\/strong>\u00a0Plaza de Zimapan 72, Plazas del Sol C.P. 76099 Santiago de Quer\u00e9taro, Qro.<br \/><strong>Link:\u00a0<\/strong><a href=\"https:\/\/www.queretarolindo.com\/\" target=\"_blank\" rel=\"nofollow noopener\">https:\/\/www.queretarolindo.com\/<\/a><\/p><h3>VochoTour<\/h3><p><strong>Tel:\u00a0<\/strong>(442)\u00a0140 1281<br \/><strong>Direcci\u00f3n:<\/strong>\u00a0Av Circunvalaci\u00f3n 21, Jardines de Queretaro, 76020 Santiago de Quer\u00e9taro, Qro.<br \/><strong>Link:\u00a0<\/strong><a href=\"http:\/\/vochotour.com.mx\/\" target=\"_blank\" rel=\"nofollow noopener\">http:\/\/vochotour.com.mx\/<\/a><\/p><h3>Bnd Tours Pinal De Amoles<\/h3><p><strong>Tel:\u00a0<\/strong>(441) 122 8989<br \/><strong>Direcci\u00f3n:<\/strong>\u00a0Calle Curva Colorada #1 Pinal de Amoles, Qro.<br \/><strong>Link:\u00a0<\/strong><a href=\"http:\/\/www.queretaro.travel\/es\/que-hacer\/ficha\/490\/bnd-tours\/\" target=\"_blank\" rel=\"nofollow noopener\">http:\/\/www.queretaro.travel\/<\/a><\/p><h3>Cetia Ti Campamentos<\/h3><p><strong>Tel:\u00a0<\/strong>(442) 230 2028<br \/><strong>Direcci\u00f3n:<\/strong>\u00a0Jos\u00e9 Clemente Orozco #2 Local #3 Plaza Tr\u00e9bol en Pueblo Nuevo, Corregidora, Qro.<br \/><strong>Link:\u00a0<\/strong><a href=\"http:\/\/www.cetiati.com.mx\/\" target=\"_blank\" rel=\"nofollow noopener\">http:\/\/www.cetiati.com.mx\/<\/a><\/p><h3>Ecoturismo Los Cuervos Bernal<\/h3><p><strong>Tel:\u00a0<\/strong>(441) 116 5269<br \/><strong>Direcci\u00f3n:<\/strong>\u00a0Iturbide 1,Col. Centro, Bernal, Quer\u00e9taro.<br \/><strong>Link:\u00a0<\/strong><a href=\"http:\/\/www.ecoturismoloscuervos.com.mx\/\" target=\"_blank\" rel=\"nofollow noopener\">http:\/\/www.ecoturismoloscuervos.com.mx\/<\/a><\/p><h3>Megusta Quer\u00e9taro<\/h3><p><strong>Tel:\u00a0<\/strong>(442) 212 7164<br \/><strong>Direcci\u00f3n:<\/strong>\u00a016 de Septiembre 8 Local 19, Centro Historico, Santiago de Quer\u00e9taro, Qro.\u00a0C.P. 76000<br \/><strong>Link:\u00a0<\/strong><a href=\"https:\/\/www.megustaqueretaro.com.mx\/\" target=\"_blank\" rel=\"nofollow noopener\">https:\/\/www.megustaqueretaro.com.mx\/<\/a><\/p><h3>Turismo Conceptos Quer\u00e9taro<\/h3><p><strong>Tel:\u00a0<\/strong>(442) 222 5191<br \/><strong>Direcci\u00f3n:<\/strong>\u00a0San Diego de los Padres #414 Col. Vista Alegre 76090 \/ Portal Bueno, Col. Centro, 76000 Quer\u00e9taro, Qro.<br \/><strong>Link:\u00a0<\/strong><a href=\"http:\/\/www.tranviaqueretaro.com.mx\/\" target=\"_blank\" rel=\"nofollow noopener\">http:\/\/www.tranviaqueretaro.com.mx\/<\/a><\/p><h3>Aventurate<\/h3><p><strong>Tel:\u00a0<\/strong>(441) 296 0714<br \/><strong>Direcci\u00f3n:<\/strong>\u00a0Benito Ju\u00e1rez #29 col. Centro, Jalpan de Serra, Qro.<br \/><strong>Link:\u00a0<\/strong><a href=\"http:\/\/www.aventurate.mx\/\" target=\"_blank\" rel=\"nofollow noopener\">http:\/\/www.aventurate.mx\/<\/a><\/p><h3>Quer\u00e9taro.Travel<\/h3><p><strong>Tel:\u00a0<\/strong>(442) 238 5067<br \/><strong>Direcci\u00f3n:<\/strong>\u00a0Avenida Luis Pasteur 4, Col. Centro, C.P. 76000 Santiago de Quer\u00e9taro, QRO.<br \/><strong>Link:\u00a0<\/strong><a href=\"http:\/\/www.queretaro.travel\/es\/\" target=\"_blank\" rel=\"nofollow noopener\">http:\/\/www.queretaro.travel\/<\/a><\/p>\t\t\t\t\t\t\t\t<\/div>\n\t\t\t\t<\/div>\n\t\t\t\t<\/div>\n\t\t<div class=\"elementor-element elementor-element-ae84870 e-con-full e-flex e-con e-child\" data-id=\"ae84870\" data-element_type=\"container\">\n\t\t\t\t<div class=\"elementor-element elementor-element-eb731a3 elementor-widget elementor-widget-text-editor\" data-id=\"eb731a3\" data-element_type=\"widget\" data-widget_type=\"text-editor.default\">\n\t\t\t\t<div class=\"elementor-widget-container\">\n\t\t\t\t\t\t\t\t\t<h3>Palomas Tour Qro<\/h3><p><strong>Tel:\u00a0<\/strong>(442) 327 5679<br \/><strong>Direcci\u00f3n:<\/strong>\u00a0Calle Diamante 917, Lomas de San Pedrito, 76125 Santiago de Quer\u00e9taro, Qro.<br \/><strong>Link:\u00a0<\/strong>http:\/\/www.palomastour.com\/<\/p><h3>EQRO Turismo La Corregidora<\/h3><p><strong>Tel:\u00a0<\/strong>(442) 212 4964<br \/><strong>Direcci\u00f3n:<\/strong>\u00a0Prolongaci\u00f3n Tecnol\u00f3gico 950 B Piso 4B Int 1 Col. San Pablo CP 76159 Quer\u00e9taro, Qro.<br \/><strong>Link:\u00a0<\/strong><a href=\"https:\/\/eqroturismo.com\/\" target=\"_blank\" rel=\"nofollow noopener\">https:\/\/eqroturismo.com\/<\/a><\/p><h3>Acueductour<\/h3><p><strong>Tel:\u00a0<\/strong>(442) 140 5288<br \/><strong>Direcci\u00f3n:<\/strong>\u00a0Andador 16 de Septiembre No.22 Local C, Col. Centro, Quer\u00e9taro, Qro.<br \/><strong>Link:\u00a0<\/strong><a href=\"https:\/\/www.turismodeexcelencia.com.mx\/\" target=\"_blank\" rel=\"nofollow noopener\">https:\/\/www.turismodeexcelencia.com.mx\/<\/a><\/p><h3>ABC Recorridos Tur\u00edsticos<\/h3><p><strong>Tel:\u00a0<\/strong>(442) 214 6088<br \/><strong>Direcci\u00f3n:<\/strong>\u00a0Ignacio Allende Sur No. 28 Ofna.\u00a010 Col.\u00a0Centro Quer\u00e9taro,\u00a0Qro.<br \/><strong>Link:\u00a0<\/strong><a href=\"http:\/\/agenciadeviajesabc.wixsite.com\/abcrecorridos\" target=\"_blank\" rel=\"nofollow noopener\">http:\/\/agenciadeviajesabc.wixsite.com\/<\/a><\/p><h3>Sierra Gorda Ecotours<\/h3><p><strong>Tel:\u00a0<\/strong>(441) 296 0700<br \/><strong>Direcci\u00f3n:<\/strong>\u00a0Av. La Presa s\/n Barrio El Pante\u00f3n, Jalpan de Serra, Qro.<br \/><strong>Link:\u00a0<\/strong><a href=\"http:\/\/sierragordaecotours.com\/\" target=\"_blank\" rel=\"nofollow noopener\">http:\/\/sierragordaecotours.com\/<\/a><\/p><h3>Turismo sin limites<\/h3><p><strong>Tel:\u00a0<\/strong>(442) 265 2339<br \/><strong>Direcci\u00f3n:<\/strong>\u00a016 de septiembre\u00a0No.\u00a08 Interior 126. Centro Hist\u00f3rico Quer\u00e9taro\u00a0Cp.\u00a076000<br \/><strong>Link:\u00a0<\/strong><a href=\"http:\/\/tranviasqueretaro.com\/home\/\" target=\"_blank\" rel=\"nofollow noopener\">http:\/\/tranviasqueretaro.com\/<\/a><\/p><h3>PromoTur Quer\u00e9taro<\/h3><p><strong>Tel:\u00a0<\/strong>(442) 212 8940<br \/><strong>Direcci\u00f3n:<\/strong>\u00a0Rio de la Loza\u00a0No. 21 Norte, Col. Centro. C.P. 76000 Quer\u00e9taro, Qro.<br \/><strong>Link:\u00a0<\/strong><a href=\"http:\/\/promoturqueretaro.com.mx\/\" target=\"_blank\" rel=\"nofollow noopener\">http:\/\/promoturqueretaro.com.mx\/<\/a><\/p><h3>Viajes y Enoturismo Tours<\/h3><p><strong>Tel:\u00a0<\/strong>(414) 273 5718<br \/><strong>Direcci\u00f3n:<\/strong>\u00a0Ju\u00e1rez 5, esquina con Guillermo Prieto Col. Centro Tequisquiapan, Quer\u00e9taro.<br \/>76090 \/ Portal Bueno, Col. Centro, 76000 Quer\u00e9taro, Qro.<br \/><strong>Link:\u00a0<\/strong><a href=\"https:\/\/www.viajesyenoturismo.com.mx\/\" target=\"_blank\" rel=\"nofollow noopener\">https:\/\/www.viajesyenoturismo.com.mx\/<\/a><\/p><h3>Cultours Quer\u00e9taro<\/h3><p><strong>Tel:\u00a0<\/strong>(442) 212 3995<br \/><strong>Direcci\u00f3n:<\/strong>\u00a0Andador Progreso No. 29 Int.2 Col. La Cruz, C.P. 76020, Quer\u00e9taro, Qro.<br \/><strong>Link:\u00a0<\/strong><a href=\"http:\/\/www.cultoursqueretaro.com.mx\/home.html\" target=\"_blank\" rel=\"nofollow noopener\">http:\/\/www.cultoursqueretaro.com.mx\/<\/a><\/p><h3>El Mes\u00f3n de Carolina<\/h3><p><strong>Tel:\u00a0<\/strong>(442) 224 0333<br \/><strong>Direcci\u00f3n:<\/strong>\u00a0Reforma No. 36 Col. Centro. Quer\u00e9taro, Qro.<br \/><strong>Link:\u00a0<\/strong><a href=\"http:\/\/www.mesondecarolina.com\/\" target=\"_blank\" rel=\"nofollow noopener\">http:\/\/www.mesondecarolina.com\/<\/a><\/p><h3>Viajes Asetur Quer\u00e9taro, M\u00e9xico<\/h3><p><strong>Tel:\u00a0<\/strong>(442) 317 624<br \/><strong>Direcci\u00f3n:<\/strong>\u00a0Av. M\u00e1rtires de Tacubaya 78, La Trinidad, C.P. 76166 Quer\u00e9taro, Qro.<br \/><strong>Link:\u00a0<\/strong><a href=\"http:\/\/asetur.agenciasviajes.mx\/\" target=\"_blank\" rel=\"nofollow noopener\">http:\/\/asetur.agenciasviajes.mx\/<\/a><\/p>\t\t\t\t\t\t\t\t<\/div>\n\t\t\t\t<\/div>\n\t\t\t\t<\/div>\n\t\t<div class=\"elementor-element elementor-element-be0445f e-con-full e-flex e-con e-child\" data-id=\"be0445f\" data-element_type=\"container\">\n\t\t\t\t<div class=\"elementor-element elementor-element-1335708 elementor-widget elementor-widget-text-editor\" data-id=\"1335708\" data-element_type=\"widget\" data-widget_type=\"text-editor.default\">\n\t\t\t\t<div class=\"elementor-widget-container\">\n\t\t\t\t\t\t\t\t\t<h3>Magic Tour<\/h3><p><strong>Tel:\u00a0<\/strong>(441) 567 0461<br \/><strong>Direcci\u00f3n:<\/strong>\u00a0Avenida Ju\u00e1rez S\/N, C.P. 76680, Bernal, Quer\u00e9taro.<br \/><strong>Link:\u00a0<\/strong><a href=\"https:\/\/www.magictour.me\/\" target=\"_blank\" rel=\"nofollow noopener\">https:\/\/www.magictour.me\/<\/a><\/p><h3>Quer\u00e9taro Lindo<\/h3><p><strong>Tel:\u00a0<\/strong>(442) 341 8661<br \/><strong>Direcci\u00f3n:<\/strong>\u00a0Plaza de Zimapan 72, Plazas del Sol C.P. 76099 Santiago de Quer\u00e9taro, Qro.<br \/><strong>Link:\u00a0<\/strong><a href=\"https:\/\/www.queretarolindo.com\/\" target=\"_blank\" rel=\"nofollow noopener\">https:\/\/www.queretarolindo.com\/<\/a><\/p><h3>Queretours<\/h3><p><strong>Tel:\u00a0<\/strong>(442) 223 0833<br \/><strong>Direcci\u00f3n:<\/strong>\u00a0J. Guadalupe Vel\u00e1zquez 5, Pate, C.P. 76020 Santiago de Quer\u00e9taro, Qro.<br \/><strong>Link:\u00a0<\/strong><a href=\"http:\/\/queretours.agenciasviajes.mx\/\" target=\"_blank\" rel=\"nofollow noopener\">http:\/\/queretours.agenciasviajes.mx\/<\/a><\/p><h3>Destinos Turisticos Jaguares<\/h3><p><strong>Tel:\u00a0<\/strong>(442) 224 2810<br \/><strong>Direcci\u00f3n:<\/strong>\u00a0Ocampo Sur 47, Centro, 76000 Santiago de Quer\u00e9taro, Qro.<br \/><strong>Link:\u00a0<\/strong><a href=\"http:\/\/www.queretaro.travel\/es\/que-hacer\/ficha\/375\/destinos-turisticos-jaguares\/\" target=\"_blank\" rel=\"nofollow noopener\">http:\/\/www.queretaro.travel\/<\/a><\/p><h3>La Pe\u00f1a Tours<\/h3><p><strong>Tel:\u00a0<\/strong>(441) 296 7398<br \/><strong>Direcci\u00f3n:<\/strong>\u00a0Independencia # 4 C.P. 76680, Bernal, Queretaro.<br \/><strong>Link:\u00a0<\/strong><a href=\"http:\/\/www.lapeniatours.com\/\" target=\"_blank\" rel=\"nofollow noopener\">http:\/\/www.lapeniatours.com\/<\/a><\/p><h3>Vivetours<\/h3><p><strong>Tel:\u00a0<\/strong>(427) 121 0248<br \/><strong>Direcci\u00f3n:<\/strong>\u00a0#<br \/><strong>Link:\u00a0<\/strong><a href=\"http:\/\/www.leyendasvivetours.com\/\" target=\"_blank\" rel=\"nofollow noopener\">http:\/\/www.leyendasvivetours.com\/<\/a><\/p><h3>Touretaro<\/h3><p><strong>Tel:\u00a0<\/strong>(442) 104 6265<br \/><strong>Direcci\u00f3n:<\/strong>\u00a0Calle Revoluci\u00f3n No.50 Bernal, Quer\u00e9taro.<br \/><strong>Link:\u00a0<\/strong><a href=\"http:\/\/www.touretaro.com\/\" target=\"_blank\" rel=\"nofollow noopener\">http:\/\/www.touretaro.com\/<\/a><\/p><h3>Vive Quer\u00e9taro<\/h3><p><strong>Tel:\u00a0<\/strong>(442) 688 5305<br \/><strong>Direcci\u00f3n:<\/strong>\u00a0#<br \/><strong>Link:\u00a0<\/strong><a href=\"http:\/\/www.vivequeretaro.com\/\" target=\"_blank\" rel=\"nofollow noopener\">http:\/\/www.vivequeretaro.com\/<\/a><\/p><h3>Ecotierra Turismo de Aventura<\/h3><p><strong>Tel:\u00a0<\/strong>(442) 248 3271<br \/><strong>Direcci\u00f3n:<\/strong>\u00a0Jos\u00e9 Clemente Orozco # 2 local 3, Pueblo Nuevo. C.P. 76900 Corregidora, Queretaro.<br \/><strong>Link:\u00a0<\/strong><a href=\"http:\/\/www.cetiati.com.mx\/\" target=\"_blank\" rel=\"nofollow noopener\">http:\/\/www.cetiati.com.mx\/<\/a><\/p><h3>Turismo Alternativo Tour Operadora<\/h3><p><strong>Tel:\u00a0<\/strong>(414) 273 2742<br \/><strong>Direcci\u00f3n:<\/strong>\u00a0Andador comercial Vista Hermosa, Local 1, Col. Vista Hermosa, Tequisquiapan, Qro, C.P. 76750<br \/><strong>Link:\u00a0<\/strong><a href=\"http:\/\/www.turismoalternativo.com.mx\/\" target=\"_blank\" rel=\"nofollow noopener\">http:\/\/www.turismoalternativo.com.mx\/<\/a><\/p><h3>Exxi Challenge Mx<\/h3><p><strong>Tel:\u00a0<\/strong>(442) 225 2640<br \/><strong>Direcci\u00f3n:<\/strong>\u00a0Prolongaci\u00f3n Bernardo Quintana 159, Loma Dorada C.P. 76060, Quer\u00e9taro,\u00a0Qro.<br \/><strong>Link:\u00a0<\/strong><a href=\"https:\/\/www.exxichallenge.com\/\" target=\"_blank\" rel=\"nofollow noopener\">https:\/\/www.exxichallenge.com\/<\/a><\/p>\t\t\t\t\t\t\t\t<\/div>\n\t\t\t\t<\/div>\n\t\t\t\t<\/div>\n\t\t\t\t\t<\/div>\n\t\t\t\t<\/div>\n\t\t<div class=\"elementor-element elementor-element-1ce12a7 e-flex e-con-boxed e-con e-parent\" data-id=\"1ce12a7\" data-element_type=\"container\">\n\t\t\t\t\t<div class=\"e-con-inner\">\n\t\t<div class=\"elementor-element elementor-element-5cd2f31 e-con-full e-flex e-con e-child\" data-id=\"5cd2f31\" data-element_type=\"container\">\n\t\t\t\t<div class=\"elementor-element elementor-element-cb989f1 elementor-widget elementor-widget-image\" data-id=\"cb989f1\" data-element_type=\"widget\" data-widget_type=\"image.default\">\n\t\t\t\t<div class=\"elementor-widget-container\">\n\t\t\t\t\t\t\t\t\t\t\t\t\t\t\t\t<a href=\"https:\/\/mkdigital10.com\/plan-full-empresarial\/\">\n\t\t\t\t\t\t\t<img fetchpriority=\"high\" decoding=\"async\" width=\"750\" height=\"750\" src=\"https:\/\/queretaro10.com\/directorios\/wp-content\/uploads\/2024\/06\/qro10-4-2024-PLAN-FULL-EMPRESARIAL-min.png\" class=\"attachment-full size-full wp-image-809\" alt=\"Plan Full MARKETING EMPRESARIAL\" srcset=\"https:\/\/queretaro10.com\/directorios\/wp-content\/uploads\/2024\/06\/qro10-4-2024-PLAN-FULL-EMPRESARIAL-min.png 750w, https:\/\/queretaro10.com\/directorios\/wp-content\/uploads\/2024\/06\/qro10-4-2024-PLAN-FULL-EMPRESARIAL-min-300x300.png 300w, https:\/\/queretaro10.com\/directorios\/wp-content\/uploads\/2024\/06\/qro10-4-2024-PLAN-FULL-EMPRESARIAL-min-150x150.png 150w\" sizes=\"(max-width: 750px) 100vw, 750px\" \/>\t\t\t\t\t\t\t\t<\/a>\n\t\t\t\t\t\t\t\t\t\t\t\t\t\t\t<\/div>\n\t\t\t\t<\/div>\n\t\t\t\t<\/div>\n\t\t<div class=\"elementor-element elementor-element-39fe455 e-con-full e-flex e-con e-child\" data-id=\"39fe455\" data-element_type=\"container\">\n\t\t\t\t<div class=\"elementor-element elementor-element-a323b2a elementor-widget elementor-widget-image\" data-id=\"a323b2a\" data-element_type=\"widget\" data-widget_type=\"image.default\">\n\t\t\t\t<div class=\"elementor-widget-container\">\n\t\t\t\t\t\t\t\t\t\t\t\t\t\t\t\t<a href=\"https:\/\/queretaro10.com\/qro\/marketing\/\">\n\t\t\t\t\t\t\t<img decoding=\"async\" width=\"750\" height=\"750\" src=\"https:\/\/queretaro10.com\/directorios\/wp-content\/uploads\/2024\/06\/qro10-Plan-MK-Digital-PyMe-Local-cuadro-4-min.png\" class=\"attachment-full size-full wp-image-810\" alt=\"PLAN FULL MARKETING DIGITAL PyMe Local\" srcset=\"https:\/\/queretaro10.com\/directorios\/wp-content\/uploads\/2024\/06\/qro10-Plan-MK-Digital-PyMe-Local-cuadro-4-min.png 750w, https:\/\/queretaro10.com\/directorios\/wp-content\/uploads\/2024\/06\/qro10-Plan-MK-Digital-PyMe-Local-cuadro-4-min-300x300.png 300w, https:\/\/queretaro10.com\/directorios\/wp-content\/uploads\/2024\/06\/qro10-Plan-MK-Digital-PyMe-Local-cuadro-4-min-150x150.png 150w\" sizes=\"(max-width: 750px) 100vw, 750px\" \/>\t\t\t\t\t\t\t\t<\/a>\n\t\t\t\t\t\t\t\t\t\t\t\t\t\t\t<\/div>\n\t\t\t\t<\/div>\n\t\t\t\t<\/div>\n\t\t<div class=\"elementor-element elementor-element-5e7c518 e-con-full e-flex e-con e-child\" data-id=\"5e7c518\" data-element_type=\"container\">\n\t\t\t\t<div class=\"elementor-element elementor-element-2d95c9a elementor-widget elementor-widget-image\" data-id=\"2d95c9a\" data-element_type=\"widget\" data-widget_type=\"image.default\">\n\t\t\t\t<div class=\"elementor-widget-container\">\n\t\t\t\t\t\t\t\t\t\t\t\t\t\t\t\t<a href=\"https:\/\/mkdigital10.com\/sem\/redes-sociales\/\">\n\t\t\t\t\t\t\t<img decoding=\"async\" width=\"750\" height=\"750\" src=\"https:\/\/queretaro10.com\/directorios\/wp-content\/uploads\/2025\/03\/qro10-Plan-Redes-Sociales.png\" class=\"attachment-full size-full wp-image-1199\" alt=\"Plan Redes Sociales\" srcset=\"https:\/\/queretaro10.com\/directorios\/wp-content\/uploads\/2025\/03\/qro10-Plan-Redes-Sociales.png 750w, https:\/\/queretaro10.com\/directorios\/wp-content\/uploads\/2025\/03\/qro10-Plan-Redes-Sociales-300x300.png 300w, https:\/\/queretaro10.com\/directorios\/wp-content\/uploads\/2025\/03\/qro10-Plan-Redes-Sociales-150x150.png 150w\" sizes=\"(max-width: 750px) 100vw, 750px\" \/>\t\t\t\t\t\t\t\t<\/a>\n\t\t\t\t\t\t\t\t\t\t\t\t\t\t\t<\/div>\n\t\t\t\t<\/div>\n\t\t\t\t<\/div>\n\t\t<div class=\"elementor-element elementor-element-6f41523 e-con-full e-flex e-con e-child\" data-id=\"6f41523\" data-element_type=\"container\">\n\t\t\t\t<div class=\"elementor-element elementor-element-d2f78d2 elementor-widget elementor-widget-image\" data-id=\"d2f78d2\" data-element_type=\"widget\" data-widget_type=\"image.default\">\n\t\t\t\t<div class=\"elementor-widget-container\">\n\t\t\t\t\t\t\t\t\t\t\t\t\t\t\t\t<a href=\"https:\/\/mkdigital10.com\/paginas-web\/\">\n\t\t\t\t\t\t\t<img loading=\"lazy\" decoding=\"async\" width=\"750\" height=\"750\" src=\"https:\/\/queretaro10.com\/directorios\/wp-content\/uploads\/2025\/03\/qro10-Plan-Paginas-Web-PyMe-Empresarial.png\" class=\"attachment-full size-full wp-image-1200\" alt=\"Plan P\u00e1ginas Web PyMe Empresarial\" srcset=\"https:\/\/queretaro10.com\/directorios\/wp-content\/uploads\/2025\/03\/qro10-Plan-Paginas-Web-PyMe-Empresarial.png 750w, https:\/\/queretaro10.com\/directorios\/wp-content\/uploads\/2025\/03\/qro10-Plan-Paginas-Web-PyMe-Empresarial-300x300.png 300w, https:\/\/queretaro10.com\/directorios\/wp-content\/uploads\/2025\/03\/qro10-Plan-Paginas-Web-PyMe-Empresarial-150x150.png 150w\" sizes=\"(max-width: 750px) 100vw, 750px\" \/>\t\t\t\t\t\t\t\t<\/a>\n\t\t\t\t\t\t\t\t\t\t\t\t\t\t\t<\/div>\n\t\t\t\t<\/div>\n\t\t\t\t<\/div>\n\t\t\t\t\t<\/div>\n\t\t\t\t<\/div>\n\t\t\t\t<\/div>\n\t\t","protected":false},"excerpt":{"rendered":"<p>Tours en Quer\u00e9taro \u2013 Recorridos tur\u00edsticos Listado y recopilaci\u00f3n de Recorridos Tur\u00edsticos o como se llama Tours en Quer\u00e9taro, aqu\u00ed [&hellip;]<\/p>\n","protected":false},"author":1,"featured_media":161,"parent":0,"menu_order":0,"comment_status":"closed","ping_status":"closed","template":"elementor_header_footer","meta":{"site-sidebar-layout":"default","site-content-layout":"","ast-site-content-layout":"default","site-content-style":"default","site-sidebar-style":"default","ast-global-header-display":"","ast-banner-title-visibility":"","ast-main-header-display":"","ast-hfb-above-header-display":"","ast-hfb-below-header-display":"","ast-hfb-mobile-header-display":"","site-post-title":"","ast-breadcrumbs-content":"","ast-featured-img":"","footer-sml-layout":"","theme-transparent-header-meta":"default","adv-header-id-meta":"","stick-header-meta":"","header-above-stick-meta":"","header-main-stick-meta":"","header-below-stick-meta":"","astra-migrate-meta-layouts":"set","ast-page-background-enabled":"default","ast-page-background-meta":{"desktop":{"background-color":"var(--ast-global-color-4)","background-image":"","background-repeat":"repeat","background-position":"center center","background-size":"auto","background-attachment":"scroll","background-type":"","background-media":"","overlay-type":"","overlay-color":"","overlay-opacity":"","overlay-gradient":""},"tablet":{"background-color":"","background-image":"","background-repeat":"repeat","background-position":"center center","background-size":"auto","background-attachment":"scroll","background-type":"","background-media":"","overlay-type":"","overlay-color":"","overlay-opacity":"","overlay-gradient":""},"mobile":{"background-color":"","background-image":"","background-repeat":"repeat","background-position":"center center","background-size":"auto","background-attachment":"scroll","background-type":"","background-media":"","overlay-type":"","overlay-color":"","overlay-opacity":"","overlay-gradient":""}},"ast-content-background-meta":{"desktop":{"background-color":"var(--ast-global-color-5)","background-image":"","background-repeat":"repeat","background-position":"center center","background-size":"auto","background-attachment":"scroll","background-type":"","background-media":"","overlay-type":"","overlay-color":"","overlay-opacity":"","overlay-gradient":""},"tablet":{"background-color":"var(--ast-global-color-5)","background-image":"","background-repeat":"repeat","background-position":"center center","background-size":"auto","background-attachment":"scroll","background-type":"","background-media":"","overlay-type":"","overlay-color":"","overlay-opacity":"","overlay-gradient":""},"mobile":{"background-color":"var(--ast-global-color-5)","background-image":"","background-repeat":"repeat","background-position":"center center","background-size":"auto","background-attachment":"scroll","background-type":"","background-media":"","overlay-type":"","overlay-color":"","overlay-opacity":"","overlay-gradient":""}},"footnotes":""},"class_list":["post-159","page","type-page","status-publish","has-post-thumbnail","hentry"],"aioseo_notices":[],"_links":{"self":[{"href":"https:\/\/queretaro10.com\/directorios\/wp-json\/wp\/v2\/pages\/159","targetHints":{"allow":["GET"]}}],"collection":[{"href":"https:\/\/queretaro10.com\/directorios\/wp-json\/wp\/v2\/pages"}],"about":[{"href":"https:\/\/queretaro10.com\/directorios\/wp-json\/wp\/v2\/types\/page"}],"author":[{"embeddable":true,"href":"https:\/\/queretaro10.com\/directorios\/wp-json\/wp\/v2\/users\/1"}],"replies":[{"embeddable":true,"href":"https:\/\/queretaro10.com\/directorios\/wp-json\/wp\/v2\/comments?post=159"}],"version-history":[{"count":10,"href":"https:\/\/queretaro10.com\/directorios\/wp-json\/wp\/v2\/pages\/159\/revisions"}],"predecessor-version":[{"id":1281,"href":"https:\/\/queretaro10.com\/directorios\/wp-json\/wp\/v2\/pages\/159\/revisions\/1281"}],"wp:featuredmedia":[{"embeddable":true,"href":"https:\/\/queretaro10.com\/directorios\/wp-json\/wp\/v2\/media\/161"}],"wp:attachment":[{"href":"https:\/\/queretaro10.com\/directorios\/wp-json\/wp\/v2\/media?parent=159"}],"curies":[{"name":"wp","href":"https:\/\/api.w.org\/{rel}","templated":true}]}}