{"id":165,"date":"2022-11-14T02:14:00","date_gmt":"2022-11-14T02:14:00","guid":{"rendered":"https:\/\/queretaro10.com\/directorios\/?page_id=27301"},"modified":"2025-03-31T21:53:54","modified_gmt":"2025-03-31T21:53:54","slug":"unas-nails","status":"publish","type":"page","link":"https:\/\/queretaro10.com\/directorios\/unas-nails\/","title":{"rendered":"U\u00f1as Nails en Quer\u00e9taro"},"content":{"rendered":"\t\t<div data-elementor-type=\"wp-page\" data-elementor-id=\"165\" class=\"elementor elementor-165\">\n\t\t\t\t<div class=\"elementor-element elementor-element-3439ee1 e-flex e-con-boxed e-con e-parent\" data-id=\"3439ee1\" data-element_type=\"container\">\n\t\t\t\t\t<div class=\"e-con-inner\">\n\t\t\t\t<div class=\"elementor-element elementor-element-6335a37 elementor-widget elementor-widget-heading\" data-id=\"6335a37\" data-element_type=\"widget\" data-widget_type=\"heading.default\">\n\t\t\t\t<div class=\"elementor-widget-container\">\n\t\t\t\t\t<h1 class=\"elementor-heading-title elementor-size-default\">U\u00f1as Nails en Quer\u00e9taro<\/h1>\t\t\t\t<\/div>\n\t\t\t\t<\/div>\n\t\t\t\t<div class=\"elementor-element elementor-element-a62d45e elementor-widget elementor-widget-text-editor\" data-id=\"a62d45e\" data-element_type=\"widget\" data-widget_type=\"text-editor.default\">\n\t\t\t\t<div class=\"elementor-widget-container\">\n\t\t\t\t\t\t\t\t\t<p>El servicio de U\u00f1as Nails siempre es necesario, los ciudadanos por lo menos una vez al d\u00eda la utilizan, destacable servicio que se distinguen por su cuidadosa atenci\u00f3n al cliente y confortables instalaciones, todos los productos utilizados son de primer nivel, donde podr\u00e1s encontrar a m\u00e1s de 300 dise\u00f1os que van desde lo m\u00e1s sencillo hasta lo m\u00e1s extrovertido, s\u00ed buscas calidad es la mejor opci\u00f3n. A continuaci\u00f3n, seleccionamos algunos negocios que disponen de los mejores servicios de U\u00f1as Nails en Quer\u00e9taro.<\/p>\t\t\t\t\t\t\t\t<\/div>\n\t\t\t\t<\/div>\n\t\t\t\t\t<\/div>\n\t\t\t\t<\/div>\n\t\t<div class=\"elementor-element elementor-element-87c254d e-flex e-con-boxed e-con e-parent\" data-id=\"87c254d\" data-element_type=\"container\">\n\t\t\t\t\t<div class=\"e-con-inner\">\n\t\t\t\t<div class=\"elementor-element elementor-element-3265f3f elementor-widget elementor-widget-heading\" data-id=\"3265f3f\" data-element_type=\"widget\" data-widget_type=\"heading.default\">\n\t\t\t\t<div class=\"elementor-widget-container\">\n\t\t\t\t\t<h2 class=\"elementor-heading-title elementor-size-default\">Directorio de U\u00f1as Nails en Quer\u00e9taro<\/h2>\t\t\t\t<\/div>\n\t\t\t\t<\/div>\n\t\t\t\t<div class=\"elementor-element elementor-element-e70698a elementor-widget elementor-widget-text-editor\" data-id=\"e70698a\" data-element_type=\"widget\" data-widget_type=\"text-editor.default\">\n\t\t\t\t<div class=\"elementor-widget-container\">\n\t\t\t\t\t\t\t\t\t<p>Una recopilaci\u00f3n de los mejores servicios de U\u00f1as Nails del Estado de Quer\u00e9taro, los cuales fueron indexados en medios digitales como buenos contactos, si desea actualizar alg\u00fan dato o agregar un Servicio en Quer\u00e9taro con gusto lo realizamos.<\/p>\t\t\t\t\t\t\t\t<\/div>\n\t\t\t\t<\/div>\n\t\t\t\t\t<\/div>\n\t\t\t\t<\/div>\n\t\t<div class=\"elementor-element elementor-element-8c08248 e-flex e-con-boxed e-con e-parent\" data-id=\"8c08248\" data-element_type=\"container\">\n\t\t\t\t\t<div class=\"e-con-inner\">\n\t\t\t\t<div class=\"elementor-element elementor-element-feca3ab elementor-widget elementor-widget-text-editor\" data-id=\"feca3ab\" data-element_type=\"widget\" data-widget_type=\"text-editor.default\">\n\t\t\t\t<div class=\"elementor-widget-container\">\n\t\t\t\t\t\t\t\t\t<hr \/><h3>Glaam Nails Quer\u00e9taro<\/h3><p>Servicio de Glaam Nails Quer\u00e9taro.<br \/><strong>Direcciones:<\/strong> Ignacio Ramos Praslow 121, Constituyentes Fovissste, 76150 Santiago de Quer\u00e9taro, Qro.<br \/><strong>Tel\u00e9fono:<\/strong> (442)239 5538.<br \/><strong>Sitio:<\/strong> https:\/\/gnailsqro.com\/<br \/><strong>Rese\u00f1a:<\/strong> Productos y servicios que ofrece Glaam Nails Quer\u00e9taro, U\u00f1as, Gelish, Pedicure Spa, Manicure Spa, Ba\u00f1o de Acr\u00edlico, Acripie, Polygel, Retirado.<br \/><a href=\"https:\/\/goo.gl\/maps\/Dp88f6PDctYYDFD26\" target=\"_blank\" rel=\"noopener,nofollow noopener\">Link de Ubicaci\u00f3n en Mapa Google. Clic Mapa.<\/a><\/p><hr \/><h3>Nail it<\/h3><p>Servicio de Nail it en Quer\u00e9taro.<br \/><strong>Direcciones:<\/strong> Anillo Vial Fray Jun\u00edpero Serra 9200, El Refugio, 76146 Santiago de Quer\u00e9taro, Qro.<br \/><strong>Tel\u00e9fono:<\/strong> (442)219 3142.<br \/><strong>Sitio:<\/strong> https:\/\/www.nailit.mx\/queretaro\/<br \/><strong>E-Mail:<\/strong> contacto@hacemosmantenimiento.com<br \/><strong>Rese\u00f1a:<\/strong> Productos y servicios que ofrece Nail it,\u00a0Manos: Corte de u\u00f1as, Esmaltado de u\u00f1as, Manicure Express, Manicure Ruso, Manicure Spa, Gel color, Retirado de gel color, U\u00f1as acrilico \/ gel, Acr\u00edlico Dipping, U\u00f1as esculturales, Retoque de u\u00f1as, Efectos, Decorados, U\u00f1as Press on. Pies: Corte de u\u00f1as, Pedicure Express, Pedicure Ruso, Pedicure Spa, Pedicura Jelly, Gel color, Retirado de gel color, Efectos, Decorados, Masaje, Acripie. Dise\u00f1o de mirada: Laminado de ceja, Lash lift m\u00e1s tint, Laminado m\u00e1s lash lift m\u00e1s tint.<br \/><a href=\"https:\/\/goo.gl\/maps\/T9e7rmiZJ7xJY8ts9\" target=\"_blank\" rel=\"noopener,nofollow noopener\">Link de Ubicaci\u00f3n en Mapa Google. Clic Mapa.<\/a><\/p><hr \/><h3>Arte En U\u00f1as Betty<\/h3><p>Servicio de Arte En U\u00f1as Betty en Quer\u00e9taro.<br \/><strong>Direcciones:<\/strong> Av. Luis Vega Monrroy 336-B, Plazas de Sol 1a Secci\u00f3n, 76099 Santiago de Quer\u00e9taro, Qro.<br \/><strong>Tel\u00e9fono:<\/strong> (442)713 2512.<br \/><strong>WhatsApp:<\/strong> (442)194 6572.<br \/><strong>Sitio:<\/strong> http:\/\/arteenunas.webmium.com\/<br \/><strong>E-Mail:<\/strong> arteentusmanos01@hotmail.com<br \/><strong>Rese\u00f1a:<\/strong> Productos y servicios que ofrece Arte En U\u00f1as Betty,\u00a0Estilismo, Decoraci\u00f3n de U\u00f1as, Pedicure y Manicure, Retoque, U\u00f1as esculturales, Gelish, Maquillaje, Gelish con decorado, French.<br \/><a href=\"https:\/\/goo.gl\/maps\/XTctACaLeyUAAKvP7\" target=\"_blank\" rel=\"noopener,nofollow noopener\">Link de Ubicaci\u00f3n en Mapa Google. Clic Mapa.<\/a><\/p><hr \/><h3>Ghenails and Spa<\/h3><p>Servicio de Ghenails and Spa en Quer\u00e9taro.<br \/><strong>Direcciones:<\/strong> Plaza Soriana, Prolongaci\u00f3n Ezequiel Montes, Blvd. Bernardo Quintana 8-local 43, 76140 Santiago de Quer\u00e9taro, Qro.<br \/><strong>Tel\u00e9fono:<\/strong> (442)629 1439.<br \/><strong>Sitio:<\/strong> https:\/\/www.facebook.com\/GheNAILSandSpa\/<br \/><strong>Rese\u00f1a:<\/strong> Productos y servicios que ofrece Ghenails and Spa,\u00a0Alto Peinado, Depilaci\u00f3n, Dise\u00f1o de Ceja HD y Planchado, Lifting de Pesta\u00f1as, Pesta\u00f1as Mink, Corte Dama &amp; Caballero, Color, PR\u00d3XIMAMENTE &#8211; Servicio Integral Belleza, Pedicure Spa para Mujer y Hombre, Manicura Spa para Mujer y Hombre, U\u00f1as Acr\u00edlicas, Gelish.<br \/><a href=\"https:\/\/goo.gl\/maps\/6DPoMntg3BQCME5x6\" target=\"_blank\" rel=\"noopener,nofollow noopener\">Link de Ubicaci\u00f3n en Mapa Google. Clic Mapa.<\/a><\/p><hr \/><h3>Shanan\u00e1 Nails &amp; Lashes Spa<\/h3><p>Servicio de Shanan\u00e1 Nails &amp; Lashes Spa en Quer\u00e9taro.<br \/><strong>Direcciones:<\/strong> C. Pe\u00f1a Fiel 102, Villas de Guadalupe, 76116 Santiago de Quer\u00e9taro, Qro.<br \/><strong>Tel\u00e9fono:<\/strong> (446)836 1985.<br \/><strong>Sitio:<\/strong> https:\/\/www.facebook.com\/shanananails\/<br \/><strong>E-Mail:<\/strong> adrianaespino1989@gmail.com<br \/><strong>Rese\u00f1a:<\/strong> Productos y servicios que ofrece Shanan\u00e1 Nails &amp; Lashes Spa, Ba\u00f1o de acr\u00edlico, Aplicaci\u00f3n de Gelish liso, Pedicura cl\u00e1sica y spa, Aplicaci\u00f3n de u\u00f1as acr\u00edlica, Aplicaci\u00f3n de pesta\u00f1as, Manicura cl\u00e1sica y spa.<br \/><a href=\"https:\/\/goo.gl\/maps\/X3GwaN2TFaYKe3fp9\" target=\"_blank\" rel=\"noopener,nofollow noopener\">Link de Ubicaci\u00f3n en Mapa Google. Clic Mapa.<\/a><\/p><hr \/><h3>Nail Room Spa<\/h3><p>Servicio de Nail Room Spa en Quer\u00e9taro.<br \/><strong>Direcciones:<\/strong> Camino Real de Carretas 359, Milenio III, 76060 Santiago de Quer\u00e9taro, Qro.<br \/><strong>Tel\u00e9fono:<\/strong> (443)569 1692.<br \/><strong>Sitio:<\/strong> https:\/\/www.nailroomspamx.com\/<br \/><strong>E-Mail:<\/strong> nailroomspa@gmail.com<br \/><strong>Rese\u00f1a:<\/strong> Productos y servicios que ofrece Nail Room Spa,\u00a0Manicure: Esmaltado normal, Esmaltado en gel o semipermanente, Manicure Spa, Manicure Spa con gel, Manicure Men. Pedicure: Esmaltado normal en pies, Esmaltado en gel semipermanente en pies, Pedicure Spa, Pedicure Spa con gel, Pedicure Men. U\u00f1as de Acr\u00edlico: Ba\u00f1o de acr\u00edlico, Extensi\u00f3n de u\u00f1as, Retoque de acr\u00edlico, Retiro de acr\u00edlico. Combos y paquetes: Paquete de novia. Pesta\u00f1as: Lifting de pesta\u00f1as, Extensiones de pesta\u00f1as. Depilaciones: Ceja.<br \/><a href=\"https:\/\/goo.gl\/maps\/T41DjfVCEztdBtN7A\" target=\"_blank\" rel=\"noopener,nofollow noopener\">Link de Ubicaci\u00f3n en Mapa Google. Clic Mapa.<\/a><\/p><hr \/><h3>Cover Nails<\/h3><p>Servicio de Cover Nails en Quer\u00e9taro.<br \/><strong>Direcciones:<\/strong> Prol. Corregidora Nte. 691, Plaza del Parque, 76169 Santiago de Quer\u00e9taro, Qro.<br \/><strong>Tel\u00e9fono:<\/strong> (442)252 5585, (442) 774 6568, (442) 127 3542, (442) 109 5205.<br \/><strong>Sitio:<\/strong> https:\/\/www.covernails.mx\/<br \/><strong>E-Mail:<\/strong> franquicias@covernails.mx<br \/><strong>Rese\u00f1a:<\/strong> Productos y servicios que ofrece Cover Nails,\u00a0Reparaci\u00f3n u\u00f1a de acr\u00edlico (cada dedo), Reparaci\u00f3n u\u00f1a de gel (cada dedo), Recubrimiento gelostone, Retoque de acr\u00edlico, Recubrimiento de acr\u00edlico, Retiro de acr\u00edlico definitivo, U\u00f1as de acr\u00edlico puntas, U\u00f1as de acr\u00edlico, Dise\u00f1o y efectos en gel, Manicure en seco, Franc\u00e9s en pies, Gel glitter en pies, Gel b\u00e1sico en pies, Retiro de gel definitivo, Franc\u00e9s en manos, Gel moods, Gel glitter, Gel b\u00e1sico.<br \/><a href=\"https:\/\/goo.gl\/maps\/Rc7ftYAKR7MwzzoQ8\" target=\"_blank\" rel=\"noopener,nofollow noopener\">Link de Ubicaci\u00f3n en Mapa Google. Clic Mapa.<\/a><\/p><hr \/><h3>Santos Nail Bar<\/h3><p>Servicio de Santos Nail Bar en Quer\u00e9taro.<br \/><strong>Direcciones:<\/strong> Plaza Master, Av, Camino Real de Carretas #167-Local 23, Milenio III, 76060 Santiago de Quer\u00e9taro, Qro.<br \/><strong>Tel\u00e9fono:<\/strong> (442)822 6066.<br \/><strong>Sitio:<\/strong> http:\/\/www.mrrepair.com.mx\/<br \/><strong>Rese\u00f1a:<\/strong> Productos y servicios que ofrece Santos Nail Bar,\u00a0U\u00f1as esculturales, Dise\u00f1os en u\u00f1as, Duraci\u00f3n variable, Mani &amp; Pedi Spa, Gel Color u\u00f1as Pies, Gel color u\u00f1as manos.<br \/><a href=\"https:\/\/g.page\/santosnailbar?share\" target=\"_blank\" rel=\"noopener,nofollow noopener\">Link de Ubicaci\u00f3n en Mapa Google. Clic Mapa.<\/a><\/p><hr \/><h3>Marylin Monroe Nails Salon<\/h3><p>Servicio de Marylin Monroe Nails Salon en Quer\u00e9taro.<br \/><strong>Direcciones:<\/strong> Av. Zaragoza Pte, Centro, 330Santiago de Quer\u00e9taro, Qro.<br \/><strong>Tel\u00e9fono:<\/strong> (442)242 9101.<br \/><strong>Sitio:<\/strong> https:\/\/www.facebook.com\/marylinmonroenailssalon\/<br \/><strong>Rese\u00f1a:<\/strong> Productos y servicios que ofrece Marylin Monroe Nails Salon,\u00a0Esmaltado de larga duraci\u00f3n, Pedicura, Manicura, Retoque, U\u00f1a nueva Decorada.<br \/><a href=\"https:\/\/goo.gl\/maps\/LZjDvrt4durVCz3r9\" target=\"_blank\" rel=\"noopener,nofollow noopener\">Link de Ubicaci\u00f3n en Mapa Google. Clic Mapa.<\/a><\/p><hr \/><h3>JEKI &#8211; Professional Nails &amp; Beauty Services<\/h3><p>Servicio de JEKI &#8211; Professional Nails &amp; Beauty Services en Quer\u00e9taro.<br \/><strong>Direcciones:<\/strong> Prol. Av. Zaragoza 404, Jardines de la Hacienda, 76180 Santiago de Quer\u00e9taro, Qro.<br \/><strong>Tel\u00e9fono:<\/strong> (442)739 7054, 653 4793.<br \/><strong>Sitio:<\/strong> https:\/\/www.facebook.com\/JekiOficial\/<br \/><strong>E-Mail:<\/strong> jekioficial@gmail.com<br \/><strong>Rese\u00f1a:<\/strong> Productos y servicios que ofrece JEKI &#8211; Professional Nails &amp; Beauty Services,\u00a0Aplicaci\u00f3n de Pigmento para Cejas, Planchado de Cejas, Depilaci\u00f3n de Cejas | Navaja + Pigmento, Depilaci\u00f3n de Cejas | Cera + Pigmento, Depilaci\u00f3n de Patilla | Cera, Depilaci\u00f3n de Bozo | Cera, Depilaci\u00f3n de Cejas | Cera, Depilaci\u00f3n de Cejas | Navaja, Lifting de Pesta\u00f1as + Pigmento, Pedi Spa + Gelish, Pedi Spa con Naranjas Naturales, Pedicura Rusa + Gel, Pedicura Rusa, Acripie + Gelish, Acr\u00edpie, Gelish Mate Pies, Gelish Basic Pies, Retiro Acr\u00edlico Pies, Retiro Gel pies, U\u00f1as Esculturales Pro, U\u00f1as Esculturales Select, U\u00f1as Acr\u00edlicas Pro, U\u00f1as Acr\u00edlicas Select, U\u00f1as Francesas Pro, U\u00f1as Francesas Select, Retoque, Ba\u00f1o de acr\u00edlico + Gel, Ba\u00f1o de Acr\u00edlico, Manicura Rusa + Gel, Manicura Rusa, Gelish Mate, Gelish, Retiro de Acr\u00edlico, Retiro de Gel.<br \/><a href=\"https:\/\/goo.gl\/maps\/g6fY6A3VWBeLkMZ58\" target=\"_blank\" rel=\"noopener,nofollow noopener\">Link de Ubicaci\u00f3n en Mapa Google. Clic Mapa.<\/a><\/p><hr \/>\t\t\t\t\t\t\t\t<\/div>\n\t\t\t\t<\/div>\n\t\t\t\t\t<\/div>\n\t\t\t\t<\/div>\n\t\t<div class=\"elementor-element elementor-element-0c8223c e-flex e-con-boxed e-con e-parent\" data-id=\"0c8223c\" data-element_type=\"container\">\n\t\t\t\t\t<div class=\"e-con-inner\">\n\t\t\t\t<div class=\"elementor-element elementor-element-e8b2c9e elementor-widget elementor-widget-heading\" data-id=\"e8b2c9e\" data-element_type=\"widget\" data-widget_type=\"heading.default\">\n\t\t\t\t<div class=\"elementor-widget-container\">\n\t\t\t\t\t<h2 class=\"elementor-heading-title elementor-size-default\">Servicios de U\u00f1as Nails Mapa<\/h2>\t\t\t\t<\/div>\n\t\t\t\t<\/div>\n\t\t\t\t<div class=\"elementor-element elementor-element-97f448e elementor-widget elementor-widget-text-editor\" data-id=\"97f448e\" data-element_type=\"widget\" data-widget_type=\"text-editor.default\">\n\t\t\t\t<div class=\"elementor-widget-container\">\n\t\t\t\t\t\t\t\t\t<p>Los servicios especializados de U\u00f1as Nails, Esmaltado normal, Esmaltado en gel o semipermanente, Manicure Spa, Manicure Spa con gel, Corte de u\u00f1as, Esmaltado de u\u00f1as, Manicure Express, Manicure Ruso, Manicure Spa, Gel color, Retirado de gel color, Manicure Men, Esmaltado normal en pies, Esmaltado en gel semipermanente en pies, Pedicure Spa, Pedicure Spa con gel, Pedicure Men, Ba\u00f1o de acr\u00edlico, Extensi\u00f3n de u\u00f1as, Retoque de acr\u00edlico, Retiro de acr\u00edlico, Paquete de novia, Lifting de pesta\u00f1as, Extensiones de pesta\u00f1as, Ceja, Alto Peinado, Depilaci\u00f3n, Dise\u00f1o de Ceja HD y Planchado, Lifting de Pesta\u00f1as.<\/p>\t\t\t\t\t\t\t\t<\/div>\n\t\t\t\t<\/div>\n\t\t\t\t\t<\/div>\n\t\t\t\t<\/div>\n\t\t<div class=\"elementor-element elementor-element-c3ab41d e-flex e-con-boxed e-con e-parent\" data-id=\"c3ab41d\" data-element_type=\"container\">\n\t\t\t\t\t<div class=\"e-con-inner\">\n\t\t\t\t<div class=\"elementor-element elementor-element-f0172b1 elementor-widget elementor-widget-text-editor\" data-id=\"f0172b1\" data-element_type=\"widget\" data-widget_type=\"text-editor.default\">\n\t\t\t\t<div class=\"elementor-widget-container\">\n\t\t\t\t\t\t\t\t\t<iframe style=\"border: 0;\" src=\"https:\/\/www.google.com\/maps\/embed?pb=!1m16!1m12!1m3!1d35538.20425006064!2d-100.3932556735572!3d20.567891814502104!2m3!1f0!2f0!3f0!3m2!1i1024!2i768!4f13.1!2m1!1sU%C3%B1as%20Nails!5e0!3m2!1ses-419!2smx!4v1668387020360!5m2!1ses-419!2smx\" width=\"100%\" height=\"450\" frameborder=\"0\" allowfullscreen=\"allowfullscreen\"><\/iframe>\t\t\t\t\t\t\t\t<\/div>\n\t\t\t\t<\/div>\n\t\t\t\t\t<\/div>\n\t\t\t\t<\/div>\n\t\t<div class=\"elementor-element elementor-element-9d55680 e-flex e-con-boxed e-con e-parent\" data-id=\"9d55680\" data-element_type=\"container\">\n\t\t\t\t\t<div class=\"e-con-inner\">\n\t\t<div class=\"elementor-element elementor-element-cd477b6 e-con-full e-flex e-con e-child\" data-id=\"cd477b6\" data-element_type=\"container\">\n\t\t\t\t<div class=\"elementor-element elementor-element-ae2bf3f elementor-widget elementor-widget-image\" data-id=\"ae2bf3f\" data-element_type=\"widget\" data-widget_type=\"image.default\">\n\t\t\t\t<div class=\"elementor-widget-container\">\n\t\t\t\t\t\t\t\t\t\t\t\t\t\t\t\t<a href=\"https:\/\/mkdigital10.com\/plan-full-empresarial\/\">\n\t\t\t\t\t\t\t<img fetchpriority=\"high\" decoding=\"async\" width=\"750\" height=\"750\" src=\"https:\/\/queretaro10.com\/directorios\/wp-content\/uploads\/2024\/06\/qro10-4-2024-PLAN-FULL-EMPRESARIAL-min.png\" class=\"attachment-full size-full wp-image-809\" alt=\"Plan Full MARKETING EMPRESARIAL\" srcset=\"https:\/\/queretaro10.com\/directorios\/wp-content\/uploads\/2024\/06\/qro10-4-2024-PLAN-FULL-EMPRESARIAL-min.png 750w, https:\/\/queretaro10.com\/directorios\/wp-content\/uploads\/2024\/06\/qro10-4-2024-PLAN-FULL-EMPRESARIAL-min-300x300.png 300w, https:\/\/queretaro10.com\/directorios\/wp-content\/uploads\/2024\/06\/qro10-4-2024-PLAN-FULL-EMPRESARIAL-min-150x150.png 150w\" sizes=\"(max-width: 750px) 100vw, 750px\" \/>\t\t\t\t\t\t\t\t<\/a>\n\t\t\t\t\t\t\t\t\t\t\t\t\t\t\t<\/div>\n\t\t\t\t<\/div>\n\t\t\t\t<\/div>\n\t\t<div class=\"elementor-element elementor-element-039f4ec e-con-full e-flex e-con e-child\" data-id=\"039f4ec\" data-element_type=\"container\">\n\t\t\t\t<div class=\"elementor-element elementor-element-e78c849 elementor-widget elementor-widget-image\" data-id=\"e78c849\" data-element_type=\"widget\" data-widget_type=\"image.default\">\n\t\t\t\t<div class=\"elementor-widget-container\">\n\t\t\t\t\t\t\t\t\t\t\t\t\t\t\t\t<a href=\"https:\/\/queretaro10.com\/qro\/marketing\/\">\n\t\t\t\t\t\t\t<img decoding=\"async\" width=\"750\" height=\"750\" src=\"https:\/\/queretaro10.com\/directorios\/wp-content\/uploads\/2024\/06\/qro10-Plan-MK-Digital-PyMe-Local-cuadro-4-min.png\" class=\"attachment-full size-full wp-image-810\" alt=\"PLAN FULL MARKETING DIGITAL PyMe Local\" srcset=\"https:\/\/queretaro10.com\/directorios\/wp-content\/uploads\/2024\/06\/qro10-Plan-MK-Digital-PyMe-Local-cuadro-4-min.png 750w, https:\/\/queretaro10.com\/directorios\/wp-content\/uploads\/2024\/06\/qro10-Plan-MK-Digital-PyMe-Local-cuadro-4-min-300x300.png 300w, https:\/\/queretaro10.com\/directorios\/wp-content\/uploads\/2024\/06\/qro10-Plan-MK-Digital-PyMe-Local-cuadro-4-min-150x150.png 150w\" sizes=\"(max-width: 750px) 100vw, 750px\" \/>\t\t\t\t\t\t\t\t<\/a>\n\t\t\t\t\t\t\t\t\t\t\t\t\t\t\t<\/div>\n\t\t\t\t<\/div>\n\t\t\t\t<\/div>\n\t\t<div class=\"elementor-element elementor-element-75c1692 e-con-full e-flex e-con e-child\" data-id=\"75c1692\" data-element_type=\"container\">\n\t\t\t\t<div class=\"elementor-element elementor-element-d21dd48 elementor-widget elementor-widget-image\" data-id=\"d21dd48\" data-element_type=\"widget\" data-widget_type=\"image.default\">\n\t\t\t\t<div class=\"elementor-widget-container\">\n\t\t\t\t\t\t\t\t\t\t\t\t\t\t\t\t<a href=\"https:\/\/mkdigital10.com\/sem\/redes-sociales\/\">\n\t\t\t\t\t\t\t<img decoding=\"async\" width=\"750\" height=\"750\" src=\"https:\/\/queretaro10.com\/directorios\/wp-content\/uploads\/2025\/03\/qro10-Plan-Redes-Sociales.png\" class=\"attachment-full size-full wp-image-1199\" alt=\"Plan Redes Sociales\" srcset=\"https:\/\/queretaro10.com\/directorios\/wp-content\/uploads\/2025\/03\/qro10-Plan-Redes-Sociales.png 750w, https:\/\/queretaro10.com\/directorios\/wp-content\/uploads\/2025\/03\/qro10-Plan-Redes-Sociales-300x300.png 300w, https:\/\/queretaro10.com\/directorios\/wp-content\/uploads\/2025\/03\/qro10-Plan-Redes-Sociales-150x150.png 150w\" sizes=\"(max-width: 750px) 100vw, 750px\" \/>\t\t\t\t\t\t\t\t<\/a>\n\t\t\t\t\t\t\t\t\t\t\t\t\t\t\t<\/div>\n\t\t\t\t<\/div>\n\t\t\t\t<\/div>\n\t\t<div class=\"elementor-element elementor-element-48e02bd e-con-full e-flex e-con e-child\" data-id=\"48e02bd\" data-element_type=\"container\">\n\t\t\t\t<div class=\"elementor-element elementor-element-aca48e6 elementor-widget elementor-widget-image\" data-id=\"aca48e6\" data-element_type=\"widget\" data-widget_type=\"image.default\">\n\t\t\t\t<div class=\"elementor-widget-container\">\n\t\t\t\t\t\t\t\t\t\t\t\t\t\t\t\t<a href=\"https:\/\/mkdigital10.com\/paginas-web\/\">\n\t\t\t\t\t\t\t<img loading=\"lazy\" decoding=\"async\" width=\"750\" height=\"750\" src=\"https:\/\/queretaro10.com\/directorios\/wp-content\/uploads\/2025\/03\/qro10-Plan-Paginas-Web-PyMe-Empresarial.png\" class=\"attachment-full size-full wp-image-1200\" alt=\"Plan P\u00e1ginas Web PyMe Empresarial\" srcset=\"https:\/\/queretaro10.com\/directorios\/wp-content\/uploads\/2025\/03\/qro10-Plan-Paginas-Web-PyMe-Empresarial.png 750w, https:\/\/queretaro10.com\/directorios\/wp-content\/uploads\/2025\/03\/qro10-Plan-Paginas-Web-PyMe-Empresarial-300x300.png 300w, https:\/\/queretaro10.com\/directorios\/wp-content\/uploads\/2025\/03\/qro10-Plan-Paginas-Web-PyMe-Empresarial-150x150.png 150w\" sizes=\"(max-width: 750px) 100vw, 750px\" \/>\t\t\t\t\t\t\t\t<\/a>\n\t\t\t\t\t\t\t\t\t\t\t\t\t\t\t<\/div>\n\t\t\t\t<\/div>\n\t\t\t\t<\/div>\n\t\t\t\t\t<\/div>\n\t\t\t\t<\/div>\n\t\t\t\t<\/div>\n\t\t","protected":false},"excerpt":{"rendered":"<p>U\u00f1as Nails en Quer\u00e9taro El servicio de U\u00f1as Nails siempre es necesario, los ciudadanos por lo menos una vez al [&hellip;]<\/p>\n","protected":false},"author":1,"featured_media":166,"parent":0,"menu_order":0,"comment_status":"closed","ping_status":"closed","template":"elementor_header_footer","meta":{"site-sidebar-layout":"default","site-content-layout":"","ast-site-content-layout":"default","site-content-style":"default","site-sidebar-style":"default","ast-global-header-display":"","ast-banner-title-visibility":"","ast-main-header-display":"","ast-hfb-above-header-display":"","ast-hfb-below-header-display":"","ast-hfb-mobile-header-display":"","site-post-title":"","ast-breadcrumbs-content":"","ast-featured-img":"","footer-sml-layout":"","theme-transparent-header-meta":"default","adv-header-id-meta":"","stick-header-meta":"","header-above-stick-meta":"","header-main-stick-meta":"","header-below-stick-meta":"","astra-migrate-meta-layouts":"set","ast-page-background-enabled":"default","ast-page-background-meta":{"desktop":{"background-color":"var(--ast-global-color-4)","background-image":"","background-repeat":"repeat","background-position":"center center","background-size":"auto","background-attachment":"scroll","background-type":"","background-media":"","overlay-type":"","overlay-color":"","overlay-opacity":"","overlay-gradient":""},"tablet":{"background-color":"","background-image":"","background-repeat":"repeat","background-position":"center center","background-size":"auto","background-attachment":"scroll","background-type":"","background-media":"","overlay-type":"","overlay-color":"","overlay-opacity":"","overlay-gradient":""},"mobile":{"background-color":"","background-image":"","background-repeat":"repeat","background-position":"center center","background-size":"auto","background-attachment":"scroll","background-type":"","background-media":"","overlay-type":"","overlay-color":"","overlay-opacity":"","overlay-gradient":""}},"ast-content-background-meta":{"desktop":{"background-color":"var(--ast-global-color-5)","background-image":"","background-repeat":"repeat","background-position":"center center","background-size":"auto","background-attachment":"scroll","background-type":"","background-media":"","overlay-type":"","overlay-color":"","overlay-opacity":"","overlay-gradient":""},"tablet":{"background-color":"var(--ast-global-color-5)","background-image":"","background-repeat":"repeat","background-position":"center center","background-size":"auto","background-attachment":"scroll","background-type":"","background-media":"","overlay-type":"","overlay-color":"","overlay-opacity":"","overlay-gradient":""},"mobile":{"background-color":"var(--ast-global-color-5)","background-image":"","background-repeat":"repeat","background-position":"center center","background-size":"auto","background-attachment":"scroll","background-type":"","background-media":"","overlay-type":"","overlay-color":"","overlay-opacity":"","overlay-gradient":""}},"footnotes":""},"class_list":["post-165","page","type-page","status-publish","has-post-thumbnail","hentry"],"aioseo_notices":[],"_links":{"self":[{"href":"https:\/\/queretaro10.com\/directorios\/wp-json\/wp\/v2\/pages\/165","targetHints":{"allow":["GET"]}}],"collection":[{"href":"https:\/\/queretaro10.com\/directorios\/wp-json\/wp\/v2\/pages"}],"about":[{"href":"https:\/\/queretaro10.com\/directorios\/wp-json\/wp\/v2\/types\/page"}],"author":[{"embeddable":true,"href":"https:\/\/queretaro10.com\/directorios\/wp-json\/wp\/v2\/users\/1"}],"replies":[{"embeddable":true,"href":"https:\/\/queretaro10.com\/directorios\/wp-json\/wp\/v2\/comments?post=165"}],"version-history":[{"count":10,"href":"https:\/\/queretaro10.com\/directorios\/wp-json\/wp\/v2\/pages\/165\/revisions"}],"predecessor-version":[{"id":1374,"href":"https:\/\/queretaro10.com\/directorios\/wp-json\/wp\/v2\/pages\/165\/revisions\/1374"}],"wp:featuredmedia":[{"embeddable":true,"href":"https:\/\/queretaro10.com\/directorios\/wp-json\/wp\/v2\/media\/166"}],"wp:attachment":[{"href":"https:\/\/queretaro10.com\/directorios\/wp-json\/wp\/v2\/media?parent=165"}],"curies":[{"name":"wp","href":"https:\/\/api.w.org\/{rel}","templated":true}]}}