{"id":32,"date":"2022-10-16T00:42:30","date_gmt":"2022-10-16T00:42:30","guid":{"rendered":"https:\/\/queretaro10.com\/directorios\/?page_id=26967"},"modified":"2025-03-31T21:53:29","modified_gmt":"2025-03-31T21:53:29","slug":"aceites-de-motor","status":"publish","type":"page","link":"https:\/\/queretaro10.com\/directorios\/aceites-de-motor\/","title":{"rendered":"Aceites de motor en Quer\u00e9taro"},"content":{"rendered":"\t\t<div data-elementor-type=\"wp-page\" data-elementor-id=\"32\" class=\"elementor elementor-32\">\n\t\t\t\t<div class=\"elementor-element elementor-element-deabcbc e-flex e-con-boxed e-con e-parent\" data-id=\"deabcbc\" data-element_type=\"container\">\n\t\t\t\t\t<div class=\"e-con-inner\">\n\t\t\t\t<div class=\"elementor-element elementor-element-300cc9f elementor-widget elementor-widget-heading\" data-id=\"300cc9f\" data-element_type=\"widget\" data-widget_type=\"heading.default\">\n\t\t\t\t<div class=\"elementor-widget-container\">\n\t\t\t\t\t<h1 class=\"elementor-heading-title elementor-size-default\">Aceites de motor en Quer\u00e9taro<\/h1>\t\t\t\t<\/div>\n\t\t\t\t<\/div>\n\t\t\t\t<div class=\"elementor-element elementor-element-303d69b elementor-widget elementor-widget-text-editor\" data-id=\"303d69b\" data-element_type=\"widget\" data-widget_type=\"text-editor.default\">\n\t\t\t\t<div class=\"elementor-widget-container\">\n\t\t\t\t\t\t\t\t\t<p>El servicio de aceites de motor siempre es necesario, El cuidado del motor de nuestro autom\u00f3vil es muy importante para proteger la vida \u00fatil del motor y evitar gastar enormes cantidades de dinero en reparaciones. \u00danicamente basta con seleccionar el aceite de motor adecuado, buscando siempre que el aceite de mejor calidad \/ precio disponible del mercado. A continuaci\u00f3n, te recomendamos los siguientes proveedores de aceites de motor.<\/p>\t\t\t\t\t\t\t\t<\/div>\n\t\t\t\t<\/div>\n\t\t\t\t\t<\/div>\n\t\t\t\t<\/div>\n\t\t<div class=\"elementor-element elementor-element-575c6ff e-flex e-con-boxed e-con e-parent\" data-id=\"575c6ff\" data-element_type=\"container\">\n\t\t\t\t\t<div class=\"e-con-inner\">\n\t\t\t\t<div class=\"elementor-element elementor-element-c4b7820 elementor-widget elementor-widget-heading\" data-id=\"c4b7820\" data-element_type=\"widget\" data-widget_type=\"heading.default\">\n\t\t\t\t<div class=\"elementor-widget-container\">\n\t\t\t\t\t<h2 class=\"elementor-heading-title elementor-size-default\">Directorio de Aceites de motor en Quer\u00e9taro<\/h2>\t\t\t\t<\/div>\n\t\t\t\t<\/div>\n\t\t\t\t<div class=\"elementor-element elementor-element-0b24413 elementor-widget elementor-widget-text-editor\" data-id=\"0b24413\" data-element_type=\"widget\" data-widget_type=\"text-editor.default\">\n\t\t\t\t<div class=\"elementor-widget-container\">\n\t\t\t\t\t\t\t\t\t<p>Una recopilaci\u00f3n de los mejores servicios de Aceites de motor del Estado de Quer\u00e9taro, los cuales fueron indexados en medios digitales como buenos contactos, si desea actualizar alg\u00fan dato o agregar un Servicio en Quer\u00e9taro con gusto lo realizamos.<\/p>\t\t\t\t\t\t\t\t<\/div>\n\t\t\t\t<\/div>\n\t\t\t\t\t<\/div>\n\t\t\t\t<\/div>\n\t\t<div class=\"elementor-element elementor-element-ebc80e6 e-flex e-con-boxed e-con e-parent\" data-id=\"ebc80e6\" data-element_type=\"container\">\n\t\t\t\t\t<div class=\"e-con-inner\">\n\t\t\t\t<div class=\"elementor-element elementor-element-799d581 elementor-widget elementor-widget-text-editor\" data-id=\"799d581\" data-element_type=\"widget\" data-widget_type=\"text-editor.default\">\n\t\t\t\t<div class=\"elementor-widget-container\">\n\t\t\t\t\t\t\t\t\t<hr \/><h3>American Oil<\/h3><p>Servicio de American Oil en Quer\u00e9taro.<br \/><strong>Direcciones:<\/strong> 2a. Calle del Laurel No. 118, El Laurel, 76046 Santiago de Quer\u00e9taro, Qro.<br \/><strong>Tel\u00e9fono:<\/strong> (442)127 0936.<br \/><strong>Sitio:<\/strong> https:\/\/americanoilat.com\/<br \/><strong>E-Mail:<\/strong> contacto@americanoilat.com<br \/><strong>Rese\u00f1a:<\/strong> Productos y servicios que ofrece American Oil, Lubricantes sint\u00e9ticos, Aceites hidr\u00e1ulicos para compresores, Lubricantes industriales, Aceites para m\u00e1quinas industriales, Aceite hidr\u00e1ulico para maquinaria pesada, Aceite sint\u00e9tico para motor industrial, Lubricantes para maquinaria de alimentos, Aceite hidr\u00e1ulico para maquinaria.<br \/><a href=\"https:\/\/goo.gl\/maps\/vkutmSH92ptisG9r5\" target=\"_blank\" rel=\"noopener,nofollow noopener\">Link de Ubicaci\u00f3n en Mapa Google. Clic Mapa.<\/a><\/p><hr \/><h3>Lubricantes Industriales Abamex<\/h3><p>Servicio de Lubricantes Industriales Abamex en Quer\u00e9taro.<br \/><strong>2 Direcciones:<\/strong> Acceso III 16-A-Int 13, Industrial, 76089 Santiago de Quer\u00e9taro, Qro.<br \/><strong>Tel\u00e9fono:<\/strong> (442)213 4310, (442)213 7035.<br \/><strong>Sitio:<\/strong> https:\/\/www.lubricantesabamex.com\/<br \/><strong>E-Mail:<\/strong> contacto@abamex.com<br \/><strong>Rese\u00f1a:<\/strong> Productos y servicios que ofrece Lubricantes Industriales Abamex,\u00a0Lubricantes sint\u00e9ticos, Aceites hidr\u00e1ulicos para compresores, Lubricantes industriales, Aceites para m\u00e1quinas industriales, Aceite hidr\u00e1ulico para maquinaria pesada, Aceite sint\u00e9tico para motor industrial, Lubricantes para maquinaria de alimentos, Aceite hidr\u00e1ulico para maquinaria. Mobil 1 0W40, 5W50 o 5W30.<br \/><a href=\"https:\/\/goo.gl\/maps\/s6XYXPTLoxUJYP9YA\" target=\"_blank\" rel=\"noopener,nofollow noopener\">Link de Ubicaci\u00f3n en Mapa Google. Clic Mapa.<\/a><\/p><hr \/><h3>Bardahl de M\u00e9xico<\/h3><p>Servicio de Bardahl de M\u00e9xico en Quer\u00e9taro.<br \/><strong>Direcciones:<\/strong> Av. Hercules 300, 76220 Santa Rosa J\u00e1uregui, Qro.<br \/><strong>Tel\u00e9fono:<\/strong> (442)211 7050.<br \/><strong>Sitio:<\/strong> https:\/\/www.bardahl.com.mx\/<br \/><strong>E-Mail:<\/strong> queretaro@bardahl.com.mx<br \/><strong>Rese\u00f1a:<\/strong> Productos y servicios que ofrece Bardahl de M\u00e9xico,\u00a0Aceites para Motores a Gasolina, Aceites para Motores a Diesel, Aceites para Transmisiones, Aceites Lubricantes Motos \/ N\u00e1utico, Anticongelante para Motor a Gasolina, Anticongelante para Motor a Diesel, Aditivo para Motor, Aditivo para Gasolina.<br \/><a href=\"https:\/\/goo.gl\/maps\/XmxDFkpstHQLPkdk9\" target=\"_blank\" rel=\"noopener,nofollow noopener\">Link de Ubicaci\u00f3n en Mapa Google. Clic Mapa.<\/a><\/p><hr \/><h3>Total &amp; Quality Products<\/h3><p>Servicio de Total &amp; Quality Products en Quer\u00e9taro.<br \/><strong>Direcciones:<\/strong> Cerro Viejo 4, Vista Alegre, 76074 Santiago de Quer\u00e9taro, Qro.<br \/><strong>Tel\u00e9fono:<\/strong> (442)248 2609,(551) 855 7664 .<br \/><strong>Sitio:<\/strong> https:\/\/totalqualityproducts.miadn.mx\/<br \/><strong>E-Mail:<\/strong> jrmejiamtz@gmail.com<br \/><strong>Rese\u00f1a:<\/strong> Productos y servicios que ofrece Total &amp; Quality Products,\u00a0Lubricantes industriales, Aceites para motor a diesel, Aceites hidr\u00e1ulicos, Aceites para engranes, Grasas, Aceites multigrados, Aceites sint\u00e9ticos, Aceites para autom\u00f3viles, Aceites para trabajo de metal, Aceites grado alimenticio.<br \/><a href=\"https:\/\/goo.gl\/maps\/xcJUHrvGMavokUxE8\" target=\"_blank\" rel=\"noopener,nofollow noopener\">Link de Ubicaci\u00f3n en Mapa Google. Clic Mapa.<\/a><\/p><hr \/><h3>Fedra Lubricantes<\/h3><p>Servicio de Fedra Lubricantes en Quer\u00e9taro.<br \/><strong>Direcciones:<\/strong> Bodega 22, Av. Pirineos 515-B, Benito Ju\u00e1rez, 76120 Santiago de Quer\u00e9taro, Qro.<br \/><strong>Tel\u00e9fono:<\/strong> (442)209 5233, (442)210 5115.<br \/><strong>Sitio:<\/strong> https:\/\/fedralubricantes.com\/<br \/><strong>E-Mail:<\/strong> contactoplus@fedralub.com.mx<br \/><strong>Rese\u00f1a:<\/strong> Productos y servicios que ofrece Fedra Lubricantes, Aceites lubricantes, Hidr\u00e1ulicos, Transmisiones, Grasas lubricantes, Especialidades, Anticorrosivos, Desengrasantes.<br \/><a href=\"https:\/\/goo.gl\/maps\/r5iqbx5j8pZJCghJ7\" target=\"_blank\" rel=\"noopener,nofollow noopener\">Link de Ubicaci\u00f3n en Mapa Google. Clic Mapa.<\/a><\/p><hr \/><h3>Automotriz Serva<\/h3><p>Servicio de Automotriz Serva en Quer\u00e9taro.<br \/><strong>Direcciones:<\/strong> Av. de los Arquitos 65, Quintas del Marques, 76047 Santiago de Quer\u00e9taro, Qro.<br \/><strong>Tel\u00e9fono:<\/strong> (442)642 1300.<br \/><strong>Sitio:<\/strong> https:\/\/serva.com.mx\/<br \/><strong>E-Mail:<\/strong> emiliano.juarez@serva.com.mx, atencionaclientes@serva.com.mx<br \/><strong>Rese\u00f1a:<\/strong> Productos y servicios que ofrece Automotriz Serva,\u00a0Aceite para Motor, Aceite para Transmisi\u00f3n Autom\u00e1tica, Estabilizador de Aceite, Aditivo para Gasolina, Aditivo Sistema de Gasolina.<br \/><a href=\"https:\/\/goo.gl\/maps\/pFQEw7iv8sYqhK4W8\" target=\"_blank\" rel=\"noopener,nofollow noopener\">Link de Ubicaci\u00f3n en Mapa Google. Clic Mapa.<\/a><\/p><hr \/><h3>CIMALUB<\/h3><p>Servicio de CIMALUB en Quer\u00e9taro.<br \/><strong>Direcciones:<\/strong> Blvd. Bernardo Quintana 540-B, Arboledas, C.P. 76140, Quer\u00e9taro, QRO.<br \/><strong>Tel\u00e9fono:<\/strong> (442)343 2731.<br \/><strong>Sitio:<\/strong> https:\/\/mantenimiento-residencial-garcia.ueniweb.com\/<br \/><strong>E-Mail:<\/strong> cimalub@prodigy.net.mx<br \/><strong>Rese\u00f1a:<\/strong> Productos y servicios que ofrece CIMALUB,\u00a0Lubricantes grado alimenticio, Lubricantes de especialidad, Lubricantes sint\u00e9ticos de alto rendimiento, Lubricantes para altas y bajas temperaturas, Lubricantes para alta y baja velocidad, Lubricantes para altas cargas.<br \/><a href=\"https:\/\/goo.gl\/maps\/9FL9vSUVoPh8r5mq6\" target=\"_blank\" rel=\"noopener,nofollow noopener\">Link de Ubicaci\u00f3n en Mapa Google. Clic Mapa.<\/a><\/p><hr \/><h3>Grauto<\/h3><p>Servicio de Grauto en Quer\u00e9taro.<br \/><strong>Direcciones:<\/strong> Paseo de la Reforma 22, Panorama, 76905 El Pueblito, Qro.<br \/><strong>Tel\u00e9fono:<\/strong> (442)225 2273, (442)225 3983, (442)225 5042, (442)225 5629.<br \/><strong>Sitio:<\/strong> https:\/\/www.grauto.com.mx\/<br \/><strong>E-Mail:<\/strong> contacto@grauto.com.mx<br \/><strong>Rese\u00f1a:<\/strong> Productos y servicios que ofrece Grauto,\u00a0Aceites Hidr\u00e1ulicos anti-desgaste, Aceites para gu\u00edas y correderas, Aceites para corte de uso directo, Aceites y grasas automotrices, Aceites y grasa sint\u00e9ticos y semisint\u00e9ticos para uso industrial, Aceites y grasas grado alimenticio, Aerosoles para cadenas, gu\u00edas, engranes y rodamientos, Desengrasantes para la industria, Desmoldantes en aerosol con y sin silic\u00f3n, Fluidos Hidr\u00e1ulicos agua-glicol (anti-fum\u00edgenos), Grasas para ambientes h\u00famedos alta temperatura, extrema presi\u00f3n, Protectores anti-herrumbre, Pastas para el \u00e1rea de fundici\u00f3n, Solubles especiales para estampado, Solubles para maquinado y rectificado.<br \/><a href=\"https:\/\/goo.gl\/maps\/3ZVA3LHF5xsdD6VG8\" target=\"_blank\" rel=\"noopener,nofollow noopener\">Link de Ubicaci\u00f3n en Mapa Google. Clic Mapa.<\/a><\/p><hr \/><h3>Kl\u00fcber Lubricaci\u00f3n Mexicana<\/h3><p>Servicio de Kl\u00fcber Lubricaci\u00f3n Mexicana en Quer\u00e9taro.<br \/><strong>Direcciones:<\/strong> Parque Industrial Quer\u00e9taro Avenida de la Monta\u00f1a No. 109 Km. 28.5 Carr. Qro.-S.L.P. Santa Rosa J\u00e1uregui Quer\u00e9taro 76220.<br \/><strong>Tel\u00e9fono:<\/strong> (442)229 5700.<br \/><strong>Sitio:<\/strong> https:\/\/www.klueber.com\/<br \/><strong>E-Mail:<\/strong> ventas@kluber.com.mx<br \/><strong>Rese\u00f1a:<\/strong> Productos y servicios que ofrece Kl\u00fcber Lubricaci\u00f3n Mexicana,\u00a0Grasas lubricantes, Aceites lubricantes, Pastas lubricantes, Ceras lubricantes, Lubricantes en spray, Recubrimientos, Protectores anticorrosivos, Lubricantes de proceso, Hydro Lubricants, Lubricadores autom\u00e1ticos.<br \/><a href=\"https:\/\/goo.gl\/maps\/mQw9on3Mvw7FqQ3g6\" target=\"_blank\" rel=\"noopener,nofollow noopener\">Link de Ubicaci\u00f3n en Mapa Google. Clic Mapa.<\/a><\/p><hr \/><h3>Filtros y Lubricantes La Bujia<\/h3><p>Servicio de Filtros y Lubricantes La Bujia en Quer\u00e9taro.<br \/><strong>Direcciones:<\/strong> Manuela Medina 101, Col. Vista Alegre, 1era, Seccion, 76074 Santiago de Quer\u00e9taro, Qro.<br \/><strong>Tel\u00e9fono:<\/strong> (442)565 6061.<br \/><strong>Sitio:<\/strong> https:\/\/www.facebook.com\/FiltrosyLubricantesLaBujia\/<br \/><strong>E-Mail:<\/strong> filtrosylubricanteslabujia@gmail.com<br \/><strong>Rese\u00f1a:<\/strong> Productos y servicios que ofrece Filtros y Lubricantes La Bujia,\u00a0Aceites, Lubricantes, Gasolina, Hidr\u00e1ulicos, Filtros diesel, Buj\u00edas, Filtros de aire.<br \/><a href=\"https:\/\/goo.gl\/maps\/e1HBjAm5WRoqNB3k7\" target=\"_blank\" rel=\"noopener,nofollow noopener\">Link de Ubicaci\u00f3n en Mapa Google. Clic Mapa.<\/a><\/p><hr \/>\t\t\t\t\t\t\t\t<\/div>\n\t\t\t\t<\/div>\n\t\t\t\t\t<\/div>\n\t\t\t\t<\/div>\n\t\t<div class=\"elementor-element elementor-element-3630888 e-flex e-con-boxed e-con e-parent\" data-id=\"3630888\" data-element_type=\"container\">\n\t\t\t\t\t<div class=\"e-con-inner\">\n\t\t\t\t<div class=\"elementor-element elementor-element-f701f50 elementor-widget elementor-widget-heading\" data-id=\"f701f50\" data-element_type=\"widget\" data-widget_type=\"heading.default\">\n\t\t\t\t<div class=\"elementor-widget-container\">\n\t\t\t\t\t<h2 class=\"elementor-heading-title elementor-size-default\">Servicios de Aceites de motor Mapa<\/h2>\t\t\t\t<\/div>\n\t\t\t\t<\/div>\n\t\t\t\t<div class=\"elementor-element elementor-element-b563b6e elementor-widget elementor-widget-text-editor\" data-id=\"b563b6e\" data-element_type=\"widget\" data-widget_type=\"text-editor.default\">\n\t\t\t\t<div class=\"elementor-widget-container\">\n\t\t\t\t\t\t\t\t\t<p>Los servicios suelen ser Aceites para Motores a Gasolina, Aceites para Motores a Diesel, Aceites para Transmisiones, Aceites Lubricantes Motos \/ N\u00e1utico, Anticongelante para Motor a Gasolina, Anticongelante para Motor a Diesel, Aditivo para Motor, Aditivo para Gasolina. Lubricantes sint\u00e9ticos, Aceites hidr\u00e1ulicos para compresores, Lubricantes industriales, Aceites para m\u00e1quinas industriales, Aceite hidr\u00e1ulico para maquinaria pesada, Aceite sint\u00e9tico para motor industrial, Lubricantes para maquinaria de alimentos, Aceite hidr\u00e1ulico para maquinaria. Aceites para engranes, Grasas, Aceites multigrados, Aceites sint\u00e9ticos, Aceites para autom\u00f3viles, Aceites para trabajo de metal, Aceites grado alimenticio.<\/p>\t\t\t\t\t\t\t\t<\/div>\n\t\t\t\t<\/div>\n\t\t\t\t\t<\/div>\n\t\t\t\t<\/div>\n\t\t<div class=\"elementor-element elementor-element-ad0a3bb e-flex e-con-boxed e-con e-parent\" data-id=\"ad0a3bb\" data-element_type=\"container\">\n\t\t\t\t\t<div class=\"e-con-inner\">\n\t\t\t\t<div class=\"elementor-element elementor-element-897b1f3 elementor-widget elementor-widget-text-editor\" data-id=\"897b1f3\" data-element_type=\"widget\" data-widget_type=\"text-editor.default\">\n\t\t\t\t<div class=\"elementor-widget-container\">\n\t\t\t\t\t\t\t\t\t<p><iframe style=\"border: 0;\" src=\"https:\/\/www.google.com\/maps\/embed?pb=!1m12!1m8!1m3!1d59750.28115141211!2d-100.4206891!3d20.6128494!3m2!1i1024!2i768!4f13.1!2m1!1sAceites%20de%20motor!5e0!3m2!1ses-419!2smx!4v1665850640251!5m2!1ses-419!2smx\" width=\"100%\" height=\"450\" frameborder=\"0\" allowfullscreen=\"allowfullscreen\"><\/iframe><\/p>\t\t\t\t\t\t\t\t<\/div>\n\t\t\t\t<\/div>\n\t\t\t\t\t<\/div>\n\t\t\t\t<\/div>\n\t\t<div class=\"elementor-element elementor-element-5fc6ab2 e-flex e-con-boxed e-con e-parent\" data-id=\"5fc6ab2\" data-element_type=\"container\">\n\t\t\t\t\t<div class=\"e-con-inner\">\n\t\t<div class=\"elementor-element elementor-element-61dff95 e-con-full e-flex e-con e-child\" data-id=\"61dff95\" data-element_type=\"container\">\n\t\t\t\t<div class=\"elementor-element elementor-element-1627ee5 elementor-widget elementor-widget-image\" data-id=\"1627ee5\" data-element_type=\"widget\" data-widget_type=\"image.default\">\n\t\t\t\t<div class=\"elementor-widget-container\">\n\t\t\t\t\t\t\t\t\t\t\t\t\t\t\t\t<a href=\"https:\/\/mkdigital10.com\/plan-full-empresarial\/\">\n\t\t\t\t\t\t\t<img fetchpriority=\"high\" decoding=\"async\" width=\"750\" height=\"750\" src=\"https:\/\/queretaro10.com\/directorios\/wp-content\/uploads\/2024\/06\/qro10-4-2024-PLAN-FULL-EMPRESARIAL-min.png\" class=\"attachment-full size-full wp-image-809\" alt=\"Plan Full MARKETING EMPRESARIAL\" srcset=\"https:\/\/queretaro10.com\/directorios\/wp-content\/uploads\/2024\/06\/qro10-4-2024-PLAN-FULL-EMPRESARIAL-min.png 750w, https:\/\/queretaro10.com\/directorios\/wp-content\/uploads\/2024\/06\/qro10-4-2024-PLAN-FULL-EMPRESARIAL-min-300x300.png 300w, https:\/\/queretaro10.com\/directorios\/wp-content\/uploads\/2024\/06\/qro10-4-2024-PLAN-FULL-EMPRESARIAL-min-150x150.png 150w\" sizes=\"(max-width: 750px) 100vw, 750px\" \/>\t\t\t\t\t\t\t\t<\/a>\n\t\t\t\t\t\t\t\t\t\t\t\t\t\t\t<\/div>\n\t\t\t\t<\/div>\n\t\t\t\t<\/div>\n\t\t<div class=\"elementor-element elementor-element-6e2a4a3 e-con-full e-flex e-con e-child\" data-id=\"6e2a4a3\" data-element_type=\"container\">\n\t\t\t\t<div class=\"elementor-element elementor-element-cddb4b6 elementor-widget elementor-widget-image\" data-id=\"cddb4b6\" data-element_type=\"widget\" data-widget_type=\"image.default\">\n\t\t\t\t<div class=\"elementor-widget-container\">\n\t\t\t\t\t\t\t\t\t\t\t\t\t\t\t\t<a href=\"https:\/\/queretaro10.com\/qro\/marketing\/\">\n\t\t\t\t\t\t\t<img decoding=\"async\" width=\"750\" height=\"750\" src=\"https:\/\/queretaro10.com\/directorios\/wp-content\/uploads\/2024\/06\/qro10-Plan-MK-Digital-PyMe-Local-cuadro-4-min.png\" class=\"attachment-full size-full wp-image-810\" alt=\"PLAN FULL MARKETING DIGITAL PyMe Local\" srcset=\"https:\/\/queretaro10.com\/directorios\/wp-content\/uploads\/2024\/06\/qro10-Plan-MK-Digital-PyMe-Local-cuadro-4-min.png 750w, https:\/\/queretaro10.com\/directorios\/wp-content\/uploads\/2024\/06\/qro10-Plan-MK-Digital-PyMe-Local-cuadro-4-min-300x300.png 300w, https:\/\/queretaro10.com\/directorios\/wp-content\/uploads\/2024\/06\/qro10-Plan-MK-Digital-PyMe-Local-cuadro-4-min-150x150.png 150w\" sizes=\"(max-width: 750px) 100vw, 750px\" \/>\t\t\t\t\t\t\t\t<\/a>\n\t\t\t\t\t\t\t\t\t\t\t\t\t\t\t<\/div>\n\t\t\t\t<\/div>\n\t\t\t\t<\/div>\n\t\t<div class=\"elementor-element elementor-element-ce9d28d e-con-full e-flex e-con e-child\" data-id=\"ce9d28d\" data-element_type=\"container\">\n\t\t\t\t<div class=\"elementor-element elementor-element-0c65241 elementor-widget elementor-widget-image\" data-id=\"0c65241\" data-element_type=\"widget\" data-widget_type=\"image.default\">\n\t\t\t\t<div class=\"elementor-widget-container\">\n\t\t\t\t\t\t\t\t\t\t\t\t\t\t\t\t<a href=\"https:\/\/mkdigital10.com\/sem\/redes-sociales\/\">\n\t\t\t\t\t\t\t<img decoding=\"async\" width=\"750\" height=\"750\" src=\"https:\/\/queretaro10.com\/directorios\/wp-content\/uploads\/2025\/03\/qro10-Plan-Redes-Sociales.png\" class=\"attachment-full size-full wp-image-1199\" alt=\"Plan Redes Sociales\" srcset=\"https:\/\/queretaro10.com\/directorios\/wp-content\/uploads\/2025\/03\/qro10-Plan-Redes-Sociales.png 750w, https:\/\/queretaro10.com\/directorios\/wp-content\/uploads\/2025\/03\/qro10-Plan-Redes-Sociales-300x300.png 300w, https:\/\/queretaro10.com\/directorios\/wp-content\/uploads\/2025\/03\/qro10-Plan-Redes-Sociales-150x150.png 150w\" sizes=\"(max-width: 750px) 100vw, 750px\" \/>\t\t\t\t\t\t\t\t<\/a>\n\t\t\t\t\t\t\t\t\t\t\t\t\t\t\t<\/div>\n\t\t\t\t<\/div>\n\t\t\t\t<\/div>\n\t\t<div class=\"elementor-element elementor-element-13ac99a e-con-full e-flex e-con e-child\" data-id=\"13ac99a\" data-element_type=\"container\">\n\t\t\t\t<div class=\"elementor-element elementor-element-237ec47 elementor-widget elementor-widget-image\" data-id=\"237ec47\" data-element_type=\"widget\" data-widget_type=\"image.default\">\n\t\t\t\t<div class=\"elementor-widget-container\">\n\t\t\t\t\t\t\t\t\t\t\t\t\t\t\t\t<a href=\"https:\/\/mkdigital10.com\/paginas-web\/\">\n\t\t\t\t\t\t\t<img loading=\"lazy\" decoding=\"async\" width=\"750\" height=\"750\" src=\"https:\/\/queretaro10.com\/directorios\/wp-content\/uploads\/2025\/03\/qro10-Plan-Paginas-Web-PyMe-Empresarial.png\" class=\"attachment-full size-full wp-image-1200\" alt=\"Plan P\u00e1ginas Web PyMe Empresarial\" srcset=\"https:\/\/queretaro10.com\/directorios\/wp-content\/uploads\/2025\/03\/qro10-Plan-Paginas-Web-PyMe-Empresarial.png 750w, https:\/\/queretaro10.com\/directorios\/wp-content\/uploads\/2025\/03\/qro10-Plan-Paginas-Web-PyMe-Empresarial-300x300.png 300w, https:\/\/queretaro10.com\/directorios\/wp-content\/uploads\/2025\/03\/qro10-Plan-Paginas-Web-PyMe-Empresarial-150x150.png 150w\" sizes=\"(max-width: 750px) 100vw, 750px\" \/>\t\t\t\t\t\t\t\t<\/a>\n\t\t\t\t\t\t\t\t\t\t\t\t\t\t\t<\/div>\n\t\t\t\t<\/div>\n\t\t\t\t<\/div>\n\t\t\t\t\t<\/div>\n\t\t\t\t<\/div>\n\t\t\t\t<\/div>\n\t\t","protected":false},"excerpt":{"rendered":"<p>Aceites de motor en Quer\u00e9taro El servicio de aceites de motor siempre es necesario, El cuidado del motor de nuestro [&hellip;]<\/p>\n","protected":false},"author":1,"featured_media":33,"parent":0,"menu_order":0,"comment_status":"closed","ping_status":"closed","template":"elementor_header_footer","meta":{"site-sidebar-layout":"default","site-content-layout":"","ast-site-content-layout":"default","site-content-style":"default","site-sidebar-style":"default","ast-global-header-display":"","ast-banner-title-visibility":"","ast-main-header-display":"","ast-hfb-above-header-display":"","ast-hfb-below-header-display":"","ast-hfb-mobile-header-display":"","site-post-title":"","ast-breadcrumbs-content":"","ast-featured-img":"","footer-sml-layout":"","theme-transparent-header-meta":"default","adv-header-id-meta":"","stick-header-meta":"","header-above-stick-meta":"","header-main-stick-meta":"","header-below-stick-meta":"","astra-migrate-meta-layouts":"set","ast-page-background-enabled":"default","ast-page-background-meta":{"desktop":{"background-color":"var(--ast-global-color-4)","background-image":"","background-repeat":"repeat","background-position":"center center","background-size":"auto","background-attachment":"scroll","background-type":"","background-media":"","overlay-type":"","overlay-color":"","overlay-opacity":"","overlay-gradient":""},"tablet":{"background-color":"","background-image":"","background-repeat":"repeat","background-position":"center center","background-size":"auto","background-attachment":"scroll","background-type":"","background-media":"","overlay-type":"","overlay-color":"","overlay-opacity":"","overlay-gradient":""},"mobile":{"background-color":"","background-image":"","background-repeat":"repeat","background-position":"center center","background-size":"auto","background-attachment":"scroll","background-type":"","background-media":"","overlay-type":"","overlay-color":"","overlay-opacity":"","overlay-gradient":""}},"ast-content-background-meta":{"desktop":{"background-color":"var(--ast-global-color-5)","background-image":"","background-repeat":"repeat","background-position":"center center","background-size":"auto","background-attachment":"scroll","background-type":"","background-media":"","overlay-type":"","overlay-color":"","overlay-opacity":"","overlay-gradient":""},"tablet":{"background-color":"var(--ast-global-color-5)","background-image":"","background-repeat":"repeat","background-position":"center center","background-size":"auto","background-attachment":"scroll","background-type":"","background-media":"","overlay-type":"","overlay-color":"","overlay-opacity":"","overlay-gradient":""},"mobile":{"background-color":"var(--ast-global-color-5)","background-image":"","background-repeat":"repeat","background-position":"center center","background-size":"auto","background-attachment":"scroll","background-type":"","background-media":"","overlay-type":"","overlay-color":"","overlay-opacity":"","overlay-gradient":""}},"footnotes":""},"class_list":["post-32","page","type-page","status-publish","has-post-thumbnail","hentry"],"aioseo_notices":[],"_links":{"self":[{"href":"https:\/\/queretaro10.com\/directorios\/wp-json\/wp\/v2\/pages\/32","targetHints":{"allow":["GET"]}}],"collection":[{"href":"https:\/\/queretaro10.com\/directorios\/wp-json\/wp\/v2\/pages"}],"about":[{"href":"https:\/\/queretaro10.com\/directorios\/wp-json\/wp\/v2\/types\/page"}],"author":[{"embeddable":true,"href":"https:\/\/queretaro10.com\/directorios\/wp-json\/wp\/v2\/users\/1"}],"replies":[{"embeddable":true,"href":"https:\/\/queretaro10.com\/directorios\/wp-json\/wp\/v2\/comments?post=32"}],"version-history":[{"count":19,"href":"https:\/\/queretaro10.com\/directorios\/wp-json\/wp\/v2\/pages\/32\/revisions"}],"predecessor-version":[{"id":1362,"href":"https:\/\/queretaro10.com\/directorios\/wp-json\/wp\/v2\/pages\/32\/revisions\/1362"}],"wp:featuredmedia":[{"embeddable":true,"href":"https:\/\/queretaro10.com\/directorios\/wp-json\/wp\/v2\/media\/33"}],"wp:attachment":[{"href":"https:\/\/queretaro10.com\/directorios\/wp-json\/wp\/v2\/media?parent=32"}],"curies":[{"name":"wp","href":"https:\/\/api.w.org\/{rel}","templated":true}]}}