{"id":40,"date":"2023-01-28T18:45:12","date_gmt":"2023-01-28T18:45:12","guid":{"rendered":"https:\/\/queretaro10.com\/directorios\/?page_id=27601"},"modified":"2025-03-31T21:57:34","modified_gmt":"2025-03-31T21:57:34","slug":"alquiler-de-trajes-de-etiqueta-vestidos","status":"publish","type":"page","link":"https:\/\/queretaro10.com\/directorios\/alquiler-de-trajes-de-etiqueta-vestidos\/","title":{"rendered":"Alquiler de Trajes de Etiqueta y Vestidos en Quer\u00e9taro"},"content":{"rendered":"\t\t<div data-elementor-type=\"wp-page\" data-elementor-id=\"40\" class=\"elementor elementor-40\">\n\t\t\t\t<div class=\"elementor-element elementor-element-da2195e e-flex e-con-boxed e-con e-parent\" data-id=\"da2195e\" data-element_type=\"container\">\n\t\t\t\t\t<div class=\"e-con-inner\">\n\t\t\t\t<div class=\"elementor-element elementor-element-c481103 elementor-widget elementor-widget-heading\" data-id=\"c481103\" data-element_type=\"widget\" data-widget_type=\"heading.default\">\n\t\t\t\t<div class=\"elementor-widget-container\">\n\t\t\t\t\t<h1 class=\"elementor-heading-title elementor-size-default\">Alquiler de Trajes de Etiqueta y Vestidos en Quer\u00e9taro<\/h1>\t\t\t\t<\/div>\n\t\t\t\t<\/div>\n\t\t\t\t<div class=\"elementor-element elementor-element-a8e8296 elementor-widget elementor-widget-text-editor\" data-id=\"a8e8296\" data-element_type=\"widget\" data-widget_type=\"text-editor.default\">\n\t\t\t\t<div class=\"elementor-widget-container\">\n\t\t\t\t\t\t\t\t\t<p>El servicio de alquiler de trajes de etiqueta y vestidos siempre es necesario, los ciudadanos por lo menos una vez al a\u00f1o utilizan los servicios de renta de trajes de etiqueta y vestidos para eventos especiales como Bodas, XV a\u00f1os, Primera comuni\u00f3n y otros eventos. A continuaci\u00f3n, seleccionamos algunos negocios que disponen de los mejores servicios de Alquiler de Trajes de Etiqueta y Vestidos en Quer\u00e9taro.<\/p>\t\t\t\t\t\t\t\t<\/div>\n\t\t\t\t<\/div>\n\t\t\t\t\t<\/div>\n\t\t\t\t<\/div>\n\t\t<div class=\"elementor-element elementor-element-2b4bcd5 e-flex e-con-boxed e-con e-parent\" data-id=\"2b4bcd5\" data-element_type=\"container\">\n\t\t\t\t\t<div class=\"e-con-inner\">\n\t\t\t\t<div class=\"elementor-element elementor-element-2652f44 elementor-widget elementor-widget-heading\" data-id=\"2652f44\" data-element_type=\"widget\" data-widget_type=\"heading.default\">\n\t\t\t\t<div class=\"elementor-widget-container\">\n\t\t\t\t\t<h2 class=\"elementor-heading-title elementor-size-default\">Directorio de Alquiler de Trajes de Etiqueta y Vestidos en Quer\u00e9taro<\/h2>\t\t\t\t<\/div>\n\t\t\t\t<\/div>\n\t\t\t\t<div class=\"elementor-element elementor-element-f7085bf elementor-widget elementor-widget-text-editor\" data-id=\"f7085bf\" data-element_type=\"widget\" data-widget_type=\"text-editor.default\">\n\t\t\t\t<div class=\"elementor-widget-container\">\n\t\t\t\t\t\t\t\t\t<p>Una recopilaci\u00f3n de los mejores servicios de alquiler de trajes de etiqueta y vestidos del Estado de Quer\u00e9taro, los cuales fueron indexados en medios digitales como buenos contactos, si desea actualizar alg\u00fan dato o agregar un Servicio en Quer\u00e9taro con gusto lo realizamos.<\/p>\t\t\t\t\t\t\t\t<\/div>\n\t\t\t\t<\/div>\n\t\t\t\t\t<\/div>\n\t\t\t\t<\/div>\n\t\t<div class=\"elementor-element elementor-element-e5ed302 e-flex e-con-boxed e-con e-parent\" data-id=\"e5ed302\" data-element_type=\"container\">\n\t\t\t\t\t<div class=\"e-con-inner\">\n\t\t\t\t<div class=\"elementor-element elementor-element-efba5e1 elementor-widget elementor-widget-text-editor\" data-id=\"efba5e1\" data-element_type=\"widget\" data-widget_type=\"text-editor.default\">\n\t\t\t\t<div class=\"elementor-widget-container\">\n\t\t\t\t\t\t\t\t\t<hr \/><h3>Vittorio Forti<\/h3><p>Servicio de Vittorio Forti Quer\u00e9taro.<br \/><strong>Direcciones:<\/strong> C. Benito Ju\u00e1rez Sur NO. 20, Centro, 76000 Santiago de Quer\u00e9taro, Qro.<br \/><strong>Tel\u00e9fono:<\/strong> (442)212 2853, (556)085 5022, (552)626 1608.<br \/><strong>WhatsApp:<\/strong> (556)085 5022.<br \/><strong>Sitio:<\/strong> https:\/\/vittorioforti.com.mx\/<br \/><strong>E-mail:<\/strong> vfqueretarocentro@vittorioforti.com.mx, moments@operadoradetrajes.com<br \/><strong>Rese\u00f1a:<\/strong> Productos y servicios que ofrece Vittorio Forti,\u00a0Smoking: Saco, Pantalon. Jaquet: Saco, Pantalon. Traje: Saco, Pantalon. Accesorios: Camisa, Corbata, Chaleco y plastr\u00f3n, Faja y mo\u00f1o. Ni\u00f1os: Saco, Pantalon, Accesorios. Centros de Servicio.<br \/><a href=\"https:\/\/goo.gl\/maps\/anyswVYUqxzckuxT7\" target=\"_blank\" rel=\"noopener,nofollow noopener\">Link de Ubicaci\u00f3n en Mapa Google. Clic Mapa.<\/a><\/p><hr \/><h3>Unique<\/h3><p>Servicio de Unique en Quer\u00e9taro.<br \/><strong>Direcciones:<\/strong> Plaza Bosques, Manufactura 48 Local 22, Alamos 2da Secc, 76160 Santiago de Quer\u00e9taro, Qro.<br \/><strong>Tel\u00e9fono:<\/strong> (442)576 1518.<br \/><strong>WhatsApp:<\/strong> (442)576 1518.<br \/><strong>Sitio:<\/strong> https:\/\/www.uniquerentadress.com\/<br \/><strong>E-mail:<\/strong> contacto@uniquerentadress.com<br \/><strong>Rese\u00f1a:<\/strong> Productos y servicios que ofrece Unique,\u00a0Renta de vestidos, Nuestra colecci\u00f3n: Rojo, Verde, Azul, Blanco, Amarillo, Rosa, Negro, Caf\u00e9, Morado, Varios.<br \/><a href=\"https:\/\/goo.gl\/maps\/nJ6K4nEc7SFbQ3KVA\" target=\"_blank\" rel=\"noopener,nofollow noopener\">Link de Ubicaci\u00f3n en Mapa Google. Clic Mapa.<\/a><\/p><hr \/><h3>One Tuxedos &amp; Fracs<\/h3><p>Servicio de One Tuxedos &amp; Fracs en Quer\u00e9taro.<br \/><strong>2 Direcciones:<\/strong> Circuito los Alamos 51-A Col. Los, Alamos 2da Secc, 76160 Santiago de Quer\u00e9taro, Qro.<br \/><strong>Tel\u00e9fono:<\/strong> (442)325 8862, (442)319 1619, (811)077 8004.<br \/><strong>WhatsApp:<\/strong> (442)319 1619, (811)077 8004, (818)362 1118.<br \/><strong>Sitio:<\/strong> https:\/\/onetuxedo.com\/<br \/><strong>E-mail:<\/strong> atencionaclientes@onetuxedo.com<br \/><strong>Rese\u00f1a:<\/strong> Productos y servicios que ofrece One Tuxedos &amp; Fracs,\u00a0Renta y Venta de Trajes de Etiqueta, Smoking Novio, Smoking Moda, Smoking, Traje Formal, Traje de Ni\u00f1os, Renta y Venta de Zapatos, Accesorios.<br \/><a href=\"https:\/\/goo.gl\/maps\/HStyKBXwV43Z3NN8A\" target=\"_blank\" rel=\"noopener,nofollow noopener\">Link de Ubicaci\u00f3n en Mapa Google. Clic Mapa.<\/a><\/p><hr \/><h3>Ananda<\/h3><p>Servicio de Ananda en Quer\u00e9taro.<br \/><strong>Direcciones:<\/strong> C. Ramon Rodriguez Familiar 13B, Bosques del Acueducto, 76020 Santiago de Quer\u00e9taro, Qro.<br \/><strong>Tel\u00e9fono:<\/strong> (442)167 3030.<br \/><strong>WhatsApp:<\/strong> (442)615 5952.<br \/><strong>Sitio:<\/strong> https:\/\/ananda.com.mx\/<br \/><strong>E-mail:<\/strong> info@ananda.com.mx<br \/><strong>Rese\u00f1a:<\/strong> Productos y servicios que ofrece Ananda,\u00a0Renta de Vestidos, Jumpsuits, Faldas, Crop Tops. Talla: 0-2 (XS), 10-12 (L), 14-16 (XL), 2-4 (S), 4-6 (M), 6-8 (M ), 8-10 (L), Chico (4-6), Mediano (4-6). Color: Amarillo, Azul Claro, Azul Marino, Azul Rey, Blanco, Bugambilia, Cobre, Coral, Dorado, Estampado, Gris, Lila, Malva, Morado, Multicolor, Naranja, Negro, Palo de Rosa, Plateado, Rojo, Rosa, Rose Gold, Turquesa, Verde, Vino.<br \/><a href=\"https:\/\/goo.gl\/maps\/B8UVgt6RzBckAYkVA\" target=\"_blank\" rel=\"noopener,nofollow noopener\">Link de Ubicaci\u00f3n en Mapa Google. Clic Mapa.<\/a><\/p><hr \/><h3>Sartori<\/h3><p>Servicio de Sartori en Quer\u00e9taro.<br \/><strong>Direcciones:<\/strong> Blvd. Bernardo Quintana 113\/5, Villas del Parque, 76140 Santiago de Quer\u00e9taro, Qro.<br \/><strong>Tel\u00e9fono:<\/strong> (442)248 3080, (442)248 3079.<br \/><strong>WhatsApp:<\/strong> (442)821 5486.<br \/><strong>Sitio:<\/strong> https:\/\/sartoritrajes.com\/<br \/><strong>E-mail:<\/strong> sartoriclientesamarilla@gmail.com<br \/><strong>Rese\u00f1a:<\/strong> Productos y servicios que ofrece Sartori,\u00a0Renta de trajes de etiqueta como Chaqu\u00e9, Smoking, Smoking tipo casaca, Smoking hueso, Traje, Traje hueso, Trajes para Novio, Trajes media Etiqueta, Frac, Jacquet.<br \/><a href=\"https:\/\/goo.gl\/maps\/Mc3YFPjuwmNT8Qp39\" target=\"_blank\" rel=\"noopener,nofollow noopener\">Link de Ubicaci\u00f3n en Mapa Google. Clic Mapa.<\/a><\/p><hr \/><h3>D&#8217;PAUL<\/h3><p>Servicio de D&#8217;PAUL en Quer\u00e9taro.<br \/><strong>Direcciones:<\/strong> Av. Corregidora Nte. 330, Alamos 3ra Secc, 76160 Santiago de Quer\u00e9taro, Qro.<br \/><strong>Tel\u00e9fono:<\/strong>(442)224 2191.<br \/><strong>Sitio:<\/strong> https:\/\/dpaul.mx\/<br \/><strong>E-mail:<\/strong> info@terrafirme.com.mx<br \/><strong>Rese\u00f1a:<\/strong> Productos y servicios que ofrece D&#8217;PAUL,\u00a0Smoking negro &#8211; solapa escuadra &#8211; dos botones, Smoking blanco &#8211; solapa collar negra &#8211; un boton, Smoking azul &#8211; solapa collar &#8211; un boton, Smoking negro y smoking mascota, Smoking mascota &#8211; solapa collar &#8211; un boton, Smoking azul cobalto &#8211; solapa collar &#8211; un boton, Smoking azul media noche &#8211; solapa collar &#8211; un boton, Smoking negro &#8211; solapa pico &#8211; un boton, Smoking negro &#8211; solapa pico collar &#8211; un boton.<br \/><a href=\"https:\/\/goo.gl\/maps\/5MZKvhZx75obCxXj8\" target=\"_blank\" rel=\"noopener,nofollow noopener\">Link de Ubicaci\u00f3n en Mapa Google. Clic Mapa.<\/a><\/p><hr \/><h3>Almara<\/h3><p>Servicio de Almara en Quer\u00e9taro.<br \/><strong>Direcciones:<\/strong> Col. Cumbres del Lago. Juriquilla, Quer\u00e9taro.<br \/><strong>Tel\u00e9fono:<\/strong> (442)507 2979, (447)109 5668.<br \/><strong>WhatsApp:<\/strong> (442)507 2979.<br \/><strong>Sitio:<\/strong> https:\/\/rentadevestidosalmara.com\/<br \/><strong>E-mail:<\/strong> contacto@rentadevestidosalmara.com<br \/><strong>Rese\u00f1a:<\/strong> Productos y servicios que ofrece Almara,\u00a0Renta de Vestidos para Bodas, C\u00f3ctel, Prom, Fashion, Photoshoot, Fiesta, Accesorios: Aretes, Collares y Bolsas.<br \/><a href=\"https:\/\/goo.gl\/maps\/2oYsYLoy15kEk6ab8\" target=\"_blank\" rel=\"noopener,nofollow noopener\">Link de Ubicaci\u00f3n en Mapa Google. Clic Mapa.<\/a><\/p><hr \/><h3>Trajes El Gal\u00e1n<\/h3><p>Servicio de Trajes El Gal\u00e1n en Quer\u00e9taro.<br \/><strong>Direcciones:<\/strong> Hidalgo 75-local G, Centro, 76000 Santiago de Quer\u00e9taro, Qro.<br \/><strong>Tel\u00e9fono:<\/strong> (442)157 2336.<br \/><strong>WhatsApp:<\/strong> (442)157 2336.<br \/><strong>Sitio:<\/strong> https:\/\/www.facebook.com\/trajeselgalan\/<br \/><strong>E-mail:<\/strong> elgalan_trajes@hotmail.com<br \/><strong>Rese\u00f1a:<\/strong> Productos y servicios que ofrece Trajes El Gal\u00e1n,\u00a0Renta de trajes para caballero y ni\u00f1os, primera comuni\u00f3n, graduaciones, chambelanes, novios, togas.<br \/><a href=\"https:\/\/goo.gl\/maps\/BYCFmAFSzvhNEUgb6\" target=\"_blank\" rel=\"noopener,nofollow noopener\">Link de Ubicaci\u00f3n en Mapa Google. Clic Mapa.<\/a><\/p><hr \/><h3>Ethel &#8211; Renta de Vestidos de fiesta y Trajes<\/h3><p>Servicio de Ethel &#8211; Renta de Vestidos de fiesta y Trajes en Quer\u00e9taro.<br \/><strong>Direcciones:<\/strong> Avenida Universidad 127B, Centro, 76000 Santiago de Quer\u00e9taro, Qro.<br \/><strong>Tel\u00e9fono:<\/strong> (442)684 9022.<br \/><strong>Sitio:<\/strong> https:\/\/www.facebook.com\/profile.php?id=100063679383484<br \/><strong>E-mail:<\/strong> tucasaaunclick@gmail.com<br \/><strong>Rese\u00f1a:<\/strong> Productos y servicios que ofrece Ethel &#8211; Renta de vestidos y trajes, nuevos originales de dise\u00f1ador.<br \/><a href=\"https:\/\/goo.gl\/maps\/fSAJdYsrXoxApdqr5\" target=\"_blank\" rel=\"noopener,nofollow noopener\">Link de Ubicaci\u00f3n en Mapa Google. Clic Mapa.<\/a><\/p><hr \/><h3>El mundo del traje<\/h3><p>Servicio de El mundo del traje en Quer\u00e9taro.<br \/><strong>Direcciones:<\/strong> Calle Jos\u00e9 Mar\u00eda Pino Su\u00e1rez 17, Centro, 76000 Santiago de Quer\u00e9taro, Qro.<br \/><strong>Tel\u00e9fono:<\/strong> (442)284 3184, (442)214 5874.<br \/><strong>WhatsApp:<\/strong> (442)359 5873.<br \/><strong>Sitio:<\/strong> https:\/\/www.facebook.com\/elmundodeltraje17\/<br \/><strong>E-mail:<\/strong> elmundodeltraje17@outlook.com<br \/><strong>Rese\u00f1a:<\/strong> Productos y servicios que ofrece El mundo del traje,\u00a0Renta y venta de Smokin\u00b4s, Frac\u00b4s, Jaquet\u00b4s, Cadetes, Cuello Mao, Casacas, Trajes de vestir en todas las talles y colores. Somos fabricantes. Alquiler y venta de trajes para: Bodas, XV A\u00f1os, Graduaciones, Primera Comuni\u00f3n Caballeros y ni\u00f1os.<br \/><a href=\"https:\/\/goo.gl\/maps\/rtzvLunMr5CsRZAd6\" target=\"_blank\" rel=\"noopener,nofollow noopener\">Link de Ubicaci\u00f3n en Mapa Google. Clic Mapa.<\/a><\/p><hr \/>\t\t\t\t\t\t\t\t<\/div>\n\t\t\t\t<\/div>\n\t\t\t\t\t<\/div>\n\t\t\t\t<\/div>\n\t\t<div class=\"elementor-element elementor-element-9fcefaf e-flex e-con-boxed e-con e-parent\" data-id=\"9fcefaf\" data-element_type=\"container\">\n\t\t\t\t\t<div class=\"e-con-inner\">\n\t\t\t\t<div class=\"elementor-element elementor-element-1c64031 elementor-widget elementor-widget-heading\" data-id=\"1c64031\" data-element_type=\"widget\" data-widget_type=\"heading.default\">\n\t\t\t\t<div class=\"elementor-widget-container\">\n\t\t\t\t\t<h2 class=\"elementor-heading-title elementor-size-default\">Servicios de Alquiler de Trajes de Etiqueta y Vestidos Mapa<\/h2>\t\t\t\t<\/div>\n\t\t\t\t<\/div>\n\t\t\t\t<div class=\"elementor-element elementor-element-98f8d03 elementor-widget elementor-widget-text-editor\" data-id=\"98f8d03\" data-element_type=\"widget\" data-widget_type=\"text-editor.default\">\n\t\t\t\t<div class=\"elementor-widget-container\">\n\t\t\t\t\t\t\t\t\t<p>Los servicios especializados en alquiler de trajes de etiqueta y vestidos, Smoking: Saco, Pantalon. Jaquet: Saco, Pantalon. Traje: Saco, Pantalon. Accesorios: Camisa, Corbata, Chaleco y plastr\u00f3n, Faja y mo\u00f1o. Ni\u00f1os: Saco, Pantalon, Accesorios. Centros de Servicio. Chaqu\u00e9, Smoking, Smoking tipo casaca, Smoking hueso, Traje, Traje hueso, Trajes para Novio, Trajes media Etiqueta, Frac, Jacquet. Alquiler y venta de trajes para: Bodas, XV A\u00f1os, Graduaciones, Primera Comuni\u00f3n Caballeros y ni\u00f1os. Renta de Vestidos para Bodas, C\u00f3ctel, Prom, Fashion, Photoshoot, Fiesta, Accesorios: Aretes, Collares y Bolsas. Color: Amarillo, Azul Claro, Azul Marino, Azul Rey, Blanco, Bugambilia, Cobre, Coral, Dorado, Estampado, Gris, Lila, Malva, Morado, Multicolor, Naranja, Negro, Palo de Rosa, Plateado, Rojo, Rosa, Rose Gold, Turquesa, Verde, Vino.<\/p>\t\t\t\t\t\t\t\t<\/div>\n\t\t\t\t<\/div>\n\t\t\t\t\t<\/div>\n\t\t\t\t<\/div>\n\t\t<div class=\"elementor-element elementor-element-3f1eed4 e-flex e-con-boxed e-con e-parent\" data-id=\"3f1eed4\" data-element_type=\"container\">\n\t\t\t\t\t<div class=\"e-con-inner\">\n\t\t\t\t<div class=\"elementor-element elementor-element-d45bedd elementor-widget elementor-widget-text-editor\" data-id=\"d45bedd\" data-element_type=\"widget\" data-widget_type=\"text-editor.default\">\n\t\t\t\t<div class=\"elementor-widget-container\">\n\t\t\t\t\t\t\t\t\t<p><iframe style=\"border: 0;\" src=\"https:\/\/www.google.com\/maps\/embed?pb=!1m16!1m12!1m3!1d50245.81217214903!2d-100.40639570433095!3d20.606739631360504!2m3!1f0!2f0!3f0!3m2!1i1024!2i768!4f13.1!2m1!1sAlquiler%20de%20Trajes%20de%20Etiqueta%20y%20Vestidos!5e0!3m2!1ses!2smx!4v1674872320204!5m2!1ses!2smx\" width=\"100%\" height=\"450\" frameborder=\"0\" allowfullscreen=\"allowfullscreen\"><\/iframe><\/p>\t\t\t\t\t\t\t\t<\/div>\n\t\t\t\t<\/div>\n\t\t\t\t\t<\/div>\n\t\t\t\t<\/div>\n\t\t<div class=\"elementor-element elementor-element-12c8cfa e-flex e-con-boxed e-con e-parent\" data-id=\"12c8cfa\" data-element_type=\"container\">\n\t\t\t\t\t<div class=\"e-con-inner\">\n\t\t<div class=\"elementor-element elementor-element-803aa68 e-con-full e-flex e-con e-child\" data-id=\"803aa68\" data-element_type=\"container\">\n\t\t\t\t<div class=\"elementor-element elementor-element-5782a98 elementor-widget elementor-widget-image\" data-id=\"5782a98\" data-element_type=\"widget\" data-widget_type=\"image.default\">\n\t\t\t\t<div class=\"elementor-widget-container\">\n\t\t\t\t\t\t\t\t\t\t\t\t\t\t\t\t<a href=\"https:\/\/mkdigital10.com\/plan-full-empresarial\/\">\n\t\t\t\t\t\t\t<img fetchpriority=\"high\" decoding=\"async\" width=\"750\" height=\"750\" src=\"https:\/\/queretaro10.com\/directorios\/wp-content\/uploads\/2024\/06\/qro10-4-2024-PLAN-FULL-EMPRESARIAL-min.png\" class=\"attachment-full size-full wp-image-809\" alt=\"Plan Full MARKETING EMPRESARIAL\" srcset=\"https:\/\/queretaro10.com\/directorios\/wp-content\/uploads\/2024\/06\/qro10-4-2024-PLAN-FULL-EMPRESARIAL-min.png 750w, https:\/\/queretaro10.com\/directorios\/wp-content\/uploads\/2024\/06\/qro10-4-2024-PLAN-FULL-EMPRESARIAL-min-300x300.png 300w, https:\/\/queretaro10.com\/directorios\/wp-content\/uploads\/2024\/06\/qro10-4-2024-PLAN-FULL-EMPRESARIAL-min-150x150.png 150w\" sizes=\"(max-width: 750px) 100vw, 750px\" \/>\t\t\t\t\t\t\t\t<\/a>\n\t\t\t\t\t\t\t\t\t\t\t\t\t\t\t<\/div>\n\t\t\t\t<\/div>\n\t\t\t\t<\/div>\n\t\t<div class=\"elementor-element elementor-element-8bdfc6b e-con-full e-flex e-con e-child\" data-id=\"8bdfc6b\" data-element_type=\"container\">\n\t\t\t\t<div class=\"elementor-element elementor-element-20da5df elementor-widget elementor-widget-image\" data-id=\"20da5df\" data-element_type=\"widget\" data-widget_type=\"image.default\">\n\t\t\t\t<div class=\"elementor-widget-container\">\n\t\t\t\t\t\t\t\t\t\t\t\t\t\t\t\t<a href=\"https:\/\/queretaro10.com\/qro\/marketing\/\">\n\t\t\t\t\t\t\t<img decoding=\"async\" width=\"750\" height=\"750\" src=\"https:\/\/queretaro10.com\/directorios\/wp-content\/uploads\/2024\/06\/qro10-Plan-MK-Digital-PyMe-Local-cuadro-4-min.png\" class=\"attachment-full size-full wp-image-810\" alt=\"PLAN FULL MARKETING DIGITAL PyMe Local\" srcset=\"https:\/\/queretaro10.com\/directorios\/wp-content\/uploads\/2024\/06\/qro10-Plan-MK-Digital-PyMe-Local-cuadro-4-min.png 750w, https:\/\/queretaro10.com\/directorios\/wp-content\/uploads\/2024\/06\/qro10-Plan-MK-Digital-PyMe-Local-cuadro-4-min-300x300.png 300w, https:\/\/queretaro10.com\/directorios\/wp-content\/uploads\/2024\/06\/qro10-Plan-MK-Digital-PyMe-Local-cuadro-4-min-150x150.png 150w\" sizes=\"(max-width: 750px) 100vw, 750px\" \/>\t\t\t\t\t\t\t\t<\/a>\n\t\t\t\t\t\t\t\t\t\t\t\t\t\t\t<\/div>\n\t\t\t\t<\/div>\n\t\t\t\t<\/div>\n\t\t<div class=\"elementor-element elementor-element-2f52090 e-con-full e-flex e-con e-child\" data-id=\"2f52090\" data-element_type=\"container\">\n\t\t\t\t<div class=\"elementor-element elementor-element-49ddc68 elementor-widget elementor-widget-image\" data-id=\"49ddc68\" data-element_type=\"widget\" data-widget_type=\"image.default\">\n\t\t\t\t<div class=\"elementor-widget-container\">\n\t\t\t\t\t\t\t\t\t\t\t\t\t\t\t\t<a href=\"https:\/\/mkdigital10.com\/sem\/redes-sociales\/\">\n\t\t\t\t\t\t\t<img decoding=\"async\" width=\"750\" height=\"750\" src=\"https:\/\/queretaro10.com\/directorios\/wp-content\/uploads\/2025\/03\/qro10-Plan-Redes-Sociales.png\" class=\"attachment-full size-full wp-image-1199\" alt=\"Plan Redes Sociales\" srcset=\"https:\/\/queretaro10.com\/directorios\/wp-content\/uploads\/2025\/03\/qro10-Plan-Redes-Sociales.png 750w, https:\/\/queretaro10.com\/directorios\/wp-content\/uploads\/2025\/03\/qro10-Plan-Redes-Sociales-300x300.png 300w, https:\/\/queretaro10.com\/directorios\/wp-content\/uploads\/2025\/03\/qro10-Plan-Redes-Sociales-150x150.png 150w\" sizes=\"(max-width: 750px) 100vw, 750px\" \/>\t\t\t\t\t\t\t\t<\/a>\n\t\t\t\t\t\t\t\t\t\t\t\t\t\t\t<\/div>\n\t\t\t\t<\/div>\n\t\t\t\t<\/div>\n\t\t<div class=\"elementor-element elementor-element-6f90621 e-con-full e-flex e-con e-child\" data-id=\"6f90621\" data-element_type=\"container\">\n\t\t\t\t<div class=\"elementor-element elementor-element-1b62987 elementor-widget elementor-widget-image\" data-id=\"1b62987\" data-element_type=\"widget\" data-widget_type=\"image.default\">\n\t\t\t\t<div class=\"elementor-widget-container\">\n\t\t\t\t\t\t\t\t\t\t\t\t\t\t\t\t<a href=\"https:\/\/mkdigital10.com\/paginas-web\/\">\n\t\t\t\t\t\t\t<img loading=\"lazy\" decoding=\"async\" width=\"750\" height=\"750\" src=\"https:\/\/queretaro10.com\/directorios\/wp-content\/uploads\/2025\/03\/qro10-Plan-Paginas-Web-PyMe-Empresarial.png\" class=\"attachment-full size-full wp-image-1200\" alt=\"Plan P\u00e1ginas Web PyMe Empresarial\" srcset=\"https:\/\/queretaro10.com\/directorios\/wp-content\/uploads\/2025\/03\/qro10-Plan-Paginas-Web-PyMe-Empresarial.png 750w, https:\/\/queretaro10.com\/directorios\/wp-content\/uploads\/2025\/03\/qro10-Plan-Paginas-Web-PyMe-Empresarial-300x300.png 300w, https:\/\/queretaro10.com\/directorios\/wp-content\/uploads\/2025\/03\/qro10-Plan-Paginas-Web-PyMe-Empresarial-150x150.png 150w\" sizes=\"(max-width: 750px) 100vw, 750px\" \/>\t\t\t\t\t\t\t\t<\/a>\n\t\t\t\t\t\t\t\t\t\t\t\t\t\t\t<\/div>\n\t\t\t\t<\/div>\n\t\t\t\t<\/div>\n\t\t\t\t\t<\/div>\n\t\t\t\t<\/div>\n\t\t\t\t<\/div>\n\t\t","protected":false},"excerpt":{"rendered":"<p>Alquiler de Trajes de Etiqueta y Vestidos en Quer\u00e9taro El servicio de alquiler de trajes de etiqueta y vestidos siempre [&hellip;]<\/p>\n","protected":false},"author":1,"featured_media":41,"parent":0,"menu_order":0,"comment_status":"closed","ping_status":"closed","template":"elementor_header_footer","meta":{"site-sidebar-layout":"default","site-content-layout":"","ast-site-content-layout":"default","site-content-style":"default","site-sidebar-style":"default","ast-global-header-display":"","ast-banner-title-visibility":"","ast-main-header-display":"","ast-hfb-above-header-display":"","ast-hfb-below-header-display":"","ast-hfb-mobile-header-display":"","site-post-title":"","ast-breadcrumbs-content":"","ast-featured-img":"","footer-sml-layout":"","theme-transparent-header-meta":"default","adv-header-id-meta":"","stick-header-meta":"","header-above-stick-meta":"","header-main-stick-meta":"","header-below-stick-meta":"","astra-migrate-meta-layouts":"set","ast-page-background-enabled":"default","ast-page-background-meta":{"desktop":{"background-color":"var(--ast-global-color-4)","background-image":"","background-repeat":"repeat","background-position":"center center","background-size":"auto","background-attachment":"scroll","background-type":"","background-media":"","overlay-type":"","overlay-color":"","overlay-opacity":"","overlay-gradient":""},"tablet":{"background-color":"","background-image":"","background-repeat":"repeat","background-position":"center center","background-size":"auto","background-attachment":"scroll","background-type":"","background-media":"","overlay-type":"","overlay-color":"","overlay-opacity":"","overlay-gradient":""},"mobile":{"background-color":"","background-image":"","background-repeat":"repeat","background-position":"center center","background-size":"auto","background-attachment":"scroll","background-type":"","background-media":"","overlay-type":"","overlay-color":"","overlay-opacity":"","overlay-gradient":""}},"ast-content-background-meta":{"desktop":{"background-color":"var(--ast-global-color-5)","background-image":"","background-repeat":"repeat","background-position":"center center","background-size":"auto","background-attachment":"scroll","background-type":"","background-media":"","overlay-type":"","overlay-color":"","overlay-opacity":"","overlay-gradient":""},"tablet":{"background-color":"var(--ast-global-color-5)","background-image":"","background-repeat":"repeat","background-position":"center center","background-size":"auto","background-attachment":"scroll","background-type":"","background-media":"","overlay-type":"","overlay-color":"","overlay-opacity":"","overlay-gradient":""},"mobile":{"background-color":"var(--ast-global-color-5)","background-image":"","background-repeat":"repeat","background-position":"center center","background-size":"auto","background-attachment":"scroll","background-type":"","background-media":"","overlay-type":"","overlay-color":"","overlay-opacity":"","overlay-gradient":""}},"footnotes":""},"class_list":["post-40","page","type-page","status-publish","has-post-thumbnail","hentry"],"aioseo_notices":[],"_links":{"self":[{"href":"https:\/\/queretaro10.com\/directorios\/wp-json\/wp\/v2\/pages\/40","targetHints":{"allow":["GET"]}}],"collection":[{"href":"https:\/\/queretaro10.com\/directorios\/wp-json\/wp\/v2\/pages"}],"about":[{"href":"https:\/\/queretaro10.com\/directorios\/wp-json\/wp\/v2\/types\/page"}],"author":[{"embeddable":true,"href":"https:\/\/queretaro10.com\/directorios\/wp-json\/wp\/v2\/users\/1"}],"replies":[{"embeddable":true,"href":"https:\/\/queretaro10.com\/directorios\/wp-json\/wp\/v2\/comments?post=40"}],"version-history":[{"count":15,"href":"https:\/\/queretaro10.com\/directorios\/wp-json\/wp\/v2\/pages\/40\/revisions"}],"predecessor-version":[{"id":1413,"href":"https:\/\/queretaro10.com\/directorios\/wp-json\/wp\/v2\/pages\/40\/revisions\/1413"}],"wp:featuredmedia":[{"embeddable":true,"href":"https:\/\/queretaro10.com\/directorios\/wp-json\/wp\/v2\/media\/41"}],"wp:attachment":[{"href":"https:\/\/queretaro10.com\/directorios\/wp-json\/wp\/v2\/media?parent=40"}],"curies":[{"name":"wp","href":"https:\/\/api.w.org\/{rel}","templated":true}]}}