{"id":59,"date":"2023-01-13T02:55:08","date_gmt":"2023-01-13T02:55:08","guid":{"rendered":"https:\/\/queretaro10.com\/directorios\/?page_id=27525"},"modified":"2025-03-31T21:55:49","modified_gmt":"2025-03-31T21:55:49","slug":"casas-de-cambio","status":"publish","type":"page","link":"https:\/\/queretaro10.com\/directorios\/casas-de-cambio\/","title":{"rendered":"Casas de Cambio en Quer\u00e9taro"},"content":{"rendered":"\t\t<div data-elementor-type=\"wp-page\" data-elementor-id=\"59\" class=\"elementor elementor-59\">\n\t\t\t\t<div class=\"elementor-element elementor-element-709896d e-flex e-con-boxed e-con e-parent\" data-id=\"709896d\" data-element_type=\"container\">\n\t\t\t\t\t<div class=\"e-con-inner\">\n\t\t\t\t<div class=\"elementor-element elementor-element-86786de elementor-widget elementor-widget-heading\" data-id=\"86786de\" data-element_type=\"widget\" data-widget_type=\"heading.default\">\n\t\t\t\t<div class=\"elementor-widget-container\">\n\t\t\t\t\t<h1 class=\"elementor-heading-title elementor-size-default\">Casas de Cambio en Quer\u00e9taro<\/h1>\t\t\t\t<\/div>\n\t\t\t\t<\/div>\n\t\t\t\t<div class=\"elementor-element elementor-element-3ce0ff9 elementor-widget elementor-widget-text-editor\" data-id=\"3ce0ff9\" data-element_type=\"widget\" data-widget_type=\"text-editor.default\">\n\t\t\t\t<div class=\"elementor-widget-container\">\n\t\t\t\t\t\t\t\t\t<p>El servicio de Casas de Cambio siempre es necesario, los ciudadanos por lo menos una vez al a\u00f1o utilizan los servicios de casas de cambio para comprar \/ vender divisas o monedas de oro y plata. A continuaci\u00f3n, seleccionamos algunos negocios que disponen de los mejores servicios de Casas de Cambio en Quer\u00e9taro.<\/p>\t\t\t\t\t\t\t\t<\/div>\n\t\t\t\t<\/div>\n\t\t\t\t\t<\/div>\n\t\t\t\t<\/div>\n\t\t<div class=\"elementor-element elementor-element-a4791c4 e-flex e-con-boxed e-con e-parent\" data-id=\"a4791c4\" data-element_type=\"container\">\n\t\t\t\t\t<div class=\"e-con-inner\">\n\t\t\t\t<div class=\"elementor-element elementor-element-5debcc8 elementor-widget elementor-widget-heading\" data-id=\"5debcc8\" data-element_type=\"widget\" data-widget_type=\"heading.default\">\n\t\t\t\t<div class=\"elementor-widget-container\">\n\t\t\t\t\t<h2 class=\"elementor-heading-title elementor-size-default\">Directorio de Casas de Cambio en Quer\u00e9taro<\/h2>\t\t\t\t<\/div>\n\t\t\t\t<\/div>\n\t\t\t\t<div class=\"elementor-element elementor-element-17f7add elementor-widget elementor-widget-text-editor\" data-id=\"17f7add\" data-element_type=\"widget\" data-widget_type=\"text-editor.default\">\n\t\t\t\t<div class=\"elementor-widget-container\">\n\t\t\t\t\t\t\t\t\t<p>Una recopilaci\u00f3n de los mejores servicios de Casas de Cambio del Estado de Quer\u00e9taro, los cuales fueron indexados en medios digitales como buenos contactos, si desea actualizar alg\u00fan dato o agregar un Servicio en Quer\u00e9taro con gusto lo realizamos.<\/p>\t\t\t\t\t\t\t\t<\/div>\n\t\t\t\t<\/div>\n\t\t\t\t\t<\/div>\n\t\t\t\t<\/div>\n\t\t<div class=\"elementor-element elementor-element-d374bae e-flex e-con-boxed e-con e-parent\" data-id=\"d374bae\" data-element_type=\"container\">\n\t\t\t\t\t<div class=\"e-con-inner\">\n\t\t\t\t<div class=\"elementor-element elementor-element-dbb1b77 elementor-widget elementor-widget-text-editor\" data-id=\"dbb1b77\" data-element_type=\"widget\" data-widget_type=\"text-editor.default\">\n\t\t\t\t<div class=\"elementor-widget-container\">\n\t\t\t\t\t\t\t\t\t<hr \/><h3>Megadivisas<\/h3><p>Servicio de Megadivisas en Quer\u00e9taro.<br \/><strong>Direcciones:<\/strong> Blvd. Bernardo Quintana 435, Centro Sur, 76090 Santiago de Quer\u00e9taro, Qro.<br \/><strong>Tel\u00e9fono:<\/strong> (442)241 2350<br \/><strong>Sitio:<\/strong> http:\/\/megadivisas.com.mx\/<br \/><strong>E-mail:<\/strong> contacto@megadivisas.com.mx<br \/><strong>Rese\u00f1a:<\/strong> Productos y servicios que ofrece Megadivisas,\u00a0Compra-venta de divisas en billete (D\u00f3lar americano, D\u00f3lar canadiense y Euro), Compra de morralla (monedas), Compra de metales amonedados de oro y plata, Servicio a domicilio para clientes registrados y operaciones superiores a $2,000.00 USD o su equivalente en moneda nacional, Tipo de cambio preferencial para operaciones de mayoreo.<br \/><a href=\"https:\/\/goo.gl\/maps\/GjSAvLPceYG2DtY36\" target=\"_blank\" rel=\"noopener,nofollow noopener\">Link de Ubicaci\u00f3n en Mapa Google. Clic Mapa.<\/a><\/p><hr \/><h3>San Jorge Casa de Cambio<\/h3><p>Servicio de San Jorge Casa de Cambio en Quer\u00e9taro.<br \/><strong>2 Direcciones:<\/strong> servicio al cliente, Anillo Vial Juan Junipero Serra Col. El Pozo dentro de la tienda HEB a un lado de, 76146 Santiago de Quer\u00e9taro, Qro.<br \/><strong>Tel\u00e9fono:<\/strong> (818)044 9000.<br \/><strong>WhatsApp:<\/strong> (813)665 5500.<br \/><strong>Sitio:<\/strong> https:\/\/www.sanjorgecc.com.mx\/<br \/><strong>E-mail:<\/strong> info@sanjorgecc.com.mx<br \/><strong>Rese\u00f1a:<\/strong> Productos y servicios que ofrece San Jorge Casa de Cambio,\u00a0Divisas: USA &#8211; D\u00f3lar Americano, EUR &#8211; Euro, CAD &#8211; D\u00f3lar Canadiense, GBP &#8211; Libra Esterlina, JPY &#8211; Yen Japones, CHF &#8211; Franco Suizo, AUD &#8211; D\u00f3lar Autraliano, BRL &#8211; Real Brasile\u00f1o, COP &#8211; Peso Colombiano, KRW &#8211; Won Coreano, CNY &#8211; Yuan Chino.<br \/><a href=\"https:\/\/goo.gl\/maps\/uWEz33dCx9SxMtNb9\" target=\"_blank\" rel=\"noopener,nofollow noopener\">Link de Ubicaci\u00f3n en Mapa Google. Clic Mapa.<\/a><\/p><hr \/><h3>Banco BASE<\/h3><p>Servicio de Banco BASE en Quer\u00e9taro.<br \/><strong>Direcciones:<\/strong> loc, Lic. Manuel G\u00f3mez Morin 3970-4to piso, Centro Sur, 76090 Santiago de Quer\u00e9taro, Qro.<br \/><strong>Tel\u00e9fono:<\/strong> (442)242 2250, (818)151 2383, (800)837 7100.<br \/><strong>Sitio:<\/strong> https:\/\/www.bancobase.com\/<br \/><strong>Rese\u00f1a:<\/strong> Productos y servicios que ofrece Banco BASE,\u00a0Compra, venta y pagos en divisas: MXN &#8211; Peso mexicano, USD &#8211; D\u00f3lar estadounidense, CAD &#8211; D\u00f3lar canadiense, EUR &#8211; Euro, GBP &#8211; Libra esterlina, CHF &#8211; Franco suizo, JPY &#8211; Yen japon\u00e9s, CNY &#8211; Yuan Chino.<br \/><a href=\"https:\/\/goo.gl\/maps\/rqgSJrQAbj2FsiuA8\" target=\"_blank\" rel=\"noopener,nofollow noopener\">Link de Ubicaci\u00f3n en Mapa Google. Clic Mapa.<\/a><\/p><hr \/><h3>Centro Cambiario InterLEU<\/h3><p>Servicio de Centro Cambiario InterLEU en Quer\u00e9taro.<br \/><strong>Direcciones:<\/strong> Blvr. Universitario 560 local Plaza, Campus UNAM 226, Juriquilla, 76230 Santiago de Quer\u00e9taro, Qro.<br \/><strong>Tel\u00e9fono:<\/strong>(442)393 0655.<br \/><strong>Sitio:<\/strong> https:\/\/interleusadecv.wixsite.com\/interleu<br \/><strong>Rese\u00f1a:<\/strong> Productos y servicios que ofrece Centro Cambiario InterLEU,\u00a0Compra Venta de Divisas: D\u00f3lar Americano, Euro, D\u00f3lar Canadiense, Libra, Franco Suizo. Compra y Venta de Monedas de Oro y Plata &#8211; Monedas Oro: Centenario, Azteca, 1 Hidalgo, 1\/2 Hidalgo, 1\/4 Hidalgo, 1\/5 Hidalgo. Plata Libertad: 5 Onzas Plata, 2 Onzas Plata, 1 Onza Plata, 1\/2 Onza Plata, 1\/4 Onza Plata, 1\/10 Onza Plata, 1\/20 Onza Plata. Onza Troy, Morelos 100 pesos, Ol\u00edmpicas, Conmemorativas ley .720. Compra de Oro y Plata por gramo en piezas y pedacer\u00eda en cualquier presentaci\u00f3n o condici\u00f3n.<br \/><a href=\"https:\/\/goo.gl\/maps\/k1MNadSVmr4mcVUJ7\" target=\"_blank\" rel=\"noopener,nofollow noopener\">Link de Ubicaci\u00f3n en Mapa Google. Clic Mapa.<\/a><\/p><hr \/><h3>Intercam Banco<\/h3><p>Servicio de Intercam Banco en Quer\u00e9taro.<br \/><strong>Direcciones:<\/strong> Av Fray Luis de Le\u00f3n 8002, Colinas del Cimatario, 76090 Santiago de Quer\u00e9taro, Qro.<br \/><strong>Tel\u00e9fono:<\/strong> (555)033 3333.<br \/><strong>Sitio:<\/strong> https:\/\/www.intercam.com.mx\/<br \/><strong>E-mail:<\/strong> servicioaclientes@intercam.com.mx<br \/><strong>Rese\u00f1a:<\/strong> Productos y servicios que ofrece Intercam Banco,\u00a0Divisas: MXN &#8211; Peso mexicano, USD &#8211; D\u00f3lar estadounidense, CAD &#8211; D\u00f3lar canadiense, EUR &#8211; Euro, GBP &#8211; Libra esterlina, JPY &#8211; Yen japon\u00e9s.<br \/><a href=\"https:\/\/goo.gl\/maps\/shiz6W5uxPHUTYpw6\" target=\"_blank\" rel=\"noopener,nofollow noopener\">Link de Ubicaci\u00f3n en Mapa Google. Clic Mapa.<\/a><\/p><hr \/><h3>Monex Grupo Financiero &#8211; Quer\u00e9taro<\/h3><p>Servicio de Monex Grupo Financiero &#8211; Quer\u00e9taro.<br \/><strong>Direcciones:<\/strong> Blvd. Bernando Quintana. 7001 Torre 1 PH Suite 1, Centro Sur, 76090 Santiago de Quer\u00e9taro, Qro.<br \/><strong>Tel\u00e9fono:<\/strong> (800)016 6639, (555)230 0200.<br \/><strong>Sitio:<\/strong> https:\/\/www.monex.com.mx\/portal\/<br \/><strong>E-mail:<\/strong> gfmonex@gmail.com<br \/><strong>Rese\u00f1a:<\/strong> Productos y servicios que ofrece Monex Grupo Financiero &#8211; Quer\u00e9taro,\u00a0Compra \/ Venta de Divisas: Ofrecemos precios competitivos para todas tus operaciones en Divisas. Automatizaci\u00f3n en la liquidaci\u00f3n de tus operaciones nacionales e internacionales, transfiriendo tus recursos hacia cualquier parte del mundo. Tus transferencias en d\u00f3lares como en cualquier otra divisa cuentan con altos est\u00e1ndares de seguridad de inicio a fin con identificaci\u00f3n y liquidaci\u00f3n inmediata.<br \/><a href=\"https:\/\/goo.gl\/maps\/Ru58wb7r9CWUHscX6\" target=\"_blank\" rel=\"noopener,nofollow noopener\">Link de Ubicaci\u00f3n en Mapa Google. Clic Mapa.<\/a><\/p><hr \/><h3>Centro Cambiario Genova<\/h3><p>Servicio de Centro Cambiario Genova en Quer\u00e9taro.<br \/><strong>Direcciones:<\/strong> C. Benito Ju\u00e1rez Sur 58, Centro, 76000 Santiago de Quer\u00e9taro, Qro.<br \/><strong>Tel\u00e9fono:<\/strong> (442)214 1312.<br \/><strong>Rese\u00f1a:<\/strong> Productos y servicios que ofrece Centro Cambiario Genova,\u00a0Compra y venta de divisas: USA &#8211; D\u00f3lar Americano, EUR &#8211; Euro, CAD &#8211; D\u00f3lar Canadiense, GBP &#8211; Libra Esterlina, JPY &#8211; Yen Japones, AUD &#8211; D\u00f3lar Autraliano, Peso Colombiano, KRW &#8211; Won Coreano.<br \/><a href=\"https:\/\/goo.gl\/maps\/H8BPhwHC5wqTCyRw7\" target=\"_blank\" rel=\"noopener,nofollow noopener\">Link de Ubicaci\u00f3n en Mapa Google. Clic Mapa.<\/a><\/p><hr \/><h3>MGE Centro Cambiario<\/h3><p>Servicio de MGE Centro Cambiario en Quer\u00e9taro.<br \/><strong>Direcciones:<\/strong> Av. prolongaci\u00f3n tecnol\u00f3gico N 1003 entre Blvd. Bernardo Quintana, Epigmenio Gonz\u00e1lez y, 76140 Santiago de Quer\u00e9taro, Qro.<br \/><strong>Tel\u00e9fono:<\/strong> (442)224 8554.<br \/><strong>Rese\u00f1a:<\/strong> Productos y servicios que ofrece MGE Centro Cambiario,\u00a0Compra y venta de divisas: USA &#8211; D\u00f3lar Americano, EUR &#8211; Euro, CAD &#8211; D\u00f3lar Canadiense, GBP &#8211; Libra Esterlina, JPY &#8211; Yen Japones, AUD &#8211; D\u00f3lar Autraliano, Peso Colombiano, KRW &#8211; Won Coreano.<br \/><a href=\"https:\/\/goo.gl\/maps\/eGkF75zQG3s5fxJw9\" target=\"_blank\" rel=\"noopener,nofollow noopener\">Link de Ubicaci\u00f3n en Mapa Google. Clic Mapa.<\/a><\/p><hr \/><h3>CCD Gardu\u00f1os Centro Cambiario<\/h3><p>Servicio de CCD Gardu\u00f1os Centro Cambiario en Quer\u00e9taro.<br \/><strong>Direcciones:<\/strong> Pl. Constituyentes 1285, Tejeda, 76900 El Pueblito, Qro.<br \/><strong>Tel\u00e9fono:<\/strong> (442)228 3256.<br \/><strong>Rese\u00f1a:<\/strong> Productos y servicios que ofrece CCD Gardu\u00f1os Centro Cambiario,\u00a0Compra y venta de divisas: USA &#8211; D\u00f3lar Americano, EUR &#8211; Euro, CAD &#8211; D\u00f3lar Canadiense, GBP &#8211; Libra Esterlina, JPY &#8211; Yen Japones, CHF &#8211; Franco Suizo, AUD &#8211; D\u00f3lar Autraliano, BRL &#8211; Real Brasile\u00f1o, COP &#8211; Peso Colombiano, KRW &#8211; Won Coreano, CNY &#8211; Yuan Chino.<br \/><a href=\"https:\/\/goo.gl\/maps\/QuVFv1228cdCab6fA\" target=\"_blank\" rel=\"noopener,nofollow noopener\">Link de Ubicaci\u00f3n en Mapa Google. Clic Mapa.<\/a><\/p><hr \/><h3>Divisas Milenio<\/h3><p>Servicio de Divisas Milenio en Quer\u00e9taro.<br \/><strong>Direcciones:<\/strong> Camino Real de Carretas 357, Milenio III, 76060 Santiago de Quer\u00e9taro, Qro.<br \/><strong>Tel\u00e9fono:<\/strong> (442)241 4722, (442)624 7104.<br \/><strong>Rese\u00f1a:<\/strong> Productos y servicios que ofrece Divisas Milenio,\u00a0Compra y venta de divisas: USA &#8211; D\u00f3lar Americano, EUR &#8211; Euro, CAD &#8211; D\u00f3lar Canadiense, GBP &#8211; Libra Esterlina, JPY &#8211; Yen Japones, CHF &#8211; Franco Suizo, AUD &#8211; D\u00f3lar Autraliano, BRL &#8211; Real Brasile\u00f1o, COP &#8211; Peso Colombiano, KRW &#8211; Won Coreano, CNY &#8211; Yuan Chino.<br \/><a href=\"https:\/\/goo.gl\/maps\/TwzPkn3xcmnBcUc5A\" target=\"_blank\" rel=\"noopener,nofollow noopener\">Link de Ubicaci\u00f3n en Mapa Google. Clic Mapa.<\/a><\/p><hr \/>\t\t\t\t\t\t\t\t<\/div>\n\t\t\t\t<\/div>\n\t\t\t\t\t<\/div>\n\t\t\t\t<\/div>\n\t\t<div class=\"elementor-element elementor-element-1702e96 e-flex e-con-boxed e-con e-parent\" data-id=\"1702e96\" data-element_type=\"container\">\n\t\t\t\t\t<div class=\"e-con-inner\">\n\t\t\t\t<div class=\"elementor-element elementor-element-3f37c8a elementor-widget elementor-widget-heading\" data-id=\"3f37c8a\" data-element_type=\"widget\" data-widget_type=\"heading.default\">\n\t\t\t\t<div class=\"elementor-widget-container\">\n\t\t\t\t\t<h2 class=\"elementor-heading-title elementor-size-default\">Servicios de Casas de Cambio Mapa<\/h2>\t\t\t\t<\/div>\n\t\t\t\t<\/div>\n\t\t\t\t<div class=\"elementor-element elementor-element-0996a24 elementor-widget elementor-widget-text-editor\" data-id=\"0996a24\" data-element_type=\"widget\" data-widget_type=\"text-editor.default\">\n\t\t\t\t<div class=\"elementor-widget-container\">\n\t\t\t\t\t\t\t\t\t<p>Los servicios especializados en Divisas: USA \u2013 D\u00f3lar Americano, EUR \u2013 Euro, CAD \u2013 D\u00f3lar Canadiense, GBP \u2013 Libra Esterlina, JPY \u2013 Yen Japones, CHF \u2013 Franco Suizo, AUD \u2013 D\u00f3lar Autraliano, BRL \u2013 Real Brasile\u00f1o, COP \u2013 Peso Colombiano, KRW \u2013 Won Coreano, CNY \u2013 Yuan Chino. Compra y Venta de Monedas de Oro y Plata \u2013 Monedas Oro: Centenario, Azteca, 1 Hidalgo, 1\/2 Hidalgo, 1\/4 Hidalgo, 1\/5 Hidalgo. Plata Libertad: 5 Onzas Plata, 2 Onzas Plata, 1 Onza Plata, 1\/2 Onza Plata, 1\/4 Onza Plata, 1\/10 Onza Plata, 1\/20 Onza Plata. Onza Troy, Morelos 100 pesos, Ol\u00edmpicas, Conmemorativas ley .720. Compra de Oro y Plata por gramo en piezas y pedacer\u00eda en cualquier presentaci\u00f3n o condici\u00f3n.<\/p>\t\t\t\t\t\t\t\t<\/div>\n\t\t\t\t<\/div>\n\t\t\t\t\t<\/div>\n\t\t\t\t<\/div>\n\t\t<div class=\"elementor-element elementor-element-a1a3e78 e-flex e-con-boxed e-con e-parent\" data-id=\"a1a3e78\" data-element_type=\"container\">\n\t\t\t\t\t<div class=\"e-con-inner\">\n\t\t\t\t<div class=\"elementor-element elementor-element-0436c99 elementor-widget elementor-widget-text-editor\" data-id=\"0436c99\" data-element_type=\"widget\" data-widget_type=\"text-editor.default\">\n\t\t\t\t<div class=\"elementor-widget-container\">\n\t\t\t\t\t\t\t\t\t<p><iframe style=\"border: 0;\" src=\"https:\/\/www.google.com\/maps\/embed?pb=!1m16!1m12!1m3!1d50246.72886318566!2d-100.38241240562535!3d20.603959438628358!2m3!1f0!2f0!3f0!3m2!1i1024!2i768!4f13.1!2m1!1sCasas%20de%20Cambio!5e0!3m2!1ses-419!2smx!4v1673579815694!5m2!1ses-419!2smx\" width=\"100%\" height=\"450\" frameborder=\"0\" allowfullscreen=\"allowfullscreen\"><\/iframe><\/p>\t\t\t\t\t\t\t\t<\/div>\n\t\t\t\t<\/div>\n\t\t\t\t\t<\/div>\n\t\t\t\t<\/div>\n\t\t<div class=\"elementor-element elementor-element-ed04fe9 e-flex e-con-boxed e-con e-parent\" data-id=\"ed04fe9\" data-element_type=\"container\">\n\t\t\t\t\t<div class=\"e-con-inner\">\n\t\t<div class=\"elementor-element elementor-element-1208044 e-con-full e-flex e-con e-child\" data-id=\"1208044\" data-element_type=\"container\">\n\t\t\t\t<div class=\"elementor-element elementor-element-482ca56 elementor-widget elementor-widget-image\" data-id=\"482ca56\" data-element_type=\"widget\" data-widget_type=\"image.default\">\n\t\t\t\t<div class=\"elementor-widget-container\">\n\t\t\t\t\t\t\t\t\t\t\t\t\t\t\t\t<a href=\"https:\/\/mkdigital10.com\/plan-full-empresarial\/\">\n\t\t\t\t\t\t\t<img fetchpriority=\"high\" decoding=\"async\" width=\"750\" height=\"750\" src=\"https:\/\/queretaro10.com\/directorios\/wp-content\/uploads\/2024\/06\/qro10-4-2024-PLAN-FULL-EMPRESARIAL-min.png\" class=\"attachment-full size-full wp-image-809\" alt=\"Plan Full MARKETING EMPRESARIAL\" srcset=\"https:\/\/queretaro10.com\/directorios\/wp-content\/uploads\/2024\/06\/qro10-4-2024-PLAN-FULL-EMPRESARIAL-min.png 750w, https:\/\/queretaro10.com\/directorios\/wp-content\/uploads\/2024\/06\/qro10-4-2024-PLAN-FULL-EMPRESARIAL-min-300x300.png 300w, https:\/\/queretaro10.com\/directorios\/wp-content\/uploads\/2024\/06\/qro10-4-2024-PLAN-FULL-EMPRESARIAL-min-150x150.png 150w\" sizes=\"(max-width: 750px) 100vw, 750px\" \/>\t\t\t\t\t\t\t\t<\/a>\n\t\t\t\t\t\t\t\t\t\t\t\t\t\t\t<\/div>\n\t\t\t\t<\/div>\n\t\t\t\t<\/div>\n\t\t<div class=\"elementor-element elementor-element-38e626c e-con-full e-flex e-con e-child\" data-id=\"38e626c\" data-element_type=\"container\">\n\t\t\t\t<div class=\"elementor-element elementor-element-804445e elementor-widget elementor-widget-image\" data-id=\"804445e\" data-element_type=\"widget\" data-widget_type=\"image.default\">\n\t\t\t\t<div class=\"elementor-widget-container\">\n\t\t\t\t\t\t\t\t\t\t\t\t\t\t\t\t<a href=\"https:\/\/queretaro10.com\/qro\/marketing\/\">\n\t\t\t\t\t\t\t<img decoding=\"async\" width=\"750\" height=\"750\" src=\"https:\/\/queretaro10.com\/directorios\/wp-content\/uploads\/2024\/06\/qro10-Plan-MK-Digital-PyMe-Local-cuadro-4-min.png\" class=\"attachment-full size-full wp-image-810\" alt=\"PLAN FULL MARKETING DIGITAL PyMe Local\" srcset=\"https:\/\/queretaro10.com\/directorios\/wp-content\/uploads\/2024\/06\/qro10-Plan-MK-Digital-PyMe-Local-cuadro-4-min.png 750w, https:\/\/queretaro10.com\/directorios\/wp-content\/uploads\/2024\/06\/qro10-Plan-MK-Digital-PyMe-Local-cuadro-4-min-300x300.png 300w, https:\/\/queretaro10.com\/directorios\/wp-content\/uploads\/2024\/06\/qro10-Plan-MK-Digital-PyMe-Local-cuadro-4-min-150x150.png 150w\" sizes=\"(max-width: 750px) 100vw, 750px\" \/>\t\t\t\t\t\t\t\t<\/a>\n\t\t\t\t\t\t\t\t\t\t\t\t\t\t\t<\/div>\n\t\t\t\t<\/div>\n\t\t\t\t<\/div>\n\t\t<div class=\"elementor-element elementor-element-9f73f64 e-con-full e-flex e-con e-child\" data-id=\"9f73f64\" data-element_type=\"container\">\n\t\t\t\t<div class=\"elementor-element elementor-element-b8c4314 elementor-widget elementor-widget-image\" data-id=\"b8c4314\" data-element_type=\"widget\" data-widget_type=\"image.default\">\n\t\t\t\t<div class=\"elementor-widget-container\">\n\t\t\t\t\t\t\t\t\t\t\t\t\t\t\t\t<a href=\"https:\/\/mkdigital10.com\/sem\/redes-sociales\/\">\n\t\t\t\t\t\t\t<img decoding=\"async\" width=\"750\" height=\"750\" src=\"https:\/\/queretaro10.com\/directorios\/wp-content\/uploads\/2025\/03\/qro10-Plan-Redes-Sociales.png\" class=\"attachment-full size-full wp-image-1199\" alt=\"Plan Redes Sociales\" srcset=\"https:\/\/queretaro10.com\/directorios\/wp-content\/uploads\/2025\/03\/qro10-Plan-Redes-Sociales.png 750w, https:\/\/queretaro10.com\/directorios\/wp-content\/uploads\/2025\/03\/qro10-Plan-Redes-Sociales-300x300.png 300w, https:\/\/queretaro10.com\/directorios\/wp-content\/uploads\/2025\/03\/qro10-Plan-Redes-Sociales-150x150.png 150w\" sizes=\"(max-width: 750px) 100vw, 750px\" \/>\t\t\t\t\t\t\t\t<\/a>\n\t\t\t\t\t\t\t\t\t\t\t\t\t\t\t<\/div>\n\t\t\t\t<\/div>\n\t\t\t\t<\/div>\n\t\t<div class=\"elementor-element elementor-element-d9ceabf e-con-full e-flex e-con e-child\" data-id=\"d9ceabf\" data-element_type=\"container\">\n\t\t\t\t<div class=\"elementor-element elementor-element-f2ae8d2 elementor-widget elementor-widget-image\" data-id=\"f2ae8d2\" data-element_type=\"widget\" data-widget_type=\"image.default\">\n\t\t\t\t<div class=\"elementor-widget-container\">\n\t\t\t\t\t\t\t\t\t\t\t\t\t\t\t\t<a href=\"https:\/\/mkdigital10.com\/paginas-web\/\">\n\t\t\t\t\t\t\t<img loading=\"lazy\" decoding=\"async\" width=\"750\" height=\"750\" src=\"https:\/\/queretaro10.com\/directorios\/wp-content\/uploads\/2025\/03\/qro10-Plan-Paginas-Web-PyMe-Empresarial.png\" class=\"attachment-full size-full wp-image-1200\" alt=\"Plan P\u00e1ginas Web PyMe Empresarial\" srcset=\"https:\/\/queretaro10.com\/directorios\/wp-content\/uploads\/2025\/03\/qro10-Plan-Paginas-Web-PyMe-Empresarial.png 750w, https:\/\/queretaro10.com\/directorios\/wp-content\/uploads\/2025\/03\/qro10-Plan-Paginas-Web-PyMe-Empresarial-300x300.png 300w, https:\/\/queretaro10.com\/directorios\/wp-content\/uploads\/2025\/03\/qro10-Plan-Paginas-Web-PyMe-Empresarial-150x150.png 150w\" sizes=\"(max-width: 750px) 100vw, 750px\" \/>\t\t\t\t\t\t\t\t<\/a>\n\t\t\t\t\t\t\t\t\t\t\t\t\t\t\t<\/div>\n\t\t\t\t<\/div>\n\t\t\t\t<\/div>\n\t\t\t\t\t<\/div>\n\t\t\t\t<\/div>\n\t\t\t\t<\/div>\n\t\t","protected":false},"excerpt":{"rendered":"<p>Casas de Cambio en Quer\u00e9taro El servicio de Casas de Cambio siempre es necesario, los ciudadanos por lo menos una [&hellip;]<\/p>\n","protected":false},"author":1,"featured_media":60,"parent":0,"menu_order":0,"comment_status":"closed","ping_status":"closed","template":"elementor_header_footer","meta":{"site-sidebar-layout":"default","site-content-layout":"","ast-site-content-layout":"default","site-content-style":"default","site-sidebar-style":"default","ast-global-header-display":"","ast-banner-title-visibility":"","ast-main-header-display":"","ast-hfb-above-header-display":"","ast-hfb-below-header-display":"","ast-hfb-mobile-header-display":"","site-post-title":"","ast-breadcrumbs-content":"","ast-featured-img":"","footer-sml-layout":"","theme-transparent-header-meta":"default","adv-header-id-meta":"","stick-header-meta":"","header-above-stick-meta":"","header-main-stick-meta":"","header-below-stick-meta":"","astra-migrate-meta-layouts":"set","ast-page-background-enabled":"default","ast-page-background-meta":{"desktop":{"background-color":"var(--ast-global-color-4)","background-image":"","background-repeat":"repeat","background-position":"center center","background-size":"auto","background-attachment":"scroll","background-type":"","background-media":"","overlay-type":"","overlay-color":"","overlay-opacity":"","overlay-gradient":""},"tablet":{"background-color":"","background-image":"","background-repeat":"repeat","background-position":"center center","background-size":"auto","background-attachment":"scroll","background-type":"","background-media":"","overlay-type":"","overlay-color":"","overlay-opacity":"","overlay-gradient":""},"mobile":{"background-color":"","background-image":"","background-repeat":"repeat","background-position":"center center","background-size":"auto","background-attachment":"scroll","background-type":"","background-media":"","overlay-type":"","overlay-color":"","overlay-opacity":"","overlay-gradient":""}},"ast-content-background-meta":{"desktop":{"background-color":"var(--ast-global-color-5)","background-image":"","background-repeat":"repeat","background-position":"center center","background-size":"auto","background-attachment":"scroll","background-type":"","background-media":"","overlay-type":"","overlay-color":"","overlay-opacity":"","overlay-gradient":""},"tablet":{"background-color":"var(--ast-global-color-5)","background-image":"","background-repeat":"repeat","background-position":"center center","background-size":"auto","background-attachment":"scroll","background-type":"","background-media":"","overlay-type":"","overlay-color":"","overlay-opacity":"","overlay-gradient":""},"mobile":{"background-color":"var(--ast-global-color-5)","background-image":"","background-repeat":"repeat","background-position":"center center","background-size":"auto","background-attachment":"scroll","background-type":"","background-media":"","overlay-type":"","overlay-color":"","overlay-opacity":"","overlay-gradient":""}},"footnotes":""},"class_list":["post-59","page","type-page","status-publish","has-post-thumbnail","hentry"],"aioseo_notices":[],"_links":{"self":[{"href":"https:\/\/queretaro10.com\/directorios\/wp-json\/wp\/v2\/pages\/59","targetHints":{"allow":["GET"]}}],"collection":[{"href":"https:\/\/queretaro10.com\/directorios\/wp-json\/wp\/v2\/pages"}],"about":[{"href":"https:\/\/queretaro10.com\/directorios\/wp-json\/wp\/v2\/types\/page"}],"author":[{"embeddable":true,"href":"https:\/\/queretaro10.com\/directorios\/wp-json\/wp\/v2\/users\/1"}],"replies":[{"embeddable":true,"href":"https:\/\/queretaro10.com\/directorios\/wp-json\/wp\/v2\/comments?post=59"}],"version-history":[{"count":11,"href":"https:\/\/queretaro10.com\/directorios\/wp-json\/wp\/v2\/pages\/59\/revisions"}],"predecessor-version":[{"id":1401,"href":"https:\/\/queretaro10.com\/directorios\/wp-json\/wp\/v2\/pages\/59\/revisions\/1401"}],"wp:featuredmedia":[{"embeddable":true,"href":"https:\/\/queretaro10.com\/directorios\/wp-json\/wp\/v2\/media\/60"}],"wp:attachment":[{"href":"https:\/\/queretaro10.com\/directorios\/wp-json\/wp\/v2\/media?parent=59"}],"curies":[{"name":"wp","href":"https:\/\/api.w.org\/{rel}","templated":true}]}}