{"id":61,"date":"2022-11-27T21:59:17","date_gmt":"2022-11-27T21:59:17","guid":{"rendered":"https:\/\/queretaro10.com\/directorios\/?page_id=27330"},"modified":"2025-03-31T21:53:59","modified_gmt":"2025-03-31T21:53:59","slug":"centros-telcel-distribuidores","status":"publish","type":"page","link":"https:\/\/queretaro10.com\/directorios\/centros-telcel-distribuidores\/","title":{"rendered":"Centros Telcel distribuidores en Quer\u00e9taro"},"content":{"rendered":"\t\t<div data-elementor-type=\"wp-page\" data-elementor-id=\"61\" class=\"elementor elementor-61\">\n\t\t\t\t<div class=\"elementor-element elementor-element-5a08f70 e-flex e-con-boxed e-con e-parent\" data-id=\"5a08f70\" data-element_type=\"container\">\n\t\t\t\t\t<div class=\"e-con-inner\">\n\t\t\t\t<div class=\"elementor-element elementor-element-2d0e61e elementor-widget elementor-widget-heading\" data-id=\"2d0e61e\" data-element_type=\"widget\" data-widget_type=\"heading.default\">\n\t\t\t\t<div class=\"elementor-widget-container\">\n\t\t\t\t\t<h1 class=\"elementor-heading-title elementor-size-default\">Centros Telcel distribuidores en Quer\u00e9taro<\/h1>\t\t\t\t<\/div>\n\t\t\t\t<\/div>\n\t\t\t\t<div class=\"elementor-element elementor-element-941e55c elementor-widget elementor-widget-text-editor\" data-id=\"941e55c\" data-element_type=\"widget\" data-widget_type=\"text-editor.default\">\n\t\t\t\t<div class=\"elementor-widget-container\">\n\t\t\t\t\t\t\t\t\t<p>El servicio de un Centro Telcel distribuidor siempre es necesario, los ciudadanos por lo menos una vez al a\u00f1o utilizan los servicios de asesor\u00eda o servicio t\u00e9cnico, o bien subir nuestro plan de renta para obtener mas datos, tambi\u00e9n realizar aclaraciones de comisiones excesiva de servicios que no se solicitaron y cambio de compa\u00f1\u00eda. A continuaci\u00f3n, seleccionamos algunos centros que disponen de la mejor atenci\u00f3n al cliente y servicios de Centros Telcel distribuidores en Quer\u00e9taro.<\/p>\t\t\t\t\t\t\t\t<\/div>\n\t\t\t\t<\/div>\n\t\t\t\t\t<\/div>\n\t\t\t\t<\/div>\n\t\t<div class=\"elementor-element elementor-element-1307c9f e-flex e-con-boxed e-con e-parent\" data-id=\"1307c9f\" data-element_type=\"container\">\n\t\t\t\t\t<div class=\"e-con-inner\">\n\t\t\t\t<div class=\"elementor-element elementor-element-64d0fa1 elementor-widget elementor-widget-heading\" data-id=\"64d0fa1\" data-element_type=\"widget\" data-widget_type=\"heading.default\">\n\t\t\t\t<div class=\"elementor-widget-container\">\n\t\t\t\t\t<h2 class=\"elementor-heading-title elementor-size-default\">Directorio de Centros Telcel distribuidores en Quer\u00e9taro<\/h2>\t\t\t\t<\/div>\n\t\t\t\t<\/div>\n\t\t\t\t<div class=\"elementor-element elementor-element-9d3bbfd elementor-widget elementor-widget-text-editor\" data-id=\"9d3bbfd\" data-element_type=\"widget\" data-widget_type=\"text-editor.default\">\n\t\t\t\t<div class=\"elementor-widget-container\">\n\t\t\t\t\t\t\t\t\t<p>Una recopilaci\u00f3n de los mejores servicios de Centros Telcel distribuidores del Estado de Quer\u00e9taro, los cuales fueron indexados en medios digitales como buenos contactos, si desea actualizar alg\u00fan dato o agregar un Servicio en Quer\u00e9taro con gusto lo realizamos.<\/p>\t\t\t\t\t\t\t\t<\/div>\n\t\t\t\t<\/div>\n\t\t\t\t\t<\/div>\n\t\t\t\t<\/div>\n\t\t<div class=\"elementor-element elementor-element-47bc92a e-flex e-con-boxed e-con e-parent\" data-id=\"47bc92a\" data-element_type=\"container\">\n\t\t\t\t\t<div class=\"e-con-inner\">\n\t\t\t\t<div class=\"elementor-element elementor-element-918bd2b elementor-widget elementor-widget-text-editor\" data-id=\"918bd2b\" data-element_type=\"widget\" data-widget_type=\"text-editor.default\">\n\t\t\t\t<div class=\"elementor-widget-container\">\n\t\t\t\t\t\t\t\t\t<hr \/><h3>Telcel CAC 4 Qro<\/h3><p>Servicio de Telcel CAC 4 Qro en Quer\u00e9taro.<br \/><strong>Direcciones:<\/strong> Epigmenio Gonz\u00e1lez 2, Conjunto Parques, 76158 Santiago de Quer\u00e9taro, Qro.<br \/><strong>Tel\u00e9fono:<\/strong>(800)890 4050.<br \/><strong>Sitio:<\/strong>https:\/\/www.telcel.com\/<br \/><strong>E-mail:<\/strong> redessociales@telcel.com<br \/><strong>Rese\u00f1a:<\/strong> Productos y servicios que ofrece Telcel CAC 4 Qro,\u00a0Atenci\u00f3n con ejecutivo, \u00e1rea de cajas, gran variedad de equipos, planes de renta, servicio t\u00e9cnico, asesor\u00eda para planes, pagos y equipos, tr\u00e1mites, estacionamiento.<br \/><a href=\"https:\/\/goo.gl\/maps\/eE6SpvfkVuaEdJci7\" target=\"_blank\" rel=\"noopener,nofollow noopener\">Link de Ubicaci\u00f3n en Mapa Google. Clic Mapa.<\/a><\/p><hr \/><h3>Telcel Quer\u00e9taro XI<\/h3><p>Servicio de Telcel Quer\u00e9taro XI en Quer\u00e9taro.<br \/><strong>2 Direcciones:<\/strong> Anillo Vial Fray Jun\u00edpero Serra 9200, El Refugio, 76146 Santiago de Quer\u00e9taro, Qro.<br \/><strong>Tel\u00e9fono:<\/strong> (800)710 5687.<br \/><strong>Sitio:<\/strong>https:\/\/www.telcel.com\/<br \/><strong>E-mail:<\/strong> redessociales@telcel.com<br \/><strong>Rese\u00f1a:<\/strong> Productos y servicios que ofrece Telcel Quer\u00e9taro XI,\u00a0cajas, servicio t\u00e9cnico, atenci\u00f3n al cliente, variedad de equipos, planes de renta, \u00e1rea de asesor\u00eda para planes, pagos y equipos, tr\u00e1mites, estacionamiento.<br \/><a href=\"https:\/\/goo.gl\/maps\/R4SeXVWiqzCRC9Yj8\" target=\"_blank\" rel=\"noopener,nofollow noopener\">Link de Ubicaci\u00f3n en Mapa Google. Clic Mapa.<\/a><\/p><hr \/><h3>Telcel Centro de Ventas plaza Ubika Universidad<\/h3><p>Servicio de Telcel Centro de Ventas plaza Ubika Universidad en Quer\u00e9taro.<br \/><strong>Direcciones:<\/strong> Avenida Universidad 370A, Centro Universitario, 76150 Santiago de Quer\u00e9taro, Qro.<br \/><strong>Tel\u00e9fono:<\/strong>(442)322 3677, (442) 231 0536, (442)356 1505.<br \/><strong>Sitio:<\/strong>https:\/\/www.telcel.com\/<br \/><strong>E-mail:<\/strong> redessociales@telcel.com<br \/><strong>Rese\u00f1a:<\/strong> Productos y servicios que ofrece Telcel Centro de Ventas plaza Ubika Universidad,\u00a0asesor\u00eda para planes y opciones de contrataci\u00f3n, tr\u00e1mites, atenci\u00f3n al cliente, variedad de equipos, planes de renta, \u00e1rea de cajas, servicio t\u00e9cnico, estacionamiento.<br \/><a href=\"https:\/\/g.page\/telcel-centro-de-ventas-plaza-ub?share\" target=\"_blank\" rel=\"noopener,nofollow noopener\">Link de Ubicaci\u00f3n en Mapa Google. Clic Mapa.<\/a><\/p><hr \/><h3>CAC Centro Atenci\u00f3n Telcel<\/h3><p>Servicio de CAC Centro Atenci\u00f3n Telcel en Quer\u00e9taro.<br \/><strong>Direcciones:<\/strong> Av. Constituyentes 50, El Carrizal, 76000 Santiago de Quer\u00e9taro, Qro.<br \/><strong>Sitio:<\/strong>https:\/\/www.telcel.com\/<br \/><strong>E-mail:<\/strong> redessociales@telcel.com<br \/><strong>Rese\u00f1a:<\/strong> Productos y servicios que ofrece CAC Centro Atenci\u00f3n Telcel,\u00a0planes de renta, \u00e1rea de cajas, servicio t\u00e9cnico, atenci\u00f3n al cliente, gran variedad de equipos, asesor\u00eda para planes y opciones de contrataci\u00f3n, tr\u00e1mites.<br \/><a href=\"https:\/\/goo.gl\/maps\/AaVf2Q6wbhgTHypG9\" target=\"_blank\" rel=\"noopener,nofollow noopener\">Link de Ubicaci\u00f3n en Mapa Google. Clic Mapa.<\/a><\/p><hr \/><h3>Telcel Quer\u00e9taro VIII<\/h3><p>Servicio de Telcel Quer\u00e9taro VIII en Quer\u00e9taro.<br \/><strong>Direcciones:<\/strong> Av. Constituyentes 123 Y 125, Carretas, 76050 Santiago de Quer\u00e9taro, Qro.<br \/><strong>Tel\u00e9fono:<\/strong> (800)890 4050.<br \/><strong>Sitio:<\/strong>https:\/\/www.telcel.com\/<br \/><strong>E-mail:<\/strong> redessociales@telcel.com<br \/><strong>Rese\u00f1a:<\/strong> Productos y servicios que ofrece Telcel Quer\u00e9taro VIII,\u00a0servicio t\u00e9cnico, asesor\u00eda para planes y opciones de contrataci\u00f3n, tr\u00e1mites, atenci\u00f3n al cliente, gran variedad de equipos, planes de renta, \u00e1rea de cajas, estacionamiento.<br \/><a href=\"https:\/\/goo.gl\/maps\/AsTYZnwqDM399nM96\" target=\"_blank\" rel=\"noopener,nofollow noopener\">Link de Ubicaci\u00f3n en Mapa Google. Clic Mapa.<\/a><\/p><hr \/><h3>Telcel Quer\u00e9taro V<\/h3><p>Servicio de Telcel Quer\u00e9taro V en Quer\u00e9taro.<br \/><strong>Direcciones:<\/strong> Calle Benito Ju\u00e1rez Nte. 4, Centro, 76000 Santiago de Quer\u00e9taro, Qro.<br \/><strong>Tel\u00e9fono:<\/strong> (800)890 4050.<br \/><strong>Sitio:<\/strong>https:\/\/www.telcel.com\/<br \/><strong>E-mail:<\/strong> redessociales@telcel.com<br \/><strong>Rese\u00f1a:<\/strong> Productos y servicios que ofrece Telcel Quer\u00e9taro V,\u00a0atenci\u00f3n al cliente, gran variedad de equipos, planes de renta, \u00e1rea de cajas, servicio t\u00e9cnico, asesor\u00eda para planes y opciones de contrataci\u00f3n, tr\u00e1mites, estacionamiento.<br \/><a href=\"https:\/\/goo.gl\/maps\/73kTVq5a5myBXX6g9\" target=\"_blank\" rel=\"noopener,nofollow noopener\">Link de Ubicaci\u00f3n en Mapa Google. Clic Mapa.<\/a><\/p><hr \/><h3>Telcel Quer\u00e9taro IX<\/h3><p>Servicio de Telcel Quer\u00e9taro IX en Quer\u00e9taro.<br \/><strong>Direcciones:<\/strong> Blvd. de las Am\u00e9ricas 117, Colinas del Sur, 76927 Venceremos, Qro.<br \/><strong>Tel\u00e9fono:<\/strong> (800)890 4050.<br \/><strong>Sitio:<\/strong>https:\/\/www.telcel.com\/<br \/><strong>E-mail:<\/strong> redessociales@telcel.com<br \/><strong>Rese\u00f1a:<\/strong> Productos y servicios que ofrece Telcel Quer\u00e9taro IX,\u00a0planes de renta, \u00e1rea de cajas, atenci\u00f3n al cliente, variedad de equipos, servicio t\u00e9cnico, asesor\u00eda para planes y opciones de contrataci\u00f3n, tr\u00e1mites, estacionamiento.<br \/><a href=\"https:\/\/goo.gl\/maps\/1A8XX8LJuSnwgrwv9\" target=\"_blank\" rel=\"noopener,nofollow noopener\">Link de Ubicaci\u00f3n en Mapa Google. Clic Mapa.<\/a><\/p><hr \/><h3>Telcel Quer\u00e9taro VII<\/h3><p>Servicio de Telcel Quer\u00e9taro VII en Quer\u00e9taro.<br \/><strong>Direcciones:<\/strong> Av. Revoluci\u00f3n 81, El Sol, 76113 Santiago de Quer\u00e9taro, Qro.<br \/><strong>Tel\u00e9fono:<\/strong> (800)890 4050.<br \/><strong>Sitio:<\/strong>https:\/\/www.telcel.com\/<br \/><strong>E-mail:<\/strong> redessociales@telcel.com<br \/><strong>Rese\u00f1a:<\/strong> Productos y servicios que ofrece Telcel Quer\u00e9taro VII,\u00a0atenci\u00f3n al cliente, gran variedad de equipos, planes de renta, \u00e1rea de cajas, servicio t\u00e9cnico, asesor\u00eda para planes y opciones de contrataci\u00f3n, tr\u00e1mites, estacionamiento.<br \/><a href=\"https:\/\/goo.gl\/maps\/C9kPnjBmHbTDsdq86\" target=\"_blank\" rel=\"noopener,nofollow noopener\">Link de Ubicaci\u00f3n en Mapa Google. Clic Mapa.<\/a><\/p><hr \/><h3>Telcel Quer\u00e9taro VI<\/h3><p>Servicio de Telcel Quer\u00e9taro VI en Quer\u00e9taro.<br \/><strong>Direcciones:<\/strong> Blvd. Juriquilla 3100, Jurica Acueducto, 76230 Juriquilla, Qro.<br \/><strong>Tel\u00e9fono:<\/strong> (800)890 4050.<br \/><strong>Sitio:<\/strong>https:\/\/www.telcel.com\/<br \/><strong>E-mail:<\/strong> redessociales@telcel.com<br \/><strong>Rese\u00f1a:<\/strong> Productos y servicios que ofrece Telcel Quer\u00e9taro VI,\u00a0\u00e1rea de cajas, servicio t\u00e9cnico, atenci\u00f3n al cliente, planes de renta, asesor\u00eda para planes y opciones de contrataci\u00f3n, tr\u00e1mites, variedad de equipos, estacionamiento.<br \/><a href=\"https:\/\/goo.gl\/maps\/jKQ6whQjbxAA68F57\" target=\"_blank\" rel=\"noopener,nofollow noopener\">Link de Ubicaci\u00f3n en Mapa Google. Clic Mapa.<\/a><\/p><hr \/><h3>Centro de Atenci\u00f3n a Clientes Quer\u00e9taro II<\/h3><p>Servicio de Centro de Atenci\u00f3n a Clientes Quer\u00e9taro II en Quer\u00e9taro.<br \/><strong>Direcciones:<\/strong> Av. Corregidora Nte. 306, Plaza Boulevares, 76160 Santiago de Quer\u00e9taro, Qro.<br \/><strong>Tel\u00e9fono:<\/strong> (800)890 4050.<br \/><strong>Sitio:<\/strong>https:\/\/www.telcel.com\/<br \/><strong>E-mail:<\/strong> redessociales@telcel.com<br \/><strong>Rese\u00f1a:<\/strong> Productos y servicios que ofrece Centro de Atenci\u00f3n a Clientes Quer\u00e9taro II,\u00a0servicio t\u00e9cnico, asesor\u00eda para planes y opciones de contrataci\u00f3n, tr\u00e1mites, atenci\u00f3n al cliente, gran variedad de equipos, planes de renta, \u00e1rea de cajas, estacionamiento.<br \/><a href=\"https:\/\/goo.gl\/maps\/eguSRkumFLdBtSij6\" target=\"_blank\" rel=\"noopener,nofollow noopener\">Link de Ubicaci\u00f3n en Mapa Google. Clic Mapa.<\/a><\/p><hr \/>\t\t\t\t\t\t\t\t<\/div>\n\t\t\t\t<\/div>\n\t\t\t\t\t<\/div>\n\t\t\t\t<\/div>\n\t\t<div class=\"elementor-element elementor-element-383190a e-flex e-con-boxed e-con e-parent\" data-id=\"383190a\" data-element_type=\"container\">\n\t\t\t\t\t<div class=\"e-con-inner\">\n\t\t\t\t<div class=\"elementor-element elementor-element-3a17ad5 elementor-widget elementor-widget-heading\" data-id=\"3a17ad5\" data-element_type=\"widget\" data-widget_type=\"heading.default\">\n\t\t\t\t<div class=\"elementor-widget-container\">\n\t\t\t\t\t<h2 class=\"elementor-heading-title elementor-size-default\">Servicios de Centros Telcel distribuidores Mapa<\/h2>\t\t\t\t<\/div>\n\t\t\t\t<\/div>\n\t\t\t\t<div class=\"elementor-element elementor-element-c366e58 elementor-widget elementor-widget-text-editor\" data-id=\"c366e58\" data-element_type=\"widget\" data-widget_type=\"text-editor.default\">\n\t\t\t\t<div class=\"elementor-widget-container\">\n\t\t\t\t\t\t\t\t\t<p>Los servicios especializados de Centros Telcel distribuidores, Atenci\u00f3n con pagos y equipos, gran variedad de equipos, marcas, servicio t\u00e9cnico, planes de renta, asesoria para tr\u00e1mites, ejecutivo, \u00e1rea de cajas, estacionamiento.<\/p>\t\t\t\t\t\t\t\t<\/div>\n\t\t\t\t<\/div>\n\t\t\t\t\t<\/div>\n\t\t\t\t<\/div>\n\t\t<div class=\"elementor-element elementor-element-4367468 e-flex e-con-boxed e-con e-parent\" data-id=\"4367468\" data-element_type=\"container\">\n\t\t\t\t\t<div class=\"e-con-inner\">\n\t\t\t\t<div class=\"elementor-element elementor-element-30a17f6 elementor-widget elementor-widget-text-editor\" data-id=\"30a17f6\" data-element_type=\"widget\" data-widget_type=\"text-editor.default\">\n\t\t\t\t<div class=\"elementor-widget-container\">\n\t\t\t\t\t\t\t\t\t<iframe style=\"border: 0;\" src=\"https:\/\/www.google.com\/maps\/embed?pb=!1m16!1m12!1m3!1d100491.73892178579!2d-100.40501668091748!3d20.60656589330913!2m3!1f0!2f0!3f0!3m2!1i1024!2i768!4f13.1!2m1!1sCentros%20Telcel%20distribuidores!5e0!3m2!1ses-419!2smx!4v1669584443747!5m2!1ses-419!2smx\" width=\"100%\" height=\"450\" frameborder=\"0\" allowfullscreen=\"allowfullscreen\"><\/iframe>\t\t\t\t\t\t\t\t<\/div>\n\t\t\t\t<\/div>\n\t\t\t\t\t<\/div>\n\t\t\t\t<\/div>\n\t\t<div class=\"elementor-element elementor-element-999daec e-flex e-con-boxed e-con e-parent\" data-id=\"999daec\" data-element_type=\"container\">\n\t\t\t\t\t<div class=\"e-con-inner\">\n\t\t<div class=\"elementor-element elementor-element-b133459 e-con-full e-flex e-con e-child\" data-id=\"b133459\" data-element_type=\"container\">\n\t\t\t\t<div class=\"elementor-element elementor-element-d6a591f elementor-widget elementor-widget-image\" data-id=\"d6a591f\" data-element_type=\"widget\" data-widget_type=\"image.default\">\n\t\t\t\t<div class=\"elementor-widget-container\">\n\t\t\t\t\t\t\t\t\t\t\t\t\t\t\t\t<a href=\"https:\/\/mkdigital10.com\/plan-full-empresarial\/\">\n\t\t\t\t\t\t\t<img fetchpriority=\"high\" decoding=\"async\" width=\"750\" height=\"750\" src=\"https:\/\/queretaro10.com\/directorios\/wp-content\/uploads\/2024\/06\/qro10-4-2024-PLAN-FULL-EMPRESARIAL-min.png\" class=\"attachment-full size-full wp-image-809\" alt=\"Plan Full MARKETING EMPRESARIAL\" srcset=\"https:\/\/queretaro10.com\/directorios\/wp-content\/uploads\/2024\/06\/qro10-4-2024-PLAN-FULL-EMPRESARIAL-min.png 750w, https:\/\/queretaro10.com\/directorios\/wp-content\/uploads\/2024\/06\/qro10-4-2024-PLAN-FULL-EMPRESARIAL-min-300x300.png 300w, https:\/\/queretaro10.com\/directorios\/wp-content\/uploads\/2024\/06\/qro10-4-2024-PLAN-FULL-EMPRESARIAL-min-150x150.png 150w\" sizes=\"(max-width: 750px) 100vw, 750px\" \/>\t\t\t\t\t\t\t\t<\/a>\n\t\t\t\t\t\t\t\t\t\t\t\t\t\t\t<\/div>\n\t\t\t\t<\/div>\n\t\t\t\t<\/div>\n\t\t<div class=\"elementor-element elementor-element-b15eb7a e-con-full e-flex e-con e-child\" data-id=\"b15eb7a\" data-element_type=\"container\">\n\t\t\t\t<div class=\"elementor-element elementor-element-a0901d8 elementor-widget elementor-widget-image\" data-id=\"a0901d8\" data-element_type=\"widget\" data-widget_type=\"image.default\">\n\t\t\t\t<div class=\"elementor-widget-container\">\n\t\t\t\t\t\t\t\t\t\t\t\t\t\t\t\t<a href=\"https:\/\/queretaro10.com\/qro\/marketing\/\">\n\t\t\t\t\t\t\t<img decoding=\"async\" width=\"750\" height=\"750\" src=\"https:\/\/queretaro10.com\/directorios\/wp-content\/uploads\/2024\/06\/qro10-Plan-MK-Digital-PyMe-Local-cuadro-4-min.png\" class=\"attachment-full size-full wp-image-810\" alt=\"PLAN FULL MARKETING DIGITAL PyMe Local\" srcset=\"https:\/\/queretaro10.com\/directorios\/wp-content\/uploads\/2024\/06\/qro10-Plan-MK-Digital-PyMe-Local-cuadro-4-min.png 750w, https:\/\/queretaro10.com\/directorios\/wp-content\/uploads\/2024\/06\/qro10-Plan-MK-Digital-PyMe-Local-cuadro-4-min-300x300.png 300w, https:\/\/queretaro10.com\/directorios\/wp-content\/uploads\/2024\/06\/qro10-Plan-MK-Digital-PyMe-Local-cuadro-4-min-150x150.png 150w\" sizes=\"(max-width: 750px) 100vw, 750px\" \/>\t\t\t\t\t\t\t\t<\/a>\n\t\t\t\t\t\t\t\t\t\t\t\t\t\t\t<\/div>\n\t\t\t\t<\/div>\n\t\t\t\t<\/div>\n\t\t<div class=\"elementor-element elementor-element-24b3c26 e-con-full e-flex e-con e-child\" data-id=\"24b3c26\" data-element_type=\"container\">\n\t\t\t\t<div class=\"elementor-element elementor-element-8112b20 elementor-widget elementor-widget-image\" data-id=\"8112b20\" data-element_type=\"widget\" data-widget_type=\"image.default\">\n\t\t\t\t<div class=\"elementor-widget-container\">\n\t\t\t\t\t\t\t\t\t\t\t\t\t\t\t\t<a href=\"https:\/\/mkdigital10.com\/sem\/redes-sociales\/\">\n\t\t\t\t\t\t\t<img decoding=\"async\" width=\"750\" height=\"750\" src=\"https:\/\/queretaro10.com\/directorios\/wp-content\/uploads\/2025\/03\/qro10-Plan-Redes-Sociales.png\" class=\"attachment-full size-full wp-image-1199\" alt=\"Plan Redes Sociales\" srcset=\"https:\/\/queretaro10.com\/directorios\/wp-content\/uploads\/2025\/03\/qro10-Plan-Redes-Sociales.png 750w, https:\/\/queretaro10.com\/directorios\/wp-content\/uploads\/2025\/03\/qro10-Plan-Redes-Sociales-300x300.png 300w, https:\/\/queretaro10.com\/directorios\/wp-content\/uploads\/2025\/03\/qro10-Plan-Redes-Sociales-150x150.png 150w\" sizes=\"(max-width: 750px) 100vw, 750px\" \/>\t\t\t\t\t\t\t\t<\/a>\n\t\t\t\t\t\t\t\t\t\t\t\t\t\t\t<\/div>\n\t\t\t\t<\/div>\n\t\t\t\t<\/div>\n\t\t<div class=\"elementor-element elementor-element-7cbc1fb e-con-full e-flex e-con e-child\" data-id=\"7cbc1fb\" data-element_type=\"container\">\n\t\t\t\t<div class=\"elementor-element elementor-element-d73c9e5 elementor-widget elementor-widget-image\" data-id=\"d73c9e5\" data-element_type=\"widget\" data-widget_type=\"image.default\">\n\t\t\t\t<div class=\"elementor-widget-container\">\n\t\t\t\t\t\t\t\t\t\t\t\t\t\t\t\t<a href=\"https:\/\/mkdigital10.com\/paginas-web\/\">\n\t\t\t\t\t\t\t<img loading=\"lazy\" decoding=\"async\" width=\"750\" height=\"750\" src=\"https:\/\/queretaro10.com\/directorios\/wp-content\/uploads\/2025\/03\/qro10-Plan-Paginas-Web-PyMe-Empresarial.png\" class=\"attachment-full size-full wp-image-1200\" alt=\"Plan P\u00e1ginas Web PyMe Empresarial\" srcset=\"https:\/\/queretaro10.com\/directorios\/wp-content\/uploads\/2025\/03\/qro10-Plan-Paginas-Web-PyMe-Empresarial.png 750w, https:\/\/queretaro10.com\/directorios\/wp-content\/uploads\/2025\/03\/qro10-Plan-Paginas-Web-PyMe-Empresarial-300x300.png 300w, https:\/\/queretaro10.com\/directorios\/wp-content\/uploads\/2025\/03\/qro10-Plan-Paginas-Web-PyMe-Empresarial-150x150.png 150w\" sizes=\"(max-width: 750px) 100vw, 750px\" \/>\t\t\t\t\t\t\t\t<\/a>\n\t\t\t\t\t\t\t\t\t\t\t\t\t\t\t<\/div>\n\t\t\t\t<\/div>\n\t\t\t\t<\/div>\n\t\t\t\t\t<\/div>\n\t\t\t\t<\/div>\n\t\t\t\t<\/div>\n\t\t","protected":false},"excerpt":{"rendered":"<p>Centros Telcel distribuidores en Quer\u00e9taro El servicio de un Centro Telcel distribuidor siempre es necesario, los ciudadanos por lo menos [&hellip;]<\/p>\n","protected":false},"author":1,"featured_media":62,"parent":0,"menu_order":0,"comment_status":"closed","ping_status":"closed","template":"elementor_header_footer","meta":{"site-sidebar-layout":"default","site-content-layout":"","ast-site-content-layout":"default","site-content-style":"default","site-sidebar-style":"default","ast-global-header-display":"","ast-banner-title-visibility":"","ast-main-header-display":"","ast-hfb-above-header-display":"","ast-hfb-below-header-display":"","ast-hfb-mobile-header-display":"","site-post-title":"","ast-breadcrumbs-content":"","ast-featured-img":"","footer-sml-layout":"","theme-transparent-header-meta":"default","adv-header-id-meta":"","stick-header-meta":"","header-above-stick-meta":"","header-main-stick-meta":"","header-below-stick-meta":"","astra-migrate-meta-layouts":"set","ast-page-background-enabled":"default","ast-page-background-meta":{"desktop":{"background-color":"var(--ast-global-color-4)","background-image":"","background-repeat":"repeat","background-position":"center center","background-size":"auto","background-attachment":"scroll","background-type":"","background-media":"","overlay-type":"","overlay-color":"","overlay-opacity":"","overlay-gradient":""},"tablet":{"background-color":"","background-image":"","background-repeat":"repeat","background-position":"center center","background-size":"auto","background-attachment":"scroll","background-type":"","background-media":"","overlay-type":"","overlay-color":"","overlay-opacity":"","overlay-gradient":""},"mobile":{"background-color":"","background-image":"","background-repeat":"repeat","background-position":"center center","background-size":"auto","background-attachment":"scroll","background-type":"","background-media":"","overlay-type":"","overlay-color":"","overlay-opacity":"","overlay-gradient":""}},"ast-content-background-meta":{"desktop":{"background-color":"var(--ast-global-color-5)","background-image":"","background-repeat":"repeat","background-position":"center center","background-size":"auto","background-attachment":"scroll","background-type":"","background-media":"","overlay-type":"","overlay-color":"","overlay-opacity":"","overlay-gradient":""},"tablet":{"background-color":"var(--ast-global-color-5)","background-image":"","background-repeat":"repeat","background-position":"center center","background-size":"auto","background-attachment":"scroll","background-type":"","background-media":"","overlay-type":"","overlay-color":"","overlay-opacity":"","overlay-gradient":""},"mobile":{"background-color":"var(--ast-global-color-5)","background-image":"","background-repeat":"repeat","background-position":"center center","background-size":"auto","background-attachment":"scroll","background-type":"","background-media":"","overlay-type":"","overlay-color":"","overlay-opacity":"","overlay-gradient":""}},"footnotes":""},"class_list":["post-61","page","type-page","status-publish","has-post-thumbnail","hentry"],"aioseo_notices":[],"_links":{"self":[{"href":"https:\/\/queretaro10.com\/directorios\/wp-json\/wp\/v2\/pages\/61","targetHints":{"allow":["GET"]}}],"collection":[{"href":"https:\/\/queretaro10.com\/directorios\/wp-json\/wp\/v2\/pages"}],"about":[{"href":"https:\/\/queretaro10.com\/directorios\/wp-json\/wp\/v2\/types\/page"}],"author":[{"embeddable":true,"href":"https:\/\/queretaro10.com\/directorios\/wp-json\/wp\/v2\/users\/1"}],"replies":[{"embeddable":true,"href":"https:\/\/queretaro10.com\/directorios\/wp-json\/wp\/v2\/comments?post=61"}],"version-history":[{"count":10,"href":"https:\/\/queretaro10.com\/directorios\/wp-json\/wp\/v2\/pages\/61\/revisions"}],"predecessor-version":[{"id":1377,"href":"https:\/\/queretaro10.com\/directorios\/wp-json\/wp\/v2\/pages\/61\/revisions\/1377"}],"wp:featuredmedia":[{"embeddable":true,"href":"https:\/\/queretaro10.com\/directorios\/wp-json\/wp\/v2\/media\/62"}],"wp:attachment":[{"href":"https:\/\/queretaro10.com\/directorios\/wp-json\/wp\/v2\/media?parent=61"}],"curies":[{"name":"wp","href":"https:\/\/api.w.org\/{rel}","templated":true}]}}