{"id":63,"date":"2022-10-10T03:11:20","date_gmt":"2022-10-10T03:11:20","guid":{"rendered":"https:\/\/queretaro10.com\/directorios\/?page_id=26943"},"modified":"2025-03-31T21:47:51","modified_gmt":"2025-03-31T21:47:51","slug":"cerrajerias","status":"publish","type":"page","link":"https:\/\/queretaro10.com\/directorios\/cerrajerias\/","title":{"rendered":"Cerrajer\u00edas en Quer\u00e9taro"},"content":{"rendered":"\t\t<div data-elementor-type=\"wp-page\" data-elementor-id=\"63\" class=\"elementor elementor-63\">\n\t\t\t\t<div class=\"elementor-element elementor-element-727a082 e-flex e-con-boxed e-con e-parent\" data-id=\"727a082\" data-element_type=\"container\">\n\t\t\t\t\t<div class=\"e-con-inner\">\n\t\t\t\t<div class=\"elementor-element elementor-element-a50e0b2 elementor-widget elementor-widget-heading\" data-id=\"a50e0b2\" data-element_type=\"widget\" data-widget_type=\"heading.default\">\n\t\t\t\t<div class=\"elementor-widget-container\">\n\t\t\t\t\t<h1 class=\"elementor-heading-title elementor-size-default\">Cerrajer\u00edas en Quer\u00e9taro<\/h1>\t\t\t\t<\/div>\n\t\t\t\t<\/div>\n\t\t\t\t<div class=\"elementor-element elementor-element-7d39af5 elementor-widget elementor-widget-text-editor\" data-id=\"7d39af5\" data-element_type=\"widget\" data-widget_type=\"text-editor.default\">\n\t\t\t\t<div class=\"elementor-widget-container\">\n\t\t\t\t\t\t\t\t\t<p>El servicio de Cerrajer\u00eda siempre es necesario, los ciudadanos por lo menos utilizan el servicio de apertura de chapas tipo residencial y de oficina alguna vez al a\u00f1o, adem\u00e1s suele pasar olvidar la llave dentro del auto por lo cual se requiere el servicio de apertura de autos por los tanto recomendamos los siguientes proveedores de estos servicios.<\/p>\t\t\t\t\t\t\t\t<\/div>\n\t\t\t\t<\/div>\n\t\t\t\t\t<\/div>\n\t\t\t\t<\/div>\n\t\t<div class=\"elementor-element elementor-element-6a103f8 e-flex e-con-boxed e-con e-parent\" data-id=\"6a103f8\" data-element_type=\"container\">\n\t\t\t\t\t<div class=\"e-con-inner\">\n\t\t\t\t<div class=\"elementor-element elementor-element-e1a574b elementor-widget elementor-widget-heading\" data-id=\"e1a574b\" data-element_type=\"widget\" data-widget_type=\"heading.default\">\n\t\t\t\t<div class=\"elementor-widget-container\">\n\t\t\t\t\t<h2 class=\"elementor-heading-title elementor-size-default\">Directorio de Cerrajer\u00edas en Quer\u00e9taro<\/h2>\t\t\t\t<\/div>\n\t\t\t\t<\/div>\n\t\t\t\t<div class=\"elementor-element elementor-element-fdf106e elementor-widget elementor-widget-text-editor\" data-id=\"fdf106e\" data-element_type=\"widget\" data-widget_type=\"text-editor.default\">\n\t\t\t\t<div class=\"elementor-widget-container\">\n\t\t\t\t\t\t\t\t\t<p>Una recopilaci\u00f3n de los mejores servicios de Cerrajer\u00edas del Estado de Quer\u00e9taro, los cuales fueron indexados en medios digitales como buenos contactos, si desea actualizar alg\u00fan dato o agregar un Servicio en Quer\u00e9taro con gusto lo realizamos.<\/p>\t\t\t\t\t\t\t\t<\/div>\n\t\t\t\t<\/div>\n\t\t\t\t\t<\/div>\n\t\t\t\t<\/div>\n\t\t<div class=\"elementor-element elementor-element-51b89a5 e-flex e-con-boxed e-con e-parent\" data-id=\"51b89a5\" data-element_type=\"container\">\n\t\t\t\t\t<div class=\"e-con-inner\">\n\t\t\t\t<div class=\"elementor-element elementor-element-215695e elementor-widget elementor-widget-text-editor\" data-id=\"215695e\" data-element_type=\"widget\" data-widget_type=\"text-editor.default\">\n\t\t\t\t<div class=\"elementor-widget-container\">\n\t\t\t\t\t\t\t\t\t<hr \/><h3>Cerrajer\u00edas ANC<\/h3><p>Servicio de Cerrajer\u00edas ANC en Quer\u00e9taro.<br \/><strong>Direcciones:<\/strong> Noradino Rubio 3, Casa Blanca, 76030 Santiago de Quer\u00e9taro, Qro.<br \/><strong>Tel\u00e9fono:<\/strong> (442)391 3110.<br \/><strong>Sitio:<\/strong> https:\/\/cerrajeroqueretaro.mx\/<br \/><strong>Rese\u00f1a:<\/strong> Productos y servicios que ofrece Cerrajer\u00edas ANC,\u00a0Apertura de chapas tipo residencial y de oficina, Apertura de autos (todos los modelos), Duplicado de llaves dom\u00e9sticas, oficinas y automotrices, Programaci\u00f3n de llaves con chip, Reparaci\u00f3n de cilindros de encendido, Reparaci\u00f3n de chapas de autom\u00f3vil, Dom\u00e9stica y de Oficina, Venta de cerraduras, Venta de candados, Venta de carcasas para controles automotrices, Reparaci\u00f3n de controles. Servicios urgentes, las 24 horas, a domicilio en Quer\u00e9taro.<br \/><a href=\"https:\/\/goo.gl\/maps\/9Li74YKZVMBS7bv97\" target=\"_blank\" rel=\"noopener,nofollow noopener\">Link de Ubicaci\u00f3n en Mapa Google. Clic Mapa.<\/a><\/p><hr \/><h3>La Cerrajer\u00eda Centro<\/h3><p>Servicio de La Cerrajer\u00eda Centro en Quer\u00e9taro.<br \/><strong>2 Direcciones:<\/strong> Calle 16 de Septiembre 124 D, La Santa Cruz, Centro, 76030 Santiago de Quer\u00e9taro, Qro.<br \/><strong>Tel\u00e9fono:<\/strong> (442)467 2128.<br \/><strong>Sitio:<\/strong> https:\/\/lacerrajeriacentro.negocio.site\/<br \/><strong>Rese\u00f1a:<\/strong> Productos y servicios que ofrece La Cerrajer\u00eda Centro,\u00a0Especializado de cerrajer\u00eda, Chapas de alta seguridad, Cl\u00e1sicas, Llaves Automotrices, Cambio de combinaciones, Duplicados de llaves, Instalaci\u00f3n de cerraduras, Cajas Fuertes, Recuperaciones de chips, Programaci\u00f3n de chapas el\u00e9ctricas y controles, servicios de emergencia las 24 horas.<br \/><a href=\"https:\/\/g.page\/lacerrajeriacentro?share\" target=\"_blank\" rel=\"noopener,nofollow noopener\">Link de Ubicaci\u00f3n en Mapa Google. Clic Mapa.<\/a><\/p><hr \/><h3>Cerrajer\u00eda Diamante<\/h3><p>Servicio de Cerrajer\u00eda Diamante en Quer\u00e9taro.<br \/><strong>Direcciones:<\/strong> Blvd. Bernardo Quintana 3102, colonia puestas del sol, 76116 Santiago de Quer\u00e9taro, Qro.<br \/><strong>Tel\u00e9fono:<\/strong> (442)146 4339.<br \/><strong>Sitio:<\/strong> https:\/\/cerrajerias-diamante.negocio.site\/<br \/><strong>Rese\u00f1a:<\/strong> Productos y servicios que ofrece Cerrajer\u00eda Diamante,\u00a0Especializado de cerrajer\u00eda, Instalaci\u00f3n De Cerraduras, Chapas de alta seguridad, Duplicados Automotrices, Llaves Con Chip Para Nissan, Instalaci\u00f3n de Mirillas.<br \/><a href=\"https:\/\/goo.gl\/maps\/frhLxCf27qEhtxat8\" target=\"_blank\" rel=\"noopener,nofollow noopener\">Link de Ubicaci\u00f3n en Mapa Google. Clic Mapa.<\/a><\/p><hr \/><h3>Cerrajer\u00eda Capricornio<\/h3><p>Servicio de Cerrajer\u00eda Capricornio en Quer\u00e9taro.<br \/><strong>Direcciones:<\/strong> Puebla 27, San Jos\u00e9 de los Olvera, 76902 Santiago de Quer\u00e9taro, Qro.<br \/><strong>Tel\u00e9fono:<\/strong>(442)179 1874.<br \/><strong>Sitio:<\/strong> https:\/\/www.facebook.com\/cerrajeriacapricornio2\/<br \/><strong>Rese\u00f1a:<\/strong> Productos y servicios que ofrece Cerrajer\u00eda Capricornio,\u00a0Elaboraci\u00f3n de llave original de Auto, Controles de Auto, Duplicado de llave automotriz con chip, Instalaci\u00f3n cerraduras de alta seguridad, Apertura de Auto, Apertura de cerraduras, Servicio a domicilio.<br \/><a href=\"https:\/\/goo.gl\/maps\/sZLC2ieyFTCGRink6\" target=\"_blank\" rel=\"noopener,nofollow noopener\">Link de Ubicaci\u00f3n en Mapa Google. Clic Mapa.<\/a><\/p><hr \/><h3>Cerrajer\u00eda Miranda<\/h3><p>Servicio de Cerrajer\u00eda Miranda en Quer\u00e9taro.<br \/><strong>Direcciones:<\/strong> Carretera Libre A Celaya KM. 7.450 Las Trojes, 76900 Corregidora, Qro.<br \/><strong>Tel\u00e9fono:<\/strong>(442)250 9400, (442)671 8095.<br \/><strong>Sitio:<\/strong> https:\/\/cerrajeriamiranda.business.site\/<br \/><strong>Rese\u00f1a:<\/strong> Productos y servicios que ofrece Cerrajer\u00eda Miranda,\u00a0Experiencia en cerrajer\u00eda Residencial, Industrial y Automotriz, Disponemos de una amplia gama de marcas de Cerraduras de Alta Seguridad y Candados, Apertura y elaboraci\u00f3n de llave de todo todas las marcas de Autos llaves con Chip y Controles Remotos Originales.<br \/><a href=\"https:\/\/goo.gl\/maps\/idFj7L2W7N8XuGSV9\" target=\"_blank\" rel=\"noopener,nofollow noopener\">Link de Ubicaci\u00f3n en Mapa Google. Clic Mapa.<\/a><\/p><hr \/><h3>Cerrajeria Sendero<\/h3><p>Servicio de Cerrajeria Sendero en Quer\u00e9taro.<br \/><strong>Direcciones:<\/strong> Av Laguna 102, El Rocio, 76114 Santiago de Quer\u00e9taro, Qro.<br \/><strong>Tel\u00e9fono:<\/strong> (442)704 3616, (442)373 6477. (442)827 7555.<br \/><strong>Sitio:<\/strong> https:\/\/cerrajeria-sendero-locksmith.negocio.site\/<br \/><strong>Rese\u00f1a:<\/strong> Productos y servicios que ofrece Cerrajeria Sendero,\u00a0Servicio de Cerrajer\u00eda en General Automotriz, Residencial y Industrias, Programaci\u00f3n de llaves con chip, Controles remotos, Copia de llaves de todo tipo, Apertura de autos, Reparaci\u00f3n de chapas, Chapas de alta seguridad, Copias normal, Venta e instalaciones de chapas, Servicio a domicilio las 24 hrs.<br \/><a href=\"https:\/\/goo.gl\/maps\/6HtvLKzQcpPujppY8\" target=\"_blank\" rel=\"noopener,nofollow noopener\">Link de Ubicaci\u00f3n en Mapa Google. Clic Mapa.<\/a><\/p><hr \/><h3>Cerrajer\u00eda JG<\/h3><p>Servicio de Cerrajer\u00eda JG en Quer\u00e9taro.<br \/><strong>Direcciones:<\/strong> Quetzalc\u00f3atl pte, Acceso 112 Interior 26, infonavit III, Desarrollo San Pablo, 76121 Santiago de Quer\u00e9taro, Qro.<br \/><strong>Tel\u00e9fono:<\/strong> (442)305 3887.<br \/><strong>Sitio:<\/strong> https:\/\/cerrajeriajg.negocio.site\/<br \/><strong>Rese\u00f1a:<\/strong> Productos y servicios que ofrece Cerrajer\u00eda JG,\u00a0Elaborando llaves Standard, Tetras-llaves(de cruz) de alta seguridad (Puntos o Planas), de Doble Corte, Automotriz y Motocicletas, Elaboraci\u00f3n de llaves automotriz con chip, Apertura de cajas fuertes, Servicio a la industria para igualaci\u00f3n de llaves, Elaboraci\u00f3n de llaves de archiveros, Colocaci\u00f3n de cerraduras, Instalaci\u00f3n de chapas a domicilio o cualquier otro servicio de cerrajer\u00eda.<br \/><a href=\"https:\/\/goo.gl\/maps\/Fj57cHND8rkNegdC7\" target=\"_blank\" rel=\"noopener,nofollow noopener\">Link de Ubicaci\u00f3n en Mapa Google. Clic Mapa.<\/a><\/p><hr \/><h3>Cerrajer\u00eda Keys-Chip<\/h3><p>Servicio de Cerrajer\u00eda Keys-Chip en Quer\u00e9taro.<br \/><strong>Direcciones:<\/strong> 76040 Prolongaci\u00f3n Corregidora Sur, Corregidora sur 111-No. 111-A, Aragon, 76040 Santiago de Quer\u00e9taro, Qro.<br \/><strong>Tel\u00e9fono:<\/strong> (442)186 7926, (442)411 7169.<br \/><strong>Sitio:<\/strong> https:\/\/cerrajeriasenqueretaro.com.mx\/<br \/><strong>Rese\u00f1a:<\/strong> Productos y servicios que ofrece Cerrajer\u00eda Keys-Chip,\u00a0Servicio de Apertura, Reparaci\u00f3n en llaves remotas, Instalaci\u00f3n en cerraduras de alta seguridad, Duplicados y elaboraci\u00f3n de llave automotriz, Elaboracion de llave a Domicilio, Cerrajer\u00eda a Domicilio 24 horas.<br \/><a href=\"https:\/\/goo.gl\/maps\/7zFAdmXbRm6cDAq38\" target=\"_blank\" rel=\"noopener,nofollow noopener\">Link de Ubicaci\u00f3n en Mapa Google. Clic Mapa.<\/a><\/p><hr \/><h3>Cerrajer\u00eda Juriquilla<\/h3><p>Servicio de Cerrajer\u00eda Juriquilla en Quer\u00e9taro.<br \/><strong>Direcciones:<\/strong> P.\u00ba del Mes\u00f3n 23, Jurica Pueblo, 76100 Santiago de Quer\u00e9taro, Qro.<br \/><strong>Tel\u00e9fono:<\/strong> (442)190 7005, (442)261 0848.<br \/><strong>Sitio:<\/strong> https:\/\/www.cerrajeriajuriquilla.mx\/<br \/><strong>Rese\u00f1a:<\/strong> Productos y servicios que ofrece Cerrajer\u00eda Juriquilla,\u00a0Venta de llaves huecas, Duplicado de llaves de m\u00e1xima seguridad, Reparaci\u00f3n de controles, Cambio de pilas, Instalaci\u00f3n de llaves con chip, Apertura de chapas, Apertura de autos, Apertura cerraduras, Apertura cajas fuertes, Apertura de viviendas, Duplicado de llaves, Programaci\u00f3n de llaves con chi, Reparaci\u00f3n de cerraduras, Venta de cerraduras, Instalaci\u00f3n de cerraduras, Venta de carcasas.<br \/><a href=\"https:\/\/goo.gl\/maps\/iee7yrwW7pthDpZo6\" target=\"_blank\" rel=\"noopener,nofollow noopener\">Link de Ubicaci\u00f3n en Mapa Google. Clic Mapa.<\/a><\/p><hr \/><h3>Cerrajeria El Mayab Quer\u00e9taro<\/h3><p>Servicio de Cerrajeria El Mayab Quer\u00e9taro.<br \/><strong>Direcciones:<\/strong> Av. el jacal #1011 Puerta real El Pueblito, Qro., LT6, Pueblito, El 76900, El Jacal, 76900 Qro.<br \/><strong>Tel\u00e9fono:<\/strong> (442)152 1821.<br \/><strong>Rese\u00f1a:<\/strong> Productos y servicios que ofrece Cerrajeria El Mayab Quer\u00e9taro,\u00a0Duplicado de llaves, Cerraduras, Apertura de cajas fuertes, Llaves con chip, Reparaci\u00f3n de chapas a elevadores manuales, Llaves de autos, Cerrajer\u00eda residencial, Cambios de pilas, Venta e instalaci\u00f3n de cerraduras de todo tipo.<br \/><a href=\"https:\/\/goo.gl\/maps\/FR7n8e5qq11gJAM8A\" target=\"_blank\" rel=\"noopener,nofollow noopener\">Link de Ubicaci\u00f3n en Mapa Google. Clic Mapa.<\/a><\/p><hr \/>\t\t\t\t\t\t\t\t<\/div>\n\t\t\t\t<\/div>\n\t\t\t\t\t<\/div>\n\t\t\t\t<\/div>\n\t\t<div class=\"elementor-element elementor-element-45cb99c e-flex e-con-boxed e-con e-parent\" data-id=\"45cb99c\" data-element_type=\"container\">\n\t\t\t\t\t<div class=\"e-con-inner\">\n\t\t\t\t<div class=\"elementor-element elementor-element-ca39921 elementor-widget elementor-widget-heading\" data-id=\"ca39921\" data-element_type=\"widget\" data-widget_type=\"heading.default\">\n\t\t\t\t<div class=\"elementor-widget-container\">\n\t\t\t\t\t<h2 class=\"elementor-heading-title elementor-size-default\">Servicios de Cerrajer\u00edas Mapa<\/h2>\t\t\t\t<\/div>\n\t\t\t\t<\/div>\n\t\t\t\t<div class=\"elementor-element elementor-element-cdb88c8 elementor-widget elementor-widget-text-editor\" data-id=\"cdb88c8\" data-element_type=\"widget\" data-widget_type=\"text-editor.default\">\n\t\t\t\t<div class=\"elementor-widget-container\">\n\t\t\t\t\t\t\t\t\t<p>Los servicios especializados de cerrajer\u00eda, Venta de llaves huecas, Reparaci\u00f3n en llaves remotas, Elaboraci\u00f3n de llave automotriz, Elaborando llaves Standard, Tetras-llaves(de cruz) de alta seguridad (Puntos o Planas), de Doble Corte, Automotriz y Motocicletas, Duplicado de llaves de m\u00e1xima seguridad, Reparaci\u00f3n de controles, Cambio de pilas, Instalaci\u00f3n de chapas a domicilio, Instalaci\u00f3n de llaves con chip, Instalaci\u00f3n en cerraduras de alta seguridad, Apertura de chapas, Apertura de autos, Apertura cerraduras, Apertura cajas fuertes, Apertura de viviendas, Duplicado de llaves, Programaci\u00f3n de llaves con chi, Reparaci\u00f3n de cerraduras, Venta de cerraduras, Instalaci\u00f3n de cerraduras, Venta de carcasas, Duplicado de llaves, Llaves con chip, Llaves de autos, Cerrajer\u00eda residencial, Venta e instalaci\u00f3n de cerraduras de todo tipo, Elaboracion de llave a Domicilio, Cerrajer\u00eda a Domicilio 24 horas.<\/p>\t\t\t\t\t\t\t\t<\/div>\n\t\t\t\t<\/div>\n\t\t\t\t\t<\/div>\n\t\t\t\t<\/div>\n\t\t<div class=\"elementor-element elementor-element-9d5a0a2 e-flex e-con-boxed e-con e-parent\" data-id=\"9d5a0a2\" data-element_type=\"container\">\n\t\t\t\t\t<div class=\"e-con-inner\">\n\t\t\t\t<div class=\"elementor-element elementor-element-83d80eb elementor-widget elementor-widget-text-editor\" data-id=\"83d80eb\" data-element_type=\"widget\" data-widget_type=\"text-editor.default\">\n\t\t\t\t<div class=\"elementor-widget-container\">\n\t\t\t\t\t\t\t\t\t<iframe style=\"border: 0;\" src=\"https:\/\/www.google.com\/maps\/embed?pb=!1m16!1m12!1m3!1d59750.596259692415!2d-100.40386629436836!3d20.61204603822878!2m3!1f0!2f0!3f0!3m2!1i1024!2i768!4f13.1!2m1!1sCerrajer%C3%ADas!5e0!3m2!1ses-419!2smx!4v1665344150918!5m2!1ses-419!2smx\" width=\"100%\" height=\"450\" frameborder=\"0\" allowfullscreen=\"allowfullscreen\"><\/iframe>\t\t\t\t\t\t\t\t<\/div>\n\t\t\t\t<\/div>\n\t\t\t\t\t<\/div>\n\t\t\t\t<\/div>\n\t\t<div class=\"elementor-element elementor-element-3ae677f e-flex e-con-boxed e-con e-parent\" data-id=\"3ae677f\" data-element_type=\"container\">\n\t\t\t\t\t<div class=\"e-con-inner\">\n\t\t<div class=\"elementor-element elementor-element-8937185 e-con-full e-flex e-con e-child\" data-id=\"8937185\" data-element_type=\"container\">\n\t\t\t\t<div class=\"elementor-element elementor-element-3579b10 elementor-widget elementor-widget-image\" data-id=\"3579b10\" data-element_type=\"widget\" data-widget_type=\"image.default\">\n\t\t\t\t<div class=\"elementor-widget-container\">\n\t\t\t\t\t\t\t\t\t\t\t\t\t\t\t\t<a href=\"https:\/\/mkdigital10.com\/plan-full-empresarial\/\">\n\t\t\t\t\t\t\t<img fetchpriority=\"high\" decoding=\"async\" width=\"750\" height=\"750\" src=\"https:\/\/queretaro10.com\/directorios\/wp-content\/uploads\/2024\/06\/qro10-4-2024-PLAN-FULL-EMPRESARIAL-min.png\" class=\"attachment-full size-full wp-image-809\" alt=\"Plan Full MARKETING EMPRESARIAL\" srcset=\"https:\/\/queretaro10.com\/directorios\/wp-content\/uploads\/2024\/06\/qro10-4-2024-PLAN-FULL-EMPRESARIAL-min.png 750w, https:\/\/queretaro10.com\/directorios\/wp-content\/uploads\/2024\/06\/qro10-4-2024-PLAN-FULL-EMPRESARIAL-min-300x300.png 300w, https:\/\/queretaro10.com\/directorios\/wp-content\/uploads\/2024\/06\/qro10-4-2024-PLAN-FULL-EMPRESARIAL-min-150x150.png 150w\" sizes=\"(max-width: 750px) 100vw, 750px\" \/>\t\t\t\t\t\t\t\t<\/a>\n\t\t\t\t\t\t\t\t\t\t\t\t\t\t\t<\/div>\n\t\t\t\t<\/div>\n\t\t\t\t<\/div>\n\t\t<div class=\"elementor-element elementor-element-654d89b e-con-full e-flex e-con e-child\" data-id=\"654d89b\" data-element_type=\"container\">\n\t\t\t\t<div class=\"elementor-element elementor-element-c5bc772 elementor-widget elementor-widget-image\" data-id=\"c5bc772\" data-element_type=\"widget\" data-widget_type=\"image.default\">\n\t\t\t\t<div class=\"elementor-widget-container\">\n\t\t\t\t\t\t\t\t\t\t\t\t\t\t\t\t<a href=\"https:\/\/queretaro10.com\/qro\/marketing\/\">\n\t\t\t\t\t\t\t<img decoding=\"async\" width=\"750\" height=\"750\" src=\"https:\/\/queretaro10.com\/directorios\/wp-content\/uploads\/2024\/06\/qro10-Plan-MK-Digital-PyMe-Local-cuadro-4-min.png\" class=\"attachment-full size-full wp-image-810\" alt=\"PLAN FULL MARKETING DIGITAL PyMe Local\" srcset=\"https:\/\/queretaro10.com\/directorios\/wp-content\/uploads\/2024\/06\/qro10-Plan-MK-Digital-PyMe-Local-cuadro-4-min.png 750w, https:\/\/queretaro10.com\/directorios\/wp-content\/uploads\/2024\/06\/qro10-Plan-MK-Digital-PyMe-Local-cuadro-4-min-300x300.png 300w, https:\/\/queretaro10.com\/directorios\/wp-content\/uploads\/2024\/06\/qro10-Plan-MK-Digital-PyMe-Local-cuadro-4-min-150x150.png 150w\" sizes=\"(max-width: 750px) 100vw, 750px\" \/>\t\t\t\t\t\t\t\t<\/a>\n\t\t\t\t\t\t\t\t\t\t\t\t\t\t\t<\/div>\n\t\t\t\t<\/div>\n\t\t\t\t<\/div>\n\t\t<div class=\"elementor-element elementor-element-03fd0d4 e-con-full e-flex e-con e-child\" data-id=\"03fd0d4\" data-element_type=\"container\">\n\t\t\t\t<div class=\"elementor-element elementor-element-1b05afb elementor-widget elementor-widget-image\" data-id=\"1b05afb\" data-element_type=\"widget\" data-widget_type=\"image.default\">\n\t\t\t\t<div class=\"elementor-widget-container\">\n\t\t\t\t\t\t\t\t\t\t\t\t\t\t\t\t<a href=\"https:\/\/mkdigital10.com\/sem\/redes-sociales\/\">\n\t\t\t\t\t\t\t<img decoding=\"async\" width=\"750\" height=\"750\" src=\"https:\/\/queretaro10.com\/directorios\/wp-content\/uploads\/2025\/03\/qro10-Plan-Redes-Sociales.png\" class=\"attachment-full size-full wp-image-1199\" alt=\"Plan Redes Sociales\" srcset=\"https:\/\/queretaro10.com\/directorios\/wp-content\/uploads\/2025\/03\/qro10-Plan-Redes-Sociales.png 750w, https:\/\/queretaro10.com\/directorios\/wp-content\/uploads\/2025\/03\/qro10-Plan-Redes-Sociales-300x300.png 300w, https:\/\/queretaro10.com\/directorios\/wp-content\/uploads\/2025\/03\/qro10-Plan-Redes-Sociales-150x150.png 150w\" sizes=\"(max-width: 750px) 100vw, 750px\" \/>\t\t\t\t\t\t\t\t<\/a>\n\t\t\t\t\t\t\t\t\t\t\t\t\t\t\t<\/div>\n\t\t\t\t<\/div>\n\t\t\t\t<\/div>\n\t\t<div class=\"elementor-element elementor-element-d0316f9 e-con-full e-flex e-con e-child\" data-id=\"d0316f9\" data-element_type=\"container\">\n\t\t\t\t<div class=\"elementor-element elementor-element-a8321ec elementor-widget elementor-widget-image\" data-id=\"a8321ec\" data-element_type=\"widget\" data-widget_type=\"image.default\">\n\t\t\t\t<div class=\"elementor-widget-container\">\n\t\t\t\t\t\t\t\t\t\t\t\t\t\t\t\t<a href=\"https:\/\/mkdigital10.com\/paginas-web\/\">\n\t\t\t\t\t\t\t<img loading=\"lazy\" decoding=\"async\" width=\"750\" height=\"750\" src=\"https:\/\/queretaro10.com\/directorios\/wp-content\/uploads\/2025\/03\/qro10-Plan-Paginas-Web-PyMe-Empresarial.png\" class=\"attachment-full size-full wp-image-1200\" alt=\"Plan P\u00e1ginas Web PyMe Empresarial\" srcset=\"https:\/\/queretaro10.com\/directorios\/wp-content\/uploads\/2025\/03\/qro10-Plan-Paginas-Web-PyMe-Empresarial.png 750w, https:\/\/queretaro10.com\/directorios\/wp-content\/uploads\/2025\/03\/qro10-Plan-Paginas-Web-PyMe-Empresarial-300x300.png 300w, https:\/\/queretaro10.com\/directorios\/wp-content\/uploads\/2025\/03\/qro10-Plan-Paginas-Web-PyMe-Empresarial-150x150.png 150w\" sizes=\"(max-width: 750px) 100vw, 750px\" \/>\t\t\t\t\t\t\t\t<\/a>\n\t\t\t\t\t\t\t\t\t\t\t\t\t\t\t<\/div>\n\t\t\t\t<\/div>\n\t\t\t\t<\/div>\n\t\t\t\t\t<\/div>\n\t\t\t\t<\/div>\n\t\t\t\t<\/div>\n\t\t","protected":false},"excerpt":{"rendered":"<p>Cerrajer\u00edas en Quer\u00e9taro El servicio de Cerrajer\u00eda siempre es necesario, los ciudadanos por lo menos utilizan el servicio de apertura [&hellip;]<\/p>\n","protected":false},"author":1,"featured_media":64,"parent":0,"menu_order":0,"comment_status":"closed","ping_status":"closed","template":"elementor_header_footer","meta":{"site-sidebar-layout":"default","site-content-layout":"","ast-site-content-layout":"default","site-content-style":"default","site-sidebar-style":"default","ast-global-header-display":"","ast-banner-title-visibility":"","ast-main-header-display":"","ast-hfb-above-header-display":"","ast-hfb-below-header-display":"","ast-hfb-mobile-header-display":"","site-post-title":"","ast-breadcrumbs-content":"","ast-featured-img":"","footer-sml-layout":"","theme-transparent-header-meta":"default","adv-header-id-meta":"","stick-header-meta":"","header-above-stick-meta":"","header-main-stick-meta":"","header-below-stick-meta":"","astra-migrate-meta-layouts":"set","ast-page-background-enabled":"default","ast-page-background-meta":{"desktop":{"background-color":"var(--ast-global-color-4)","background-image":"","background-repeat":"repeat","background-position":"center center","background-size":"auto","background-attachment":"scroll","background-type":"","background-media":"","overlay-type":"","overlay-color":"","overlay-opacity":"","overlay-gradient":""},"tablet":{"background-color":"","background-image":"","background-repeat":"repeat","background-position":"center center","background-size":"auto","background-attachment":"scroll","background-type":"","background-media":"","overlay-type":"","overlay-color":"","overlay-opacity":"","overlay-gradient":""},"mobile":{"background-color":"","background-image":"","background-repeat":"repeat","background-position":"center center","background-size":"auto","background-attachment":"scroll","background-type":"","background-media":"","overlay-type":"","overlay-color":"","overlay-opacity":"","overlay-gradient":""}},"ast-content-background-meta":{"desktop":{"background-color":"var(--ast-global-color-5)","background-image":"","background-repeat":"repeat","background-position":"center center","background-size":"auto","background-attachment":"scroll","background-type":"","background-media":"","overlay-type":"","overlay-color":"","overlay-opacity":"","overlay-gradient":""},"tablet":{"background-color":"var(--ast-global-color-5)","background-image":"","background-repeat":"repeat","background-position":"center center","background-size":"auto","background-attachment":"scroll","background-type":"","background-media":"","overlay-type":"","overlay-color":"","overlay-opacity":"","overlay-gradient":""},"mobile":{"background-color":"var(--ast-global-color-5)","background-image":"","background-repeat":"repeat","background-position":"center center","background-size":"auto","background-attachment":"scroll","background-type":"","background-media":"","overlay-type":"","overlay-color":"","overlay-opacity":"","overlay-gradient":""}},"footnotes":""},"class_list":["post-63","page","type-page","status-publish","has-post-thumbnail","hentry"],"aioseo_notices":[],"_links":{"self":[{"href":"https:\/\/queretaro10.com\/directorios\/wp-json\/wp\/v2\/pages\/63","targetHints":{"allow":["GET"]}}],"collection":[{"href":"https:\/\/queretaro10.com\/directorios\/wp-json\/wp\/v2\/pages"}],"about":[{"href":"https:\/\/queretaro10.com\/directorios\/wp-json\/wp\/v2\/types\/page"}],"author":[{"embeddable":true,"href":"https:\/\/queretaro10.com\/directorios\/wp-json\/wp\/v2\/users\/1"}],"replies":[{"embeddable":true,"href":"https:\/\/queretaro10.com\/directorios\/wp-json\/wp\/v2\/comments?post=63"}],"version-history":[{"count":28,"href":"https:\/\/queretaro10.com\/directorios\/wp-json\/wp\/v2\/pages\/63\/revisions"}],"predecessor-version":[{"id":1356,"href":"https:\/\/queretaro10.com\/directorios\/wp-json\/wp\/v2\/pages\/63\/revisions\/1356"}],"wp:featuredmedia":[{"embeddable":true,"href":"https:\/\/queretaro10.com\/directorios\/wp-json\/wp\/v2\/media\/64"}],"wp:attachment":[{"href":"https:\/\/queretaro10.com\/directorios\/wp-json\/wp\/v2\/media?parent=63"}],"curies":[{"name":"wp","href":"https:\/\/api.w.org\/{rel}","templated":true}]}}