{"id":73,"date":"2023-03-11T23:48:26","date_gmt":"2023-03-11T23:48:26","guid":{"rendered":"https:\/\/queretaro10.com\/directorios\/?page_id=27715"},"modified":"2025-03-31T21:58:51","modified_gmt":"2025-03-31T21:58:51","slug":"creperias","status":"publish","type":"page","link":"https:\/\/queretaro10.com\/directorios\/creperias\/","title":{"rendered":"Creper\u00edas en Quer\u00e9taro"},"content":{"rendered":"\t\t<div data-elementor-type=\"wp-page\" data-elementor-id=\"73\" class=\"elementor elementor-73\">\n\t\t\t\t<div class=\"elementor-element elementor-element-7bf5367 e-flex e-con-boxed e-con e-parent\" data-id=\"7bf5367\" data-element_type=\"container\">\n\t\t\t\t\t<div class=\"e-con-inner\">\n\t\t\t\t<div class=\"elementor-element elementor-element-b83a18d elementor-widget elementor-widget-heading\" data-id=\"b83a18d\" data-element_type=\"widget\" data-widget_type=\"heading.default\">\n\t\t\t\t<div class=\"elementor-widget-container\">\n\t\t\t\t\t<h1 class=\"elementor-heading-title elementor-size-default\">Creper\u00edas en Quer\u00e9taro<\/h1>\t\t\t\t<\/div>\n\t\t\t\t<\/div>\n\t\t\t\t<div class=\"elementor-element elementor-element-1fff8fb elementor-widget elementor-widget-text-editor\" data-id=\"1fff8fb\" data-element_type=\"widget\" data-widget_type=\"text-editor.default\">\n\t\t\t\t<div class=\"elementor-widget-container\">\n\t\t\t\t\t\t\t\t\t<p>El servicio de creper\u00eda siempre es necesario, los ciudadanos por lo menos una vez al a\u00f1o utilizan los servicios de creper\u00eda para desgastar crepas dulces, crepas saladas o bebidas. A continuaci\u00f3n, seleccionamos algunos negocios que disponen de los mejores servicios de Creper\u00edas en Quer\u00e9taro.<\/p>\t\t\t\t\t\t\t\t<\/div>\n\t\t\t\t<\/div>\n\t\t\t\t\t<\/div>\n\t\t\t\t<\/div>\n\t\t<div class=\"elementor-element elementor-element-164ea6f e-flex e-con-boxed e-con e-parent\" data-id=\"164ea6f\" data-element_type=\"container\">\n\t\t\t\t\t<div class=\"e-con-inner\">\n\t\t\t\t<div class=\"elementor-element elementor-element-084468d elementor-widget elementor-widget-heading\" data-id=\"084468d\" data-element_type=\"widget\" data-widget_type=\"heading.default\">\n\t\t\t\t<div class=\"elementor-widget-container\">\n\t\t\t\t\t<h2 class=\"elementor-heading-title elementor-size-default\">Directorio de Creper\u00edas en Quer\u00e9taro<\/h2>\t\t\t\t<\/div>\n\t\t\t\t<\/div>\n\t\t\t\t<div class=\"elementor-element elementor-element-d457e59 elementor-widget elementor-widget-text-editor\" data-id=\"d457e59\" data-element_type=\"widget\" data-widget_type=\"text-editor.default\">\n\t\t\t\t<div class=\"elementor-widget-container\">\n\t\t\t\t\t\t\t\t\t<p>Una recopilaci\u00f3n de los mejores servicios de creper\u00edas del Estado de Quer\u00e9taro, los cuales fueron indexados en medios digitales como buenos contactos, si desea actualizar alg\u00fan dato o agregar un Servicio en Quer\u00e9taro con gusto lo realizamos.<\/p>\t\t\t\t\t\t\t\t<\/div>\n\t\t\t\t<\/div>\n\t\t\t\t\t<\/div>\n\t\t\t\t<\/div>\n\t\t<div class=\"elementor-element elementor-element-38f00aa e-flex e-con-boxed e-con e-parent\" data-id=\"38f00aa\" data-element_type=\"container\">\n\t\t\t\t\t<div class=\"e-con-inner\">\n\t\t\t\t<div class=\"elementor-element elementor-element-189cd73 elementor-widget elementor-widget-text-editor\" data-id=\"189cd73\" data-element_type=\"widget\" data-widget_type=\"text-editor.default\">\n\t\t\t\t<div class=\"elementor-widget-container\">\n\t\t\t\t\t\t\t\t\t<hr \/><h3>La Cr\u00eape Parisienne Antea<\/h3><p>Servicio de La Cr\u00eape Parisienne Antea en Quer\u00e9taro.<br \/><strong>Direcciones:<\/strong> Carretera Quer\u00e9taro-San Luis Potos\u00ed #12401 Col. El Salitre, San Luis Potos\u00ed &#8211; Santiago de Quer\u00e9taro, Santiago, 76127 Santiago de Quer\u00e9taro, Qro.<br \/><strong>Sitio:<\/strong> https:\/\/www.lacrepeparisienne.com\/<br \/><strong>E-mail:<\/strong> info@lacrepeparisienne.com<br \/><strong>Rese\u00f1a:<\/strong> Productos y servicios que ofrece La Cr\u00eape Parisienne Antea,\u00a0Crepas Dulces, Crepas Saladas, Bebidas Fr\u00edas, Bebidas Calientes.<br \/><a href=\"https:\/\/goo.gl\/maps\/kFzwLrXM8ir39Ftq6\" target=\"_blank\" rel=\"noopener,nofollow noopener\">Link de Ubicaci\u00f3n en Mapa Google. Clic Mapa.<\/a><\/p><hr \/><h3>La Creperia Villemot<\/h3><p>Servicio de La Creperia Villemot en Quer\u00e9taro.<br \/><strong>Direcciones:<\/strong> C. 5 de Mayo 16, Centro, 76000 Santiago de Quer\u00e9taro, Qro.<br \/><strong>Tel\u00e9fono:<\/strong> (442)312 6812.<br \/><strong>Sitio:<\/strong> https:\/\/lacreperia.com.mx\/<br \/><strong>E-mail:<\/strong> quejas@lacreperia.com.mx<br \/><strong>Rese\u00f1a:<\/strong> Productos y servicios que ofrece La Creperia Villemot,\u00a0Crepas Dulces, Crepas Saladas, Paninis Especiales, Ensaladas, Bagels, Crepaquetes, Bebidas Fr\u00edas, Bebidas Calientes.<br \/><a href=\"https:\/\/goo.gl\/maps\/jhaRt4tHsZwy4Auf9\" target=\"_blank\" rel=\"noopener,nofollow noopener\">Link de Ubicaci\u00f3n en Mapa Google. Clic Mapa.<\/a><\/p><hr \/><h3>Crepalatchi<\/h3><p>Servicio de Crepalatchi Puerta La Victoria en Quer\u00e9taro.<br \/><strong>2 Direcciones:<\/strong> zona dos extendida, Centro, 76000 Santiago de Quer\u00e9taro, Qro.<br \/><strong>Tel\u00e9fono:<\/strong><br \/><strong>Sitio:<\/strong> https:\/\/www.instagram.com\/crepalatchiqro\/<br \/><strong>Rese\u00f1a:<\/strong> Productos y servicios que ofrece Crepalatchi Puerta La Victoria,\u00a0Crepas Dulces, Especialidades Dulces, Crepas Saladas, Especialidades Saladas, Combos de Crepas Dulces, Combos de Crepas Saladas, Paninis, Bebidas Fr\u00edas, Bebidas Calientes, Bagels, Paquetes Especiales.<br \/><a href=\"https:\/\/goo.gl\/maps\/nxaq6HR9QLjXQ8Y58\" target=\"_blank\" rel=\"noopener,nofollow noopener\">Link de Ubicaci\u00f3n en Mapa Google. Clic Mapa.<\/a><\/p><hr \/><h3>Las Crepas de Cimatario<\/h3><p>Servicio de Las Crepas de Cimatario en Quer\u00e9taro.<br \/><strong>Direcciones:<\/strong> Avenida Colinas del Cimatario, Pl. del Cimatario #7, 76090 Santiago de Quer\u00e9taro, Qro.<br \/><strong>Tel\u00e9fono:<\/strong> (442)725 9426, (442)205 0876.<br \/><strong>Sitio:<\/strong> https:\/\/lascrepas-restaurant.negocio.site\/<br \/><strong>Rese\u00f1a:<\/strong> Productos y servicios que ofrece Las Crepas de Cimatario,\u00a0Crepas Dulces, Crepas Saladas, Bebidas Fr\u00edas, Paninis, Bagels.<br \/><a href=\"https:\/\/goo.gl\/maps\/GiYzS43ktFXYaviY6\" target=\"_blank\" rel=\"noopener,nofollow noopener\">Link de Ubicaci\u00f3n en Mapa Google. Clic Mapa.<\/a><\/p><hr \/><h3>Crepas San Pablo<\/h3><p>Servicio de Crepas San Pablo en Quer\u00e9taro.<br \/><strong>Direcciones:<\/strong> Av. 5 de Febrero 6, San Pablo, 76130 Santiago de Quer\u00e9taro, Qro.<br \/><strong>Tel\u00e9fono:<\/strong> (442)280 1290.<br \/><strong>Sitio:<\/strong> https:\/\/www.facebook.com\/crepas.sanpablo<br \/><strong>Rese\u00f1a:<\/strong> Productos y servicios que ofrece Crepas San Pablo,\u00a0Crepas Dulces, Crepas Saladas, Esquimos.<br \/><a href=\"https:\/\/goo.gl\/maps\/oNXcX9ZBzjGvjkKV9\" target=\"_blank\" rel=\"noopener,nofollow noopener\">Link de Ubicaci\u00f3n en Mapa Google. Clic Mapa.<\/a><\/p><hr \/><h3>Crepa Queen<\/h3><p>Servicio de Crepa Queen en Quer\u00e9taro.<br \/><strong>Direcciones:<\/strong> Calle Altamirano 1bis Esquina calle 5 de Mayo Col. Centro, La Cruz, 76000 Santiago de Quer\u00e9taro, Qro.<br \/><strong>Tel\u00e9fono:<\/strong> (442)862 6954, (442)241 6197.<br \/><strong>Sitio:<\/strong> https:\/\/www.facebook.com\/creperiaqueretaro<br \/><strong>E-mail:<\/strong> lacrepaqueen@hotmail.com<br \/><strong>Rese\u00f1a:<\/strong> Productos y servicios que ofrece Crepa Queen,\u00a0Crepas Dulces, Crepas Saladas, Ensaladas, Bagels, Bebidas Fr\u00edas, Bebidas Calientes.<br \/><a href=\"https:\/\/goo.gl\/maps\/rk2tJ9LVJLtLog4UA\" target=\"_blank\" rel=\"noopener,nofollow noopener\">Link de Ubicaci\u00f3n en Mapa Google. Clic Mapa.<\/a><\/p><hr \/><h3>Ma Crepe Preferee<\/h3><p>Servicio de Ma Crepe Preferee en Quer\u00e9taro.<br \/><strong>Direcciones:<\/strong> Hidalgo 275, Ni\u00f1os Heroes, 76010 Santiago de Quer\u00e9taro, Qro.<br \/><strong>Tel\u00e9fono:<\/strong> (442)455 5685.<br \/><strong>Sitio:<\/strong> https:\/\/www.facebook.com\/MaCrepePrefereeCreperia\/<br \/><strong>Rese\u00f1a:<\/strong> Productos y servicios que ofrece Ma Crepe Preferee,\u00a0Crepas Dulces, Crepas Saladas, Bebidas Fr\u00edas, Bebidas Calientes.<br \/><a href=\"https:\/\/goo.gl\/maps\/5etURAvE4viAd4NE8\" target=\"_blank\" rel=\"noopener,nofollow noopener\">Link de Ubicaci\u00f3n en Mapa Google. Clic Mapa.<\/a><\/p><hr \/><h3>Santo Pecado Creper\u00eda &amp; Frapperia<\/h3><p>Servicio de Santo Pecado Creper\u00eda &amp; Frapperia en Quer\u00e9taro.<br \/><strong>Direcciones:<\/strong> Libramiento Sur Pte 1371 Col, El Retablo, 76235 Santiago de Quer\u00e9taro, Qro.<br \/><strong>Tel\u00e9fono:<\/strong> (442)203 9477, (442)718 8462.<br \/><strong>Sitio:<\/strong> https:\/\/www.facebook.com\/santopecadocyf<br \/><strong>E-mail:<\/strong> santopecadoqueretaro@gmail.com<br \/><strong>Rese\u00f1a:<\/strong> Productos y servicios que ofrece Santo Pecado Creper\u00eda &amp; Frapperia,\u00a0Crepas Dulces, Crepas Saladas, Crepas Gourmet, Especialidades, Frapp\u00e9s, Frapp\u00e9s Gourmet, Bebidas Calientes, Otras Bebidas, Waffles, Baguettes.<br \/><a href=\"https:\/\/goo.gl\/maps\/PSDXfVJhEbYogx4W7\" target=\"_blank\" rel=\"noopener,nofollow noopener\">Link de Ubicaci\u00f3n en Mapa Google. Clic Mapa.<\/a><\/p><hr \/><h3>Mulhouse Crepes &amp; Coffee<\/h3><p>Servicio de Mulhouse Crepes &amp; Coffee en Quer\u00e9taro.<br \/><strong>Direcciones:<\/strong> C. 5 de Mayo #54, Centro, 76000 Santiago de Quer\u00e9taro, Qro.<br \/><strong>Tel\u00e9fono:<\/strong> (442)438 6249.<br \/><strong>Sitio:<\/strong> https:\/\/mulhouse-crepes-coffee.business.site\/<br \/><strong>E-mail:<\/strong> mulhousecyc@gmail.com<br \/><strong>Rese\u00f1a:<\/strong> Productos y servicios que ofrece Mulhouse Crepes &amp; Coffee,\u00a0Crepas Dulces, Crepas Saladas, s\u00e1ndwiches, HotCakes, Affogato, Bisquet, Craving, Frappes, Waffles, Especialidades.<br \/><a href=\"https:\/\/goo.gl\/maps\/PGm8bYVhZUfq8EMg6\" target=\"_blank\" rel=\"noopener,nofollow noopener\">Link de Ubicaci\u00f3n en Mapa Google. Clic Mapa.<\/a><\/p><hr \/><h3>Crepas Dieguini<\/h3><p>Servicio de Crepas Dieguini en Quer\u00e9taro.<br \/><strong>Direcciones:<\/strong> C. Mayas, Cerrito Colorado, 76116 Santiago de Quer\u00e9taro, Qro.<br \/><strong>Tel\u00e9fono:<\/strong> (442)111 2020, (442)816 4895.<br \/><strong>Sitio:<\/strong> https:\/\/www.facebook.com\/CrepasDieguini<br \/><strong>E-mail:<\/strong> crepas_dieguini@hotmail.com<br \/><strong>Rese\u00f1a:<\/strong> Productos y servicios que ofrece Crepas Dieguini,\u00a0Crepas Dulces, Crepas Saladas, Frappes, Waffles, Malteadas.<br \/><a href=\"https:\/\/goo.gl\/maps\/kQKP3GdTyjFnumyq5\" target=\"_blank\" rel=\"noopener,nofollow noopener\">Link de Ubicaci\u00f3n en Mapa Google. Clic Mapa.<\/a><\/p><hr \/>\t\t\t\t\t\t\t\t<\/div>\n\t\t\t\t<\/div>\n\t\t\t\t\t<\/div>\n\t\t\t\t<\/div>\n\t\t<div class=\"elementor-element elementor-element-d487983 e-flex e-con-boxed e-con e-parent\" data-id=\"d487983\" data-element_type=\"container\">\n\t\t\t\t\t<div class=\"e-con-inner\">\n\t\t\t\t<div class=\"elementor-element elementor-element-ef3ae1d elementor-widget elementor-widget-heading\" data-id=\"ef3ae1d\" data-element_type=\"widget\" data-widget_type=\"heading.default\">\n\t\t\t\t<div class=\"elementor-widget-container\">\n\t\t\t\t\t<h2 class=\"elementor-heading-title elementor-size-default\">Servicios de Creper\u00edas Mapa<\/h2>\t\t\t\t<\/div>\n\t\t\t\t<\/div>\n\t\t\t\t<div class=\"elementor-element elementor-element-16f42a5 elementor-widget elementor-widget-text-editor\" data-id=\"16f42a5\" data-element_type=\"widget\" data-widget_type=\"text-editor.default\">\n\t\t\t\t<div class=\"elementor-widget-container\">\n\t\t\t\t\t\t\t\t\t<p>Los servicios especializados de creper\u00edas, Crepas Dulces, Crepas Saladas, Bebidas Fr\u00edas, Bebidas Calientes, Paninis Especiales, Ensaladas, Bagels, Crepaquetes, Especialidades Dulces, Especialidades Saladas, Combos de Crepas Dulces, Combos de Crepas Saladas, Paninis, Paquetes Especiales, Esquimos, Crepas Gourmet, Especialidades, Frapp\u00e9s, Frapp\u00e9s Gourmet, Waffles, Baguettes, S\u00e1ndwiches, HotCakes, Affogato, Bisquet, Craving, Malteadas, Otras Bebidas.<\/p>\t\t\t\t\t\t\t\t<\/div>\n\t\t\t\t<\/div>\n\t\t\t\t\t<\/div>\n\t\t\t\t<\/div>\n\t\t<div class=\"elementor-element elementor-element-bc921b6 e-flex e-con-boxed e-con e-parent\" data-id=\"bc921b6\" data-element_type=\"container\">\n\t\t\t\t\t<div class=\"e-con-inner\">\n\t\t\t\t<div class=\"elementor-element elementor-element-bf7e843 elementor-widget elementor-widget-text-editor\" data-id=\"bf7e843\" data-element_type=\"widget\" data-widget_type=\"text-editor.default\">\n\t\t\t\t<div class=\"elementor-widget-container\">\n\t\t\t\t\t\t\t\t\t<iframe style=\"border: 0;\" src=\"https:\/\/www.google.com\/maps\/embed?pb=!1m16!1m12!1m3!1d119494.98815170644!2d-100.4015789919402!3d20.619953685686085!2m3!1f0!2f0!3f0!3m2!1i1024!2i768!4f13.1!2m1!1sCreper%C3%ADas%20Santiago%20de%20Quer%C3%A9taro%20Quer%C3%A9taro!5e0!3m2!1ses!2smx!4v1678557835528!5m2!1ses!2smx\" width=\"100%\" height=\"450\" frameborder=\"0\" allowfullscreen=\"allowfullscreen\"><\/iframe>\t\t\t\t\t\t\t\t<\/div>\n\t\t\t\t<\/div>\n\t\t\t\t\t<\/div>\n\t\t\t\t<\/div>\n\t\t<div class=\"elementor-element elementor-element-19f8766 e-flex e-con-boxed e-con e-parent\" data-id=\"19f8766\" data-element_type=\"container\">\n\t\t\t\t\t<div class=\"e-con-inner\">\n\t\t<div class=\"elementor-element elementor-element-c67f7cf e-con-full e-flex e-con e-child\" data-id=\"c67f7cf\" data-element_type=\"container\">\n\t\t\t\t<div class=\"elementor-element elementor-element-934c5a9 elementor-widget elementor-widget-image\" data-id=\"934c5a9\" data-element_type=\"widget\" data-widget_type=\"image.default\">\n\t\t\t\t<div class=\"elementor-widget-container\">\n\t\t\t\t\t\t\t\t\t\t\t\t\t\t\t\t<a href=\"https:\/\/mkdigital10.com\/plan-full-empresarial\/\">\n\t\t\t\t\t\t\t<img fetchpriority=\"high\" decoding=\"async\" width=\"750\" height=\"750\" src=\"https:\/\/queretaro10.com\/directorios\/wp-content\/uploads\/2024\/06\/qro10-4-2024-PLAN-FULL-EMPRESARIAL-min.png\" class=\"attachment-full size-full wp-image-809\" alt=\"Plan Full MARKETING EMPRESARIAL\" srcset=\"https:\/\/queretaro10.com\/directorios\/wp-content\/uploads\/2024\/06\/qro10-4-2024-PLAN-FULL-EMPRESARIAL-min.png 750w, https:\/\/queretaro10.com\/directorios\/wp-content\/uploads\/2024\/06\/qro10-4-2024-PLAN-FULL-EMPRESARIAL-min-300x300.png 300w, https:\/\/queretaro10.com\/directorios\/wp-content\/uploads\/2024\/06\/qro10-4-2024-PLAN-FULL-EMPRESARIAL-min-150x150.png 150w\" sizes=\"(max-width: 750px) 100vw, 750px\" \/>\t\t\t\t\t\t\t\t<\/a>\n\t\t\t\t\t\t\t\t\t\t\t\t\t\t\t<\/div>\n\t\t\t\t<\/div>\n\t\t\t\t<\/div>\n\t\t<div class=\"elementor-element elementor-element-d636030 e-con-full e-flex e-con e-child\" data-id=\"d636030\" data-element_type=\"container\">\n\t\t\t\t<div class=\"elementor-element elementor-element-083ece9 elementor-widget elementor-widget-image\" data-id=\"083ece9\" data-element_type=\"widget\" data-widget_type=\"image.default\">\n\t\t\t\t<div class=\"elementor-widget-container\">\n\t\t\t\t\t\t\t\t\t\t\t\t\t\t\t\t<a href=\"https:\/\/queretaro10.com\/qro\/marketing\/\">\n\t\t\t\t\t\t\t<img decoding=\"async\" width=\"750\" height=\"750\" src=\"https:\/\/queretaro10.com\/directorios\/wp-content\/uploads\/2024\/06\/qro10-Plan-MK-Digital-PyMe-Local-cuadro-4-min.png\" class=\"attachment-full size-full wp-image-810\" alt=\"PLAN FULL MARKETING DIGITAL PyMe Local\" srcset=\"https:\/\/queretaro10.com\/directorios\/wp-content\/uploads\/2024\/06\/qro10-Plan-MK-Digital-PyMe-Local-cuadro-4-min.png 750w, https:\/\/queretaro10.com\/directorios\/wp-content\/uploads\/2024\/06\/qro10-Plan-MK-Digital-PyMe-Local-cuadro-4-min-300x300.png 300w, https:\/\/queretaro10.com\/directorios\/wp-content\/uploads\/2024\/06\/qro10-Plan-MK-Digital-PyMe-Local-cuadro-4-min-150x150.png 150w\" sizes=\"(max-width: 750px) 100vw, 750px\" \/>\t\t\t\t\t\t\t\t<\/a>\n\t\t\t\t\t\t\t\t\t\t\t\t\t\t\t<\/div>\n\t\t\t\t<\/div>\n\t\t\t\t<\/div>\n\t\t<div class=\"elementor-element elementor-element-0c5027a e-con-full e-flex e-con e-child\" data-id=\"0c5027a\" data-element_type=\"container\">\n\t\t\t\t<div class=\"elementor-element elementor-element-e9d05dd elementor-widget elementor-widget-image\" data-id=\"e9d05dd\" data-element_type=\"widget\" data-widget_type=\"image.default\">\n\t\t\t\t<div class=\"elementor-widget-container\">\n\t\t\t\t\t\t\t\t\t\t\t\t\t\t\t\t<a href=\"https:\/\/mkdigital10.com\/sem\/redes-sociales\/\">\n\t\t\t\t\t\t\t<img decoding=\"async\" width=\"750\" height=\"750\" src=\"https:\/\/queretaro10.com\/directorios\/wp-content\/uploads\/2025\/03\/qro10-Plan-Redes-Sociales.png\" class=\"attachment-full size-full wp-image-1199\" alt=\"Plan Redes Sociales\" srcset=\"https:\/\/queretaro10.com\/directorios\/wp-content\/uploads\/2025\/03\/qro10-Plan-Redes-Sociales.png 750w, https:\/\/queretaro10.com\/directorios\/wp-content\/uploads\/2025\/03\/qro10-Plan-Redes-Sociales-300x300.png 300w, https:\/\/queretaro10.com\/directorios\/wp-content\/uploads\/2025\/03\/qro10-Plan-Redes-Sociales-150x150.png 150w\" sizes=\"(max-width: 750px) 100vw, 750px\" \/>\t\t\t\t\t\t\t\t<\/a>\n\t\t\t\t\t\t\t\t\t\t\t\t\t\t\t<\/div>\n\t\t\t\t<\/div>\n\t\t\t\t<\/div>\n\t\t<div class=\"elementor-element elementor-element-3acb91b e-con-full e-flex e-con e-child\" data-id=\"3acb91b\" data-element_type=\"container\">\n\t\t\t\t<div class=\"elementor-element elementor-element-1ff9019 elementor-widget elementor-widget-image\" data-id=\"1ff9019\" data-element_type=\"widget\" data-widget_type=\"image.default\">\n\t\t\t\t<div class=\"elementor-widget-container\">\n\t\t\t\t\t\t\t\t\t\t\t\t\t\t\t\t<a href=\"https:\/\/mkdigital10.com\/paginas-web\/\">\n\t\t\t\t\t\t\t<img loading=\"lazy\" decoding=\"async\" width=\"750\" height=\"750\" src=\"https:\/\/queretaro10.com\/directorios\/wp-content\/uploads\/2025\/03\/qro10-Plan-Paginas-Web-PyMe-Empresarial.png\" class=\"attachment-full size-full wp-image-1200\" alt=\"Plan P\u00e1ginas Web PyMe Empresarial\" srcset=\"https:\/\/queretaro10.com\/directorios\/wp-content\/uploads\/2025\/03\/qro10-Plan-Paginas-Web-PyMe-Empresarial.png 750w, https:\/\/queretaro10.com\/directorios\/wp-content\/uploads\/2025\/03\/qro10-Plan-Paginas-Web-PyMe-Empresarial-300x300.png 300w, https:\/\/queretaro10.com\/directorios\/wp-content\/uploads\/2025\/03\/qro10-Plan-Paginas-Web-PyMe-Empresarial-150x150.png 150w\" sizes=\"(max-width: 750px) 100vw, 750px\" \/>\t\t\t\t\t\t\t\t<\/a>\n\t\t\t\t\t\t\t\t\t\t\t\t\t\t\t<\/div>\n\t\t\t\t<\/div>\n\t\t\t\t<\/div>\n\t\t\t\t\t<\/div>\n\t\t\t\t<\/div>\n\t\t\t\t<\/div>\n\t\t","protected":false},"excerpt":{"rendered":"<p>Creper\u00edas en Quer\u00e9taro El servicio de creper\u00eda siempre es necesario, los ciudadanos por lo menos una vez al a\u00f1o utilizan [&hellip;]<\/p>\n","protected":false},"author":1,"featured_media":74,"parent":0,"menu_order":0,"comment_status":"closed","ping_status":"closed","template":"elementor_header_footer","meta":{"site-sidebar-layout":"default","site-content-layout":"","ast-site-content-layout":"default","site-content-style":"default","site-sidebar-style":"default","ast-global-header-display":"","ast-banner-title-visibility":"","ast-main-header-display":"","ast-hfb-above-header-display":"","ast-hfb-below-header-display":"","ast-hfb-mobile-header-display":"","site-post-title":"","ast-breadcrumbs-content":"","ast-featured-img":"","footer-sml-layout":"","theme-transparent-header-meta":"default","adv-header-id-meta":"","stick-header-meta":"","header-above-stick-meta":"","header-main-stick-meta":"","header-below-stick-meta":"","astra-migrate-meta-layouts":"set","ast-page-background-enabled":"default","ast-page-background-meta":{"desktop":{"background-color":"var(--ast-global-color-4)","background-image":"","background-repeat":"repeat","background-position":"center center","background-size":"auto","background-attachment":"scroll","background-type":"","background-media":"","overlay-type":"","overlay-color":"","overlay-opacity":"","overlay-gradient":""},"tablet":{"background-color":"","background-image":"","background-repeat":"repeat","background-position":"center center","background-size":"auto","background-attachment":"scroll","background-type":"","background-media":"","overlay-type":"","overlay-color":"","overlay-opacity":"","overlay-gradient":""},"mobile":{"background-color":"","background-image":"","background-repeat":"repeat","background-position":"center center","background-size":"auto","background-attachment":"scroll","background-type":"","background-media":"","overlay-type":"","overlay-color":"","overlay-opacity":"","overlay-gradient":""}},"ast-content-background-meta":{"desktop":{"background-color":"var(--ast-global-color-5)","background-image":"","background-repeat":"repeat","background-position":"center center","background-size":"auto","background-attachment":"scroll","background-type":"","background-media":"","overlay-type":"","overlay-color":"","overlay-opacity":"","overlay-gradient":""},"tablet":{"background-color":"var(--ast-global-color-5)","background-image":"","background-repeat":"repeat","background-position":"center center","background-size":"auto","background-attachment":"scroll","background-type":"","background-media":"","overlay-type":"","overlay-color":"","overlay-opacity":"","overlay-gradient":""},"mobile":{"background-color":"var(--ast-global-color-5)","background-image":"","background-repeat":"repeat","background-position":"center center","background-size":"auto","background-attachment":"scroll","background-type":"","background-media":"","overlay-type":"","overlay-color":"","overlay-opacity":"","overlay-gradient":""}},"footnotes":""},"class_list":["post-73","page","type-page","status-publish","has-post-thumbnail","hentry"],"aioseo_notices":[],"_links":{"self":[{"href":"https:\/\/queretaro10.com\/directorios\/wp-json\/wp\/v2\/pages\/73","targetHints":{"allow":["GET"]}}],"collection":[{"href":"https:\/\/queretaro10.com\/directorios\/wp-json\/wp\/v2\/pages"}],"about":[{"href":"https:\/\/queretaro10.com\/directorios\/wp-json\/wp\/v2\/types\/page"}],"author":[{"embeddable":true,"href":"https:\/\/queretaro10.com\/directorios\/wp-json\/wp\/v2\/users\/1"}],"replies":[{"embeddable":true,"href":"https:\/\/queretaro10.com\/directorios\/wp-json\/wp\/v2\/comments?post=73"}],"version-history":[{"count":10,"href":"https:\/\/queretaro10.com\/directorios\/wp-json\/wp\/v2\/pages\/73\/revisions"}],"predecessor-version":[{"id":1437,"href":"https:\/\/queretaro10.com\/directorios\/wp-json\/wp\/v2\/pages\/73\/revisions\/1437"}],"wp:featuredmedia":[{"embeddable":true,"href":"https:\/\/queretaro10.com\/directorios\/wp-json\/wp\/v2\/media\/74"}],"wp:attachment":[{"href":"https:\/\/queretaro10.com\/directorios\/wp-json\/wp\/v2\/media?parent=73"}],"curies":[{"name":"wp","href":"https:\/\/api.w.org\/{rel}","templated":true}]}}