{"id":89,"date":"2019-07-17T20:51:20","date_gmt":"2019-07-17T20:51:20","guid":{"rendered":"https:\/\/queretaro10.com\/directorios\/?page_id=23065"},"modified":"2025-03-31T21:42:15","modified_gmt":"2025-03-31T21:42:15","slug":"energia-solar","status":"publish","type":"page","link":"https:\/\/queretaro10.com\/directorios\/energia-solar\/","title":{"rendered":"Energ\u00eda Solar en Quer\u00e9taro"},"content":{"rendered":"\t\t<div data-elementor-type=\"wp-page\" data-elementor-id=\"89\" class=\"elementor elementor-89\">\n\t\t\t\t<div class=\"elementor-element elementor-element-2c3f1fb e-flex e-con-boxed e-con e-parent\" data-id=\"2c3f1fb\" data-element_type=\"container\">\n\t\t\t\t\t<div class=\"e-con-inner\">\n\t\t\t\t<div class=\"elementor-element elementor-element-e61e323 elementor-widget elementor-widget-heading\" data-id=\"e61e323\" data-element_type=\"widget\" data-widget_type=\"heading.default\">\n\t\t\t\t<div class=\"elementor-widget-container\">\n\t\t\t\t\t<h1 class=\"elementor-heading-title elementor-size-default\">Energ\u00eda Solar en Quer\u00e9taro<\/h1>\t\t\t\t<\/div>\n\t\t\t\t<\/div>\n\t\t\t\t<div class=\"elementor-element elementor-element-0214ab9 elementor-widget elementor-widget-text-editor\" data-id=\"0214ab9\" data-element_type=\"widget\" data-widget_type=\"text-editor.default\">\n\t\t\t\t<div class=\"elementor-widget-container\">\n\t\t\t\t\t\t\t\t\t<p>Una recopilaci\u00f3n de los mejores empresas de Energ\u00eda Solar del Estado de Quer\u00e9taro, los cuales fueron indexados en medios digitales como buenos contactos, si desea actualizar alg\u00fan dato o agregar un abogado con gusto lo realizamos.<\/p>\t\t\t\t\t\t\t\t<\/div>\n\t\t\t\t<\/div>\n\t\t\t\t\t<\/div>\n\t\t\t\t<\/div>\n\t\t<div class=\"elementor-element elementor-element-3212c7d e-flex e-con-boxed e-con e-parent\" data-id=\"3212c7d\" data-element_type=\"container\">\n\t\t\t\t\t<div class=\"e-con-inner\">\n\t\t\t\t<div class=\"elementor-element elementor-element-28adb1c elementor-widget elementor-widget-image\" data-id=\"28adb1c\" data-element_type=\"widget\" data-widget_type=\"image.default\">\n\t\t\t\t<div class=\"elementor-widget-container\">\n\t\t\t\t\t\t\t\t\t\t\t\t\t\t\t\t<a href=\"https:\/\/queretaro10.com\/qro\/paneles-solares\/\">\n\t\t\t\t\t\t\t<img fetchpriority=\"high\" decoding=\"async\" width=\"1110\" height=\"450\" src=\"https:\/\/queretaro10.com\/directorios\/wp-content\/uploads\/2024\/07\/Banner-paneles-solares-home.jpg\" class=\"attachment-full size-full wp-image-835\" alt=\"Paneles Solares en Quer\u00e9taro\" srcset=\"https:\/\/queretaro10.com\/directorios\/wp-content\/uploads\/2024\/07\/Banner-paneles-solares-home.jpg 1110w, https:\/\/queretaro10.com\/directorios\/wp-content\/uploads\/2024\/07\/Banner-paneles-solares-home-300x122.jpg 300w, https:\/\/queretaro10.com\/directorios\/wp-content\/uploads\/2024\/07\/Banner-paneles-solares-home-1024x415.jpg 1024w, https:\/\/queretaro10.com\/directorios\/wp-content\/uploads\/2024\/07\/Banner-paneles-solares-home-768x311.jpg 768w\" sizes=\"(max-width: 1110px) 100vw, 1110px\" \/>\t\t\t\t\t\t\t\t<\/a>\n\t\t\t\t\t\t\t\t\t\t\t\t\t\t\t<\/div>\n\t\t\t\t<\/div>\n\t\t\t\t\t<\/div>\n\t\t\t\t<\/div>\n\t\t<div class=\"elementor-element elementor-element-b5491df e-flex e-con-boxed e-con e-parent\" data-id=\"b5491df\" data-element_type=\"container\">\n\t\t\t\t\t<div class=\"e-con-inner\">\n\t\t\t\t<div class=\"elementor-element elementor-element-194ccbc elementor-widget elementor-widget-heading\" data-id=\"194ccbc\" data-element_type=\"widget\" data-widget_type=\"heading.default\">\n\t\t\t\t<div class=\"elementor-widget-container\">\n\t\t\t\t\t<h2 class=\"elementor-heading-title elementor-size-default\">Directorio de los Mejores Empresas de Energ\u00eda Solar<\/h2>\t\t\t\t<\/div>\n\t\t\t\t<\/div>\n\t\t\t\t<div class=\"elementor-element elementor-element-ace7ae0 elementor-widget elementor-widget-text-editor\" data-id=\"ace7ae0\" data-element_type=\"widget\" data-widget_type=\"text-editor.default\">\n\t\t\t\t<div class=\"elementor-widget-container\">\n\t\t\t\t\t\t\t\t\t<p>Las empresas l\u00edderes en la generaci\u00f3n de energ\u00eda solar en Quer\u00e9taro, especializada en venta, instalaci\u00f3n solar y sistemas fotovoltaicos, empresas locales y extranjeras apuestan por la energ\u00eda solar, elige el experto adecuado para tu proyecto.<\/p>\t\t\t\t\t\t\t\t<\/div>\n\t\t\t\t<\/div>\n\t\t\t\t\t<\/div>\n\t\t\t\t<\/div>\n\t\t<div class=\"elementor-element elementor-element-099004d e-flex e-con-boxed e-con e-parent\" data-id=\"099004d\" data-element_type=\"container\">\n\t\t\t\t\t<div class=\"e-con-inner\">\n\t\t\t\t<div class=\"elementor-element elementor-element-937910a elementor-widget elementor-widget-heading\" data-id=\"937910a\" data-element_type=\"widget\" data-widget_type=\"heading.default\">\n\t\t\t\t<div class=\"elementor-widget-container\">\n\t\t\t\t\t<h2 class=\"elementor-heading-title elementor-size-default\">Horarios de atenci\u00f3n<\/h2>\t\t\t\t<\/div>\n\t\t\t\t<\/div>\n\t\t\t\t<div class=\"elementor-element elementor-element-f8499cc elementor-widget elementor-widget-text-editor\" data-id=\"f8499cc\" data-element_type=\"widget\" data-widget_type=\"text-editor.default\">\n\t\t\t\t<div class=\"elementor-widget-container\">\n\t\t\t\t\t\t\t\t\t<p>Los horarios dependen de la industria y fechas especiales como d\u00edas festivos.<\/p>\t\t\t\t\t\t\t\t<\/div>\n\t\t\t\t<\/div>\n\t\t\t\t\t<\/div>\n\t\t\t\t<\/div>\n\t\t<div class=\"elementor-element elementor-element-7a85819 e-flex e-con-boxed e-con e-parent\" data-id=\"7a85819\" data-element_type=\"container\">\n\t\t\t\t\t<div class=\"e-con-inner\">\n\t\t\t\t<div class=\"elementor-element elementor-element-3f6f4e1 elementor-widget elementor-widget-heading\" data-id=\"3f6f4e1\" data-element_type=\"widget\" data-widget_type=\"heading.default\">\n\t\t\t\t<div class=\"elementor-widget-container\">\n\t\t\t\t\t<h2 class=\"elementor-heading-title elementor-size-default\">Tel\u00e9fonos de contacto<\/h2>\t\t\t\t<\/div>\n\t\t\t\t<\/div>\n\t\t\t\t<div class=\"elementor-element elementor-element-5d8cca3 elementor-widget elementor-widget-text-editor\" data-id=\"5d8cca3\" data-element_type=\"widget\" data-widget_type=\"text-editor.default\">\n\t\t\t\t<div class=\"elementor-widget-container\">\n\t\t\t\t\t\t\t\t\t<p>Encontrar\u00e1 tel\u00e9fonos 01800 y n\u00fameros locales en cada empresa de Energ\u00eda Solar de la zona en Quer\u00e9taro.<\/p>\t\t\t\t\t\t\t\t<\/div>\n\t\t\t\t<\/div>\n\t\t\t\t<div class=\"elementor-element elementor-element-eadbffd elementor-widget elementor-widget-image\" data-id=\"eadbffd\" data-element_type=\"widget\" data-widget_type=\"image.default\">\n\t\t\t\t<div class=\"elementor-widget-container\">\n\t\t\t\t\t\t\t\t\t\t\t\t\t\t\t\t<a href=\"https:\/\/luminarias-solares.mx\/\">\n\t\t\t\t\t\t\t<img decoding=\"async\" width=\"696\" height=\"446\" src=\"https:\/\/queretaro10.com\/directorios\/wp-content\/uploads\/2019\/05\/img-luminarias-solares-calles-y-caminos-01.jpg\" class=\"attachment-full size-full wp-image-83\" alt=\"postes solares luminarias y paneles\" srcset=\"https:\/\/queretaro10.com\/directorios\/wp-content\/uploads\/2019\/05\/img-luminarias-solares-calles-y-caminos-01.jpg 696w, https:\/\/queretaro10.com\/directorios\/wp-content\/uploads\/2019\/05\/img-luminarias-solares-calles-y-caminos-01-300x192.jpg 300w\" sizes=\"(max-width: 696px) 100vw, 696px\" \/>\t\t\t\t\t\t\t\t<\/a>\n\t\t\t\t\t\t\t\t\t\t\t\t\t\t\t<\/div>\n\t\t\t\t<\/div>\n\t\t\t\t\t<\/div>\n\t\t\t\t<\/div>\n\t\t<div class=\"elementor-element elementor-element-fe02693 e-flex e-con-boxed e-con e-parent\" data-id=\"fe02693\" data-element_type=\"container\">\n\t\t\t\t\t<div class=\"e-con-inner\">\n\t\t\t\t<div class=\"elementor-element elementor-element-bc3c6ef elementor-widget elementor-widget-text-editor\" data-id=\"bc3c6ef\" data-element_type=\"widget\" data-widget_type=\"text-editor.default\">\n\t\t\t\t<div class=\"elementor-widget-container\">\n\t\t\t\t\t\t\t\t\t<hr \/><h3>Grupo Solinc<\/h3><p style=\"text-align: left;\">Cel. 442 385 0384<br \/>Libramiento Nor poniente #27292, Local 28, Huertas la Joya, C.P. 76137 Santiago de Quer\u00e9taro, Qro.<br \/>https:\/\/solinc.com.mx\/<\/p><hr \/><h3>Orto-Solar<\/h3><p style=\"text-align: left;\">01 442 213 3376<br \/>Avenida 5 de Febrero 795, Conjunto Empresarial Ce5 Loc. 7, La Sierrita, 76137 Santiago de Quer\u00e9taro, Qro.<br \/>http:\/\/www.ortoenergiasolar.com\/<\/p><hr \/><h3>Solarlux<\/h3><p style=\"text-align: left;\">01 442 311 4282<br \/>Sur, Calle Ezequiel Montes 14, Centro, 76000 Santiago de Quer\u00e9taro, Qro.<br \/>https:\/\/www.solarlux.com.mx\/<\/p><hr \/><h3>Helios Energ\u00eda Solar<\/h3><p style=\"text-align: left;\">01 442 674 0840<br \/>Av. Santo Domingo #103, Carretas, Quer\u00e9taro, Qro. CP 76050, Carretas, 76050 Santiago de Quer\u00e9taro, Qro.<br \/>https:\/\/www.heliosenergiasolar.com\/<\/p><hr \/><h3>SunCity<\/h3><p style=\"text-align: left;\">01 442 220 9950<br \/>Calz. de los Arcos 168, Loma Dorada, 76060 Santiago de Quer\u00e9taro, Qro.<br \/>http:\/\/www.suncity.com.mx\/<\/p><hr \/><h3>Sistemas de Energ\u00edas Renovables<\/h3><p style=\"text-align: left;\">01 442 265 1731<br \/>Acceso \u00ccII, San Jose de la Monta\u00f1a, 76120 Qu\u00e9retaro, M\u00e9xico, Qro.<\/p><hr \/><h3>NVX Solar<\/h3><p style=\"text-align: left;\">01 442 546 8652<br \/>Carretera Lateral a Tlacote No. 186 Colonia, Quinta Alicia, santiago, C.E.A., 76179 Santiago de Quer\u00e9taro, Qro.<br \/>https:\/\/www.nvx-solar.mx\/<\/p><hr \/><h3>JR Ecotecnolog\u00eda<\/h3><p style=\"text-align: left;\">01 442 212 2576<br \/>Av. Luis Pasteur Sur 215, zona dos extendida, Mercurio, 76040 Santiago de Quer\u00e9taro, Qro.<br \/>https:\/\/www.jrecotecnologia.com\/<\/p><hr \/><h3>ISI Energ\u00eda<\/h3><p style=\"text-align: left;\">01 442 219 9010<br \/>59, Blvd. Centro Sur, Colinas del Cimatario, 76090 Santiago de Quer\u00e9taro, Qro.<br \/>http:\/\/www.isienergia.com\/<\/p><hr \/><h3>At\u00f3n Solar<\/h3><p style=\"text-align: left;\">01 442 391 5832<br \/>Plaza del Cimatario 203, zona dos extendida, Plazas del Sol 1ra Secc, 76099 Santiago de Quer\u00e9taro, Qro.<br \/>https:\/\/calentadorsolar.mx\/<\/p><hr \/>\t\t\t\t\t\t\t\t<\/div>\n\t\t\t\t<\/div>\n\t\t\t\t\t<\/div>\n\t\t\t\t<\/div>\n\t\t<div class=\"elementor-element elementor-element-0726e73 e-flex e-con-boxed e-con e-parent\" data-id=\"0726e73\" data-element_type=\"container\">\n\t\t\t\t\t<div class=\"e-con-inner\">\n\t\t\t\t<div class=\"elementor-element elementor-element-b9ce993 elementor-widget elementor-widget-heading\" data-id=\"b9ce993\" data-element_type=\"widget\" data-widget_type=\"heading.default\">\n\t\t\t\t<div class=\"elementor-widget-container\">\n\t\t\t\t\t<h2 class=\"elementor-heading-title elementor-size-default\">\u00bfPor qu\u00e9 invertir en Quer\u00e9taro?<\/h2>\t\t\t\t<\/div>\n\t\t\t\t<\/div>\n\t\t\t\t<div class=\"elementor-element elementor-element-91e80c5 elementor-widget elementor-widget-text-editor\" data-id=\"91e80c5\" data-element_type=\"widget\" data-widget_type=\"text-editor.default\">\n\t\t\t\t<div class=\"elementor-widget-container\">\n\t\t\t\t\t\t\t\t\t<p>Los parques industriales que actualmente se encuentran en el estado est\u00e1n ocupados a 93%, entonces es una buena oportunidad de seguir invirtiendo en infraestructura industrial<\/p>\t\t\t\t\t\t\t\t<\/div>\n\t\t\t\t<\/div>\n\t\t\t\t\t<\/div>\n\t\t\t\t<\/div>\n\t\t<div class=\"elementor-element elementor-element-a6a3f38 e-flex e-con-boxed e-con e-parent\" data-id=\"a6a3f38\" data-element_type=\"container\">\n\t\t\t\t\t<div class=\"e-con-inner\">\n\t\t\t\t<div class=\"elementor-element elementor-element-36c47ac elementor-widget elementor-widget-heading\" data-id=\"36c47ac\" data-element_type=\"widget\" data-widget_type=\"heading.default\">\n\t\t\t\t<div class=\"elementor-widget-container\">\n\t\t\t\t\t<h2 class=\"elementor-heading-title elementor-size-default\">Quer\u00e9taro Industrial<\/h2>\t\t\t\t<\/div>\n\t\t\t\t<\/div>\n\t\t\t\t<div class=\"elementor-element elementor-element-11aa3f0 elementor-widget elementor-widget-text-editor\" data-id=\"11aa3f0\" data-element_type=\"widget\" data-widget_type=\"text-editor.default\">\n\t\t\t\t<div class=\"elementor-widget-container\">\n\t\t\t\t\t\t\t\t\t<p>Quer\u00e9taro es una de las ciudades mexicanas de mayor crecimiento industrial, con m\u00e1s de diez parques industriales y sede de empresas de primer nivel.<\/p><p>Primero fue el impulso manufacturero y ahora es el sector servicios que son los pilares del crecimiento, de una ciudad que evoluciona en forma planeada y ordenada.<\/p>\t\t\t\t\t\t\t\t<\/div>\n\t\t\t\t<\/div>\n\t\t\t\t\t<\/div>\n\t\t\t\t<\/div>\n\t\t<div class=\"elementor-element elementor-element-f2c7acd e-flex e-con-boxed e-con e-parent\" data-id=\"f2c7acd\" data-element_type=\"container\">\n\t\t\t\t\t<div class=\"e-con-inner\">\n\t\t<div class=\"elementor-element elementor-element-ac23c6e e-con-full e-flex e-con e-child\" data-id=\"ac23c6e\" data-element_type=\"container\">\n\t\t\t\t<div class=\"elementor-element elementor-element-1dec168 elementor-widget elementor-widget-image\" data-id=\"1dec168\" data-element_type=\"widget\" data-widget_type=\"image.default\">\n\t\t\t\t<div class=\"elementor-widget-container\">\n\t\t\t\t\t\t\t\t\t\t\t\t\t\t\t\t<a href=\"https:\/\/mkdigital10.com\/plan-full-empresarial\/\">\n\t\t\t\t\t\t\t<img decoding=\"async\" width=\"750\" height=\"750\" src=\"https:\/\/queretaro10.com\/directorios\/wp-content\/uploads\/2024\/06\/qro10-4-2024-PLAN-FULL-EMPRESARIAL-min.png\" class=\"attachment-full size-full wp-image-809\" alt=\"Plan Full MARKETING EMPRESARIAL\" srcset=\"https:\/\/queretaro10.com\/directorios\/wp-content\/uploads\/2024\/06\/qro10-4-2024-PLAN-FULL-EMPRESARIAL-min.png 750w, https:\/\/queretaro10.com\/directorios\/wp-content\/uploads\/2024\/06\/qro10-4-2024-PLAN-FULL-EMPRESARIAL-min-300x300.png 300w, https:\/\/queretaro10.com\/directorios\/wp-content\/uploads\/2024\/06\/qro10-4-2024-PLAN-FULL-EMPRESARIAL-min-150x150.png 150w\" sizes=\"(max-width: 750px) 100vw, 750px\" \/>\t\t\t\t\t\t\t\t<\/a>\n\t\t\t\t\t\t\t\t\t\t\t\t\t\t\t<\/div>\n\t\t\t\t<\/div>\n\t\t\t\t<\/div>\n\t\t<div class=\"elementor-element elementor-element-dceff6d e-con-full e-flex e-con e-child\" data-id=\"dceff6d\" data-element_type=\"container\">\n\t\t\t\t<div class=\"elementor-element elementor-element-56fae92 elementor-widget elementor-widget-image\" data-id=\"56fae92\" data-element_type=\"widget\" data-widget_type=\"image.default\">\n\t\t\t\t<div class=\"elementor-widget-container\">\n\t\t\t\t\t\t\t\t\t\t\t\t\t\t\t\t<a href=\"https:\/\/queretaro10.com\/qro\/marketing\/\">\n\t\t\t\t\t\t\t<img loading=\"lazy\" decoding=\"async\" width=\"750\" height=\"750\" src=\"https:\/\/queretaro10.com\/directorios\/wp-content\/uploads\/2024\/06\/qro10-Plan-MK-Digital-PyMe-Local-cuadro-4-min.png\" class=\"attachment-full size-full wp-image-810\" alt=\"PLAN FULL MARKETING DIGITAL PyMe Local\" srcset=\"https:\/\/queretaro10.com\/directorios\/wp-content\/uploads\/2024\/06\/qro10-Plan-MK-Digital-PyMe-Local-cuadro-4-min.png 750w, https:\/\/queretaro10.com\/directorios\/wp-content\/uploads\/2024\/06\/qro10-Plan-MK-Digital-PyMe-Local-cuadro-4-min-300x300.png 300w, https:\/\/queretaro10.com\/directorios\/wp-content\/uploads\/2024\/06\/qro10-Plan-MK-Digital-PyMe-Local-cuadro-4-min-150x150.png 150w\" sizes=\"(max-width: 750px) 100vw, 750px\" \/>\t\t\t\t\t\t\t\t<\/a>\n\t\t\t\t\t\t\t\t\t\t\t\t\t\t\t<\/div>\n\t\t\t\t<\/div>\n\t\t\t\t<\/div>\n\t\t<div class=\"elementor-element elementor-element-f40f6af e-con-full e-flex e-con e-child\" data-id=\"f40f6af\" data-element_type=\"container\">\n\t\t\t\t<div class=\"elementor-element elementor-element-2b42831 elementor-widget elementor-widget-image\" data-id=\"2b42831\" data-element_type=\"widget\" data-widget_type=\"image.default\">\n\t\t\t\t<div class=\"elementor-widget-container\">\n\t\t\t\t\t\t\t\t\t\t\t\t\t\t\t\t<a href=\"https:\/\/mkdigital10.com\/sem\/redes-sociales\/\">\n\t\t\t\t\t\t\t<img loading=\"lazy\" decoding=\"async\" width=\"750\" height=\"750\" src=\"https:\/\/queretaro10.com\/directorios\/wp-content\/uploads\/2025\/03\/qro10-Plan-Redes-Sociales.png\" class=\"attachment-full size-full wp-image-1199\" alt=\"Plan Redes Sociales\" srcset=\"https:\/\/queretaro10.com\/directorios\/wp-content\/uploads\/2025\/03\/qro10-Plan-Redes-Sociales.png 750w, https:\/\/queretaro10.com\/directorios\/wp-content\/uploads\/2025\/03\/qro10-Plan-Redes-Sociales-300x300.png 300w, https:\/\/queretaro10.com\/directorios\/wp-content\/uploads\/2025\/03\/qro10-Plan-Redes-Sociales-150x150.png 150w\" sizes=\"(max-width: 750px) 100vw, 750px\" \/>\t\t\t\t\t\t\t\t<\/a>\n\t\t\t\t\t\t\t\t\t\t\t\t\t\t\t<\/div>\n\t\t\t\t<\/div>\n\t\t\t\t<\/div>\n\t\t<div class=\"elementor-element elementor-element-6e1c276 e-con-full e-flex e-con e-child\" data-id=\"6e1c276\" data-element_type=\"container\">\n\t\t\t\t<div class=\"elementor-element elementor-element-a39543c elementor-widget elementor-widget-image\" data-id=\"a39543c\" data-element_type=\"widget\" data-widget_type=\"image.default\">\n\t\t\t\t<div class=\"elementor-widget-container\">\n\t\t\t\t\t\t\t\t\t\t\t\t\t\t\t\t<a href=\"https:\/\/mkdigital10.com\/paginas-web\/\">\n\t\t\t\t\t\t\t<img loading=\"lazy\" decoding=\"async\" width=\"750\" height=\"750\" src=\"https:\/\/queretaro10.com\/directorios\/wp-content\/uploads\/2025\/03\/qro10-Plan-Paginas-Web-PyMe-Empresarial.png\" class=\"attachment-full size-full wp-image-1200\" alt=\"Plan P\u00e1ginas Web PyMe Empresarial\" srcset=\"https:\/\/queretaro10.com\/directorios\/wp-content\/uploads\/2025\/03\/qro10-Plan-Paginas-Web-PyMe-Empresarial.png 750w, https:\/\/queretaro10.com\/directorios\/wp-content\/uploads\/2025\/03\/qro10-Plan-Paginas-Web-PyMe-Empresarial-300x300.png 300w, https:\/\/queretaro10.com\/directorios\/wp-content\/uploads\/2025\/03\/qro10-Plan-Paginas-Web-PyMe-Empresarial-150x150.png 150w\" sizes=\"(max-width: 750px) 100vw, 750px\" \/>\t\t\t\t\t\t\t\t<\/a>\n\t\t\t\t\t\t\t\t\t\t\t\t\t\t\t<\/div>\n\t\t\t\t<\/div>\n\t\t\t\t<\/div>\n\t\t\t\t\t<\/div>\n\t\t\t\t<\/div>\n\t\t\t\t<\/div>\n\t\t","protected":false},"excerpt":{"rendered":"<p>Energ\u00eda Solar en Quer\u00e9taro Una recopilaci\u00f3n de los mejores empresas de Energ\u00eda Solar del Estado de Quer\u00e9taro, los cuales fueron [&hellip;]<\/p>\n","protected":false},"author":1,"featured_media":83,"parent":0,"menu_order":0,"comment_status":"closed","ping_status":"closed","template":"elementor_header_footer","meta":{"site-sidebar-layout":"default","site-content-layout":"","ast-site-content-layout":"default","site-content-style":"default","site-sidebar-style":"default","ast-global-header-display":"","ast-banner-title-visibility":"","ast-main-header-display":"","ast-hfb-above-header-display":"","ast-hfb-below-header-display":"","ast-hfb-mobile-header-display":"","site-post-title":"","ast-breadcrumbs-content":"","ast-featured-img":"","footer-sml-layout":"","theme-transparent-header-meta":"default","adv-header-id-meta":"","stick-header-meta":"","header-above-stick-meta":"","header-main-stick-meta":"","header-below-stick-meta":"","astra-migrate-meta-layouts":"set","ast-page-background-enabled":"default","ast-page-background-meta":{"desktop":{"background-color":"var(--ast-global-color-4)","background-image":"","background-repeat":"repeat","background-position":"center center","background-size":"auto","background-attachment":"scroll","background-type":"","background-media":"","overlay-type":"","overlay-color":"","overlay-opacity":"","overlay-gradient":""},"tablet":{"background-color":"","background-image":"","background-repeat":"repeat","background-position":"center center","background-size":"auto","background-attachment":"scroll","background-type":"","background-media":"","overlay-type":"","overlay-color":"","overlay-opacity":"","overlay-gradient":""},"mobile":{"background-color":"","background-image":"","background-repeat":"repeat","background-position":"center center","background-size":"auto","background-attachment":"scroll","background-type":"","background-media":"","overlay-type":"","overlay-color":"","overlay-opacity":"","overlay-gradient":""}},"ast-content-background-meta":{"desktop":{"background-color":"var(--ast-global-color-5)","background-image":"","background-repeat":"repeat","background-position":"center center","background-size":"auto","background-attachment":"scroll","background-type":"","background-media":"","overlay-type":"","overlay-color":"","overlay-opacity":"","overlay-gradient":""},"tablet":{"background-color":"var(--ast-global-color-5)","background-image":"","background-repeat":"repeat","background-position":"center center","background-size":"auto","background-attachment":"scroll","background-type":"","background-media":"","overlay-type":"","overlay-color":"","overlay-opacity":"","overlay-gradient":""},"mobile":{"background-color":"var(--ast-global-color-5)","background-image":"","background-repeat":"repeat","background-position":"center center","background-size":"auto","background-attachment":"scroll","background-type":"","background-media":"","overlay-type":"","overlay-color":"","overlay-opacity":"","overlay-gradient":""}},"footnotes":""},"class_list":["post-89","page","type-page","status-publish","has-post-thumbnail","hentry"],"aioseo_notices":[],"_links":{"self":[{"href":"https:\/\/queretaro10.com\/directorios\/wp-json\/wp\/v2\/pages\/89","targetHints":{"allow":["GET"]}}],"collection":[{"href":"https:\/\/queretaro10.com\/directorios\/wp-json\/wp\/v2\/pages"}],"about":[{"href":"https:\/\/queretaro10.com\/directorios\/wp-json\/wp\/v2\/types\/page"}],"author":[{"embeddable":true,"href":"https:\/\/queretaro10.com\/directorios\/wp-json\/wp\/v2\/users\/1"}],"replies":[{"embeddable":true,"href":"https:\/\/queretaro10.com\/directorios\/wp-json\/wp\/v2\/comments?post=89"}],"version-history":[{"count":16,"href":"https:\/\/queretaro10.com\/directorios\/wp-json\/wp\/v2\/pages\/89\/revisions"}],"predecessor-version":[{"id":1320,"href":"https:\/\/queretaro10.com\/directorios\/wp-json\/wp\/v2\/pages\/89\/revisions\/1320"}],"wp:featuredmedia":[{"embeddable":true,"href":"https:\/\/queretaro10.com\/directorios\/wp-json\/wp\/v2\/media\/83"}],"wp:attachment":[{"href":"https:\/\/queretaro10.com\/directorios\/wp-json\/wp\/v2\/media?parent=89"}],"curies":[{"name":"wp","href":"https:\/\/api.w.org\/{rel}","templated":true}]}}