{"id":95,"date":"2022-11-13T05:11:22","date_gmt":"2022-11-13T05:11:22","guid":{"rendered":"https:\/\/queretaro10.com\/directorios\/?page_id=27284"},"modified":"2025-03-31T21:53:47","modified_gmt":"2025-03-31T21:53:47","slug":"fincas","status":"publish","type":"page","link":"https:\/\/queretaro10.com\/directorios\/fincas\/","title":{"rendered":"Fincas en Quer\u00e9taro"},"content":{"rendered":"\t\t<div data-elementor-type=\"wp-page\" data-elementor-id=\"95\" class=\"elementor elementor-95\">\n\t\t\t\t<div class=\"elementor-element elementor-element-5c7ddf3 e-flex e-con-boxed e-con e-parent\" data-id=\"5c7ddf3\" data-element_type=\"container\">\n\t\t\t\t\t<div class=\"e-con-inner\">\n\t\t\t\t<div class=\"elementor-element elementor-element-9db84b6 elementor-widget elementor-widget-heading\" data-id=\"9db84b6\" data-element_type=\"widget\" data-widget_type=\"heading.default\">\n\t\t\t\t<div class=\"elementor-widget-container\">\n\t\t\t\t\t<h1 class=\"elementor-heading-title elementor-size-default\">Fincas en Quer\u00e9taro<\/h1>\t\t\t\t<\/div>\n\t\t\t\t<\/div>\n\t\t\t\t<div class=\"elementor-element elementor-element-7929db7 elementor-widget elementor-widget-text-editor\" data-id=\"7929db7\" data-element_type=\"widget\" data-widget_type=\"text-editor.default\">\n\t\t\t\t<div class=\"elementor-widget-container\">\n\t\t\t\t\t\t\t\t\t<p>El servicio de Fincas siempre es necesario, los ciudadanos por lo menos una vez al a\u00f1o utilizan los servicios de arreglos florales para ocasiones especiales o motivos que permiten obsequiar un agradable detalle para nuestras personas queridas. A continuaci\u00f3n, seleccionamos algunos negocios que disponen de los mejores servicios de Florer\u00eda en Quer\u00e9taro.<\/p>\t\t\t\t\t\t\t\t<\/div>\n\t\t\t\t<\/div>\n\t\t\t\t\t<\/div>\n\t\t\t\t<\/div>\n\t\t<div class=\"elementor-element elementor-element-2c69905 e-flex e-con-boxed e-con e-parent\" data-id=\"2c69905\" data-element_type=\"container\">\n\t\t\t\t\t<div class=\"e-con-inner\">\n\t\t\t\t<div class=\"elementor-element elementor-element-f1065d4 elementor-widget elementor-widget-heading\" data-id=\"f1065d4\" data-element_type=\"widget\" data-widget_type=\"heading.default\">\n\t\t\t\t<div class=\"elementor-widget-container\">\n\t\t\t\t\t<h2 class=\"elementor-heading-title elementor-size-default\">Directorio de Fincas en Quer\u00e9taro<\/h2>\t\t\t\t<\/div>\n\t\t\t\t<\/div>\n\t\t\t\t<div class=\"elementor-element elementor-element-fa14624 elementor-widget elementor-widget-text-editor\" data-id=\"fa14624\" data-element_type=\"widget\" data-widget_type=\"text-editor.default\">\n\t\t\t\t<div class=\"elementor-widget-container\">\n\t\t\t\t\t\t\t\t\t<p>Una recopilaci\u00f3n de los mejores servicios de fincas del Estado de Quer\u00e9taro, los cuales fueron indexados en medios digitales como buenos contactos, si desea actualizar alg\u00fan dato o agregar un Servicio en Quer\u00e9taro con gusto lo realizamos.<\/p>\t\t\t\t\t\t\t\t<\/div>\n\t\t\t\t<\/div>\n\t\t\t\t\t<\/div>\n\t\t\t\t<\/div>\n\t\t<div class=\"elementor-element elementor-element-ec216be e-flex e-con-boxed e-con e-parent\" data-id=\"ec216be\" data-element_type=\"container\">\n\t\t\t\t\t<div class=\"e-con-inner\">\n\t\t\t\t<div class=\"elementor-element elementor-element-c1bf099 elementor-widget elementor-widget-text-editor\" data-id=\"c1bf099\" data-element_type=\"widget\" data-widget_type=\"text-editor.default\">\n\t\t\t\t<div class=\"elementor-widget-container\">\n\t\t\t\t\t\t\t\t\t<hr \/><h3>Finca San Sebasti\u00e1n<\/h3><p>Servicio de Finca San Sebasti\u00e1n en Quer\u00e9taro.<br \/><strong>Direcciones:<\/strong> Unnamed Road, Paseos del Marques, 76245 Qro.<br \/><strong>Tel\u00e9fono:<\/strong> (442)648 2099.<br \/><strong>Sitio:<\/strong> https:\/\/finca-san-sebastian.negocio.site\/<br \/><strong>Rese\u00f1a:<\/strong> Productos y servicios que ofrece Finca San Sebasti\u00e1n,\u00a0Contamos con jard\u00edn, estacionamiento, terraza y servicios de montaje y decoraci\u00f3n. Amenidades:Alberca, \u00c1rea para ni\u00f1os, Areas verdes, Cocina, Ba\u00f1os, Estacionamiento. Tipos de evento \/ Celebraci\u00f3n: Cumplea\u00f1os adulto, Posadas Aniversario, Baby Shower, Boda, Graduaci\u00f3n Xv a\u00f1os, Primera comuni\u00f3n, Bautizo. Invitados 50 a 500.<br \/><a href=\"https:\/\/goo.gl\/maps\/XmECYMJeUPZ8ZGZq8\" target=\"_blank\" rel=\"noopener,nofollow noopener\">Link de Ubicaci\u00f3n en Mapa Google. Clic Mapa.<\/a><\/p><hr \/><h3>Finca El Consuelo<\/h3><p>Servicio de Finca El Consuelo en Quer\u00e9taro.<br \/><strong>Direcciones:<\/strong> Carretera 200, KM. 35.5 Tequisquiapan, Quer\u00e9taro<br \/><strong>Tel\u00e9fono:<\/strong> (442)285 4198.<br \/><strong>Sitio:<\/strong> https:\/\/fincaelconsuelo.com\/<br \/><strong>E-mail:<\/strong> info@fincaelconsuelo.com<br \/><strong>Rese\u00f1a:<\/strong> Productos y servicios que ofrece Finca El Consuelo,\u00a0eventos sociales y experiencia \u00fanica a trav\u00e9s de jardines y el vi\u00f1edo.<br \/><a href=\"https:\/\/goo.gl\/maps\/iojgrQQ34XeLVA2V9\" target=\"_blank\" rel=\"noopener,nofollow noopener\">Link de Ubicaci\u00f3n en Mapa Google. Clic Mapa.<\/a><\/p><hr \/><h3>Finca los Agaves<\/h3><p>Servicio de Finca los Agaves en Quer\u00e9taro.<br \/><strong>Direcciones:<\/strong> Blvd. Dolores del R\u00edo 608, La Joya, 76180 Santiago de Quer\u00e9taro, Qro.<br \/><strong>Tel\u00e9fono:<\/strong>(442)476 0413.<br \/><strong>Sitio:<\/strong> https:\/\/www.facebook.com\/Fincaqro\/<br \/><strong>E-mail:<\/strong> karlep115@gmail.com<br \/><strong>Rese\u00f1a:<\/strong> Productos y servicios que ofrece Finca los Agaves,\u00a0Jardin &#8211; Campestre, Arreglo del sal\u00f3n a tu gusto, Banquete, Men\u00fa &#8211; $1,500, Bocadillos de entrada, Bebidas de bienvenida, Invitados sentados &#8211; 450, Espacio para ceremonia civil, Banquete al aire libre, C\u00f3ctel al aire libre, Uso exclusivo, s\u00f3lo un evento al d\u00eda, Banquete propio, La pareja puede traer su pastel de boda, S\u00ed, el mobiliario est\u00e1 inclu\u00eddo al alquilar el espacio, M\u00fasica (Mariachi, Banda, DJ M\u00fasica en vivo), DJ si, pero tienen exclusividad con un fot\u00f3grafo, Ofrecen el servicio de log\u00edstica integral de todo tu evento.<br \/><a href=\"https:\/\/goo.gl\/maps\/ro3D9FC6szTasCwb6\" target=\"_blank\" rel=\"noopener,nofollow noopener\">Link de Ubicaci\u00f3n en Mapa Google. Clic Mapa.<\/a><\/p><hr \/><h3>Finca San Martin<\/h3><p>Servicio de Finca San Martin en Quer\u00e9taro.<br \/><strong>Direcciones:<\/strong> Miguel Hidalgo 45, Santa Cruz Nieto, 76834 San Juan del R\u00edo, Qro.<br \/><strong>Tel\u00e9fono:<\/strong>(442)542 8454.<br \/><strong>Sitio:<\/strong> https:\/\/www.facebook.com\/fincasanmartinoficial\/<br \/><strong>E-mail:<\/strong> banquetes.sonido@gmail.com<br \/><strong>Rese\u00f1a:<\/strong> Productos y servicios que ofrece Finca San Martin,\u00a0Banquetes por tiempos, Parrilladas, Carnitas y barbacoa, Luz y sonido profesional, Meseros, Loza, cristaleria, Mobiliario, Faldon con mo\u00f1o, Paquete de liquidos, Jardin colgante, Telar en techo, Personal de cocina, Organizacion del evento, Souvenirs, Mesa de dulces y postres (opcional), Pastel (opcional), Pista (opcional).<br \/><a href=\"https:\/\/g.page\/fincasanmartinoficial?share\" target=\"_blank\" rel=\"noopener,nofollow noopener\">Link de Ubicaci\u00f3n en Mapa Google. Clic Mapa.<\/a><\/p><hr \/><h3>Finca Cardoluci<\/h3><p>Servicio de Finca Cardoluci en Quer\u00e9taro.<br \/><strong>Direcciones:<\/strong> Domicilio conocido km14.8 carretera San gil-Amealco, 76827 Puerto de Alegr\u00edas, Qro.<br \/><strong>Tel\u00e9fono:<\/strong> (442)191 4757.<br \/><strong>Sitio:<\/strong> airbnb.com\/h\/fincacardoluci<br \/><strong>Rese\u00f1a:<\/strong> Productos y servicios que ofrece Finca Cardoluci,\u00a0Ba\u00f1o: Shampoo, Jab\u00f3n corporal, Agua caliente. Habitaci\u00f3n y lavander\u00eda: Lavadora, Elementos b\u00e1sicos, Toallas, s\u00e1banas, jab\u00f3n y papel higi\u00e9nico, Ganchos, Almohadas y mantas adicionales, Persianas o cortinas opacas, Plancha. Entretenimiento: Televisi\u00f3n HD con pantalla de 81&#8243; y Video de Amazon Prime, Disney+, Netflix, Roku. Para familias: Seguros para ventanas. Seguridad en el hogar: C\u00e1maras de seguridad en la propiedad, Se ubican 8 c\u00e1maras en todos los alrededores de la casa, al interior no se cuenta con ninguna c\u00e1mara, Botiqu\u00edn. Internet y oficina: Wifi, Wifi m\u00f3vil. Cocina y comida: Cocina disponible para el uso de los hu\u00e9spedes, Refrigerador, Microondas, Art\u00edculos b\u00e1sicos de cocina, Ollas y sartenes, aceite, sal y pimienta, Platos y cubiertos, Platos hondos, palillos chinos, platos, tazas, etc. Congelador, Estufa, Cafetera, Utensilios para hacer parrillada, Parrilla, carb\u00f3n, palillos de bamb\u00fa\/hierro, etc. Caracter\u00edsticas de la ubicaci\u00f3n: Entrada privada, Entrada por otra calle o edificio. Exteriores: Uso privado &#8211; patio o balc\u00f3n, Jard\u00edn privado, Con valla en todo el per\u00edmetro, Un espacio abierto en la propiedad generalmente cubierto de pasto, Barbacoa. Estacionamiento e instalaciones: Estacionamiento gratuito en las instalaciones, Estacionamiento gratuito en la calle, Alberca Uso privado, Jacuzzi privado, Alojamiento de un solo piso, Alojamiento sin escaleras. Servicios: Se admiten mascotas, Los animales de asistencia siempre est\u00e1n permitidos, Se permite dejar el equipaje, Opci\u00f3n de llegar pronto o salir tarde para la comodidad de los hu\u00e9spedes, Apto para fumadores, Disponible para estancias largas, Permite estancias de 28 d\u00edas o m\u00e1s, Recepci\u00f3n por parte del anfitri\u00f3n, Limpieza antes de la salida.<br \/><a href=\"https:\/\/goo.gl\/maps\/FWLbKtnVwM35EU4v6\" target=\"_blank\" rel=\"noopener,nofollow noopener\">Link de Ubicaci\u00f3n en Mapa Google. Clic Mapa.<\/a><\/p><hr \/><h3>Finca Do\u00f1a Eva<\/h3><p>Servicio de Finca Do\u00f1a Eva en Quer\u00e9taro.<br \/><strong>2 Direcciones:<\/strong> Camino a La Palma Estacion, 76700 Epigmenio Gonzalez, Qro.<br \/><strong>Tel\u00e9fono:<\/strong> (442)395 8992.<br \/><strong>Sitio:<\/strong> https:\/\/fincadonaeva.com\/<br \/><strong>E-mail:<\/strong> contacto@fincadonaeva.com<br \/><strong>Rese\u00f1a:<\/strong> Productos y servicios que ofrece Finca Do\u00f1a Eva,\u00a0Alojamiento, Palapa con capacidad de 1 a 400 personas, Estacionamiento cerrado, Canchas de f\u00fatbol, Ba\u00f1os, \u00c1reas infantiles, Caballerizas, Bodas &#8211; Graduaciones &#8211; Eventos Empresariales &#8211; XV A\u00f1os &#8211; Eventos Familiares &#8211; Eventos Sociales, Montaje &#8211; Renta de mobiliario para el dise\u00f1o personalizado de cada evento. Banquetes &#8211; Ofrecemos una experiencia culinaria \u00fanica para cada evento. Iluminaci\u00f3n &#8211; Colocamos los elementos necesarios para tu evento. Sonido, DJ &#8211; Tu evento, con la mejor m\u00fasica. Ofrecerte la renta de la terraza ideal para tu evento.<br \/><a href=\"https:\/\/goo.gl\/maps\/1F3gefBKseuvu44C8\" target=\"_blank\" rel=\"noopener,nofollow noopener\">Link de Ubicaci\u00f3n en Mapa Google. Clic Mapa.<\/a><\/p><hr \/><h3>Finca Delfina<\/h3><p>Servicio de Finca Delfina en Quer\u00e9taro.<br \/><strong>Direcciones:<\/strong> Av. De las flores Loma del chino Buenavista, 76225 Santiago de Quer\u00e9taro, Qro.<br \/><strong>Tel\u00e9fono:<\/strong> (442)824 8317.<br \/><strong>Sitio:<\/strong> https:\/\/fincadelfina.wixsite.com\/fincadelfina<br \/><strong>E-mail:<\/strong> info@fincadelfina.com<br \/><strong>Rese\u00f1a:<\/strong> Productos y servicios que ofrece Finca Delfina,\u00a0Sal\u00f3n para eventos, 2 cuartos para 6 hu\u00e9spedes en total, Cocina y refrigerador, 1 ba\u00f1o completo, 2 medios ba\u00f1os, Futbolito, mesa de ping pong, Estacionamiento amplio y gratuito, Wi-fi gratuito, Incre\u00edble vista, A 30 minutos de San Miguel de Allende.<br \/><a href=\"https:\/\/goo.gl\/maps\/QXHAKqmrxgaFUyju7\" target=\"_blank\" rel=\"noopener,nofollow noopener\">Link de Ubicaci\u00f3n en Mapa Google. Clic Mapa.<\/a><\/p><hr \/><h3>La Finca del Chacho<\/h3><p>Servicio de La Finca del Chacho en Quer\u00e9taro.<br \/><strong>Direcciones:<\/strong> Km 10.5 carretera a Huimilpan, El Marques, 76981 Santiago de Quer\u00e9taro, Qro.<br \/><strong>Tel\u00e9fono:<\/strong> (442)226 6850.<br \/><strong>Sitio:<\/strong> https:\/\/la-finca-del-chacho.negocio.site\/<br \/><strong>Rese\u00f1a:<\/strong> Productos y servicios que ofrece La Finca del Chacho,\u00a0Todos los servicios por acuerdo como Asesoramiento para eventos, Con M\u00fasica Viva, DJ, Fiestas Infantiles.<br \/><a href=\"https:\/\/goo.gl\/maps\/8VyY8mvW8nqBC6Kz9\" target=\"_blank\" rel=\"noopener,nofollow noopener\">Link de Ubicaci\u00f3n en Mapa Google. Clic Mapa.<\/a><\/p><hr \/>\t\t\t\t\t\t\t\t<\/div>\n\t\t\t\t<\/div>\n\t\t\t\t\t<\/div>\n\t\t\t\t<\/div>\n\t\t<div class=\"elementor-element elementor-element-57e0da0 e-flex e-con-boxed e-con e-parent\" data-id=\"57e0da0\" data-element_type=\"container\">\n\t\t\t\t\t<div class=\"e-con-inner\">\n\t\t\t\t<div class=\"elementor-element elementor-element-90656ea elementor-widget elementor-widget-heading\" data-id=\"90656ea\" data-element_type=\"widget\" data-widget_type=\"heading.default\">\n\t\t\t\t<div class=\"elementor-widget-container\">\n\t\t\t\t\t<h2 class=\"elementor-heading-title elementor-size-default\">Servicios de Fincas Mapa<\/h2>\t\t\t\t<\/div>\n\t\t\t\t<\/div>\n\t\t\t\t<div class=\"elementor-element elementor-element-346647e elementor-widget elementor-widget-text-editor\" data-id=\"346647e\" data-element_type=\"widget\" data-widget_type=\"text-editor.default\">\n\t\t\t\t<div class=\"elementor-widget-container\">\n\t\t\t\t\t\t\t\t\t<p>Los servicios especializados de fincas, Banquetes por tiempos, Parrilladas, Carnitas y barbacoa, Luz y sonido profesional, Meseros, Loza, cristaleria, Mobiliario, Faldon con mo\u00f1o, Paquete de liquidos, Jardin colgante, Telar en techo, Personal de cocina, Organizacion del evento, Souvenirs, Mesa de dulces y postres, Pastel, Pista, Bocadillos de entrada, Bebidas de bienvenida, Espacio para ceremonia civil, Banquete al aire libre, C\u00f3ctel al aire libre, Uso exclusivo, estacionamiento, \u00c1rea para ni\u00f1os, Areas verdes.<\/p>\t\t\t\t\t\t\t\t<\/div>\n\t\t\t\t<\/div>\n\t\t\t\t\t<\/div>\n\t\t\t\t<\/div>\n\t\t<div class=\"elementor-element elementor-element-47be559 e-flex e-con-boxed e-con e-parent\" data-id=\"47be559\" data-element_type=\"container\">\n\t\t\t\t\t<div class=\"e-con-inner\">\n\t\t\t\t<div class=\"elementor-element elementor-element-83c774f elementor-widget elementor-widget-text-editor\" data-id=\"83c774f\" data-element_type=\"widget\" data-widget_type=\"text-editor.default\">\n\t\t\t\t<div class=\"elementor-widget-container\">\n\t\t\t\t\t\t\t\t\t<iframe style=\"border: 0;\" src=\"https:\/\/www.google.com\/maps\/embed?pb=!1m16!1m12!1m3!1d100504.02266393519!2d-100.37666634771895!3d20.587931469592746!2m3!1f0!2f0!3f0!3m2!1i1024!2i768!4f13.1!2m1!1sFincas!5e0!3m2!1ses-419!2smx!4v1668387222952!5m2!1ses-419!2smx\" width=\"100%\" height=\"450\" frameborder=\"0\" allowfullscreen=\"allowfullscreen\"><\/iframe>\t\t\t\t\t\t\t\t<\/div>\n\t\t\t\t<\/div>\n\t\t\t\t\t<\/div>\n\t\t\t\t<\/div>\n\t\t<div class=\"elementor-element elementor-element-a370929 e-flex e-con-boxed e-con e-parent\" data-id=\"a370929\" data-element_type=\"container\">\n\t\t\t\t\t<div class=\"e-con-inner\">\n\t\t<div class=\"elementor-element elementor-element-f7f406e e-con-full e-flex e-con e-child\" data-id=\"f7f406e\" data-element_type=\"container\">\n\t\t\t\t<div class=\"elementor-element elementor-element-3e5416d elementor-widget elementor-widget-image\" data-id=\"3e5416d\" data-element_type=\"widget\" data-widget_type=\"image.default\">\n\t\t\t\t<div class=\"elementor-widget-container\">\n\t\t\t\t\t\t\t\t\t\t\t\t\t\t\t\t<a href=\"https:\/\/mkdigital10.com\/plan-full-empresarial\/\">\n\t\t\t\t\t\t\t<img fetchpriority=\"high\" decoding=\"async\" width=\"750\" height=\"750\" src=\"https:\/\/queretaro10.com\/directorios\/wp-content\/uploads\/2024\/06\/qro10-4-2024-PLAN-FULL-EMPRESARIAL-min.png\" class=\"attachment-full size-full wp-image-809\" alt=\"Plan Full MARKETING EMPRESARIAL\" srcset=\"https:\/\/queretaro10.com\/directorios\/wp-content\/uploads\/2024\/06\/qro10-4-2024-PLAN-FULL-EMPRESARIAL-min.png 750w, https:\/\/queretaro10.com\/directorios\/wp-content\/uploads\/2024\/06\/qro10-4-2024-PLAN-FULL-EMPRESARIAL-min-300x300.png 300w, https:\/\/queretaro10.com\/directorios\/wp-content\/uploads\/2024\/06\/qro10-4-2024-PLAN-FULL-EMPRESARIAL-min-150x150.png 150w\" sizes=\"(max-width: 750px) 100vw, 750px\" \/>\t\t\t\t\t\t\t\t<\/a>\n\t\t\t\t\t\t\t\t\t\t\t\t\t\t\t<\/div>\n\t\t\t\t<\/div>\n\t\t\t\t<\/div>\n\t\t<div class=\"elementor-element elementor-element-89a9588 e-con-full e-flex e-con e-child\" data-id=\"89a9588\" data-element_type=\"container\">\n\t\t\t\t<div class=\"elementor-element elementor-element-8ce7187 elementor-widget elementor-widget-image\" data-id=\"8ce7187\" data-element_type=\"widget\" data-widget_type=\"image.default\">\n\t\t\t\t<div class=\"elementor-widget-container\">\n\t\t\t\t\t\t\t\t\t\t\t\t\t\t\t\t<a href=\"https:\/\/queretaro10.com\/qro\/marketing\/\">\n\t\t\t\t\t\t\t<img decoding=\"async\" width=\"750\" height=\"750\" src=\"https:\/\/queretaro10.com\/directorios\/wp-content\/uploads\/2024\/06\/qro10-Plan-MK-Digital-PyMe-Local-cuadro-4-min.png\" class=\"attachment-full size-full wp-image-810\" alt=\"PLAN FULL MARKETING DIGITAL PyMe Local\" srcset=\"https:\/\/queretaro10.com\/directorios\/wp-content\/uploads\/2024\/06\/qro10-Plan-MK-Digital-PyMe-Local-cuadro-4-min.png 750w, https:\/\/queretaro10.com\/directorios\/wp-content\/uploads\/2024\/06\/qro10-Plan-MK-Digital-PyMe-Local-cuadro-4-min-300x300.png 300w, https:\/\/queretaro10.com\/directorios\/wp-content\/uploads\/2024\/06\/qro10-Plan-MK-Digital-PyMe-Local-cuadro-4-min-150x150.png 150w\" sizes=\"(max-width: 750px) 100vw, 750px\" \/>\t\t\t\t\t\t\t\t<\/a>\n\t\t\t\t\t\t\t\t\t\t\t\t\t\t\t<\/div>\n\t\t\t\t<\/div>\n\t\t\t\t<\/div>\n\t\t<div class=\"elementor-element elementor-element-3633dc6 e-con-full e-flex e-con e-child\" data-id=\"3633dc6\" data-element_type=\"container\">\n\t\t\t\t<div class=\"elementor-element elementor-element-d300ecd elementor-widget elementor-widget-image\" data-id=\"d300ecd\" data-element_type=\"widget\" data-widget_type=\"image.default\">\n\t\t\t\t<div class=\"elementor-widget-container\">\n\t\t\t\t\t\t\t\t\t\t\t\t\t\t\t\t<a href=\"https:\/\/mkdigital10.com\/sem\/redes-sociales\/\">\n\t\t\t\t\t\t\t<img decoding=\"async\" width=\"750\" height=\"750\" src=\"https:\/\/queretaro10.com\/directorios\/wp-content\/uploads\/2025\/03\/qro10-Plan-Redes-Sociales.png\" class=\"attachment-full size-full wp-image-1199\" alt=\"Plan Redes Sociales\" srcset=\"https:\/\/queretaro10.com\/directorios\/wp-content\/uploads\/2025\/03\/qro10-Plan-Redes-Sociales.png 750w, https:\/\/queretaro10.com\/directorios\/wp-content\/uploads\/2025\/03\/qro10-Plan-Redes-Sociales-300x300.png 300w, https:\/\/queretaro10.com\/directorios\/wp-content\/uploads\/2025\/03\/qro10-Plan-Redes-Sociales-150x150.png 150w\" sizes=\"(max-width: 750px) 100vw, 750px\" \/>\t\t\t\t\t\t\t\t<\/a>\n\t\t\t\t\t\t\t\t\t\t\t\t\t\t\t<\/div>\n\t\t\t\t<\/div>\n\t\t\t\t<\/div>\n\t\t<div class=\"elementor-element elementor-element-fa7db23 e-con-full e-flex e-con e-child\" data-id=\"fa7db23\" data-element_type=\"container\">\n\t\t\t\t<div class=\"elementor-element elementor-element-5cfd62e elementor-widget elementor-widget-image\" data-id=\"5cfd62e\" data-element_type=\"widget\" data-widget_type=\"image.default\">\n\t\t\t\t<div class=\"elementor-widget-container\">\n\t\t\t\t\t\t\t\t\t\t\t\t\t\t\t\t<a href=\"https:\/\/mkdigital10.com\/paginas-web\/\">\n\t\t\t\t\t\t\t<img loading=\"lazy\" decoding=\"async\" width=\"750\" height=\"750\" src=\"https:\/\/queretaro10.com\/directorios\/wp-content\/uploads\/2025\/03\/qro10-Plan-Paginas-Web-PyMe-Empresarial.png\" class=\"attachment-full size-full wp-image-1200\" alt=\"Plan P\u00e1ginas Web PyMe Empresarial\" srcset=\"https:\/\/queretaro10.com\/directorios\/wp-content\/uploads\/2025\/03\/qro10-Plan-Paginas-Web-PyMe-Empresarial.png 750w, https:\/\/queretaro10.com\/directorios\/wp-content\/uploads\/2025\/03\/qro10-Plan-Paginas-Web-PyMe-Empresarial-300x300.png 300w, https:\/\/queretaro10.com\/directorios\/wp-content\/uploads\/2025\/03\/qro10-Plan-Paginas-Web-PyMe-Empresarial-150x150.png 150w\" sizes=\"(max-width: 750px) 100vw, 750px\" \/>\t\t\t\t\t\t\t\t<\/a>\n\t\t\t\t\t\t\t\t\t\t\t\t\t\t\t<\/div>\n\t\t\t\t<\/div>\n\t\t\t\t<\/div>\n\t\t\t\t\t<\/div>\n\t\t\t\t<\/div>\n\t\t\t\t<\/div>\n\t\t","protected":false},"excerpt":{"rendered":"<p>Fincas en Quer\u00e9taro El servicio de Fincas siempre es necesario, los ciudadanos por lo menos una vez al a\u00f1o utilizan [&hellip;]<\/p>\n","protected":false},"author":1,"featured_media":96,"parent":0,"menu_order":0,"comment_status":"closed","ping_status":"closed","template":"elementor_header_footer","meta":{"site-sidebar-layout":"default","site-content-layout":"","ast-site-content-layout":"default","site-content-style":"default","site-sidebar-style":"default","ast-global-header-display":"","ast-banner-title-visibility":"","ast-main-header-display":"","ast-hfb-above-header-display":"","ast-hfb-below-header-display":"","ast-hfb-mobile-header-display":"","site-post-title":"","ast-breadcrumbs-content":"","ast-featured-img":"","footer-sml-layout":"","theme-transparent-header-meta":"default","adv-header-id-meta":"","stick-header-meta":"","header-above-stick-meta":"","header-main-stick-meta":"","header-below-stick-meta":"","astra-migrate-meta-layouts":"set","ast-page-background-enabled":"default","ast-page-background-meta":{"desktop":{"background-color":"var(--ast-global-color-4)","background-image":"","background-repeat":"repeat","background-position":"center center","background-size":"auto","background-attachment":"scroll","background-type":"","background-media":"","overlay-type":"","overlay-color":"","overlay-opacity":"","overlay-gradient":""},"tablet":{"background-color":"","background-image":"","background-repeat":"repeat","background-position":"center center","background-size":"auto","background-attachment":"scroll","background-type":"","background-media":"","overlay-type":"","overlay-color":"","overlay-opacity":"","overlay-gradient":""},"mobile":{"background-color":"","background-image":"","background-repeat":"repeat","background-position":"center center","background-size":"auto","background-attachment":"scroll","background-type":"","background-media":"","overlay-type":"","overlay-color":"","overlay-opacity":"","overlay-gradient":""}},"ast-content-background-meta":{"desktop":{"background-color":"var(--ast-global-color-5)","background-image":"","background-repeat":"repeat","background-position":"center center","background-size":"auto","background-attachment":"scroll","background-type":"","background-media":"","overlay-type":"","overlay-color":"","overlay-opacity":"","overlay-gradient":""},"tablet":{"background-color":"var(--ast-global-color-5)","background-image":"","background-repeat":"repeat","background-position":"center center","background-size":"auto","background-attachment":"scroll","background-type":"","background-media":"","overlay-type":"","overlay-color":"","overlay-opacity":"","overlay-gradient":""},"mobile":{"background-color":"var(--ast-global-color-5)","background-image":"","background-repeat":"repeat","background-position":"center center","background-size":"auto","background-attachment":"scroll","background-type":"","background-media":"","overlay-type":"","overlay-color":"","overlay-opacity":"","overlay-gradient":""}},"footnotes":""},"class_list":["post-95","page","type-page","status-publish","has-post-thumbnail","hentry"],"aioseo_notices":[],"_links":{"self":[{"href":"https:\/\/queretaro10.com\/directorios\/wp-json\/wp\/v2\/pages\/95","targetHints":{"allow":["GET"]}}],"collection":[{"href":"https:\/\/queretaro10.com\/directorios\/wp-json\/wp\/v2\/pages"}],"about":[{"href":"https:\/\/queretaro10.com\/directorios\/wp-json\/wp\/v2\/types\/page"}],"author":[{"embeddable":true,"href":"https:\/\/queretaro10.com\/directorios\/wp-json\/wp\/v2\/users\/1"}],"replies":[{"embeddable":true,"href":"https:\/\/queretaro10.com\/directorios\/wp-json\/wp\/v2\/comments?post=95"}],"version-history":[{"count":10,"href":"https:\/\/queretaro10.com\/directorios\/wp-json\/wp\/v2\/pages\/95\/revisions"}],"predecessor-version":[{"id":1371,"href":"https:\/\/queretaro10.com\/directorios\/wp-json\/wp\/v2\/pages\/95\/revisions\/1371"}],"wp:featuredmedia":[{"embeddable":true,"href":"https:\/\/queretaro10.com\/directorios\/wp-json\/wp\/v2\/media\/96"}],"wp:attachment":[{"href":"https:\/\/queretaro10.com\/directorios\/wp-json\/wp\/v2\/media?parent=95"}],"curies":[{"name":"wp","href":"https:\/\/api.w.org\/{rel}","templated":true}]}}