{"id":97,"date":"2022-12-21T06:40:33","date_gmt":"2022-12-21T06:40:33","guid":{"rendered":"https:\/\/queretaro10.com\/directorios\/?page_id=27489"},"modified":"2025-03-31T21:55:32","modified_gmt":"2025-03-31T21:55:32","slug":"fletes","status":"publish","type":"page","link":"https:\/\/queretaro10.com\/directorios\/fletes\/","title":{"rendered":"Fletes en Quer\u00e9taro"},"content":{"rendered":"\t\t<div data-elementor-type=\"wp-page\" data-elementor-id=\"97\" class=\"elementor elementor-97\">\n\t\t\t\t<div class=\"elementor-element elementor-element-d57108d e-flex e-con-boxed e-con e-parent\" data-id=\"d57108d\" data-element_type=\"container\">\n\t\t\t\t\t<div class=\"e-con-inner\">\n\t\t\t\t<div class=\"elementor-element elementor-element-e412a25 elementor-widget elementor-widget-heading\" data-id=\"e412a25\" data-element_type=\"widget\" data-widget_type=\"heading.default\">\n\t\t\t\t<div class=\"elementor-widget-container\">\n\t\t\t\t\t<h1 class=\"elementor-heading-title elementor-size-default\">Fletes en Quer\u00e9taro<\/h1>\t\t\t\t<\/div>\n\t\t\t\t<\/div>\n\t\t\t\t<div class=\"elementor-element elementor-element-9958ed5 elementor-widget elementor-widget-text-editor\" data-id=\"9958ed5\" data-element_type=\"widget\" data-widget_type=\"text-editor.default\">\n\t\t\t\t<div class=\"elementor-widget-container\">\n\t\t\t\t\t\t\t\t\t<p>El servicio de Fletes siempre es necesario, los ciudadanos por lo menos una vez al a\u00f1o utilizan los servicios de fletes para trasladar objetos como muebles, cajas, paquetes o materias primas particularmente de un punto a otro. A continuaci\u00f3n, seleccionamos algunos negocios que disponen de los mejores servicios de Fletes en Quer\u00e9taro.<\/p>\t\t\t\t\t\t\t\t<\/div>\n\t\t\t\t<\/div>\n\t\t\t\t\t<\/div>\n\t\t\t\t<\/div>\n\t\t<div class=\"elementor-element elementor-element-685e61d e-flex e-con-boxed e-con e-parent\" data-id=\"685e61d\" data-element_type=\"container\">\n\t\t\t\t\t<div class=\"e-con-inner\">\n\t\t\t\t<div class=\"elementor-element elementor-element-6be5b4e elementor-widget elementor-widget-image\" data-id=\"6be5b4e\" data-element_type=\"widget\" data-widget_type=\"image.default\">\n\t\t\t\t<div class=\"elementor-widget-container\">\n\t\t\t\t\t\t\t\t\t\t\t\t\t\t\t\t<a href=\"https:\/\/queretaro10.com\/qro\/renta-de-flotillas\/\">\n\t\t\t\t\t\t\t<img fetchpriority=\"high\" decoding=\"async\" width=\"1110\" height=\"450\" src=\"https:\/\/queretaro10.com\/directorios\/wp-content\/uploads\/2024\/07\/renta-de-flotillas-img-Portada-Qro10-LandingPage-1200\u00d7650px-min.png\" class=\"attachment-full size-full wp-image-899\" alt=\"Renta de Flotillas en Quer\u00e9taro\" srcset=\"https:\/\/queretaro10.com\/directorios\/wp-content\/uploads\/2024\/07\/renta-de-flotillas-img-Portada-Qro10-LandingPage-1200\u00d7650px-min.png 1110w, https:\/\/queretaro10.com\/directorios\/wp-content\/uploads\/2024\/07\/renta-de-flotillas-img-Portada-Qro10-LandingPage-1200\u00d7650px-min-300x122.png 300w, https:\/\/queretaro10.com\/directorios\/wp-content\/uploads\/2024\/07\/renta-de-flotillas-img-Portada-Qro10-LandingPage-1200\u00d7650px-min-1024x415.png 1024w, https:\/\/queretaro10.com\/directorios\/wp-content\/uploads\/2024\/07\/renta-de-flotillas-img-Portada-Qro10-LandingPage-1200\u00d7650px-min-768x311.png 768w\" sizes=\"(max-width: 1110px) 100vw, 1110px\" \/>\t\t\t\t\t\t\t\t<\/a>\n\t\t\t\t\t\t\t\t\t\t\t\t\t\t\t<\/div>\n\t\t\t\t<\/div>\n\t\t\t\t\t<\/div>\n\t\t\t\t<\/div>\n\t\t<div class=\"elementor-element elementor-element-5c4ebab e-flex e-con-boxed e-con e-parent\" data-id=\"5c4ebab\" data-element_type=\"container\">\n\t\t\t\t\t<div class=\"e-con-inner\">\n\t\t\t\t<div class=\"elementor-element elementor-element-4a99951 elementor-widget elementor-widget-heading\" data-id=\"4a99951\" data-element_type=\"widget\" data-widget_type=\"heading.default\">\n\t\t\t\t<div class=\"elementor-widget-container\">\n\t\t\t\t\t<h2 class=\"elementor-heading-title elementor-size-default\">Directorio de Fletes en Quer\u00e9taro<\/h2>\t\t\t\t<\/div>\n\t\t\t\t<\/div>\n\t\t\t\t<div class=\"elementor-element elementor-element-82173b2 elementor-widget elementor-widget-text-editor\" data-id=\"82173b2\" data-element_type=\"widget\" data-widget_type=\"text-editor.default\">\n\t\t\t\t<div class=\"elementor-widget-container\">\n\t\t\t\t\t\t\t\t\t<p>Una recopilaci\u00f3n de los mejores servicios de Fletes del Estado de Quer\u00e9taro, los cuales fueron indexados en medios digitales como buenos contactos, si desea actualizar alg\u00fan dato o agregar un Servicio en Quer\u00e9taro con gusto lo realizamos.<\/p>\t\t\t\t\t\t\t\t<\/div>\n\t\t\t\t<\/div>\n\t\t\t\t\t<\/div>\n\t\t\t\t<\/div>\n\t\t<div class=\"elementor-element elementor-element-f5fe731 e-flex e-con-boxed e-con e-parent\" data-id=\"f5fe731\" data-element_type=\"container\">\n\t\t\t\t\t<div class=\"e-con-inner\">\n\t\t\t\t<div class=\"elementor-element elementor-element-b2f8e37 elementor-widget elementor-widget-text-editor\" data-id=\"b2f8e37\" data-element_type=\"widget\" data-widget_type=\"text-editor.default\">\n\t\t\t\t<div class=\"elementor-widget-container\">\n\t\t\t\t\t\t\t\t\t<hr \/><h3>Pak2Go Logistics<\/h3><p>Servicio de Pak2Go Logistics en Quer\u00e9taro.<br \/><strong>Direcciones:<\/strong> Parque Tecnol\u00f3gico Innovaci\u00f3n, L53 Mod.1 Km. 2+200, Carr. Estatal 431, 76246 Quer\u00e9taro, Qro.<br \/><strong>Tel\u00e9fono:<\/strong> (442)221 5528, (800)276 9606, (811)365 5333.<br \/><strong>Sitio:<\/strong> https:\/\/www.pak2go.com\/<br \/><strong>E-mail:<\/strong> info@pak2go.com<br \/><strong>Rese\u00f1a:<\/strong> Productos y servicios que ofrece Pak2Go Logistics,\u00a0Servicios Nacionales &#8211; Transporte de Carga Pesada Local y Nacional, Log\u00edstica, Pick &amp; Pack, Almacenamiento, Asesores Log\u00edsticos. Servicios Internacionales &#8211; Transporte A\u00e9reo Internacional desde M\u00e9xico: Paqueter\u00eda Internacional, Transporte A\u00e9reo Expr\u00e9s, Env\u00edo A\u00e9reo con Prioridad, Flete \u00c1ereo Estand\u00e1r. Transporte Terrestre Internacional desde M\u00e9xico: Env\u00edos terrestre, Env\u00edos Terrestres Especiales, Transporte Terrestre de Equipos, Caja seca, Caja refrigerada Torton, Rab\u00f3n Plataformas. Flete Mar\u00edtimo Interncional: Env\u00edos FCL (Full Container Load), Env\u00edos LCL (Less Than Container Load), Env\u00edos en Barco Especiales. Comercio exterior &#8211; Gestor\u00eda de Despacho Aduanal, Comercializadora Para Importaci\u00f3n, Estudio de Viabilidad, Gestor\u00eda de Certificaciones \/ Regulaciones, Verificaciones en Origen, Operaciones Especiales.<br \/><a href=\"https:\/\/queretaro10.com\/qro\/renta-de-flotillas\/\" target=\"_blank\" rel=\"noopener,nofollow noopener\">Link de Ubicaci\u00f3n en Mapa Google. Clic Mapa.<\/a><\/p><hr \/><h3>Fletes y mudanzas a toda la rep\u00fablica<\/h3><p>Servicio de Fletes y mudanzas a toda la rep\u00fablica en Quer\u00e9taro.<br \/><strong>Direcciones:<\/strong> C. Veterinarios, El Marques, 76047 Santiago de Quer\u00e9taro, Qro.<br \/><strong>Tel\u00e9fono:<\/strong> (442)119 4572.<br \/><strong>WhatsApp:<\/strong> (442)376 0682, (442)119 4572.<br \/><strong>Sitio:<\/strong> https:\/\/www.facebook.com\/fletes.mudanzas.31508<br \/><strong>Rese\u00f1a:<\/strong> Productos y servicios que ofrece Fletes y mudanzas a toda la rep\u00fablica,\u00a0Servicio de emplayado, Empaque y embalaje, Contamos con colchonetas para proteger tus muebles, Camionetas estaquitas Nissan 1 ton, Camionetas de 3.5 ton, Camionetas de 5.0 ton, Camion cerrado tipo Torton 10 ton.<br \/><a href=\"https:\/\/queretaro10.com\/qro\/renta-de-flotillas\/\" target=\"_blank\" rel=\"noopener,nofollow noopener\">Link de Ubicaci\u00f3n en Mapa Google. Clic Mapa.<\/a><\/p><hr \/><h3>Fletes y Mudanzas A&amp;C<\/h3><p>Servicio de Fletes y Mudanzas A&amp;C en Quer\u00e9taro.<br \/><strong>2 Direcciones:<\/strong> 76116, La Loma, 76116 Santiago de Quer\u00e9taro, Qro.<br \/><strong>Tel\u00e9fono:<\/strong> (442)323 9402.<br \/><strong>Sitio:<\/strong> https:\/\/www.facebook.com\/Ulises.7210<br \/><strong>Rese\u00f1a:<\/strong> Productos y servicios que ofrece Fletes y Mudanzas A&amp;C, Servicio de fletes y mudanzas local y for\u00e1neo, Camioneta Nissan NP300 caja seca (cerrada): Capacidad de 1000 kilos, Ancho 1.65 mts, Largo 2.40 mts, Altura 1.65 mts. Cami\u00f3n Isuzu caja seca (cerrada): Capacidad de 3 toneladas, Ancho 2.20 mts, Largo 3.60 mts, Altura 2.00 mts, Rampa hidr\u00e1ulica.<br \/><a href=\"https:\/\/queretaro10.com\/qro\/renta-de-flotillas\/\" target=\"_blank\" rel=\"noopener,nofollow noopener\">Link de Ubicaci\u00f3n en Mapa Google. Clic Mapa.<\/a><\/p><hr \/><h3>Taxi Mixto en Quer\u00e9taro, Fletes y Mudanzas<\/h3><p>Servicio de Taxi Mixto en Quer\u00e9taro, Fletes y Mudanzas en Quer\u00e9taro.<br \/><strong>Direcciones:<\/strong> Av. Puerta Real 99, San Pablo, 76130 Santiago de Quer\u00e9taro, Qro.<br \/><strong>Tel\u00e9fono:<\/strong> (442)548 3018, (442)305 5923.<br \/><strong>Sitio:<\/strong> http:\/\/taxiscamioneta.com\/<br \/><strong>E-mail:<\/strong> camionetastaxis@gmail.com<br \/><strong>Rese\u00f1a:<\/strong> Productos y servicios que ofrece Taxi Mixto en Quer\u00e9taro, Fletes Express, Flete-Mudanza, Movimiento de Mercanc\u00eda con Personal, Contamos con una variedad de Camionetas para el transporte de tu mercanc\u00eda o pertenencias, Movimiento de Mercanc\u00eda, Maniobra, Facturaci\u00f3n de dicho servicio.<br \/><a href=\"https:\/\/queretaro10.com\/qro\/renta-de-flotillas\/\" target=\"_blank\" rel=\"noopener,nofollow noopener\">Link de Ubicaci\u00f3n en Mapa Google. Clic Mapa.<\/a><\/p><hr \/><h3>Fletes ligeros Quer\u00e9taro y Transportes Becerra<\/h3><p>Servicio de Fletes ligeros Quer\u00e9taro y Transportes Becerra en Quer\u00e9taro.<br \/><strong>Direcciones:<\/strong> Lili, Rinconada Campestre, 76903 Venceremos, Qro.<br \/><strong>Tel\u00e9fono:<\/strong>(442)154 7206.<br \/><strong>Sitio:<\/strong> https:\/\/fletesligerosqueretaro.business.site\/<br \/><strong>Rese\u00f1a:<\/strong> Productos y servicios que ofrece Fletes ligeros Quer\u00e9taro y Transportes Becerra,\u00a0Contamos con Camionetas de 1.5 y 3.5 toneladas, Plataformas de 2.5 y 6 metros, Caja seca fumigadas, Cajas secas de 2 y 8 pallets a piso, Seguro vehicular, gps, Factura electr\u00f3nica, Atendemos empresas, fletes cr\u00edticos.<br \/><a href=\"https:\/\/queretaro10.com\/qro\/renta-de-flotillas\/\" target=\"_blank\" rel=\"noopener,nofollow noopener\">Link de Ubicaci\u00f3n en Mapa Google. Clic Mapa.<\/a><\/p><hr \/><h3>Fletes y Mudanzas locales y for\u00e1neas<\/h3><p>Servicio de Fletes y Mudanzas locales y for\u00e1neas en Quer\u00e9taro.<br \/><strong>Direcciones:<\/strong> Av Candiles S\/N, San Jos\u00e9 de los Olvera, 76902 San Jos\u00e9 de los Olvera, Qro.<br \/><strong>Tel\u00e9fono:<\/strong>(442)740 4220, (442)414 9550.<br \/><strong>Sitio:<\/strong> https:\/\/fletes-y-mudanzas-locales-y-foraneas.negocio.site\/<br \/><strong>Rese\u00f1a:<\/strong> Productos y servicios que ofrece Fletes y Mudanzas locales y for\u00e1neas,\u00a0Contamos con diferentes tipos de unidades, Personal apto para realizar el servicio, Servicio de maniobras, Servicio de embalaje, Cotiza sin compromiso.<br \/><a href=\"https:\/\/queretaro10.com\/qro\/renta-de-flotillas\/\" target=\"_blank\" rel=\"noopener,nofollow noopener\">Link de Ubicaci\u00f3n en Mapa Google. Clic Mapa.<\/a><\/p><hr \/><h3>Intermudanza<\/h3><p>Servicio de Intermudanza en Quer\u00e9taro.<br \/><strong>Direcciones:<\/strong> Camino a Vanegas 89, Tejeda, Corregidora, Quer\u00e9taro Plaza Mezquites El Pueblito, 76900 Santiago de Quer\u00e9taro, Qro.<br \/><strong>Tel\u00e9fono:<\/strong> (442)245 5433, (554)980 3690.<br \/><strong>Sitio:<\/strong> https:\/\/intermudanza.com\/<br \/><strong>E-mail:<\/strong> intermudanza@gmail.com, trafico@intermudanza.com<br \/><strong>Rese\u00f1a:<\/strong> Productos y servicios que ofrece Intermudanza,\u00a0Mudanzas Locales, Mudanzas Compartidas, Mudanzas Exclusivas, Mudanzas locales incluyen: Unidades cerradas mudanceras, Personal capacitado, Roperos de Colgar para tu ropa delicada, Emplayado para tus art\u00edculos delicados. Servicios adicionales: Empaque de efectos delicados, Voladuras, Acarreos, Maniobras especiales y objetos pesados.<br \/><a href=\"https:\/\/queretaro10.com\/qro\/renta-de-flotillas\/\" target=\"_blank\" rel=\"noopener,nofollow noopener\">Link de Ubicaci\u00f3n en Mapa Google. Clic Mapa.<\/a><\/p><hr \/><h3>Fletes &amp; Mudanzas Qro<\/h3><p>Servicio de Fletes &amp; Mudanzas Qro en Quer\u00e9taro.<br \/><strong>Direcciones:<\/strong> Macizo de Tibesti 989 24, La Loma, 76116 Santiago de Quer\u00e9taro, Qro.<br \/><strong>Tel\u00e9fono:<\/strong> (442)495 0009.<br \/><strong>Sitio:<\/strong> https:\/\/xn--gestindemudanzas-9ub.com\/<br \/><strong>Rese\u00f1a:<\/strong> Productos y servicios que ofrece Fletes &amp; Mudanzas Qro,\u00a0Maniobras de carga dentro de edificios, Menaje de casa, Menajes corporativos, Maniobras de alto riesgo, Embalaje de muebles, Embalaje de cajas, Armado y desarmado de muebles.<br \/><a href=\"https:\/\/queretaro10.com\/qro\/renta-de-flotillas\/\" target=\"_blank\" rel=\"noopener,nofollow noopener\">Link de Ubicaci\u00f3n en Mapa Google. Clic Mapa.<\/a><\/p><hr \/><h3>Fletes y Mudanzas Maros<\/h3><p>Servicio de Fletes y Mudanzas Maros en Quer\u00e9taro.<br \/><strong>Direcciones:<\/strong> Calle Ignacio Ram\u00edrez 11, La Popular, 76150 Santiago de Quer\u00e9taro, Qro.<br \/><strong>Tel\u00e9fono:<\/strong> (442)177 4088.<br \/><strong>Sitio:<\/strong> https:\/\/taxi-mixto-fletes-y-mudanzas-maros.negocio.site\/<br \/><strong>Rese\u00f1a:<\/strong> Productos y servicios que ofrece Fletes y Mudanzas Maros,\u00a0Contamos con Fletes para toda la Rep\u00fablica, For\u00e1neos y Locales, Cotizaci\u00f3n sin compromiso, Facturaci\u00f3n Electr\u00f3nica.<br \/><a href=\"https:\/\/queretaro10.com\/qro\/renta-de-flotillas\/\" target=\"_blank\" rel=\"noopener,nofollow noopener\">Link de Ubicaci\u00f3n en Mapa Google. Clic Mapa.<\/a><\/p><hr \/><h3>Fletes y mudanzas Mor\u00e1n<\/h3><p>Servicio de Fletes y mudanzas Mor\u00e1n en Quer\u00e9taro.<br \/><strong>Direcciones:<\/strong> Art\u00edculo 27 5, Casa Blanca, 76030 Santiago de Quer\u00e9taro, Qro.<br \/><strong>Tel\u00e9fono:<\/strong> (442)569 3063, (442)249 4130.<br \/><strong>Sitio:<\/strong> https:\/\/www.fletesymudanzasmoran.com\/<br \/><strong>E-mail:<\/strong> saulm981406@gmail.com<br \/><strong>Rese\u00f1a:<\/strong> Productos y servicios que ofrece Fletes y mudanzas Mor\u00e1n,\u00a0Fletes, Mudanzas locales y for\u00e1neas, Mudanzas compartidas, Volado de muebles, Emplayado de muebles, Maniobras de carga y descarga, Maniobras de carga y descarga especializadas, Armado y desarmado de muebles para protecci\u00f3n durante el viaje.<br \/><a href=\"https:\/\/queretaro10.com\/qro\/renta-de-flotillas\/\" target=\"_blank\" rel=\"noopener,nofollow noopener\">Link de Ubicaci\u00f3n en Mapa Google. Clic Mapa.<\/a><\/p><hr \/>\t\t\t\t\t\t\t\t<\/div>\n\t\t\t\t<\/div>\n\t\t\t\t\t<\/div>\n\t\t\t\t<\/div>\n\t\t<div class=\"elementor-element elementor-element-488960f e-flex e-con-boxed e-con e-parent\" data-id=\"488960f\" data-element_type=\"container\">\n\t\t\t\t\t<div class=\"e-con-inner\">\n\t\t\t\t<div class=\"elementor-element elementor-element-f0ae4c7 elementor-widget elementor-widget-heading\" data-id=\"f0ae4c7\" data-element_type=\"widget\" data-widget_type=\"heading.default\">\n\t\t\t\t<div class=\"elementor-widget-container\">\n\t\t\t\t\t<h2 class=\"elementor-heading-title elementor-size-default\">Servicios de Fletes Mapa<\/h2>\t\t\t\t<\/div>\n\t\t\t\t<\/div>\n\t\t\t\t<div class=\"elementor-element elementor-element-4fe341e elementor-widget elementor-widget-text-editor\" data-id=\"4fe341e\" data-element_type=\"widget\" data-widget_type=\"text-editor.default\">\n\t\t\t\t<div class=\"elementor-widget-container\">\n\t\t\t\t\t\t\t\t\t<p>Los servicios especializados de fletes, Servicios Nacionales \u2013 Transporte de Carga Pesada Local y Nacional, Log\u00edstica, Pick &amp; Pack, Almacenamiento, Asesores Log\u00edsticos. Servicios Internacionales \u2013 Transporte A\u00e9reo Internacional desde M\u00e9xico: Paqueter\u00eda Internacional, Transporte A\u00e9reo Expr\u00e9s, Env\u00edo A\u00e9reo con Prioridad, Flete \u00c1ereo Estand\u00e1r. Transporte Terrestre Internacional desde M\u00e9xico: Env\u00edos terrestre, Env\u00edos Terrestres Especiales, Transporte Terrestre de Equipos, Caja seca, Caja refrigerada Torton, Rab\u00f3n Plataformas. Flete Mar\u00edtimo Interncional: Env\u00edos FCL (Full Container Load), Env\u00edos LCL (Less Than Container Load), Env\u00edos en Barco Especiales. Comercio exterior \u2013 Gestor\u00eda de Despacho Aduanal, Comercializadora Para Importaci\u00f3n, Estudio de Viabilidad, Gestor\u00eda de Certificaciones \/ Regulaciones, Verificaciones en Origen, Operaciones Especiales. Camionetas estaquitas Nissan 1 ton, Camionetas de 3.5 ton, Camionetas de 5.0 ton, Camion cerrado tipo Torton 10 ton. Contamos con Camionetas de 1.5 y 3.5 toneladas, Plataformas de 2.5 y 6 metros, Caja seca fumigadas, Cajas secas de 2 y 8 pallets a piso, Seguro vehicular, gps, Factura electr\u00f3nica, fletes cr\u00edticos.<\/p>\t\t\t\t\t\t\t\t<\/div>\n\t\t\t\t<\/div>\n\t\t\t\t\t<\/div>\n\t\t\t\t<\/div>\n\t\t<div class=\"elementor-element elementor-element-1f887d7 e-flex e-con-boxed e-con e-parent\" data-id=\"1f887d7\" data-element_type=\"container\">\n\t\t\t\t\t<div class=\"e-con-inner\">\n\t\t\t\t<div class=\"elementor-element elementor-element-10668dc elementor-widget elementor-widget-text-editor\" data-id=\"10668dc\" data-element_type=\"widget\" data-widget_type=\"text-editor.default\">\n\t\t\t\t<div class=\"elementor-widget-container\">\n\t\t\t\t\t\t\t\t\t<iframe style=\"border: 0;\" src=\"https:\/\/www.google.com\/maps\/embed?pb=!1m16!1m12!1m3!1d59759.053340843464!2d-100.39279861038843!3d20.590473692202437!2m3!1f0!2f0!3f0!3m2!1i1024!2i768!4f13.1!2m1!1sFletes!5e0!3m2!1ses-419!2smx!4v1671602086204!5m2!1ses-419!2smx\" width=\"100%\" height=\"450\" frameborder=\"0\" allowfullscreen=\"allowfullscreen\"><\/iframe>\t\t\t\t\t\t\t\t<\/div>\n\t\t\t\t<\/div>\n\t\t\t\t\t<\/div>\n\t\t\t\t<\/div>\n\t\t<div class=\"elementor-element elementor-element-93187c3 e-flex e-con-boxed e-con e-parent\" data-id=\"93187c3\" data-element_type=\"container\">\n\t\t\t\t\t<div class=\"e-con-inner\">\n\t\t<div class=\"elementor-element elementor-element-a21912a e-con-full e-flex e-con e-child\" data-id=\"a21912a\" data-element_type=\"container\">\n\t\t\t\t<div class=\"elementor-element elementor-element-79a2f09 elementor-widget elementor-widget-image\" data-id=\"79a2f09\" data-element_type=\"widget\" data-widget_type=\"image.default\">\n\t\t\t\t<div class=\"elementor-widget-container\">\n\t\t\t\t\t\t\t\t\t\t\t\t\t\t\t\t<a href=\"https:\/\/mkdigital10.com\/plan-full-empresarial\/\">\n\t\t\t\t\t\t\t<img decoding=\"async\" width=\"750\" height=\"750\" src=\"https:\/\/queretaro10.com\/directorios\/wp-content\/uploads\/2024\/06\/qro10-4-2024-PLAN-FULL-EMPRESARIAL-min.png\" class=\"attachment-full size-full wp-image-809\" alt=\"Plan Full MARKETING EMPRESARIAL\" srcset=\"https:\/\/queretaro10.com\/directorios\/wp-content\/uploads\/2024\/06\/qro10-4-2024-PLAN-FULL-EMPRESARIAL-min.png 750w, https:\/\/queretaro10.com\/directorios\/wp-content\/uploads\/2024\/06\/qro10-4-2024-PLAN-FULL-EMPRESARIAL-min-300x300.png 300w, https:\/\/queretaro10.com\/directorios\/wp-content\/uploads\/2024\/06\/qro10-4-2024-PLAN-FULL-EMPRESARIAL-min-150x150.png 150w\" sizes=\"(max-width: 750px) 100vw, 750px\" \/>\t\t\t\t\t\t\t\t<\/a>\n\t\t\t\t\t\t\t\t\t\t\t\t\t\t\t<\/div>\n\t\t\t\t<\/div>\n\t\t\t\t<\/div>\n\t\t<div class=\"elementor-element elementor-element-483e252 e-con-full e-flex e-con e-child\" data-id=\"483e252\" data-element_type=\"container\">\n\t\t\t\t<div class=\"elementor-element elementor-element-ad87bf3 elementor-widget elementor-widget-image\" data-id=\"ad87bf3\" data-element_type=\"widget\" data-widget_type=\"image.default\">\n\t\t\t\t<div class=\"elementor-widget-container\">\n\t\t\t\t\t\t\t\t\t\t\t\t\t\t\t\t<a href=\"https:\/\/queretaro10.com\/qro\/marketing\/\">\n\t\t\t\t\t\t\t<img decoding=\"async\" width=\"750\" height=\"750\" src=\"https:\/\/queretaro10.com\/directorios\/wp-content\/uploads\/2024\/06\/qro10-Plan-MK-Digital-PyMe-Local-cuadro-4-min.png\" class=\"attachment-full size-full wp-image-810\" alt=\"PLAN FULL MARKETING DIGITAL PyMe Local\" srcset=\"https:\/\/queretaro10.com\/directorios\/wp-content\/uploads\/2024\/06\/qro10-Plan-MK-Digital-PyMe-Local-cuadro-4-min.png 750w, https:\/\/queretaro10.com\/directorios\/wp-content\/uploads\/2024\/06\/qro10-Plan-MK-Digital-PyMe-Local-cuadro-4-min-300x300.png 300w, https:\/\/queretaro10.com\/directorios\/wp-content\/uploads\/2024\/06\/qro10-Plan-MK-Digital-PyMe-Local-cuadro-4-min-150x150.png 150w\" sizes=\"(max-width: 750px) 100vw, 750px\" \/>\t\t\t\t\t\t\t\t<\/a>\n\t\t\t\t\t\t\t\t\t\t\t\t\t\t\t<\/div>\n\t\t\t\t<\/div>\n\t\t\t\t<\/div>\n\t\t<div class=\"elementor-element elementor-element-30b1fda e-con-full e-flex e-con e-child\" data-id=\"30b1fda\" data-element_type=\"container\">\n\t\t\t\t<div class=\"elementor-element elementor-element-6cd2d5e elementor-widget elementor-widget-image\" data-id=\"6cd2d5e\" data-element_type=\"widget\" data-widget_type=\"image.default\">\n\t\t\t\t<div class=\"elementor-widget-container\">\n\t\t\t\t\t\t\t\t\t\t\t\t\t\t\t\t<a href=\"https:\/\/mkdigital10.com\/sem\/redes-sociales\/\">\n\t\t\t\t\t\t\t<img loading=\"lazy\" decoding=\"async\" width=\"750\" height=\"750\" src=\"https:\/\/queretaro10.com\/directorios\/wp-content\/uploads\/2025\/03\/qro10-Plan-Redes-Sociales.png\" class=\"attachment-full size-full wp-image-1199\" alt=\"Plan Redes Sociales\" srcset=\"https:\/\/queretaro10.com\/directorios\/wp-content\/uploads\/2025\/03\/qro10-Plan-Redes-Sociales.png 750w, https:\/\/queretaro10.com\/directorios\/wp-content\/uploads\/2025\/03\/qro10-Plan-Redes-Sociales-300x300.png 300w, https:\/\/queretaro10.com\/directorios\/wp-content\/uploads\/2025\/03\/qro10-Plan-Redes-Sociales-150x150.png 150w\" sizes=\"(max-width: 750px) 100vw, 750px\" \/>\t\t\t\t\t\t\t\t<\/a>\n\t\t\t\t\t\t\t\t\t\t\t\t\t\t\t<\/div>\n\t\t\t\t<\/div>\n\t\t\t\t<\/div>\n\t\t<div class=\"elementor-element elementor-element-0c1588a e-con-full e-flex e-con e-child\" data-id=\"0c1588a\" data-element_type=\"container\">\n\t\t\t\t<div class=\"elementor-element elementor-element-9b4a83f elementor-widget elementor-widget-image\" data-id=\"9b4a83f\" data-element_type=\"widget\" data-widget_type=\"image.default\">\n\t\t\t\t<div class=\"elementor-widget-container\">\n\t\t\t\t\t\t\t\t\t\t\t\t\t\t\t\t<a href=\"https:\/\/mkdigital10.com\/paginas-web\/\">\n\t\t\t\t\t\t\t<img loading=\"lazy\" decoding=\"async\" width=\"750\" height=\"750\" src=\"https:\/\/queretaro10.com\/directorios\/wp-content\/uploads\/2025\/03\/qro10-Plan-Paginas-Web-PyMe-Empresarial.png\" class=\"attachment-full size-full wp-image-1200\" alt=\"Plan P\u00e1ginas Web PyMe Empresarial\" srcset=\"https:\/\/queretaro10.com\/directorios\/wp-content\/uploads\/2025\/03\/qro10-Plan-Paginas-Web-PyMe-Empresarial.png 750w, https:\/\/queretaro10.com\/directorios\/wp-content\/uploads\/2025\/03\/qro10-Plan-Paginas-Web-PyMe-Empresarial-300x300.png 300w, https:\/\/queretaro10.com\/directorios\/wp-content\/uploads\/2025\/03\/qro10-Plan-Paginas-Web-PyMe-Empresarial-150x150.png 150w\" sizes=\"(max-width: 750px) 100vw, 750px\" \/>\t\t\t\t\t\t\t\t<\/a>\n\t\t\t\t\t\t\t\t\t\t\t\t\t\t\t<\/div>\n\t\t\t\t<\/div>\n\t\t\t\t<\/div>\n\t\t\t\t\t<\/div>\n\t\t\t\t<\/div>\n\t\t\t\t<\/div>\n\t\t","protected":false},"excerpt":{"rendered":"<p>Fletes en Quer\u00e9taro El servicio de Fletes siempre es necesario, los ciudadanos por lo menos una vez al a\u00f1o utilizan [&hellip;]<\/p>\n","protected":false},"author":1,"featured_media":98,"parent":0,"menu_order":0,"comment_status":"closed","ping_status":"closed","template":"elementor_header_footer","meta":{"site-sidebar-layout":"default","site-content-layout":"","ast-site-content-layout":"default","site-content-style":"default","site-sidebar-style":"default","ast-global-header-display":"","ast-banner-title-visibility":"","ast-main-header-display":"","ast-hfb-above-header-display":"","ast-hfb-below-header-display":"","ast-hfb-mobile-header-display":"","site-post-title":"","ast-breadcrumbs-content":"","ast-featured-img":"","footer-sml-layout":"","theme-transparent-header-meta":"default","adv-header-id-meta":"","stick-header-meta":"","header-above-stick-meta":"","header-main-stick-meta":"","header-below-stick-meta":"","astra-migrate-meta-layouts":"set","ast-page-background-enabled":"default","ast-page-background-meta":{"desktop":{"background-color":"var(--ast-global-color-4)","background-image":"","background-repeat":"repeat","background-position":"center center","background-size":"auto","background-attachment":"scroll","background-type":"","background-media":"","overlay-type":"","overlay-color":"","overlay-opacity":"","overlay-gradient":""},"tablet":{"background-color":"","background-image":"","background-repeat":"repeat","background-position":"center center","background-size":"auto","background-attachment":"scroll","background-type":"","background-media":"","overlay-type":"","overlay-color":"","overlay-opacity":"","overlay-gradient":""},"mobile":{"background-color":"","background-image":"","background-repeat":"repeat","background-position":"center center","background-size":"auto","background-attachment":"scroll","background-type":"","background-media":"","overlay-type":"","overlay-color":"","overlay-opacity":"","overlay-gradient":""}},"ast-content-background-meta":{"desktop":{"background-color":"var(--ast-global-color-5)","background-image":"","background-repeat":"repeat","background-position":"center center","background-size":"auto","background-attachment":"scroll","background-type":"","background-media":"","overlay-type":"","overlay-color":"","overlay-opacity":"","overlay-gradient":""},"tablet":{"background-color":"var(--ast-global-color-5)","background-image":"","background-repeat":"repeat","background-position":"center center","background-size":"auto","background-attachment":"scroll","background-type":"","background-media":"","overlay-type":"","overlay-color":"","overlay-opacity":"","overlay-gradient":""},"mobile":{"background-color":"var(--ast-global-color-5)","background-image":"","background-repeat":"repeat","background-position":"center center","background-size":"auto","background-attachment":"scroll","background-type":"","background-media":"","overlay-type":"","overlay-color":"","overlay-opacity":"","overlay-gradient":""}},"footnotes":""},"class_list":["post-97","page","type-page","status-publish","has-post-thumbnail","hentry"],"aioseo_notices":[],"_links":{"self":[{"href":"https:\/\/queretaro10.com\/directorios\/wp-json\/wp\/v2\/pages\/97","targetHints":{"allow":["GET"]}}],"collection":[{"href":"https:\/\/queretaro10.com\/directorios\/wp-json\/wp\/v2\/pages"}],"about":[{"href":"https:\/\/queretaro10.com\/directorios\/wp-json\/wp\/v2\/types\/page"}],"author":[{"embeddable":true,"href":"https:\/\/queretaro10.com\/directorios\/wp-json\/wp\/v2\/users\/1"}],"replies":[{"embeddable":true,"href":"https:\/\/queretaro10.com\/directorios\/wp-json\/wp\/v2\/comments?post=97"}],"version-history":[{"count":16,"href":"https:\/\/queretaro10.com\/directorios\/wp-json\/wp\/v2\/pages\/97\/revisions"}],"predecessor-version":[{"id":1392,"href":"https:\/\/queretaro10.com\/directorios\/wp-json\/wp\/v2\/pages\/97\/revisions\/1392"}],"wp:featuredmedia":[{"embeddable":true,"href":"https:\/\/queretaro10.com\/directorios\/wp-json\/wp\/v2\/media\/98"}],"wp:attachment":[{"href":"https:\/\/queretaro10.com\/directorios\/wp-json\/wp\/v2\/media?parent=97"}],"curies":[{"name":"wp","href":"https:\/\/api.w.org\/{rel}","templated":true}]}}